{"id":2539,"date":"2026-03-11T14:42:58","date_gmt":"2026-03-11T13:42:58","guid":{"rendered":"https:\/\/mentorkit.com\/?page_id=2539"},"modified":"2026-03-30T21:49:01","modified_gmt":"2026-03-30T19:49:01","slug":"why-mentorkit","status":"publish","type":"page","link":"https:\/\/mentorkit.com\/se\/why-mentorkit\/","title":{"rendered":"Varf\u00f6r MentorKit?"},"content":{"rendered":"<h1>\n\t\t\tVarf\u00f6r MentorKit?\t<\/h1>\n\t<p>When it comes to choosing an e-learning platform, we know you have options. Here&#8217;s <strong>Varf\u00f6r MentorKit sticker ut<\/strong> och varf\u00f6r s\u00e5 m\u00e5nga organisationer v\u00e4ljer oss som sin partner f\u00f6r l\u00e4randeteknik.<\/p>\n\t\t\t<a href=\"https:\/\/mentorkit.com\/se\/get-a-free-account\/#signup\"  target=\"_self\">\n\t\t\t\t\t\t\tTesta MentorKit gratis\n\t\t\t<\/a>\n\t\t\t<a href=\"https:\/\/mentorkit.com\/se\/book-a-demo\/\"  target=\"_self\">\n\t\t\t\t\t\t\tBoka en demo\n\t\t\t<\/a>\n<figure itemscope itemtype=\"https:\/\/schema.org\/ImageObject\">\n\t\t\t\t<a href=\"https:\/\/mentorkit.com\/wp-content\/uploads\/2025\/05\/pexels-photo-1024403.jpeg\"  target=\"_self\" itemprop=\"url\">\n\t\t\t\t<img decoding=\"async\" src=\"https:\/\/mentorkit.com\/wp-content\/uploads\/2025\/05\/pexels-photo-1024403.jpeg\" alt=\"Young woman attentively working on her laptop in a cozy indoor setting.\" height=\"753\" width=\"700\" title=\"pexels-foto-1024403\" onerror=\"this.style.display='none'\" loading=\"lazy\" \/>\n\t\t\t\t<\/a>\n\t<\/figure>\n<figure itemscope itemtype=\"https:\/\/schema.org\/ImageObject\">\n\t\t\t\t<a href=\"https:\/\/mentorkit.com\/wp-content\/uploads\/2026\/01\/little-break-2021-09-24-02-53-49-utc-scaled.jpg\"  target=\"_self\" itemprop=\"url\">\n\t\t\t\t<img decoding=\"async\" src=\"https:\/\/mentorkit.com\/wp-content\/uploads\/2026\/01\/little-break-2021-09-24-02-53-49-utc-scaled.jpg\" alt=\"Onboarding &amp; Training\" height=\"1707\" width=\"2560\" title=\"Introduktion och utbildning\" onerror=\"this.style.display='none'\" loading=\"lazy\" \/>\n\t\t\t\t<\/a>\n\t<\/figure>\n<figure itemscope itemtype=\"https:\/\/schema.org\/ImageObject\">\n\t\t\t\t<a href=\"https:\/\/mentorkit.com\/wp-content\/uploads\/2026\/01\/Simplylearn-team-is-working-scaled.jpg\"  target=\"_self\" itemprop=\"url\">\n\t\t\t\t<img decoding=\"async\" src=\"https:\/\/mentorkit.com\/wp-content\/uploads\/2026\/01\/Simplylearn-team-is-working-1536x1024.jpg\" alt=\"Simplylearn team is working\" height=\"1024\" width=\"1536\" title=\"Simplylearn-teamet arbetar\" onerror=\"this.style.display='none'\" loading=\"lazy\" \/>\n\t\t\t\t<\/a>\n\t<\/figure>\n<figure itemscope itemtype=\"https:\/\/schema.org\/ImageObject\">\n\t\t\t\t<a href=\"https:\/\/mentorkit.com\/wp-content\/uploads\/2025\/06\/Design-uten-navn-6.jpg\"  target=\"_self\" itemprop=\"url\">\n\t\t\t\t<img decoding=\"async\" src=\"https:\/\/mentorkit.com\/wp-content\/uploads\/2025\/06\/Design-uten-navn-6.jpg\" alt=\"Design uten navn (6)\" height=\"1365\" width=\"2048\" title=\"Design utan namn (6)\" onerror=\"this.style.display='none'\" loading=\"lazy\" \/>\n\t\t\t\t<\/a>\n\t<\/figure>\n<h6>\n\t\t\tValfrihet\t<\/h6>\n<h2>\n\t\t\tSaaS eller sj\u00e4lvhostat\t<\/h2>\n\t<p>MentorKit ger dig o\u00f6vertr\u00e4ffad flexibilitet vid drifts\u00e4ttning. Du kan anv\u00e4nda v\u00e5r s\u00e4kra norska molnpublicering som en SaaS-l\u00f6sning eller v\u00e4lja en egenh\u00e4rb\u00e4rgerad l\u00f6sning f\u00f6r fullst\u00e4ndig kontroll.<\/p>\n<p>Unlike proprietary only SaaS platforms, MentorKit&#8217;s open architecture means <strong>you&#8217;re never locked in<\/strong>. If you choose our cloud, your data is hosted in Norway\/EU under strict privacy laws. Prefer to run the LMS on your own servers? With MentorKit LMS Pro&#8217;s open-source WordPress plugin, you have the option to self-host with an enterprise license. In both cases, <em>Du<\/em> \u00c4g din data och ditt inneh\u00e5ll. Detta dubbla tillv\u00e4gag\u00e5ngss\u00e4tt (moln eller lokal installation) s\u00e4kerst\u00e4ller att du uppfyller interna IT-policyer och GDPR-krav utan att kompromissa med funktionaliteten. Din plattform, dina regler.<\/p>\n\t\t\t<a href=\"https:\/\/mentorkit.com\/se\/get-a-free-account\/#signup\"  target=\"_self\">\n\t\t\t\t\t\t\tTesta MentorKit gratis\n\t\t\t<\/a>\n\t\t\t<a href=\"https:\/\/mentorkit.com\/se\/book-a-demo\/\"  target=\"_self\">\n\t\t\t\t\t\t\tBoka en demo\n\t\t\t<\/a>\n<h6>\n\t\t\tDu \u00e4ger ditt eget inneh\u00e5ll\t<\/h6>\n<h2>\n\t\t\tNorwegian\/EU Hosting &#038; GDPR Compliance\t<\/h2>\n\t<p>Datas\u00e4kerhet och integritet \u00e4r icke f\u00f6rhandlingsbart f\u00f6r oss. MentorKit \u00e4r en <strong>GDPR-kompatibel l\u00e4rplattform<\/strong> solution through and through. All customer data is stored on servers located in Norway, managed by reputable Norwegian\/EU providers. No personal data is transferred overseas, eliminating concerns about frameworks like Privacy Shield. For European clients, this means peace of mind using MentorKit, and helps you meet GDPR and local regulations automatically. We also implement enterprise-grade security measures: full encryption (HTTPS\/SSL), optional two-factor authentication, and role-based access controls. Our team conducts regular security audits and updates to protect against threats. In short, MentorKit gives you a secure, privacy-first foundation for your learning programs, and is a key reason why government and healthcare organizations trust our platform. When you choose MentorKit, you&#8217;re choosing a solution that keeps your data safe within Norway\/EU borders, aligning with even the strictest IT security policies.<\/p>\n\t\t\t<a href=\"https:\/\/mentorkit.com\/se\/get-a-free-account\/#signup\"  target=\"_self\">\n\t\t\t\t\t\t\tTesta MentorKit gratis\n\t\t\t<\/a>\n\t\t\t<a href=\"https:\/\/mentorkit.com\/se\/book-a-demo\/\"  target=\"_self\">\n\t\t\t\t\t\t\tBoka en demo\n\t\t\t<\/a>\n<figure itemscope itemtype=\"https:\/\/schema.org\/ImageObject\">\n\t\t\t\t<a href=\"https:\/\/mentorkit.com\/wp-content\/uploads\/2026\/01\/Martin-teaches-others-3-scaled.jpg\"  target=\"_self\" itemprop=\"url\">\n\t\t\t\t<img decoding=\"async\" src=\"https:\/\/mentorkit.com\/wp-content\/uploads\/2026\/01\/Martin-teaches-others-3-1024x683.jpg\" alt=\"Martin teaches others 3\" height=\"683\" width=\"1024\" title=\"Martin l\u00e4r andra 3\" onerror=\"this.style.display='none'\" loading=\"lazy\" \/>\n\t\t\t\t<\/a>\n\t<\/figure>\n<figure itemscope itemtype=\"https:\/\/schema.org\/ImageObject\">\n\t\t\t\t<a href=\"https:\/\/mentorkit.com\/wp-content\/uploads\/2026\/01\/Simplylearn-team-is-working-3-scaled.jpg\"  target=\"_self\" itemprop=\"url\">\n\t\t\t\t<img decoding=\"async\" src=\"https:\/\/mentorkit.com\/wp-content\/uploads\/2026\/01\/Simplylearn-team-is-working-3-1024x682.jpg\" alt=\"Simplylearn team is working 3\" height=\"682\" width=\"1024\" title=\"Simplylearn-teamet arbetar 3\" onerror=\"this.style.display='none'\" loading=\"lazy\" \/>\n\t\t\t\t<\/a>\n\t<\/figure>\n<figure itemscope itemtype=\"https:\/\/schema.org\/ImageObject\">\n\t\t\t\t<a href=\"https:\/\/mentorkit.com\/wp-content\/uploads\/2026\/01\/Simplylearn-team-is-working-4-scaled.jpg\"  target=\"_self\" itemprop=\"url\">\n\t\t\t\t<img decoding=\"async\" src=\"https:\/\/mentorkit.com\/wp-content\/uploads\/2026\/01\/Simplylearn-team-is-working-4-1024x683.jpg\" alt=\"Simplylearn team is working 4\" height=\"683\" width=\"1024\" title=\"Simplylearn-teamet arbetar 4\" onerror=\"this.style.display='none'\" loading=\"lazy\" \/>\n\t\t\t\t<\/a>\n\t<\/figure>\n<figure itemscope itemtype=\"https:\/\/schema.org\/ImageObject\">\n\t\t\t\t<a href=\"https:\/\/mentorkit.com\/wp-content\/uploads\/2026\/01\/Sindre-teaches-others-scaled.jpg\"  target=\"_self\" itemprop=\"url\">\n\t\t\t\t<img decoding=\"async\" src=\"https:\/\/mentorkit.com\/wp-content\/uploads\/2026\/01\/Sindre-teaches-others-1024x683.jpg\" alt=\"Sindre teaches others\" height=\"683\" width=\"1024\" title=\"Sindre l\u00e4r ut andra\" onerror=\"this.style.display='none'\" loading=\"lazy\" \/>\n\t\t\t\t<\/a>\n\t<\/figure>\n<figure itemscope itemtype=\"https:\/\/schema.org\/ImageObject\">\n\t\t\t\t<a href=\"https:\/\/mentorkit.com\/wp-content\/uploads\/2025\/05\/pexels-photo-1024403.jpeg\"  target=\"_self\" itemprop=\"url\">\n\t\t\t\t<img decoding=\"async\" src=\"https:\/\/mentorkit.com\/wp-content\/uploads\/2025\/05\/pexels-photo-1024403.jpeg\" alt=\"Young woman attentively working on her laptop in a cozy indoor setting.\" height=\"753\" width=\"700\" title=\"pexels-foto-1024403\" onerror=\"this.style.display='none'\" loading=\"lazy\" \/>\n\t\t\t\t<\/a>\n\t<\/figure>\n<figure itemscope itemtype=\"https:\/\/schema.org\/ImageObject\">\n\t\t\t\t<a href=\"https:\/\/mentorkit.com\/wp-content\/uploads\/2026\/01\/little-break-2021-09-24-02-53-49-utc-scaled.jpg\"  target=\"_self\" itemprop=\"url\">\n\t\t\t\t<img decoding=\"async\" src=\"https:\/\/mentorkit.com\/wp-content\/uploads\/2026\/01\/little-break-2021-09-24-02-53-49-utc-scaled.jpg\" alt=\"Onboarding &amp; Training\" height=\"1707\" width=\"2560\" title=\"Introduktion och utbildning\" onerror=\"this.style.display='none'\" loading=\"lazy\" \/>\n\t\t\t\t<\/a>\n\t<\/figure>\n<figure itemscope itemtype=\"https:\/\/schema.org\/ImageObject\">\n\t\t\t\t<a href=\"https:\/\/mentorkit.com\/wp-content\/uploads\/2026\/01\/indoor-shot-of-happy-male-makes-notes-while-listen-2022-07-28-04-01-25-utc-scaled.jpg\"  target=\"_self\" itemprop=\"url\">\n\t\t\t\t<img decoding=\"async\" src=\"https:\/\/mentorkit.com\/wp-content\/uploads\/2026\/01\/indoor-shot-of-happy-male-makes-notes-while-listen-2022-07-28-04-01-25-utc-scaled.jpg\" alt=\"indoor-shot-of-happy-male-makes-notes-while-listen-2022-07-28-04-01-25-utc\" height=\"1707\" width=\"2560\" title=\"Inomhusbild av glad man som antecknar medan han lyssnar\" onerror=\"this.style.display='none'\" loading=\"lazy\" \/>\n\t\t\t\t<\/a>\n\t<\/figure>\n<figure itemscope itemtype=\"https:\/\/schema.org\/ImageObject\">\n\t\t\t\t<a href=\"https:\/\/mentorkit.com\/wp-content\/uploads\/2025\/06\/Design-uten-navn-6.jpg\"  target=\"_self\" itemprop=\"url\">\n\t\t\t\t<img decoding=\"async\" src=\"https:\/\/mentorkit.com\/wp-content\/uploads\/2025\/06\/Design-uten-navn-6.jpg\" alt=\"Design uten navn (6)\" height=\"1365\" width=\"2048\" title=\"Design utan namn (6)\" onerror=\"this.style.display='none'\" loading=\"lazy\" \/>\n\t\t\t\t<\/a>\n\t<\/figure>\n<h6>\n\t\t\tM\u00e4nniskan i loopen\t<\/h6>\n<h2>\n\t\t\tErfarenhet, support och en bevisad framg\u00e5ngshistoria\t<\/h2>\n\t<p>When you choose MentorKit, you&#8217;re choosing a platform with a proven history and a team committed to your success. Our technology has been tried and tested by hundreds of thousands of users over decades, so you won&#8217;t be a guinea pig on an unproven system. More importantly, we offer unparalleled support and expertise to our clients. Need help? You&#8217;ll talk to real e-learning professionals who understand your challenges. Our support team has <strong>20+ \u00e5rs kunskap<\/strong> i digitalt l\u00e4rande och talar ditt spr\u00e5k (bokstavligen erbjuder vi support p\u00e5 norska eller engelska). Fr\u00e5n introduktion till l\u00f6pande anv\u00e4ndning erbjuder vi responsiv, personlig support f\u00f6r att s\u00e4kerst\u00e4lla att du f\u00e5r ut det mesta av MentorKit. Vi erbjuder ocks\u00e5 omfattande utbildningsresurser, handledningar och guider med b\u00e4sta praxis som en del av v\u00e5r tj\u00e4nst.<\/p>\n<p>Our success is measured by your success. We&#8217;re proud to have long-term partnerships with clients who have grown with MentorKit over the years. Many started with a small pilot and expanded to enterprise-wide usage once they saw the results. We&#8217;ve helped a <strong>brett utbud av branscher<\/strong> from aquaculture and construction to education and non-profits achieve their learning and development goals. This breadth of experience means we can often anticipate your needs and offer solutions before problems arise. When new trends or requirements emerge (for example, accessibility standards or AI-assisted learning), we proactively incorporate them into the platform, so you&#8217;re always ahead of the curve.<\/p>\n<p><strong>Sammanfattningsvis erbjuder MentorKit en unik kombination av:<\/strong> open flexibility, local data sovereignty, commercial readiness, and trustworthy experience. It&#8217;s a platform built in Norway, refined by real-world use, and supported by people who truly care about delivering value to our users. Those are the reasons why more companies and many course entrepreneurs are choosing MentorKit as the foundation of their digital learning strategy.<\/p>\n<p>&nbsp;<\/p>\n\t\t\t<a href=\"https:\/\/mentorkit.com\/se\/get-a-free-account\/#signup\"  target=\"_self\">\n\t\t\t\t\t\t\tTesta MentorKit gratis\n\t\t\t<\/a>\n\t\t\t<a href=\"https:\/\/mentorkit.com\/se\/book-a-demo\/\"  target=\"_self\">\n\t\t\t\t\t\t\tBoka en demo\n\t\t\t<\/a>","protected":false},"excerpt":{"rendered":"<p>Why MentorKit? When it comes to choosing an e-learning platform, we know you have options. Here&#8217;s why MentorKit stands out [&hellip;]<\/p>\n","protected":false},"author":2,"featured_media":1716,"parent":0,"menu_order":0,"comment_status":"closed","ping_status":"closed","template":"","meta":{"_acf_changed":false,"site-sidebar-layout":"default","site-content-layout":"","ast-site-content-layout":"default","site-content-style":"default","site-sidebar-style":"default","ast-global-header-display":"","ast-banner-title-visibility":"","ast-main-header-display":"","ast-hfb-above-header-display":"","ast-hfb-below-header-display":"","ast-hfb-mobile-header-display":"","site-post-title":"disabled","ast-breadcrumbs-content":"","ast-featured-img":"disabled","footer-sml-layout":"","ast-disable-related-posts":"","theme-transparent-header-meta":"","adv-header-id-meta":"","stick-header-meta":"","header-above-stick-meta":"","header-main-stick-meta":"","header-below-stick-meta":"","astra-migrate-meta-layouts":"default","ast-page-background-enabled":"default","ast-page-background-meta":{"desktop":{"background-color":"var(--ast-global-color-4)","background-image":"","background-repeat":"repeat","background-position":"center center","background-size":"auto","background-attachment":"scroll","background-type":"","background-media":"","overlay-type":"","overlay-color":"","overlay-opacity":"","overlay-gradient":""},"tablet":{"background-color":"","background-image":"","background-repeat":"repeat","background-position":"center center","background-size":"auto","background-attachment":"scroll","background-type":"","background-media":"","overlay-type":"","overlay-color":"","overlay-opacity":"","overlay-gradient":""},"mobile":{"background-color":"","background-image":"","background-repeat":"repeat","background-position":"center center","background-size":"auto","background-attachment":"scroll","background-type":"","background-media":"","overlay-type":"","overlay-color":"","overlay-opacity":"","overlay-gradient":""}},"ast-content-background-meta":{"desktop":{"background-color":"var(--ast-global-color-5)","background-image":"","background-repeat":"repeat","background-position":"center center","background-size":"auto","background-attachment":"scroll","background-type":"","background-media":"","overlay-type":"","overlay-color":"","overlay-opacity":"","overlay-gradient":""},"tablet":{"background-color":"var(--ast-global-color-5)","background-image":"","background-repeat":"repeat","background-position":"center center","background-size":"auto","background-attachment":"scroll","background-type":"","background-media":"","overlay-type":"","overlay-color":"","overlay-opacity":"","overlay-gradient":""},"mobile":{"background-color":"var(--ast-global-color-5)","background-image":"","background-repeat":"repeat","background-position":"center center","background-size":"auto","background-attachment":"scroll","background-type":"","background-media":"","overlay-type":"","overlay-color":"","overlay-opacity":"","overlay-gradient":""}},"footnotes":""},"class_list":["post-2539","page","type-page","status-publish","has-post-thumbnail","hentry"],"acf":[],"yoast_head":"<!-- This site is optimized with the Yoast SEO Premium plugin v27.3 (Yoast SEO v27.3) - https:\/\/yoast.com\/product\/yoast-seo-premium-wordpress\/ -->\n<title>Why MentorKit? - MentorKit<\/title>\n<meta name=\"description\" content=\"Explore the features of LMS with MentorKit. Enjoy unmatched flexibility in deployment and complete control over your data.\" \/>\n<meta name=\"robots\" content=\"index, follow, max-snippet:-1, max-image-preview:large, max-video-preview:-1\" \/>\n<link rel=\"canonical\" href=\"https:\/\/mentorkit.com\/se\/why-mentorkit\/\" \/>\n<meta property=\"og:locale\" content=\"sv_SE\" \/>\n<meta property=\"og:type\" content=\"article\" \/>\n<meta property=\"og:title\" content=\"Why MentorKit?\" \/>\n<meta property=\"og:description\" content=\"Explore the features of LMS with MentorKit. Enjoy unmatched flexibility in deployment and complete control over your data.\" \/>\n<meta property=\"og:url\" content=\"https:\/\/mentorkit.com\/se\/why-mentorkit\/\" \/>\n<meta property=\"og:site_name\" content=\"MentorKit\" \/>\n<meta property=\"article:publisher\" content=\"https:\/\/www.facebook.com\/nettkurs\" \/>\n<meta property=\"article:modified_time\" content=\"2026-03-30T19:49:01+00:00\" \/>\n<meta property=\"og:image\" content=\"https:\/\/mentorkit.com\/wp-content\/uploads\/2026\/01\/MentorKit-Course-Creator-Authoring-Tool-Multi-Devices-Mockup.jpg\" \/>\n\t<meta property=\"og:image:width\" content=\"2500\" \/>\n\t<meta property=\"og:image:height\" content=\"1667\" \/>\n\t<meta property=\"og:image:type\" content=\"image\/jpeg\" \/>\n<meta name=\"twitter:card\" content=\"summary_large_image\" \/>\n<meta name=\"twitter:label1\" content=\"Ber\u00e4knad l\u00e4stid\" \/>\n\t<meta name=\"twitter:data1\" content=\"6 minuter\" \/>\n<script type=\"application\/ld+json\" class=\"yoast-schema-graph\">{\"@context\":\"https:\\\/\\\/schema.org\",\"@graph\":[{\"@type\":\"WebPage\",\"@id\":\"https:\\\/\\\/mentorkit.com\\\/why-mentorkit\\\/\",\"url\":\"https:\\\/\\\/mentorkit.com\\\/why-mentorkit\\\/\",\"name\":\"Why MentorKit? - MentorKit\",\"isPartOf\":{\"@id\":\"https:\\\/\\\/mentorkit.com\\\/#website\"},\"primaryImageOfPage\":{\"@id\":\"https:\\\/\\\/mentorkit.com\\\/why-mentorkit\\\/#primaryimage\"},\"image\":{\"@id\":\"https:\\\/\\\/mentorkit.com\\\/why-mentorkit\\\/#primaryimage\"},\"thumbnailUrl\":\"https:\\\/\\\/mentorkit.com\\\/wp-content\\\/uploads\\\/2026\\\/01\\\/MentorKit-Course-Creator-Authoring-Tool-Multi-Devices-Mockup.jpg\",\"datePublished\":\"2026-03-11T13:42:58+00:00\",\"dateModified\":\"2026-03-30T19:49:01+00:00\",\"description\":\"Explore the features of LMS with MentorKit. Enjoy unmatched flexibility in deployment and complete control over your data.\",\"breadcrumb\":{\"@id\":\"https:\\\/\\\/mentorkit.com\\\/why-mentorkit\\\/#breadcrumb\"},\"inLanguage\":\"sv-SE\",\"potentialAction\":[{\"@type\":\"ReadAction\",\"target\":[\"https:\\\/\\\/mentorkit.com\\\/why-mentorkit\\\/\"]}]},{\"@type\":\"ImageObject\",\"inLanguage\":\"sv-SE\",\"@id\":\"https:\\\/\\\/mentorkit.com\\\/why-mentorkit\\\/#primaryimage\",\"url\":\"https:\\\/\\\/mentorkit.com\\\/wp-content\\\/uploads\\\/2026\\\/01\\\/MentorKit-Course-Creator-Authoring-Tool-Multi-Devices-Mockup.jpg\",\"contentUrl\":\"https:\\\/\\\/mentorkit.com\\\/wp-content\\\/uploads\\\/2026\\\/01\\\/MentorKit-Course-Creator-Authoring-Tool-Multi-Devices-Mockup.jpg\",\"width\":2500,\"height\":1667,\"caption\":\"MentorKit-Course-Creator-(Authoring-Tool)-Multi-Devices-Mockup\"},{\"@type\":\"BreadcrumbList\",\"@id\":\"https:\\\/\\\/mentorkit.com\\\/why-mentorkit\\\/#breadcrumb\",\"itemListElement\":[{\"@type\":\"ListItem\",\"position\":1,\"name\":\"Home\",\"item\":\"https:\\\/\\\/mentorkit.com\\\/\"},{\"@type\":\"ListItem\",\"position\":2,\"name\":\"Why MentorKit?\"}]},{\"@type\":\"WebSite\",\"@id\":\"https:\\\/\\\/mentorkit.com\\\/#website\",\"url\":\"https:\\\/\\\/mentorkit.com\\\/\",\"name\":\"MentorKit\",\"description\":\"a brand new, groundbreaking, fully cloud-based, Norwegian-made authoring tool for creating digital learning. The courses are responsive, meaning the content adapts to the screen whether it\u2019s on a phone, tablet, or PC\",\"publisher\":{\"@id\":\"https:\\\/\\\/mentorkit.com\\\/#organization\"},\"potentialAction\":[{\"@type\":\"SearchAction\",\"target\":{\"@type\":\"EntryPoint\",\"urlTemplate\":\"https:\\\/\\\/mentorkit.com\\\/?s={search_term_string}\"},\"query-input\":{\"@type\":\"PropertyValueSpecification\",\"valueRequired\":true,\"valueName\":\"search_term_string\"}}],\"inLanguage\":\"sv-SE\"},{\"@type\":\"Organization\",\"@id\":\"https:\\\/\\\/mentorkit.com\\\/#organization\",\"name\":\"Norsk Interaktiv AS\",\"url\":\"https:\\\/\\\/mentorkit.com\\\/\",\"logo\":{\"@type\":\"ImageObject\",\"inLanguage\":\"sv-SE\",\"@id\":\"https:\\\/\\\/mentorkit.com\\\/#\\\/schema\\\/logo\\\/image\\\/\",\"url\":\"https:\\\/\\\/mentorkit.com\\\/wp-content\\\/uploads\\\/2025\\\/09\\\/MentorKit-LOGO-White-Horizontal.svg\",\"contentUrl\":\"https:\\\/\\\/mentorkit.com\\\/wp-content\\\/uploads\\\/2025\\\/09\\\/MentorKit-LOGO-White-Horizontal.svg\",\"caption\":\"Norsk Interaktiv AS\"},\"image\":{\"@id\":\"https:\\\/\\\/mentorkit.com\\\/#\\\/schema\\\/logo\\\/image\\\/\"},\"sameAs\":[\"https:\\\/\\\/www.facebook.com\\\/nettkurs\",\"https:\\\/\\\/www.youtube.com\\\/@mentorkit\"]}]}<\/script>\n<!-- \/ Yoast SEO Premium plugin. -->","yoast_head_json":{"title":"Why MentorKit? - MentorKit","description":"Explore the features of LMS with MentorKit. Enjoy unmatched flexibility in deployment and complete control over your data.","robots":{"index":"index","follow":"follow","max-snippet":"max-snippet:-1","max-image-preview":"max-image-preview:large","max-video-preview":"max-video-preview:-1"},"canonical":"https:\/\/mentorkit.com\/se\/why-mentorkit\/","og_locale":"sv_SE","og_type":"article","og_title":"Why MentorKit?","og_description":"Explore the features of LMS with MentorKit. Enjoy unmatched flexibility in deployment and complete control over your data.","og_url":"https:\/\/mentorkit.com\/se\/why-mentorkit\/","og_site_name":"MentorKit","article_publisher":"https:\/\/www.facebook.com\/nettkurs","article_modified_time":"2026-03-30T19:49:01+00:00","og_image":[{"width":2500,"height":1667,"url":"https:\/\/mentorkit.com\/wp-content\/uploads\/2026\/01\/MentorKit-Course-Creator-Authoring-Tool-Multi-Devices-Mockup.jpg","type":"image\/jpeg"}],"twitter_card":"summary_large_image","twitter_misc":{"Ber\u00e4knad l\u00e4stid":"6 minuter"},"schema":{"@context":"https:\/\/schema.org","@graph":[{"@type":"WebPage","@id":"https:\/\/mentorkit.com\/why-mentorkit\/","url":"https:\/\/mentorkit.com\/why-mentorkit\/","name":"Why MentorKit? - MentorKit","isPartOf":{"@id":"https:\/\/mentorkit.com\/#website"},"primaryImageOfPage":{"@id":"https:\/\/mentorkit.com\/why-mentorkit\/#primaryimage"},"image":{"@id":"https:\/\/mentorkit.com\/why-mentorkit\/#primaryimage"},"thumbnailUrl":"https:\/\/mentorkit.com\/wp-content\/uploads\/2026\/01\/MentorKit-Course-Creator-Authoring-Tool-Multi-Devices-Mockup.jpg","datePublished":"2026-03-11T13:42:58+00:00","dateModified":"2026-03-30T19:49:01+00:00","description":"Explore the features of LMS with MentorKit. Enjoy unmatched flexibility in deployment and complete control over your data.","breadcrumb":{"@id":"https:\/\/mentorkit.com\/why-mentorkit\/#breadcrumb"},"inLanguage":"sv-SE","potentialAction":[{"@type":"ReadAction","target":["https:\/\/mentorkit.com\/why-mentorkit\/"]}]},{"@type":"ImageObject","inLanguage":"sv-SE","@id":"https:\/\/mentorkit.com\/why-mentorkit\/#primaryimage","url":"https:\/\/mentorkit.com\/wp-content\/uploads\/2026\/01\/MentorKit-Course-Creator-Authoring-Tool-Multi-Devices-Mockup.jpg","contentUrl":"https:\/\/mentorkit.com\/wp-content\/uploads\/2026\/01\/MentorKit-Course-Creator-Authoring-Tool-Multi-Devices-Mockup.jpg","width":2500,"height":1667,"caption":"MentorKit-Course-Creator-(Authoring-Tool)-Multi-Devices-Mockup"},{"@type":"BreadcrumbList","@id":"https:\/\/mentorkit.com\/why-mentorkit\/#breadcrumb","itemListElement":[{"@type":"ListItem","position":1,"name":"Home","item":"https:\/\/mentorkit.com\/"},{"@type":"ListItem","position":2,"name":"Why MentorKit?"}]},{"@type":"WebSite","@id":"https:\/\/mentorkit.com\/#website","url":"https:\/\/mentorkit.com\/","name":"MentorKit","description":"Ett helt nytt, banbrytande, helt molnbaserat, norsktillverkat f\u00f6rfattarverktyg f\u00f6r att skapa digitalt l\u00e4rande. Kurserna \u00e4r responsiva, vilket inneb\u00e4r att inneh\u00e5llet anpassar sig till sk\u00e4rmen oavsett om det \u00e4r p\u00e5 en telefon, surfplatta eller dator.","publisher":{"@id":"https:\/\/mentorkit.com\/#organization"},"potentialAction":[{"@type":"SearchAction","target":{"@type":"EntryPoint","urlTemplate":"https:\/\/mentorkit.com\/?s={search_term_string}"},"query-input":{"@type":"PropertyValueSpecification","valueRequired":true,"valueName":"search_term_string"}}],"inLanguage":"sv-SE"},{"@type":"Organization","@id":"https:\/\/mentorkit.com\/#organization","name":"Norsk Interaktiv AB","url":"https:\/\/mentorkit.com\/","logo":{"@type":"ImageObject","inLanguage":"sv-SE","@id":"https:\/\/mentorkit.com\/#\/schema\/logo\/image\/","url":"https:\/\/mentorkit.com\/wp-content\/uploads\/2025\/09\/MentorKit-LOGO-White-Horizontal.svg","contentUrl":"https:\/\/mentorkit.com\/wp-content\/uploads\/2025\/09\/MentorKit-LOGO-White-Horizontal.svg","caption":"Norsk Interaktiv AS"},"image":{"@id":"https:\/\/mentorkit.com\/#\/schema\/logo\/image\/"},"sameAs":["https:\/\/www.facebook.com\/nettkurs","https:\/\/www.youtube.com\/@mentorkit"]}]}},"_links":{"self":[{"href":"https:\/\/mentorkit.com\/se\/wp-json\/wp\/v2\/pages\/2539","targetHints":{"allow":["GET"]}}],"collection":[{"href":"https:\/\/mentorkit.com\/se\/wp-json\/wp\/v2\/pages"}],"about":[{"href":"https:\/\/mentorkit.com\/se\/wp-json\/wp\/v2\/types\/page"}],"author":[{"embeddable":true,"href":"https:\/\/mentorkit.com\/se\/wp-json\/wp\/v2\/users\/2"}],"replies":[{"embeddable":true,"href":"https:\/\/mentorkit.com\/se\/wp-json\/wp\/v2\/comments?post=2539"}],"version-history":[{"count":6,"href":"https:\/\/mentorkit.com\/se\/wp-json\/wp\/v2\/pages\/2539\/revisions"}],"predecessor-version":[{"id":2676,"href":"https:\/\/mentorkit.com\/se\/wp-json\/wp\/v2\/pages\/2539\/revisions\/2676"}],"wp:featuredmedia":[{"embeddable":true,"href":"https:\/\/mentorkit.com\/se\/wp-json\/wp\/v2\/media\/1716"}],"wp:attachment":[{"href":"https:\/\/mentorkit.com\/se\/wp-json\/wp\/v2\/media?parent=2539"}],"curies":[{"name":"wp","href":"https:\/\/api.w.org\/{rel}","templated":true}]}}