{"id":2268,"date":"2026-02-09T16:05:06","date_gmt":"2026-02-09T15:05:06","guid":{"rendered":"https:\/\/mentorkit.com\/?page_id=2268"},"modified":"2026-03-30T23:01:04","modified_gmt":"2026-03-30T21:01:04","slug":"customer-stories","status":"publish","type":"page","link":"https:\/\/mentorkit.com\/se\/customer-stories\/","title":{"rendered":"Kundber\u00e4ttelser"},"content":{"rendered":"<h1>\n\t\t\tKundber\u00e4ttelser fr\u00e5n verkliga l\u00e4rplattformar\t<\/h1>\n\t<p>Se hur organisationer anv\u00e4nder MentorKit f\u00f6r att skapa, leverera och skala digitalt l\u00e4rande. Dessa kundber\u00e4ttelser visar hur f\u00f6retag anv\u00e4nder b\u00e5da v\u00e5ra <b>kursutvecklare och LMS-plattform<\/b> f\u00f6r att f\u00f6rb\u00e4ttra utbildning, introduktion och kunskapsdelning.<\/p>\n<p>MentorKit anv\u00e4nds av organisationer som beh\u00f6ver mer \u00e4n ett standard LMS. Vissa anv\u00e4nder MentorKit Course Creator f\u00f6r att bygga engagerande onlinekurser internt. Andra anv\u00e4nder hela plattformen f\u00f6r att b\u00e5de skapa och leverera l\u00e4rande genom MentorKit LMS. Som ett resultat belyser dessa kundber\u00e4ttelser hur olika team omvandlar kunskap till strukturerat digitalt l\u00e4rande.<\/p>\n\t\t\t<a href=\"#more\"  target=\"_self\">\n\t\t\t\t\t\t\tL\u00e4s mer p\u00e5 engelska\n\t\t\t<\/a>\n\t\t\t<a href=\"https:\/\/mentorkit.com\/se\/product-suite-overview\/\"  target=\"_self\">\n\t\t\t\t\t\t\tProduktpaket\u00f6versikt\n\t\t\t<\/a>\n<figure itemscope itemtype=\"https:\/\/schema.org\/ImageObject\">\n\t\t\t\t<img decoding=\"async\" src=\"https:\/\/mentorkit.com\/wp-content\/uploads\/2026\/02\/customer-stories.jpg\" alt=\"Some of Our Clients Trusted by Industry Leaders Real stories from our customers\" height=\"1486\" width=\"2386\" title=\"kundber\u00e4ttelser\" onerror=\"this.style.display='none'\" loading=\"lazy\" \/>\n\t<\/figure>\n<h2>\n\t\t\tHur kunder anv\u00e4nder MentorKit\t<\/h2>\n\t<p>V\u00e5ra kundcase visar hur MentorKit st\u00f6der olika inl\u00e4rningsbehov i praktiken. Till exempel anv\u00e4nder kunder MentorKit f\u00f6r att:<\/p>\n<ul>\n<li>\n<p>skapa onlinekurser med egna \u00e4mnesexperter<\/p>\n<\/li>\n<li>\n<p>leverera onboarding och regelefterlevnadstr\u00e4ning<\/p>\n<\/li>\n<li>\n<p>hantera l\u00e4rande \u00f6ver team och avdelningar<\/p>\n<\/li>\n<li>\n<p>s\u00e4lja kurser via sin egen plattform<\/p>\n<\/li>\n<li>\n<p>Kombinera kurskapande och LMS-leverans i en enda installation<\/p>\n<\/li>\n<\/ul>\n<p>Eftersom MentorKit inkluderar b\u00e5de en kursbyggare och LMS-alternativ kan organisationer v\u00e4lja den konfiguration som passar deras behov idag och skala upp \u00f6ver tid.<\/p>\n\n<h2>\n\t\t\tMer \u00e4n ett LMS\t<\/h2>\n\t<p>MentorKit \u00e4r mer \u00e4n ett l\u00e4randehanteringssystem. Det inkluderar ocks\u00e5 ett kraftfullt verktyg f\u00f6r kursredigering som hj\u00e4lper team att bygga engagerande och professionella digitala kurser utan on\u00f6dig komplexitet.<\/p>\n<p>Detta inneb\u00e4r att kundhistorierna p\u00e5 den h\u00e4r sidan inte bara handlar om kursleverans. De handlar ocks\u00e5 om snabbare kurs\u00adproduktion, b\u00e4ttre arbetsfl\u00f6den och mer kontroll \u00f6ver l\u00e4roinneh\u00e5ll.<\/p>\n<p>Du kan l\u00e4ra dig mer om \u00f6ppna l\u00e4randestandarder h\u00e4r <a href=\"https:\/\/scorm.com\" target=\"_blank\" rel=\"noopener\">scorm.com.<\/a><\/p>\n\t\t\t<a href=\"#more\"  target=\"_self\">\n\t\t\t\t\t\t\tL\u00e4s mer p\u00e5 engelska\n\t\t\t<\/a>\n\t\t\t<a href=\"https:\/\/mentorkit.com\/se\/product-suite-overview\/\"  target=\"_self\">\n\t\t\t\t\t\t\tProduktpaket\u00f6versikt\n\t\t\t<\/a>","protected":false},"excerpt":{"rendered":"<p>Customer stories from real learning platforms See how organizations use MentorKit to create, deliver, and scale digital learning. These customer [&hellip;]<\/p>\n","protected":false},"author":2,"featured_media":2269,"parent":0,"menu_order":0,"comment_status":"closed","ping_status":"closed","template":"","meta":{"_acf_changed":false,"site-sidebar-layout":"default","site-content-layout":"","ast-site-content-layout":"default","site-content-style":"default","site-sidebar-style":"default","ast-global-header-display":"","ast-banner-title-visibility":"","ast-main-header-display":"","ast-hfb-above-header-display":"","ast-hfb-below-header-display":"","ast-hfb-mobile-header-display":"","site-post-title":"disabled","ast-breadcrumbs-content":"","ast-featured-img":"disabled","footer-sml-layout":"","ast-disable-related-posts":"","theme-transparent-header-meta":"","adv-header-id-meta":"","stick-header-meta":"","header-above-stick-meta":"","header-main-stick-meta":"","header-below-stick-meta":"","astra-migrate-meta-layouts":"default","ast-page-background-enabled":"default","ast-page-background-meta":{"desktop":{"background-color":"var(--ast-global-color-4)","background-image":"","background-repeat":"repeat","background-position":"center center","background-size":"auto","background-attachment":"scroll","background-type":"","background-media":"","overlay-type":"","overlay-color":"","overlay-opacity":"","overlay-gradient":""},"tablet":{"background-color":"","background-image":"","background-repeat":"repeat","background-position":"center center","background-size":"auto","background-attachment":"scroll","background-type":"","background-media":"","overlay-type":"","overlay-color":"","overlay-opacity":"","overlay-gradient":""},"mobile":{"background-color":"","background-image":"","background-repeat":"repeat","background-position":"center center","background-size":"auto","background-attachment":"scroll","background-type":"","background-media":"","overlay-type":"","overlay-color":"","overlay-opacity":"","overlay-gradient":""}},"ast-content-background-meta":{"desktop":{"background-color":"var(--ast-global-color-5)","background-image":"","background-repeat":"repeat","background-position":"center center","background-size":"auto","background-attachment":"scroll","background-type":"","background-media":"","overlay-type":"","overlay-color":"","overlay-opacity":"","overlay-gradient":""},"tablet":{"background-color":"var(--ast-global-color-5)","background-image":"","background-repeat":"repeat","background-position":"center center","background-size":"auto","background-attachment":"scroll","background-type":"","background-media":"","overlay-type":"","overlay-color":"","overlay-opacity":"","overlay-gradient":""},"mobile":{"background-color":"var(--ast-global-color-5)","background-image":"","background-repeat":"repeat","background-position":"center center","background-size":"auto","background-attachment":"scroll","background-type":"","background-media":"","overlay-type":"","overlay-color":"","overlay-opacity":"","overlay-gradient":""}},"footnotes":""},"class_list":["post-2268","page","type-page","status-publish","has-post-thumbnail","hentry"],"acf":[],"yoast_head":"<!-- This site is optimized with the Yoast SEO Premium plugin v27.3 (Yoast SEO v27.3) - https:\/\/yoast.com\/product\/yoast-seo-premium-wordpress\/ -->\n<title>Employee Training Strategies for Business Success - MentorKit<\/title>\n<meta name=\"description\" content=\"Explore effective employee training methods with MentorKit. Discover how organizations enhance skills and knowledge through tailored programs.\" \/>\n<meta name=\"robots\" content=\"index, follow, max-snippet:-1, max-image-preview:large, max-video-preview:-1\" \/>\n<link rel=\"canonical\" href=\"https:\/\/mentorkit.com\/se\/customer-stories\/\" \/>\n<meta property=\"og:locale\" content=\"sv_SE\" \/>\n<meta property=\"og:type\" content=\"article\" \/>\n<meta property=\"og:title\" content=\"Customer stories\" \/>\n<meta property=\"og:description\" content=\"Explore effective employee training methods with MentorKit. Discover how organizations enhance skills and knowledge through tailored programs.\" \/>\n<meta property=\"og:url\" content=\"https:\/\/mentorkit.com\/se\/customer-stories\/\" \/>\n<meta property=\"og:site_name\" content=\"MentorKit\" \/>\n<meta property=\"article:publisher\" content=\"https:\/\/www.facebook.com\/nettkurs\" \/>\n<meta property=\"article:modified_time\" content=\"2026-03-30T21:01:04+00:00\" \/>\n<meta property=\"og:image\" content=\"https:\/\/mentorkit.com\/wp-content\/uploads\/2026\/02\/customer-stories-1024x638.jpg\" \/>\n\t<meta property=\"og:image:width\" content=\"1024\" \/>\n\t<meta property=\"og:image:height\" content=\"638\" \/>\n\t<meta property=\"og:image:type\" content=\"image\/jpeg\" \/>\n<meta name=\"twitter:card\" content=\"summary_large_image\" \/>\n<meta name=\"twitter:label1\" content=\"Ber\u00e4knad l\u00e4stid\" \/>\n\t<meta name=\"twitter:data1\" content=\"2 minuter\" \/>\n<script type=\"application\/ld+json\" class=\"yoast-schema-graph\">{\"@context\":\"https:\\\/\\\/schema.org\",\"@graph\":[{\"@type\":\"WebPage\",\"@id\":\"https:\\\/\\\/mentorkit.com\\\/customer-stories\\\/\",\"url\":\"https:\\\/\\\/mentorkit.com\\\/customer-stories\\\/\",\"name\":\"Employee Training Strategies for Business Success - MentorKit\",\"isPartOf\":{\"@id\":\"https:\\\/\\\/mentorkit.com\\\/#website\"},\"primaryImageOfPage\":{\"@id\":\"https:\\\/\\\/mentorkit.com\\\/customer-stories\\\/#primaryimage\"},\"image\":{\"@id\":\"https:\\\/\\\/mentorkit.com\\\/customer-stories\\\/#primaryimage\"},\"thumbnailUrl\":\"https:\\\/\\\/mentorkit.com\\\/wp-content\\\/uploads\\\/2026\\\/02\\\/customer-stories.jpg\",\"datePublished\":\"2026-02-09T15:05:06+00:00\",\"dateModified\":\"2026-03-30T21:01:04+00:00\",\"description\":\"Explore effective employee training methods with MentorKit. Discover how organizations enhance skills and knowledge through tailored programs.\",\"breadcrumb\":{\"@id\":\"https:\\\/\\\/mentorkit.com\\\/customer-stories\\\/#breadcrumb\"},\"inLanguage\":\"sv-SE\",\"potentialAction\":[{\"@type\":\"ReadAction\",\"target\":[\"https:\\\/\\\/mentorkit.com\\\/customer-stories\\\/\"]}]},{\"@type\":\"ImageObject\",\"inLanguage\":\"sv-SE\",\"@id\":\"https:\\\/\\\/mentorkit.com\\\/customer-stories\\\/#primaryimage\",\"url\":\"https:\\\/\\\/mentorkit.com\\\/wp-content\\\/uploads\\\/2026\\\/02\\\/customer-stories.jpg\",\"contentUrl\":\"https:\\\/\\\/mentorkit.com\\\/wp-content\\\/uploads\\\/2026\\\/02\\\/customer-stories.jpg\",\"width\":2386,\"height\":1486,\"caption\":\"Some of Our Clients Trusted by Industry Leaders Real stories from our customers\"},{\"@type\":\"BreadcrumbList\",\"@id\":\"https:\\\/\\\/mentorkit.com\\\/customer-stories\\\/#breadcrumb\",\"itemListElement\":[{\"@type\":\"ListItem\",\"position\":1,\"name\":\"Home\",\"item\":\"https:\\\/\\\/mentorkit.com\\\/\"},{\"@type\":\"ListItem\",\"position\":2,\"name\":\"Customer stories\"}]},{\"@type\":\"WebSite\",\"@id\":\"https:\\\/\\\/mentorkit.com\\\/#website\",\"url\":\"https:\\\/\\\/mentorkit.com\\\/\",\"name\":\"MentorKit\",\"description\":\"a brand new, groundbreaking, fully cloud-based, Norwegian-made authoring tool for creating digital learning. The courses are responsive, meaning the content adapts to the screen whether it\u2019s on a phone, tablet, or PC\",\"publisher\":{\"@id\":\"https:\\\/\\\/mentorkit.com\\\/#organization\"},\"potentialAction\":[{\"@type\":\"SearchAction\",\"target\":{\"@type\":\"EntryPoint\",\"urlTemplate\":\"https:\\\/\\\/mentorkit.com\\\/?s={search_term_string}\"},\"query-input\":{\"@type\":\"PropertyValueSpecification\",\"valueRequired\":true,\"valueName\":\"search_term_string\"}}],\"inLanguage\":\"sv-SE\"},{\"@type\":\"Organization\",\"@id\":\"https:\\\/\\\/mentorkit.com\\\/#organization\",\"name\":\"Norsk Interaktiv AS\",\"url\":\"https:\\\/\\\/mentorkit.com\\\/\",\"logo\":{\"@type\":\"ImageObject\",\"inLanguage\":\"sv-SE\",\"@id\":\"https:\\\/\\\/mentorkit.com\\\/#\\\/schema\\\/logo\\\/image\\\/\",\"url\":\"https:\\\/\\\/mentorkit.com\\\/wp-content\\\/uploads\\\/2025\\\/09\\\/MentorKit-LOGO-White-Horizontal.svg\",\"contentUrl\":\"https:\\\/\\\/mentorkit.com\\\/wp-content\\\/uploads\\\/2025\\\/09\\\/MentorKit-LOGO-White-Horizontal.svg\",\"caption\":\"Norsk Interaktiv AS\"},\"image\":{\"@id\":\"https:\\\/\\\/mentorkit.com\\\/#\\\/schema\\\/logo\\\/image\\\/\"},\"sameAs\":[\"https:\\\/\\\/www.facebook.com\\\/nettkurs\",\"https:\\\/\\\/www.youtube.com\\\/@mentorkit\"]}]}<\/script>\n<!-- \/ Yoast SEO Premium plugin. -->","yoast_head_json":{"title":"Employee Training Strategies for Business Success - MentorKit","description":"Explore effective employee training methods with MentorKit. Discover how organizations enhance skills and knowledge through tailored programs.","robots":{"index":"index","follow":"follow","max-snippet":"max-snippet:-1","max-image-preview":"max-image-preview:large","max-video-preview":"max-video-preview:-1"},"canonical":"https:\/\/mentorkit.com\/se\/customer-stories\/","og_locale":"sv_SE","og_type":"article","og_title":"Customer stories","og_description":"Explore effective employee training methods with MentorKit. Discover how organizations enhance skills and knowledge through tailored programs.","og_url":"https:\/\/mentorkit.com\/se\/customer-stories\/","og_site_name":"MentorKit","article_publisher":"https:\/\/www.facebook.com\/nettkurs","article_modified_time":"2026-03-30T21:01:04+00:00","og_image":[{"width":1024,"height":638,"url":"https:\/\/mentorkit.com\/wp-content\/uploads\/2026\/02\/customer-stories-1024x638.jpg","type":"image\/jpeg"}],"twitter_card":"summary_large_image","twitter_misc":{"Ber\u00e4knad l\u00e4stid":"2 minuter"},"schema":{"@context":"https:\/\/schema.org","@graph":[{"@type":"WebPage","@id":"https:\/\/mentorkit.com\/customer-stories\/","url":"https:\/\/mentorkit.com\/customer-stories\/","name":"Employee Training Strategies for Business Success - MentorKit","isPartOf":{"@id":"https:\/\/mentorkit.com\/#website"},"primaryImageOfPage":{"@id":"https:\/\/mentorkit.com\/customer-stories\/#primaryimage"},"image":{"@id":"https:\/\/mentorkit.com\/customer-stories\/#primaryimage"},"thumbnailUrl":"https:\/\/mentorkit.com\/wp-content\/uploads\/2026\/02\/customer-stories.jpg","datePublished":"2026-02-09T15:05:06+00:00","dateModified":"2026-03-30T21:01:04+00:00","description":"Explore effective employee training methods with MentorKit. Discover how organizations enhance skills and knowledge through tailored programs.","breadcrumb":{"@id":"https:\/\/mentorkit.com\/customer-stories\/#breadcrumb"},"inLanguage":"sv-SE","potentialAction":[{"@type":"ReadAction","target":["https:\/\/mentorkit.com\/customer-stories\/"]}]},{"@type":"ImageObject","inLanguage":"sv-SE","@id":"https:\/\/mentorkit.com\/customer-stories\/#primaryimage","url":"https:\/\/mentorkit.com\/wp-content\/uploads\/2026\/02\/customer-stories.jpg","contentUrl":"https:\/\/mentorkit.com\/wp-content\/uploads\/2026\/02\/customer-stories.jpg","width":2386,"height":1486,"caption":"Some of Our Clients Trusted by Industry Leaders Real stories from our customers"},{"@type":"BreadcrumbList","@id":"https:\/\/mentorkit.com\/customer-stories\/#breadcrumb","itemListElement":[{"@type":"ListItem","position":1,"name":"Home","item":"https:\/\/mentorkit.com\/"},{"@type":"ListItem","position":2,"name":"Customer stories"}]},{"@type":"WebSite","@id":"https:\/\/mentorkit.com\/#website","url":"https:\/\/mentorkit.com\/","name":"MentorKit","description":"Ett helt nytt, banbrytande, helt molnbaserat, norsktillverkat f\u00f6rfattarverktyg f\u00f6r att skapa digitalt l\u00e4rande. Kurserna \u00e4r responsiva, vilket inneb\u00e4r att inneh\u00e5llet anpassar sig till sk\u00e4rmen oavsett om det \u00e4r p\u00e5 en telefon, surfplatta eller dator.","publisher":{"@id":"https:\/\/mentorkit.com\/#organization"},"potentialAction":[{"@type":"SearchAction","target":{"@type":"EntryPoint","urlTemplate":"https:\/\/mentorkit.com\/?s={search_term_string}"},"query-input":{"@type":"PropertyValueSpecification","valueRequired":true,"valueName":"search_term_string"}}],"inLanguage":"sv-SE"},{"@type":"Organization","@id":"https:\/\/mentorkit.com\/#organization","name":"Norsk Interaktiv AB","url":"https:\/\/mentorkit.com\/","logo":{"@type":"ImageObject","inLanguage":"sv-SE","@id":"https:\/\/mentorkit.com\/#\/schema\/logo\/image\/","url":"https:\/\/mentorkit.com\/wp-content\/uploads\/2025\/09\/MentorKit-LOGO-White-Horizontal.svg","contentUrl":"https:\/\/mentorkit.com\/wp-content\/uploads\/2025\/09\/MentorKit-LOGO-White-Horizontal.svg","caption":"Norsk Interaktiv AS"},"image":{"@id":"https:\/\/mentorkit.com\/#\/schema\/logo\/image\/"},"sameAs":["https:\/\/www.facebook.com\/nettkurs","https:\/\/www.youtube.com\/@mentorkit"]}]}},"_links":{"self":[{"href":"https:\/\/mentorkit.com\/se\/wp-json\/wp\/v2\/pages\/2268","targetHints":{"allow":["GET"]}}],"collection":[{"href":"https:\/\/mentorkit.com\/se\/wp-json\/wp\/v2\/pages"}],"about":[{"href":"https:\/\/mentorkit.com\/se\/wp-json\/wp\/v2\/types\/page"}],"author":[{"embeddable":true,"href":"https:\/\/mentorkit.com\/se\/wp-json\/wp\/v2\/users\/2"}],"replies":[{"embeddable":true,"href":"https:\/\/mentorkit.com\/se\/wp-json\/wp\/v2\/comments?post=2268"}],"version-history":[{"count":11,"href":"https:\/\/mentorkit.com\/se\/wp-json\/wp\/v2\/pages\/2268\/revisions"}],"predecessor-version":[{"id":2973,"href":"https:\/\/mentorkit.com\/se\/wp-json\/wp\/v2\/pages\/2268\/revisions\/2973"}],"wp:featuredmedia":[{"embeddable":true,"href":"https:\/\/mentorkit.com\/se\/wp-json\/wp\/v2\/media\/2269"}],"wp:attachment":[{"href":"https:\/\/mentorkit.com\/se\/wp-json\/wp\/v2\/media?parent=2268"}],"curies":[{"name":"wp","href":"https:\/\/api.w.org\/{rel}","templated":true}]}}