{"id":1943,"date":"2026-01-30T14:19:36","date_gmt":"2026-01-30T13:19:36","guid":{"rendered":"https:\/\/mentorkit.com\/?page_id=1943"},"modified":"2026-03-25T16:11:50","modified_gmt":"2026-03-25T15:11:50","slug":"mentorkit-course-creator-authoring-tool","status":"publish","type":"page","link":"https:\/\/mentorkit.com\/se\/mentorkit-course-creator-authoring-tool\/","title":{"rendered":"MentorKit Kurs-skapare f\u00f6rfattarverktyg"},"content":{"rendered":"<h6>\n\t\t\tAdvanced LMS &#038; Course Creator\t<\/h6>\n<figure itemscope itemtype=\"https:\/\/schema.org\/ImageObject\">\n\t\t\t\t<img decoding=\"async\" src=\"https:\/\/mentorkit.com\/wp-content\/uploads\/2026\/03\/MentorKit-Course-Creator.svg\" alt=\"MentorKit Course Creator\" title=\"MentorKit Kursmakare\" onerror=\"this.style.display='none'\" loading=\"lazy\" \/>\n\t<\/figure>\n<h1>\n\t\t\tMentorKit Kurs-skapare f\u00f6rfattarverktyg\t<\/h1>\n\t<p><strong>MentorKit Kursmakare<\/strong> \u00e4r ett kraftfullt men \u00e4nd\u00e5 l\u00e4ttanv\u00e4nt <strong>kurskapande programvara<\/strong> som l\u00e5ter dig utveckla engagerande onlinekurser utan n\u00e5gon kodning. Detta av experter prisade auktoringsverktyg \u00e4r 100% molnbaserat och tillg\u00e4ngligt i din webbl\u00e4sare. Viktiga funktioner inkluderar:<\/p>\n\t\t\t<a href=\"https:\/\/mentorkit.com\/se\/get-a-free-account\/#signup\"  target=\"_self\">\n\t\t\t\t\t\t\tKom ig\u00e5ng gratis\n\t\t\t<\/a>\n\t\t\t<a href=\"https:\/\/mentorkit.com\/se\/product-suite-overview\/\"  target=\"_self\">\n\t\t\t\t\t\t\tProduktpaket\u00f6versikt\n\t\t\t<\/a>\n<h6>\n\t\t\tDra-och-sl\u00e4pp-redigering och f\u00f6rdesignade mallar\t<\/h6>\n<h2>\n\t\t\tIntuitiv kursbyggare\t<\/h2>\n\t<p>Dra-och-sl\u00e4pp-redigering och f\u00e4rdiga mallar hj\u00e4lper dig att komma ig\u00e5ng p\u00e5 n\u00e5gra minuter, \u00e4ven utan teknisk bakgrund. Skapa enkelt interaktivt inneh\u00e5ll som quiz, videor, animationer och dra-och-sl\u00e4pp-\u00f6vningar.<\/p>\n\t\t\t<a href=\"https:\/\/mentorkit.com\/se\/get-a-free-account\/#signup\"  target=\"_self\">\n\t\t\t\t\t\t\tKom ig\u00e5ng gratis\n\t\t\t<\/a>\n\t\t\t<a href=\"https:\/\/mentorkit.com\/se\/product-suite-overview\/\"  target=\"_self\">\n\t\t\t\t\t\t\tProduktpaket\u00f6versikt\n\t\t\t<\/a>\n<h6>\n\t\t\tHantera \u00e5tkomst med rollbaserade beh\u00f6righeter\t<\/h6>\n<h2>\n\t\t\tRich Media &#038; AI Tools\t<\/h2>\n\t<p>Inf\u00f6rliva multimedia (bilder, ljud, video) och interaktiva bed\u00f6mningar f\u00f6r att g\u00f6ra l\u00e4randet roligt. Du kan till och med generera r\u00f6stp\u00e5l\u00e4gg med inbyggd AI text-till-tal, vilket sparar tid p\u00e5 inspelning. Nya uppdateringar introducerade <strong>AI-r\u00f6stp\u00e5l\u00e4gg och samarbete f\u00f6r flera anv\u00e4ndare<\/strong>, vilket g\u00f6r det m\u00f6jligt f\u00f6r team att samarbeta kring kurser i realtid.<\/p>\n\t\t\t\t\t<img decoding=\"async\" src=\"https:\/\/mentorkit.com\/wp-content\/uploads\/2026\/02\/Rich-Media-AI-Tools-scaled.jpg\" alt=\"Rich Media &amp; AI Tools\"\/>\n\t\t<h6>\n\t\t\tElever f\u00e5r en smidig upplevelse p\u00e5 vilken enhet som helst\t<\/h6>\n<h2>\n\t\t\tResponsiv design\t<\/h2>\n\t<p>Alla kurser du skapar \u00e4r automatiskt responsiva och anpassar sig till mobil, surfplatta och dator. Eleverna f\u00e5r en s\u00f6ml\u00f6s upplevelse p\u00e5 alla enheter utan extra arbete fr\u00e5n din sida.<\/p>\n\t\t\t<a href=\"https:\/\/mentorkit.com\/se\/get-a-free-account\/#signup\"  target=\"_self\">\n\t\t\t\t\t\t\tKom ig\u00e5ng gratis\n\t\t\t<\/a>\n\t\t\t<a href=\"https:\/\/mentorkit.com\/se\/product-suite-overview\/\"  target=\"_self\">\n\t\t\t\t\t\t\tProduktpaket\u00f6versikt\n\t\t\t<\/a>\n<h6>\n\t\t\tDin logotyp och f\u00e4rger f\u00f6r att f\u00e5 det att k\u00e4nnas som ditt eget system\t<\/h6>\n<h2>\n\t\t\tSCORM &#038; HTML Export\t<\/h2>\n\t<p>MentorKit st\u00f6der \u00f6ppna e-l\u00e4randestandarder. Exportera dina kurser som SCORM 1.2\/2004 eller HTML-paket, s\u00e5 att du kan ladda upp dem till vilken <strong>LMS-plattform<\/strong> or reuse content elsewhere. You&#8217;re never locked in your content remains yours to use on other systems if needed.<\/p>\n\t\t\t<a href=\"https:\/\/mentorkit.com\/se\/get-a-free-account\/#signup\"  target=\"_self\">\n\t\t\t\t\t\t\tKom ig\u00e5ng gratis\n\t\t\t<\/a>\n\t\t\t<a href=\"https:\/\/mentorkit.com\/se\/product-suite-overview\/\"  target=\"_self\">\n\t\t\t\t\t\t\tProduktpaket\u00f6versikt\n\t\t\t<\/a>\n\t\t\t\t\t<img decoding=\"async\" src=\"https:\/\/mentorkit.com\/wp-content\/uploads\/2026\/02\/SCORM-HTML-Export-scaled.jpg\" alt=\"SCORM &amp; HTML Export\"\/>\n\t\t<h6>\n\t\t\tSkapa visuellt rika fr\u00e5gor som matchar din kursstil\t<\/h6>\n<h2>\n\t\t\tFlervalsfr\u00e5gor\t<\/h2>\n\t<p>Skapa engagerande quiz p\u00e5 sekunder med MentorKit Kurs-skapare. Skapa enkelt flervalsfr\u00e5gor, definiera r\u00e4tt svar och ge eleverna omedelbar feedback f\u00f6r att st\u00e4rka inl\u00e4rningen.<\/p>\n<p>St\u00e4ll in krav f\u00f6r godk\u00e4nda resultat i din kurs, styr hur m\u00e5nga f\u00f6rs\u00f6k eleverna f\u00e5r, och anpassa \u00e5terkoppling f\u00f6r varje svar. Oavsett om du vill ha enkla kunskapskontroller eller mer avancerade bed\u00f6mningar, \u00e4r allt helt flexibelt och l\u00e4tt att hantera.<\/p>\n\t\t\t<a href=\"https:\/\/mentorkit.com\/se\/get-a-free-account\/#signup\"  target=\"_self\">\n\t\t\t\t\t\t\tKom ig\u00e5ng gratis\n\t\t\t<\/a>\n\t\t\t<a href=\"https:\/\/mentorkit.com\/se\/product-suite-overview\/\"  target=\"_self\">\n\t\t\t\t\t\t\tProduktpaket\u00f6versikt\n\t\t\t<\/a>\n<h6>\n\t\t\tFullst\u00e4ndiga funktioner\t<\/h6>\n<h2>\n\t\t\tObegr\u00e4nsade projekt, fullst\u00e4ndiga funktioner\t<\/h2>\n\t<p>Varje f\u00f6rfattarlicens inkluderar <strong>alla funktioner<\/strong> there are no add-ons or &#8220;premium&#8221; tiers. You can create unlimited courses and lessons. We include onboarding and support for all users, so you&#8217;ll get help from our e-learning experts whenever you need it.<\/p>\n\t\t\t<a href=\"https:\/\/mentorkit.com\/se\/get-a-free-account\/#signup\"  target=\"_self\">\n\t\t\t\t\t\t\tKom ig\u00e5ng gratis\n\t\t\t<\/a>\n\t\t\t<a href=\"https:\/\/mentorkit.com\/se\/product-suite-overview\/\"  target=\"_self\">\n\t\t\t\t\t\t\tProduktpaket\u00f6versikt\n\t\t\t<\/a>\n\t\t\t\t\t<img decoding=\"async\" src=\"https:\/\/mentorkit.com\/wp-content\/uploads\/2026\/02\/AI-tool-scaled.jpg\" alt=\"\"\/>\n\t\t<h2>\n\t\t\tVittnesm\u00e5l\t<\/h2>","protected":false},"excerpt":{"rendered":"<p>Advanced LMS &#038; Course Creator MentorKit Course Creator authoring tool MentorKit Course Creator is a powerful yet easy-to-use course creation [&hellip;]<\/p>\n","protected":false},"author":2,"featured_media":1965,"parent":0,"menu_order":0,"comment_status":"closed","ping_status":"closed","template":"","meta":{"_acf_changed":false,"site-sidebar-layout":"default","site-content-layout":"","ast-site-content-layout":"","site-content-style":"default","site-sidebar-style":"default","ast-global-header-display":"","ast-banner-title-visibility":"","ast-main-header-display":"","ast-hfb-above-header-display":"","ast-hfb-below-header-display":"","ast-hfb-mobile-header-display":"","site-post-title":"disabled","ast-breadcrumbs-content":"","ast-featured-img":"disabled","footer-sml-layout":"","ast-disable-related-posts":"","theme-transparent-header-meta":"","adv-header-id-meta":"","stick-header-meta":"","header-above-stick-meta":"","header-main-stick-meta":"","header-below-stick-meta":"","astra-migrate-meta-layouts":"default","ast-page-background-enabled":"default","ast-page-background-meta":{"desktop":{"background-color":"var(--ast-global-color-4)","background-image":"","background-repeat":"repeat","background-position":"center center","background-size":"auto","background-attachment":"scroll","background-type":"","background-media":"","overlay-type":"","overlay-color":"","overlay-opacity":"","overlay-gradient":""},"tablet":{"background-color":"","background-image":"","background-repeat":"repeat","background-position":"center center","background-size":"auto","background-attachment":"scroll","background-type":"","background-media":"","overlay-type":"","overlay-color":"","overlay-opacity":"","overlay-gradient":""},"mobile":{"background-color":"","background-image":"","background-repeat":"repeat","background-position":"center center","background-size":"auto","background-attachment":"scroll","background-type":"","background-media":"","overlay-type":"","overlay-color":"","overlay-opacity":"","overlay-gradient":""}},"ast-content-background-meta":{"desktop":{"background-color":"var(--ast-global-color-5)","background-image":"","background-repeat":"repeat","background-position":"center center","background-size":"auto","background-attachment":"scroll","background-type":"","background-media":"","overlay-type":"","overlay-color":"","overlay-opacity":"","overlay-gradient":""},"tablet":{"background-color":"var(--ast-global-color-5)","background-image":"","background-repeat":"repeat","background-position":"center center","background-size":"auto","background-attachment":"scroll","background-type":"","background-media":"","overlay-type":"","overlay-color":"","overlay-opacity":"","overlay-gradient":""},"mobile":{"background-color":"var(--ast-global-color-5)","background-image":"","background-repeat":"repeat","background-position":"center center","background-size":"auto","background-attachment":"scroll","background-type":"","background-media":"","overlay-type":"","overlay-color":"","overlay-opacity":"","overlay-gradient":""}},"footnotes":""},"class_list":["post-1943","page","type-page","status-publish","has-post-thumbnail","hentry"],"acf":[],"yoast_head":"<!-- This site is optimized with the Yoast SEO Premium plugin v27.3 (Yoast SEO v27.3) - https:\/\/yoast.com\/product\/yoast-seo-premium-wordpress\/ -->\n<title>MentorKit Course Creator authoring tool - MentorKit<\/title>\n<meta name=\"description\" content=\"MentorKit Course Creator is a powerful yet easy-to-use course creation software that lets you develop engaging online courses without any coding.\" \/>\n<meta name=\"robots\" content=\"index, follow, max-snippet:-1, max-image-preview:large, max-video-preview:-1\" \/>\n<link rel=\"canonical\" href=\"https:\/\/mentorkit.com\/se\/mentorkit-course-creator-authoring-tool\/\" \/>\n<meta property=\"og:locale\" content=\"sv_SE\" \/>\n<meta property=\"og:type\" content=\"article\" \/>\n<meta property=\"og:title\" content=\"MentorKit Course Creator authoring tool\" \/>\n<meta property=\"og:description\" content=\"MentorKit Course Creator is a powerful yet easy-to-use course creation software that lets you develop engaging online courses without any coding.\" \/>\n<meta property=\"og:url\" content=\"https:\/\/mentorkit.com\/se\/mentorkit-course-creator-authoring-tool\/\" \/>\n<meta property=\"og:site_name\" content=\"MentorKit\" \/>\n<meta property=\"article:publisher\" content=\"https:\/\/www.facebook.com\/nettkurs\" \/>\n<meta property=\"article:modified_time\" content=\"2026-03-25T15:11:50+00:00\" \/>\n<meta property=\"og:image\" content=\"https:\/\/mentorkit.com\/wp-content\/uploads\/2026\/01\/MentorKit-Course-Creator-Authoring-Tool-Multi-Devices-Mockup.jpg\" \/>\n\t<meta property=\"og:image:width\" content=\"2500\" \/>\n\t<meta property=\"og:image:height\" content=\"1667\" \/>\n\t<meta property=\"og:image:type\" content=\"image\/jpeg\" \/>\n<meta name=\"twitter:card\" content=\"summary_large_image\" \/>\n<meta name=\"twitter:label1\" content=\"Ber\u00e4knad l\u00e4stid\" \/>\n\t<meta name=\"twitter:data1\" content=\"4 minuter\" \/>\n<script type=\"application\/ld+json\" class=\"yoast-schema-graph\">{\"@context\":\"https:\\\/\\\/schema.org\",\"@graph\":[{\"@type\":\"WebPage\",\"@id\":\"https:\\\/\\\/mentorkit.com\\\/mentorkit-course-creator-authoring-tool\\\/\",\"url\":\"https:\\\/\\\/mentorkit.com\\\/mentorkit-course-creator-authoring-tool\\\/\",\"name\":\"MentorKit Course Creator authoring tool - MentorKit\",\"isPartOf\":{\"@id\":\"https:\\\/\\\/mentorkit.com\\\/#website\"},\"primaryImageOfPage\":{\"@id\":\"https:\\\/\\\/mentorkit.com\\\/mentorkit-course-creator-authoring-tool\\\/#primaryimage\"},\"image\":{\"@id\":\"https:\\\/\\\/mentorkit.com\\\/mentorkit-course-creator-authoring-tool\\\/#primaryimage\"},\"thumbnailUrl\":\"https:\\\/\\\/mentorkit.com\\\/wp-content\\\/uploads\\\/2026\\\/01\\\/MentorKit-Course-Creator.svg\",\"datePublished\":\"2026-01-30T13:19:36+00:00\",\"dateModified\":\"2026-03-25T15:11:50+00:00\",\"description\":\"MentorKit Course Creator is a powerful yet easy-to-use course creation software that lets you develop engaging online courses without any coding.\",\"breadcrumb\":{\"@id\":\"https:\\\/\\\/mentorkit.com\\\/mentorkit-course-creator-authoring-tool\\\/#breadcrumb\"},\"inLanguage\":\"sv-SE\",\"potentialAction\":[{\"@type\":\"ReadAction\",\"target\":[\"https:\\\/\\\/mentorkit.com\\\/mentorkit-course-creator-authoring-tool\\\/\"]}]},{\"@type\":\"ImageObject\",\"inLanguage\":\"sv-SE\",\"@id\":\"https:\\\/\\\/mentorkit.com\\\/mentorkit-course-creator-authoring-tool\\\/#primaryimage\",\"url\":\"https:\\\/\\\/mentorkit.com\\\/wp-content\\\/uploads\\\/2026\\\/01\\\/MentorKit-Course-Creator.svg\",\"contentUrl\":\"https:\\\/\\\/mentorkit.com\\\/wp-content\\\/uploads\\\/2026\\\/01\\\/MentorKit-Course-Creator.svg\",\"caption\":\"MentorKit Course Creator authoring tool\"},{\"@type\":\"BreadcrumbList\",\"@id\":\"https:\\\/\\\/mentorkit.com\\\/mentorkit-course-creator-authoring-tool\\\/#breadcrumb\",\"itemListElement\":[{\"@type\":\"ListItem\",\"position\":1,\"name\":\"Home\",\"item\":\"https:\\\/\\\/mentorkit.com\\\/\"},{\"@type\":\"ListItem\",\"position\":2,\"name\":\"MentorKit Course Creator authoring tool\"}]},{\"@type\":\"WebSite\",\"@id\":\"https:\\\/\\\/mentorkit.com\\\/#website\",\"url\":\"https:\\\/\\\/mentorkit.com\\\/\",\"name\":\"MentorKit\",\"description\":\"a brand new, groundbreaking, fully cloud-based, Norwegian-made authoring tool for creating digital learning. The courses are responsive, meaning the content adapts to the screen whether it\u2019s on a phone, tablet, or PC\",\"publisher\":{\"@id\":\"https:\\\/\\\/mentorkit.com\\\/#organization\"},\"potentialAction\":[{\"@type\":\"SearchAction\",\"target\":{\"@type\":\"EntryPoint\",\"urlTemplate\":\"https:\\\/\\\/mentorkit.com\\\/?s={search_term_string}\"},\"query-input\":{\"@type\":\"PropertyValueSpecification\",\"valueRequired\":true,\"valueName\":\"search_term_string\"}}],\"inLanguage\":\"sv-SE\"},{\"@type\":\"Organization\",\"@id\":\"https:\\\/\\\/mentorkit.com\\\/#organization\",\"name\":\"Norsk Interaktiv AS\",\"url\":\"https:\\\/\\\/mentorkit.com\\\/\",\"logo\":{\"@type\":\"ImageObject\",\"inLanguage\":\"sv-SE\",\"@id\":\"https:\\\/\\\/mentorkit.com\\\/#\\\/schema\\\/logo\\\/image\\\/\",\"url\":\"https:\\\/\\\/mentorkit.com\\\/wp-content\\\/uploads\\\/2025\\\/09\\\/MentorKit-LOGO-White-Horizontal.svg\",\"contentUrl\":\"https:\\\/\\\/mentorkit.com\\\/wp-content\\\/uploads\\\/2025\\\/09\\\/MentorKit-LOGO-White-Horizontal.svg\",\"caption\":\"Norsk Interaktiv AS\"},\"image\":{\"@id\":\"https:\\\/\\\/mentorkit.com\\\/#\\\/schema\\\/logo\\\/image\\\/\"},\"sameAs\":[\"https:\\\/\\\/www.facebook.com\\\/nettkurs\",\"https:\\\/\\\/www.youtube.com\\\/@mentorkit\"]}]}<\/script>\n<!-- \/ Yoast SEO Premium plugin. -->","yoast_head_json":{"title":"MentorKit Course Creator authoring tool - MentorKit","description":"MentorKit Course Creator is a powerful yet easy-to-use course creation software that lets you develop engaging online courses without any coding.","robots":{"index":"index","follow":"follow","max-snippet":"max-snippet:-1","max-image-preview":"max-image-preview:large","max-video-preview":"max-video-preview:-1"},"canonical":"https:\/\/mentorkit.com\/se\/mentorkit-course-creator-authoring-tool\/","og_locale":"sv_SE","og_type":"article","og_title":"MentorKit Course Creator authoring tool","og_description":"MentorKit Course Creator is a powerful yet easy-to-use course creation software that lets you develop engaging online courses without any coding.","og_url":"https:\/\/mentorkit.com\/se\/mentorkit-course-creator-authoring-tool\/","og_site_name":"MentorKit","article_publisher":"https:\/\/www.facebook.com\/nettkurs","article_modified_time":"2026-03-25T15:11:50+00:00","og_image":[{"width":2500,"height":1667,"url":"https:\/\/mentorkit.com\/wp-content\/uploads\/2026\/01\/MentorKit-Course-Creator-Authoring-Tool-Multi-Devices-Mockup.jpg","type":"image\/jpeg"}],"twitter_card":"summary_large_image","twitter_misc":{"Ber\u00e4knad l\u00e4stid":"4 minuter"},"schema":{"@context":"https:\/\/schema.org","@graph":[{"@type":"WebPage","@id":"https:\/\/mentorkit.com\/mentorkit-course-creator-authoring-tool\/","url":"https:\/\/mentorkit.com\/mentorkit-course-creator-authoring-tool\/","name":"MentorKit Course Creator authoring tool - MentorKit","isPartOf":{"@id":"https:\/\/mentorkit.com\/#website"},"primaryImageOfPage":{"@id":"https:\/\/mentorkit.com\/mentorkit-course-creator-authoring-tool\/#primaryimage"},"image":{"@id":"https:\/\/mentorkit.com\/mentorkit-course-creator-authoring-tool\/#primaryimage"},"thumbnailUrl":"https:\/\/mentorkit.com\/wp-content\/uploads\/2026\/01\/MentorKit-Course-Creator.svg","datePublished":"2026-01-30T13:19:36+00:00","dateModified":"2026-03-25T15:11:50+00:00","description":"MentorKit Course Creator is a powerful yet easy-to-use course creation software that lets you develop engaging online courses without any coding.","breadcrumb":{"@id":"https:\/\/mentorkit.com\/mentorkit-course-creator-authoring-tool\/#breadcrumb"},"inLanguage":"sv-SE","potentialAction":[{"@type":"ReadAction","target":["https:\/\/mentorkit.com\/mentorkit-course-creator-authoring-tool\/"]}]},{"@type":"ImageObject","inLanguage":"sv-SE","@id":"https:\/\/mentorkit.com\/mentorkit-course-creator-authoring-tool\/#primaryimage","url":"https:\/\/mentorkit.com\/wp-content\/uploads\/2026\/01\/MentorKit-Course-Creator.svg","contentUrl":"https:\/\/mentorkit.com\/wp-content\/uploads\/2026\/01\/MentorKit-Course-Creator.svg","caption":"MentorKit Course Creator authoring tool"},{"@type":"BreadcrumbList","@id":"https:\/\/mentorkit.com\/mentorkit-course-creator-authoring-tool\/#breadcrumb","itemListElement":[{"@type":"ListItem","position":1,"name":"Home","item":"https:\/\/mentorkit.com\/"},{"@type":"ListItem","position":2,"name":"MentorKit Course Creator authoring tool"}]},{"@type":"WebSite","@id":"https:\/\/mentorkit.com\/#website","url":"https:\/\/mentorkit.com\/","name":"MentorKit","description":"Ett helt nytt, banbrytande, helt molnbaserat, norsktillverkat f\u00f6rfattarverktyg f\u00f6r att skapa digitalt l\u00e4rande. Kurserna \u00e4r responsiva, vilket inneb\u00e4r att inneh\u00e5llet anpassar sig till sk\u00e4rmen oavsett om det \u00e4r p\u00e5 en telefon, surfplatta eller dator.","publisher":{"@id":"https:\/\/mentorkit.com\/#organization"},"potentialAction":[{"@type":"SearchAction","target":{"@type":"EntryPoint","urlTemplate":"https:\/\/mentorkit.com\/?s={search_term_string}"},"query-input":{"@type":"PropertyValueSpecification","valueRequired":true,"valueName":"search_term_string"}}],"inLanguage":"sv-SE"},{"@type":"Organization","@id":"https:\/\/mentorkit.com\/#organization","name":"Norsk Interaktiv AB","url":"https:\/\/mentorkit.com\/","logo":{"@type":"ImageObject","inLanguage":"sv-SE","@id":"https:\/\/mentorkit.com\/#\/schema\/logo\/image\/","url":"https:\/\/mentorkit.com\/wp-content\/uploads\/2025\/09\/MentorKit-LOGO-White-Horizontal.svg","contentUrl":"https:\/\/mentorkit.com\/wp-content\/uploads\/2025\/09\/MentorKit-LOGO-White-Horizontal.svg","caption":"Norsk Interaktiv AS"},"image":{"@id":"https:\/\/mentorkit.com\/#\/schema\/logo\/image\/"},"sameAs":["https:\/\/www.facebook.com\/nettkurs","https:\/\/www.youtube.com\/@mentorkit"]}]}},"_links":{"self":[{"href":"https:\/\/mentorkit.com\/se\/wp-json\/wp\/v2\/pages\/1943","targetHints":{"allow":["GET"]}}],"collection":[{"href":"https:\/\/mentorkit.com\/se\/wp-json\/wp\/v2\/pages"}],"about":[{"href":"https:\/\/mentorkit.com\/se\/wp-json\/wp\/v2\/types\/page"}],"author":[{"embeddable":true,"href":"https:\/\/mentorkit.com\/se\/wp-json\/wp\/v2\/users\/2"}],"replies":[{"embeddable":true,"href":"https:\/\/mentorkit.com\/se\/wp-json\/wp\/v2\/comments?post=1943"}],"version-history":[{"count":11,"href":"https:\/\/mentorkit.com\/se\/wp-json\/wp\/v2\/pages\/1943\/revisions"}],"predecessor-version":[{"id":2912,"href":"https:\/\/mentorkit.com\/se\/wp-json\/wp\/v2\/pages\/1943\/revisions\/2912"}],"wp:featuredmedia":[{"embeddable":true,"href":"https:\/\/mentorkit.com\/se\/wp-json\/wp\/v2\/media\/1965"}],"wp:attachment":[{"href":"https:\/\/mentorkit.com\/se\/wp-json\/wp\/v2\/media?parent=1943"}],"curies":[{"name":"wp","href":"https:\/\/api.w.org\/{rel}","templated":true}]}}