{"id":1753,"date":"2026-01-23T16:03:24","date_gmt":"2026-01-23T15:03:24","guid":{"rendered":"https:\/\/mentorkit.com\/?page_id=1753"},"modified":"2026-03-26T12:10:01","modified_gmt":"2026-03-26T11:10:01","slug":"suite-classic-integrated-course-creation-lms-platform","status":"publish","type":"page","link":"https:\/\/mentorkit.com\/se\/suite-classic-integrated-course-creation-lms-platform\/","title":{"rendered":"Suite Classic: Integrerad plattform f\u00f6r kursutbildning och LMS"},"content":{"rendered":"<h6>\n\t\t\tIntegrated Course Creation &#038; LMS Platform\t<\/h6>\n<figure itemscope itemtype=\"https:\/\/schema.org\/ImageObject\">\n\t\t\t\t<img decoding=\"async\" src=\"https:\/\/mentorkit.com\/wp-content\/uploads\/2026\/03\/Mentorkit-Suite-Classic-white.svg\" alt=\"Mentorkit Suite Classic white\" title=\"Mentorkit Suite Klassisk vit\" onerror=\"this.style.display='none'\" loading=\"lazy\" \/>\n\t<\/figure>\n<h1>\n\t\t\tSviten Klassisk\t<\/h1>\n\t<p><strong>MentorKit Sviten Klassisk<\/strong> f\u00f6rfattarverktyg<strong> Kurskreat\u00f6r<\/strong> och <strong>K\u00e4rnan<\/strong> <strong>Klassisk<\/strong> <strong>LMS <\/strong>till en komplett, integrerad inl\u00e4rningsplattform. Den \u00e4r utformad f\u00f6r organisationer som vill ha full kontroll \u00f6ver b\u00e5de <strong>kurskapande och kursleverans<\/strong>, utan komplexitet eller omfattande anpassning.<\/p>\n\t\t\t<a href=\"#more\"  target=\"_self\">\n\t\t\t\t\t\t\tL\u00e4s mer p\u00e5 engelska\n\t\t\t<\/a>\n\t\t\t<a href=\"https:\/\/mentorkit.com\/se\/product-suite-overview\/\"  target=\"_self\">\n\t\t\t\t\t\t\tProduktpaket\u00f6versikt\n\t\t\t<\/a>\n<h6>\n\t\t\tPublicera, distribuera och sp\u00e5ra dem direkt \t<\/h6>\n<h2>\n\t\t\tSuite Classic kombinerar f\u00f6rfattarverktyget Course Creator och LMS Classic LMS till en komplett integrerad inl\u00e4rningsplattform\t<\/h2>\n\t<p>Med Suite Classic kan du <strong>skapa engagerande digitala kurser<\/strong> med MentorKit Kursuppbyggare och <strong>publicera, distribuera och sp\u00e5ra dem direkt<\/strong> in MentorKit LMS Classic. The two products are tightly integrated and work together as one unified solution-giving you a smooth workflow from content creation to learner completion.<\/p>\n<p>Suite Classic levereras som en s\u00e4ker molntj\u00e4nst med norsk\/EU-hosting och \u00e4r idealisk f\u00f6r f\u00f6retag, f\u00f6reningar och utbildningsanordnare som vill ha en bepr\u00f6vad, skalbar LMS i kombination med ett intuitivt f\u00f6rfattarverktyg.<\/p>\n<h6>\n\t\t\tSkapa och leverera p\u00e5 en enda plattform\t<\/h6>\n<h2>\n\t\t\tPublicerad direkt i LMS Classic \t<\/h2>\n\t<p>Suite Classic minskar klyftan mellan skapande och leverans. Kurser som byggts i MentorKit Course Creator kan publiceras direkt till MentorKit LMS Classic utan manuell export eller filhantering. Uppdateringar av kursinneh\u00e5ll kan snabbt rullas ut, vilket s\u00e4kerst\u00e4ller att deltagarna alltid har tillg\u00e5ng till den senaste versionen.<\/p>\n<h6>\n\t\t\tSkapa professionella kurser utan tekniska f\u00e4rdigheter.\t<\/h6>\n<h2>\n\t\t\tAnv\u00e4ndarv\u00e4nlig kursutveckling\t<\/h2>\n\t<p>MentorKit Kursbyggare g\u00f6r det m\u00f6jligt f\u00f6r \u00e4mnesexperter, HR-team och utbildare att bygga professionella kurser utan teknisk kompetens. Genom att anv\u00e4nda dra-och-sl\u00e4pp-redigering, mallar, multimedia, quiz och interaktiva element kan team producera h\u00f6gkvalitativ e-l\u00e4rning effektivt och kostnadseffektivt.<\/p>\n<h6>\n\t\t\tUppdrag, framstegssp\u00e5rning, rapportering, certifikat och mer \t<\/h6>\n<h2>\n\t\t\tLMS f\u00f6r distribution och sp\u00e5rning\t<\/h2>\n\t<p>MentorKit LMS Classic \u00e4r ett moget och p\u00e5litligt system f\u00f6r l\u00e4randehantering som har varit i kontinuerlig drift sedan 2003. Det st\u00f6der anv\u00e4ndarhantering, kursuppdrag, framstegssp\u00e5rning, bed\u00f6mningar, rapportering och automatisk utf\u00e4rdande av certifikat. Plattformen \u00e4r mobilanpassad och enkel att anv\u00e4nda f\u00f6r b\u00e5de studenter och administrat\u00f6rer.<\/p>\n<h6>\n\t\t\tAtt g\u00f6ra det m\u00f6jligt f\u00f6r organisationer att s\u00e4lja kurser till externa m\u00e5lgrupper\t<\/h6>\n<h2>\n\t\t\tValbar kursf\u00f6rs\u00e4ljning och extern utbildning\t<\/h2>\n\t<p>Suite Classic kan ut\u00f6kas med en valfri e-handelsmodul, vilket g\u00f6r det m\u00f6jligt f\u00f6r organisationer att s\u00e4lja kurser till externa m\u00e5lgrupper. Detta g\u00f6r den l\u00e4mplig inte bara f\u00f6r internutbildning, utan \u00e4ven f\u00f6r f\u00f6reningar, certifieringsorgan och utbildningsanordnare som vill tj\u00e4na pengar p\u00e5 sin kunskap.<\/p>\n<h6>\n\t\t\tdatacenter och fullst\u00e4ndigt anpassade till kraven i GDPR\t<\/h6>\n<h2>\n\t\t\tS\u00e4ker molnhotell i Norge\t<\/h2>\n\t<p>Plattformen \u00e4r v\u00e4rdbaserad i norska\/EU-datacenter och fullt ut anpassad till GDPR-kraven. Detta g\u00f6r Suite Classic till ett s\u00e4kert val f\u00f6r organisationer med strikta dataskydds- och efterlevnadskrav, inklusive offentlig sektor och reglerade branscher.<\/p>\n<h6>\n\t\t\tdatacenter och fullst\u00e4ndigt anpassade till kraven i GDPR\t<\/h6>\n<h2>\n\t\t\tSkalbar utan komplexitet\t<\/h2>\n\t<p>Suite Classic is designed to grow with your organization. You can add more course creators, learners, or modules over time without changing platform or architecture. It provides the right balance between flexibility and stability &#8211; without the overhead of a fully customized enterprise solution.<\/p>\n<h6>\n\t\t\tS\u00e4kerst\u00e4ller l\u00e5ngsiktig flexibilitet\t<\/h6>\n<h2>\n\t\t\tStandards-Based &#038; Future-Proof\t<\/h2>\n\t<p>Suite Classic st\u00f6der \u00f6ppna e-l\u00e4randestandarder som <strong>SCORM och HTML<\/strong>, vilket g\u00f6r det m\u00f6jligt att importera och \u00e5teranv\u00e4nda inneh\u00e5ll i olika system. Detta s\u00e4kerst\u00e4ller l\u00e5ngsiktig flexibilitet och skyddar din investering i l\u00e4randeinneh\u00e5ll.<\/p>\n<h2>\n\t\t\tVittnesm\u00e5l\t<\/h2>","protected":false},"excerpt":{"rendered":"<p>Integrated Course Creation &#038; LMS Platform Suite Classic MentorKit Suite Classic combines authoring tool Course Creator and Core Classic LMS [&hellip;]<\/p>\n","protected":false},"author":2,"featured_media":0,"parent":0,"menu_order":0,"comment_status":"closed","ping_status":"closed","template":"","meta":{"_acf_changed":false,"site-sidebar-layout":"default","site-content-layout":"","ast-site-content-layout":"default","site-content-style":"default","site-sidebar-style":"default","ast-global-header-display":"","ast-banner-title-visibility":"","ast-main-header-display":"","ast-hfb-above-header-display":"","ast-hfb-below-header-display":"","ast-hfb-mobile-header-display":"","site-post-title":"disabled","ast-breadcrumbs-content":"","ast-featured-img":"","footer-sml-layout":"","ast-disable-related-posts":"","theme-transparent-header-meta":"","adv-header-id-meta":"","stick-header-meta":"","header-above-stick-meta":"","header-main-stick-meta":"","header-below-stick-meta":"","astra-migrate-meta-layouts":"default","ast-page-background-enabled":"default","ast-page-background-meta":{"desktop":{"background-color":"var(--ast-global-color-4)","background-image":"","background-repeat":"repeat","background-position":"center center","background-size":"auto","background-attachment":"scroll","background-type":"","background-media":"","overlay-type":"","overlay-color":"","overlay-opacity":"","overlay-gradient":""},"tablet":{"background-color":"","background-image":"","background-repeat":"repeat","background-position":"center center","background-size":"auto","background-attachment":"scroll","background-type":"","background-media":"","overlay-type":"","overlay-color":"","overlay-opacity":"","overlay-gradient":""},"mobile":{"background-color":"","background-image":"","background-repeat":"repeat","background-position":"center center","background-size":"auto","background-attachment":"scroll","background-type":"","background-media":"","overlay-type":"","overlay-color":"","overlay-opacity":"","overlay-gradient":""}},"ast-content-background-meta":{"desktop":{"background-color":"var(--ast-global-color-5)","background-image":"","background-repeat":"repeat","background-position":"center center","background-size":"auto","background-attachment":"scroll","background-type":"","background-media":"","overlay-type":"","overlay-color":"","overlay-opacity":"","overlay-gradient":""},"tablet":{"background-color":"var(--ast-global-color-5)","background-image":"","background-repeat":"repeat","background-position":"center center","background-size":"auto","background-attachment":"scroll","background-type":"","background-media":"","overlay-type":"","overlay-color":"","overlay-opacity":"","overlay-gradient":""},"mobile":{"background-color":"var(--ast-global-color-5)","background-image":"","background-repeat":"repeat","background-position":"center center","background-size":"auto","background-attachment":"scroll","background-type":"","background-media":"","overlay-type":"","overlay-color":"","overlay-opacity":"","overlay-gradient":""}},"footnotes":""},"class_list":["post-1753","page","type-page","status-publish","hentry"],"acf":[],"yoast_head":"<!-- This site is optimized with the Yoast SEO Premium plugin v27.3 (Yoast SEO v27.3) - https:\/\/yoast.com\/product\/yoast-seo-premium-wordpress\/ -->\n<title>Suite Classic: Integrated Course Creation &amp; LMS Platform - MentorKit<\/title>\n<meta name=\"description\" content=\"Explore the benefits of the LMS integrated learning platform with MentorKit Suite Classic for seamless course creation and delivery.\" \/>\n<meta name=\"robots\" content=\"index, follow, max-snippet:-1, max-image-preview:large, max-video-preview:-1\" \/>\n<link rel=\"canonical\" href=\"https:\/\/mentorkit.com\/se\/suite-classic-integrated-course-creation-lms-platform\/\" \/>\n<meta property=\"og:locale\" content=\"sv_SE\" \/>\n<meta property=\"og:type\" content=\"article\" \/>\n<meta property=\"og:title\" content=\"Suite Classic: Integrated Course Creation &amp; LMS Platform\" \/>\n<meta property=\"og:description\" content=\"Explore the benefits of the LMS integrated learning platform with MentorKit Suite Classic for seamless course creation and delivery.\" \/>\n<meta property=\"og:url\" content=\"https:\/\/mentorkit.com\/se\/suite-classic-integrated-course-creation-lms-platform\/\" \/>\n<meta property=\"og:site_name\" content=\"MentorKit\" \/>\n<meta property=\"article:publisher\" content=\"https:\/\/www.facebook.com\/nettkurs\" \/>\n<meta property=\"article:modified_time\" content=\"2026-03-26T11:10:01+00:00\" \/>\n<meta property=\"og:image\" content=\"https:\/\/mentorkit.com\/wp-content\/uploads\/2026\/03\/Mentorkit-Suite-Classic-white.svg\" \/>\n<meta name=\"twitter:card\" content=\"summary_large_image\" \/>\n<meta name=\"twitter:label1\" content=\"Ber\u00e4knad l\u00e4stid\" \/>\n\t<meta name=\"twitter:data1\" content=\"4 minuter\" \/>\n<script type=\"application\/ld+json\" class=\"yoast-schema-graph\">{\"@context\":\"https:\\\/\\\/schema.org\",\"@graph\":[{\"@type\":\"WebPage\",\"@id\":\"https:\\\/\\\/mentorkit.com\\\/suite-classic-integrated-course-creation-lms-platform\\\/\",\"url\":\"https:\\\/\\\/mentorkit.com\\\/suite-classic-integrated-course-creation-lms-platform\\\/\",\"name\":\"Suite Classic: Integrated Course Creation &amp; LMS Platform - MentorKit\",\"isPartOf\":{\"@id\":\"https:\\\/\\\/mentorkit.com\\\/#website\"},\"primaryImageOfPage\":{\"@id\":\"https:\\\/\\\/mentorkit.com\\\/suite-classic-integrated-course-creation-lms-platform\\\/#primaryimage\"},\"image\":{\"@id\":\"https:\\\/\\\/mentorkit.com\\\/suite-classic-integrated-course-creation-lms-platform\\\/#primaryimage\"},\"thumbnailUrl\":\"https:\\\/\\\/mentorkit.com\\\/wp-content\\\/uploads\\\/2026\\\/03\\\/Mentorkit-Suite-Classic-white.svg\",\"datePublished\":\"2026-01-23T15:03:24+00:00\",\"dateModified\":\"2026-03-26T11:10:01+00:00\",\"description\":\"Explore the benefits of the LMS integrated learning platform with MentorKit Suite Classic for seamless course creation and delivery.\",\"breadcrumb\":{\"@id\":\"https:\\\/\\\/mentorkit.com\\\/suite-classic-integrated-course-creation-lms-platform\\\/#breadcrumb\"},\"inLanguage\":\"sv-SE\",\"potentialAction\":[{\"@type\":\"ReadAction\",\"target\":[\"https:\\\/\\\/mentorkit.com\\\/suite-classic-integrated-course-creation-lms-platform\\\/\"]}]},{\"@type\":\"ImageObject\",\"inLanguage\":\"sv-SE\",\"@id\":\"https:\\\/\\\/mentorkit.com\\\/suite-classic-integrated-course-creation-lms-platform\\\/#primaryimage\",\"url\":\"https:\\\/\\\/mentorkit.com\\\/wp-content\\\/uploads\\\/2026\\\/03\\\/Mentorkit-Suite-Classic-white.svg\",\"contentUrl\":\"https:\\\/\\\/mentorkit.com\\\/wp-content\\\/uploads\\\/2026\\\/03\\\/Mentorkit-Suite-Classic-white.svg\"},{\"@type\":\"BreadcrumbList\",\"@id\":\"https:\\\/\\\/mentorkit.com\\\/suite-classic-integrated-course-creation-lms-platform\\\/#breadcrumb\",\"itemListElement\":[{\"@type\":\"ListItem\",\"position\":1,\"name\":\"Home\",\"item\":\"https:\\\/\\\/mentorkit.com\\\/\"},{\"@type\":\"ListItem\",\"position\":2,\"name\":\"Suite Classic: Integrated Course Creation &amp; LMS Platform\"}]},{\"@type\":\"WebSite\",\"@id\":\"https:\\\/\\\/mentorkit.com\\\/#website\",\"url\":\"https:\\\/\\\/mentorkit.com\\\/\",\"name\":\"MentorKit\",\"description\":\"a brand new, groundbreaking, fully cloud-based, Norwegian-made authoring tool for creating digital learning. The courses are responsive, meaning the content adapts to the screen whether it\u2019s on a phone, tablet, or PC\",\"publisher\":{\"@id\":\"https:\\\/\\\/mentorkit.com\\\/#organization\"},\"potentialAction\":[{\"@type\":\"SearchAction\",\"target\":{\"@type\":\"EntryPoint\",\"urlTemplate\":\"https:\\\/\\\/mentorkit.com\\\/?s={search_term_string}\"},\"query-input\":{\"@type\":\"PropertyValueSpecification\",\"valueRequired\":true,\"valueName\":\"search_term_string\"}}],\"inLanguage\":\"sv-SE\"},{\"@type\":\"Organization\",\"@id\":\"https:\\\/\\\/mentorkit.com\\\/#organization\",\"name\":\"Norsk Interaktiv AS\",\"url\":\"https:\\\/\\\/mentorkit.com\\\/\",\"logo\":{\"@type\":\"ImageObject\",\"inLanguage\":\"sv-SE\",\"@id\":\"https:\\\/\\\/mentorkit.com\\\/#\\\/schema\\\/logo\\\/image\\\/\",\"url\":\"https:\\\/\\\/mentorkit.com\\\/wp-content\\\/uploads\\\/2025\\\/09\\\/MentorKit-LOGO-White-Horizontal.svg\",\"contentUrl\":\"https:\\\/\\\/mentorkit.com\\\/wp-content\\\/uploads\\\/2025\\\/09\\\/MentorKit-LOGO-White-Horizontal.svg\",\"caption\":\"Norsk Interaktiv AS\"},\"image\":{\"@id\":\"https:\\\/\\\/mentorkit.com\\\/#\\\/schema\\\/logo\\\/image\\\/\"},\"sameAs\":[\"https:\\\/\\\/www.facebook.com\\\/nettkurs\",\"https:\\\/\\\/www.youtube.com\\\/@mentorkit\"]}]}<\/script>\n<!-- \/ Yoast SEO Premium plugin. -->","yoast_head_json":{"title":"Suite Classic: Integrated Course Creation &amp; LMS Platform - MentorKit","description":"Explore the benefits of the LMS integrated learning platform with MentorKit Suite Classic for seamless course creation and delivery.","robots":{"index":"index","follow":"follow","max-snippet":"max-snippet:-1","max-image-preview":"max-image-preview:large","max-video-preview":"max-video-preview:-1"},"canonical":"https:\/\/mentorkit.com\/se\/suite-classic-integrated-course-creation-lms-platform\/","og_locale":"sv_SE","og_type":"article","og_title":"Suite Classic: Integrated Course Creation &amp; LMS Platform","og_description":"Explore the benefits of the LMS integrated learning platform with MentorKit Suite Classic for seamless course creation and delivery.","og_url":"https:\/\/mentorkit.com\/se\/suite-classic-integrated-course-creation-lms-platform\/","og_site_name":"MentorKit","article_publisher":"https:\/\/www.facebook.com\/nettkurs","article_modified_time":"2026-03-26T11:10:01+00:00","og_image":[{"url":"https:\/\/mentorkit.com\/wp-content\/uploads\/2026\/03\/Mentorkit-Suite-Classic-white.svg","type":"","width":"","height":""}],"twitter_card":"summary_large_image","twitter_misc":{"Ber\u00e4knad l\u00e4stid":"4 minuter"},"schema":{"@context":"https:\/\/schema.org","@graph":[{"@type":"WebPage","@id":"https:\/\/mentorkit.com\/suite-classic-integrated-course-creation-lms-platform\/","url":"https:\/\/mentorkit.com\/suite-classic-integrated-course-creation-lms-platform\/","name":"Suite Classic: Integrated Course Creation &amp; LMS Platform - MentorKit","isPartOf":{"@id":"https:\/\/mentorkit.com\/#website"},"primaryImageOfPage":{"@id":"https:\/\/mentorkit.com\/suite-classic-integrated-course-creation-lms-platform\/#primaryimage"},"image":{"@id":"https:\/\/mentorkit.com\/suite-classic-integrated-course-creation-lms-platform\/#primaryimage"},"thumbnailUrl":"https:\/\/mentorkit.com\/wp-content\/uploads\/2026\/03\/Mentorkit-Suite-Classic-white.svg","datePublished":"2026-01-23T15:03:24+00:00","dateModified":"2026-03-26T11:10:01+00:00","description":"Explore the benefits of the LMS integrated learning platform with MentorKit Suite Classic for seamless course creation and delivery.","breadcrumb":{"@id":"https:\/\/mentorkit.com\/suite-classic-integrated-course-creation-lms-platform\/#breadcrumb"},"inLanguage":"sv-SE","potentialAction":[{"@type":"ReadAction","target":["https:\/\/mentorkit.com\/suite-classic-integrated-course-creation-lms-platform\/"]}]},{"@type":"ImageObject","inLanguage":"sv-SE","@id":"https:\/\/mentorkit.com\/suite-classic-integrated-course-creation-lms-platform\/#primaryimage","url":"https:\/\/mentorkit.com\/wp-content\/uploads\/2026\/03\/Mentorkit-Suite-Classic-white.svg","contentUrl":"https:\/\/mentorkit.com\/wp-content\/uploads\/2026\/03\/Mentorkit-Suite-Classic-white.svg"},{"@type":"BreadcrumbList","@id":"https:\/\/mentorkit.com\/suite-classic-integrated-course-creation-lms-platform\/#breadcrumb","itemListElement":[{"@type":"ListItem","position":1,"name":"Home","item":"https:\/\/mentorkit.com\/"},{"@type":"ListItem","position":2,"name":"Suite Classic: Integrated Course Creation &amp; LMS Platform"}]},{"@type":"WebSite","@id":"https:\/\/mentorkit.com\/#website","url":"https:\/\/mentorkit.com\/","name":"MentorKit","description":"Ett helt nytt, banbrytande, helt molnbaserat, norsktillverkat f\u00f6rfattarverktyg f\u00f6r att skapa digitalt l\u00e4rande. Kurserna \u00e4r responsiva, vilket inneb\u00e4r att inneh\u00e5llet anpassar sig till sk\u00e4rmen oavsett om det \u00e4r p\u00e5 en telefon, surfplatta eller dator.","publisher":{"@id":"https:\/\/mentorkit.com\/#organization"},"potentialAction":[{"@type":"SearchAction","target":{"@type":"EntryPoint","urlTemplate":"https:\/\/mentorkit.com\/?s={search_term_string}"},"query-input":{"@type":"PropertyValueSpecification","valueRequired":true,"valueName":"search_term_string"}}],"inLanguage":"sv-SE"},{"@type":"Organization","@id":"https:\/\/mentorkit.com\/#organization","name":"Norsk Interaktiv AB","url":"https:\/\/mentorkit.com\/","logo":{"@type":"ImageObject","inLanguage":"sv-SE","@id":"https:\/\/mentorkit.com\/#\/schema\/logo\/image\/","url":"https:\/\/mentorkit.com\/wp-content\/uploads\/2025\/09\/MentorKit-LOGO-White-Horizontal.svg","contentUrl":"https:\/\/mentorkit.com\/wp-content\/uploads\/2025\/09\/MentorKit-LOGO-White-Horizontal.svg","caption":"Norsk Interaktiv AS"},"image":{"@id":"https:\/\/mentorkit.com\/#\/schema\/logo\/image\/"},"sameAs":["https:\/\/www.facebook.com\/nettkurs","https:\/\/www.youtube.com\/@mentorkit"]}]}},"_links":{"self":[{"href":"https:\/\/mentorkit.com\/se\/wp-json\/wp\/v2\/pages\/1753","targetHints":{"allow":["GET"]}}],"collection":[{"href":"https:\/\/mentorkit.com\/se\/wp-json\/wp\/v2\/pages"}],"about":[{"href":"https:\/\/mentorkit.com\/se\/wp-json\/wp\/v2\/types\/page"}],"author":[{"embeddable":true,"href":"https:\/\/mentorkit.com\/se\/wp-json\/wp\/v2\/users\/2"}],"replies":[{"embeddable":true,"href":"https:\/\/mentorkit.com\/se\/wp-json\/wp\/v2\/comments?post=1753"}],"version-history":[{"count":11,"href":"https:\/\/mentorkit.com\/se\/wp-json\/wp\/v2\/pages\/1753\/revisions"}],"predecessor-version":[{"id":2916,"href":"https:\/\/mentorkit.com\/se\/wp-json\/wp\/v2\/pages\/1753\/revisions\/2916"}],"wp:attachment":[{"href":"https:\/\/mentorkit.com\/se\/wp-json\/wp\/v2\/media?parent=1753"}],"curies":[{"name":"wp","href":"https:\/\/api.w.org\/{rel}","templated":true}]}}