{"id":1747,"date":"2026-01-23T15:58:19","date_gmt":"2026-01-23T14:58:19","guid":{"rendered":"https:\/\/mentorkit.com\/?page_id=1747"},"modified":"2026-03-26T13:29:15","modified_gmt":"2026-03-26T12:29:15","slug":"suite-pro-most-advanced-lms-and-course-creator","status":"publish","type":"page","link":"https:\/\/mentorkit.com\/se\/suite-pro-most-advanced-lms-and-course-creator\/","title":{"rendered":"Suite Pro: Den mest avancerade norsk\u00e4gda och v\u00e4rdbaserade l\u00e4rplattformen med kursskapare"},"content":{"rendered":"<h6>\n\t\t\tAvancerad l\u00e4rplattform + Kursutbildare\t<\/h6>\n<figure itemscope itemtype=\"https:\/\/schema.org\/ImageObject\">\n\t\t\t\t<img decoding=\"async\" src=\"https:\/\/mentorkit.com\/wp-content\/uploads\/2026\/03\/Mentorkit-Suite-Pro-white.svg\" alt=\"Mentorkit Suite Pro white\" title=\"Mentorkit Suite Pro vit\" onerror=\"this.style.display='none'\" loading=\"lazy\" \/>\n\t<\/figure>\n<h1>\n\t\t\tMentorKit Suite Pro\t<\/h1>\n\t<p><b>MentorKit Suite Pro \u00e4r ett avancerat LMS med en integrerad kurskonstrukt\u00f6r, utformat f\u00f6r organisationer som beh\u00f6ver flexibilitet, integration och full kontroll.<\/b><\/p>\n<p>Den kombinerar MentorKit Course Creator med LMS Pro till en enda s\u00f6ml\u00f6s plattform. <b>Som ett resultat<\/b>, f\u00e5r du en komplett l\u00f6sning som fungerar som ett enhetligt system ist\u00e4llet f\u00f6r separata verktyg.<\/p>\n<p><b>Dessutom<\/b>, LMS Pro ger dig full frihet att designa ditt frontend och styra hur kurser presenteras, s\u00e4ljs och distribueras. Plattformen \u00e4r byggd p\u00e5 <a href=\"https:\/\/wordpress.com\/blog\/2025\/04\/17\/wordpress-market-share\/\" target=\"_blank\" rel=\"noopener\">WordPress<\/a>, the world&#8217;s most widely used CMS. <b>Detta betyder att<\/b> Du kan enkelt skala din l\u00f6sning och anpassa den efter dina aff\u00e4rsbehov.<\/p>\n<p><b>Samtidigt<\/b>, du kan v\u00e4lja en egen-v\u00e4rd l\u00f6sning om du vill ha full \u00e4gande och kontroll \u00f6ver din LMS-milj\u00f6. <b>Detta ger dig<\/b> flexibiliteten att k\u00f6ra plattformen exakt som din organisation kr\u00e4ver.<\/p>\n\t\t\t<a href=\"#more\"  target=\"_self\">\n\t\t\t\t\t\t\tL\u00e4s mer p\u00e5 engelska\n\t\t\t<\/a>\n\t\t\t<a href=\"https:\/\/mentorkit.com\/se\/product-suite-overview\/\"  target=\"_self\">\n\t\t\t\t\t\t\tProduktpaket\u00f6versikt\n\t\t\t<\/a>\n<h6>\n\t\t\tAnslut LMS Pro med dina befintliga aff\u00e4rssystem\t<\/h6>\n<h2>\n\t\t\tDjupa integrationer och egna arbetsfl\u00f6den\t<\/h2>\n\t<p>LMS Pro \u00e4r utformat f\u00f6r att passa in i ditt befintliga IT-ekosystem. Eftersom plattformen \u00e4r byggd p\u00e5 WordPress \u00e4r det enkelt att koppla den till HR-system, CRM-system, intran\u00e4t och andra aff\u00e4rsverktyg. Resultatet \u00e4r att du kan automatisera datafl\u00f6den som anv\u00e4ndarregistrering, utbildningshistorik och rapportering. Om du beh\u00f6ver ett unikt arbetsfl\u00f6de eller en anpassad rapport kan LMS Pro ocks\u00e5 anpassas f\u00f6r att m\u00f6ta mer avancerade krav.<\/p>\n\t\t\t<a href=\"https:\/\/mentorkit.com\/se\/book-a-demo\/\"  target=\"_self\">\n\t\t\t\t\t\t\tBoka en demo\n\t\t\t<\/a>\n\t\t\t<a href=\"https:\/\/mentorkit.com\/se\/product-suite-overview\/\"  target=\"_self\">\n\t\t\t\t\t\t\tProduktpaket\u00f6versikt\n\t\t\t<\/a>\n<h6>\n\t\t\tS\u00e4lj kurser via din egen webbplats\t<\/h6>\n<h2>\n\t\t\tE-handel med WooCommerce\t<\/h2>\n\t<p>LMS Pro g\u00f6r det enkelt att s\u00e4lja kurser online via din egen WordPress-webbplats. Med <a href=\"https:\/\/woocommerce.com\/product-category\/woocommerce-extensions\/?categoryIds=1021&amp;collections=product&amp;page=1\" target=\"_blank\" rel=\"noopener\">WooCommerce<\/a> integration kan du erbjuda s\u00e4kra betalningar, rabattkoder, paket och automatisk registrering efter k\u00f6p. Som ett resultat f\u00e5r du en flexibel kursbutik som ger dig full kontroll \u00f6ver f\u00f6rs\u00e4ljning, \u00e5tkomst och kundupplevelse.<\/p>\n\t\t\t<a href=\"https:\/\/mentorkit.com\/se\/book-a-demo\/\"  target=\"_self\">\n\t\t\t\t\t\t\tBoka en demo\n\t\t\t<\/a>\n\t\t\t<a href=\"https:\/\/mentorkit.com\/se\/product-suite-overview\/\"  target=\"_self\">\n\t\t\t\t\t\t\tProduktpaket\u00f6versikt\n\t\t\t<\/a>\n<h6>\n\t\t\tByggd f\u00f6r storskaligt och aff\u00e4rskritiskt l\u00e4rande\t<\/h6>\n<h2>\n\t\t\tSkalbarhet och prestanda\t<\/h2>\n\t<p>LMS Pro \u00e4r byggt f\u00f6r att st\u00f6dja stora organisationer, h\u00f6g trafik och kr\u00e4vande l\u00e4rmilj\u00f6er. Det kan hantera tusentals anv\u00e4ndare samtidigt, samtidigt som det bibeh\u00e5ller hastighet och stabilitet. Dessutom st\u00f6der plattformen f\u00f6retagsredo infrastruktur som lastbalansering, dedikerade databaser och system med h\u00f6g tillg\u00e4nglighet.<\/p>\n\t\t\t<a href=\"https:\/\/mentorkit.com\/se\/book-a-demo\/\"  target=\"_self\">\n\t\t\t\t\t\t\tBoka en demo\n\t\t\t<\/a>\n\t\t\t<a href=\"https:\/\/mentorkit.com\/se\/product-suite-overview\/\"  target=\"_self\">\n\t\t\t\t\t\t\tProduktpaket\u00f6versikt\n\t\t\t<\/a>\n<h6>\n\t\t\t\u00c4g din plattform och kontrollera din anl\u00e4ggning\t<\/h6>\n<h2>\n\t\t\t\u00d6ppen k\u00e4llkod och friheten att vara sj\u00e4lvhostad\t<\/h2>\n\t<p>LMS Pro \u00e4r byggd p\u00e5 en \u00f6ppen k\u00e4llkodsk\u00e4rna, vilket ger dig full transparens och kontroll. Vid behov kan du driva plattformen p\u00e5 din egen infrastruktur eller privata moln via en <strong><a href=\"https:\/\/mentorkit.com\/se\/mentorkit-pro-lms-is-a-free-self-hosted-solution-an-lms-solution-built-to-scale\/\">sj\u00e4lvhostad installation<\/a>.<\/strong> Som ett resultat kan ditt IT-team hantera uppdateringar, anpassningar av backend och drifts\u00e4ttning p\u00e5 egna villkor. Dessutom undviker du leverant\u00f6rsbindning, eftersom din data och kod f\u00f6rblir under din kontroll. MentorKit erbjuder \u00e4ven f\u00f6retagssupportavtal, s\u00e5 att kunder som hostar sj\u00e4lva f\u00e5r de uppdateringar och den hj\u00e4lp de beh\u00f6ver.<\/p>\n\t\t\t<a href=\"https:\/\/mentorkit.com\/se\/book-a-demo\/\"  target=\"_self\">\n\t\t\t\t\t\t\tBoka en demo\n\t\t\t<\/a>\n\t\t\t<a href=\"https:\/\/mentorkit.com\/se\/product-suite-overview\/\"  target=\"_self\">\n\t\t\t\t\t\t\tProduktpaket\u00f6versikt\n\t\t\t<\/a>\n<h6>\n\t\t\tHELT WHITE-LABELA PLATTFORMS VARUM\u00c4RKE\t<\/h6>\n<h2>\n\t\t\tF\u00f6retagsutbildningsfunktioner\t<\/h2>\n\t<p>LMS Pro inneh\u00e5ller avancerade LMS-funktioner direkt ur l\u00e5dan: dynamiska inl\u00e4rningsv\u00e4gar (t.ex. automatisk tilldelning av kurser baserat p\u00e5 roll eller f\u00f6rkunskaper), kompetenshantering, detaljerade analyspaneler, multi-tenancy f\u00f6r hantering av flera avdelningar eller kunder i en installation, och mer. Den st\u00f6der inneh\u00e5ll och gr\u00e4nssnitt p\u00e5 flera spr\u00e5k, vilket \u00e4r perfekt f\u00f6r internationella organisationer. Du kan ocks\u00e5 helt <b>vit m\u00e4rkning<\/b> plattformen som din egen l\u00e4randeportal.<\/p>\n\t\t\t<a href=\"https:\/\/mentorkit.com\/se\/book-a-demo\/\"  target=\"_self\">\n\t\t\t\t\t\t\tBoka en demo\n\t\t\t<\/a>\n\t\t\t<a href=\"https:\/\/mentorkit.com\/se\/product-suite-overview\/\"  target=\"_self\">\n\t\t\t\t\t\t\tProduktpaket\u00f6versikt\n\t\t\t<\/a>\n<h2>\n\t\t\tVittnesm\u00e5l\t<\/h2>","protected":false},"excerpt":{"rendered":"<p>Advanced LMS + Course Creator MentorKit Suite Pro MentorKit Suite Pro is an advanced LMS with an integrated course creator, [&hellip;]<\/p>\n","protected":false},"author":2,"featured_media":1745,"parent":0,"menu_order":0,"comment_status":"closed","ping_status":"closed","template":"","meta":{"_acf_changed":false,"site-sidebar-layout":"no-sidebar","site-content-layout":"page-builder","ast-site-content-layout":"default","site-content-style":"default","site-sidebar-style":"default","ast-global-header-display":"","ast-banner-title-visibility":"","ast-main-header-display":"","ast-hfb-above-header-display":"","ast-hfb-below-header-display":"","ast-hfb-mobile-header-display":"","site-post-title":"disabled","ast-breadcrumbs-content":"","ast-featured-img":"disabled","footer-sml-layout":"","ast-disable-related-posts":"","theme-transparent-header-meta":"","adv-header-id-meta":"","stick-header-meta":"","header-above-stick-meta":"","header-main-stick-meta":"","header-below-stick-meta":"","astra-migrate-meta-layouts":"default","ast-page-background-enabled":"default","ast-page-background-meta":{"desktop":{"background-color":"var(--ast-global-color-4)","background-image":"","background-repeat":"repeat","background-position":"center center","background-size":"auto","background-attachment":"scroll","background-type":"","background-media":"","overlay-type":"","overlay-color":"","overlay-opacity":"","overlay-gradient":""},"tablet":{"background-color":"","background-image":"","background-repeat":"repeat","background-position":"center center","background-size":"auto","background-attachment":"scroll","background-type":"","background-media":"","overlay-type":"","overlay-color":"","overlay-opacity":"","overlay-gradient":""},"mobile":{"background-color":"","background-image":"","background-repeat":"repeat","background-position":"center center","background-size":"auto","background-attachment":"scroll","background-type":"","background-media":"","overlay-type":"","overlay-color":"","overlay-opacity":"","overlay-gradient":""}},"ast-content-background-meta":{"desktop":{"background-color":"var(--ast-global-color-5)","background-image":"","background-repeat":"repeat","background-position":"center center","background-size":"auto","background-attachment":"scroll","background-type":"","background-media":"","overlay-type":"","overlay-color":"","overlay-opacity":"","overlay-gradient":""},"tablet":{"background-color":"var(--ast-global-color-5)","background-image":"","background-repeat":"repeat","background-position":"center center","background-size":"auto","background-attachment":"scroll","background-type":"","background-media":"","overlay-type":"","overlay-color":"","overlay-opacity":"","overlay-gradient":""},"mobile":{"background-color":"var(--ast-global-color-5)","background-image":"","background-repeat":"repeat","background-position":"center center","background-size":"auto","background-attachment":"scroll","background-type":"","background-media":"","overlay-type":"","overlay-color":"","overlay-opacity":"","overlay-gradient":""}},"footnotes":""},"class_list":["post-1747","page","type-page","status-publish","has-post-thumbnail","hentry"],"acf":[],"yoast_head":"<!-- This site is optimized with the Yoast SEO Premium plugin v27.3 (Yoast SEO v27.3) - https:\/\/yoast.com\/product\/yoast-seo-premium-wordpress\/ -->\n<title>Suite Pro: The most advanced Norwegian-owned and hosted learning management system with course creator - MentorKit<\/title>\n<meta name=\"description\" content=\"Explore the secure Norwegian-owned and hosted learning management system that offers flexibility and integration for organizations.\" \/>\n<meta name=\"robots\" content=\"index, follow, max-snippet:-1, max-image-preview:large, max-video-preview:-1\" \/>\n<link rel=\"canonical\" href=\"https:\/\/mentorkit.com\/se\/suite-pro-most-advanced-lms-and-course-creator\/\" \/>\n<meta property=\"og:locale\" content=\"sv_SE\" \/>\n<meta property=\"og:type\" content=\"article\" \/>\n<meta property=\"og:title\" content=\"Suite Pro: The most advanced Norwegian-owned and hosted learning management system with course creator\" \/>\n<meta property=\"og:description\" content=\"Explore the secure Norwegian-owned and hosted learning management system that offers flexibility and integration for organizations.\" \/>\n<meta property=\"og:url\" content=\"https:\/\/mentorkit.com\/se\/suite-pro-most-advanced-lms-and-course-creator\/\" \/>\n<meta property=\"og:site_name\" content=\"MentorKit\" \/>\n<meta property=\"article:publisher\" content=\"https:\/\/www.facebook.com\/nettkurs\" \/>\n<meta property=\"article:modified_time\" content=\"2026-03-26T12:29:15+00:00\" \/>\n<meta property=\"og:image\" content=\"https:\/\/mentorkit.com\/wp-content\/uploads\/2026\/01\/MentorKit-Suite-Pro-Multi-Devices-Mockup.jpg\" \/>\n\t<meta property=\"og:image:width\" content=\"2500\" \/>\n\t<meta property=\"og:image:height\" content=\"1667\" \/>\n\t<meta property=\"og:image:type\" content=\"image\/jpeg\" \/>\n<meta name=\"twitter:card\" content=\"summary_large_image\" \/>\n<meta name=\"twitter:label1\" content=\"Ber\u00e4knad l\u00e4stid\" \/>\n\t<meta name=\"twitter:data1\" content=\"4 minuter\" \/>\n<script type=\"application\/ld+json\" class=\"yoast-schema-graph\">{\"@context\":\"https:\\\/\\\/schema.org\",\"@graph\":[{\"@type\":\"WebPage\",\"@id\":\"https:\\\/\\\/mentorkit.com\\\/suite-pro-most-advanced-lms-and-course-creator\\\/\",\"url\":\"https:\\\/\\\/mentorkit.com\\\/suite-pro-most-advanced-lms-and-course-creator\\\/\",\"name\":\"Suite Pro: The most advanced Norwegian-owned and hosted learning management system with course creator - MentorKit\",\"isPartOf\":{\"@id\":\"https:\\\/\\\/mentorkit.com\\\/#website\"},\"primaryImageOfPage\":{\"@id\":\"https:\\\/\\\/mentorkit.com\\\/suite-pro-most-advanced-lms-and-course-creator\\\/#primaryimage\"},\"image\":{\"@id\":\"https:\\\/\\\/mentorkit.com\\\/suite-pro-most-advanced-lms-and-course-creator\\\/#primaryimage\"},\"thumbnailUrl\":\"https:\\\/\\\/mentorkit.com\\\/wp-content\\\/uploads\\\/2026\\\/01\\\/MentorKit-Suite-Pro-Multi-Devices-Mockup.jpg\",\"datePublished\":\"2026-01-23T14:58:19+00:00\",\"dateModified\":\"2026-03-26T12:29:15+00:00\",\"description\":\"Explore the secure Norwegian-owned and hosted learning management system that offers flexibility and integration for organizations.\",\"breadcrumb\":{\"@id\":\"https:\\\/\\\/mentorkit.com\\\/suite-pro-most-advanced-lms-and-course-creator\\\/#breadcrumb\"},\"inLanguage\":\"sv-SE\",\"potentialAction\":[{\"@type\":\"ReadAction\",\"target\":[\"https:\\\/\\\/mentorkit.com\\\/suite-pro-most-advanced-lms-and-course-creator\\\/\"]}]},{\"@type\":\"ImageObject\",\"inLanguage\":\"sv-SE\",\"@id\":\"https:\\\/\\\/mentorkit.com\\\/suite-pro-most-advanced-lms-and-course-creator\\\/#primaryimage\",\"url\":\"https:\\\/\\\/mentorkit.com\\\/wp-content\\\/uploads\\\/2026\\\/01\\\/MentorKit-Suite-Pro-Multi-Devices-Mockup.jpg\",\"contentUrl\":\"https:\\\/\\\/mentorkit.com\\\/wp-content\\\/uploads\\\/2026\\\/01\\\/MentorKit-Suite-Pro-Multi-Devices-Mockup.jpg\",\"width\":2500,\"height\":1667,\"caption\":\"MentorKit Suite Pro (Advanced LMS + Course Creator)\"},{\"@type\":\"BreadcrumbList\",\"@id\":\"https:\\\/\\\/mentorkit.com\\\/suite-pro-most-advanced-lms-and-course-creator\\\/#breadcrumb\",\"itemListElement\":[{\"@type\":\"ListItem\",\"position\":1,\"name\":\"Home\",\"item\":\"https:\\\/\\\/mentorkit.com\\\/\"},{\"@type\":\"ListItem\",\"position\":2,\"name\":\"Suite Pro: The most advanced Norwegian-owned and hosted learning management system with course creator\"}]},{\"@type\":\"WebSite\",\"@id\":\"https:\\\/\\\/mentorkit.com\\\/#website\",\"url\":\"https:\\\/\\\/mentorkit.com\\\/\",\"name\":\"MentorKit\",\"description\":\"a brand new, groundbreaking, fully cloud-based, Norwegian-made authoring tool for creating digital learning. The courses are responsive, meaning the content adapts to the screen whether it\u2019s on a phone, tablet, or PC\",\"publisher\":{\"@id\":\"https:\\\/\\\/mentorkit.com\\\/#organization\"},\"potentialAction\":[{\"@type\":\"SearchAction\",\"target\":{\"@type\":\"EntryPoint\",\"urlTemplate\":\"https:\\\/\\\/mentorkit.com\\\/?s={search_term_string}\"},\"query-input\":{\"@type\":\"PropertyValueSpecification\",\"valueRequired\":true,\"valueName\":\"search_term_string\"}}],\"inLanguage\":\"sv-SE\"},{\"@type\":\"Organization\",\"@id\":\"https:\\\/\\\/mentorkit.com\\\/#organization\",\"name\":\"Norsk Interaktiv AS\",\"url\":\"https:\\\/\\\/mentorkit.com\\\/\",\"logo\":{\"@type\":\"ImageObject\",\"inLanguage\":\"sv-SE\",\"@id\":\"https:\\\/\\\/mentorkit.com\\\/#\\\/schema\\\/logo\\\/image\\\/\",\"url\":\"https:\\\/\\\/mentorkit.com\\\/wp-content\\\/uploads\\\/2025\\\/09\\\/MentorKit-LOGO-White-Horizontal.svg\",\"contentUrl\":\"https:\\\/\\\/mentorkit.com\\\/wp-content\\\/uploads\\\/2025\\\/09\\\/MentorKit-LOGO-White-Horizontal.svg\",\"caption\":\"Norsk Interaktiv AS\"},\"image\":{\"@id\":\"https:\\\/\\\/mentorkit.com\\\/#\\\/schema\\\/logo\\\/image\\\/\"},\"sameAs\":[\"https:\\\/\\\/www.facebook.com\\\/nettkurs\",\"https:\\\/\\\/www.youtube.com\\\/@mentorkit\"]}]}<\/script>\n<!-- \/ Yoast SEO Premium plugin. -->","yoast_head_json":{"title":"Suite Pro: The most advanced Norwegian-owned and hosted learning management system with course creator - MentorKit","description":"Explore the secure Norwegian-owned and hosted learning management system that offers flexibility and integration for organizations.","robots":{"index":"index","follow":"follow","max-snippet":"max-snippet:-1","max-image-preview":"max-image-preview:large","max-video-preview":"max-video-preview:-1"},"canonical":"https:\/\/mentorkit.com\/se\/suite-pro-most-advanced-lms-and-course-creator\/","og_locale":"sv_SE","og_type":"article","og_title":"Suite Pro: The most advanced Norwegian-owned and hosted learning management system with course creator","og_description":"Explore the secure Norwegian-owned and hosted learning management system that offers flexibility and integration for organizations.","og_url":"https:\/\/mentorkit.com\/se\/suite-pro-most-advanced-lms-and-course-creator\/","og_site_name":"MentorKit","article_publisher":"https:\/\/www.facebook.com\/nettkurs","article_modified_time":"2026-03-26T12:29:15+00:00","og_image":[{"width":2500,"height":1667,"url":"https:\/\/mentorkit.com\/wp-content\/uploads\/2026\/01\/MentorKit-Suite-Pro-Multi-Devices-Mockup.jpg","type":"image\/jpeg"}],"twitter_card":"summary_large_image","twitter_misc":{"Ber\u00e4knad l\u00e4stid":"4 minuter"},"schema":{"@context":"https:\/\/schema.org","@graph":[{"@type":"WebPage","@id":"https:\/\/mentorkit.com\/suite-pro-most-advanced-lms-and-course-creator\/","url":"https:\/\/mentorkit.com\/suite-pro-most-advanced-lms-and-course-creator\/","name":"Suite Pro: The most advanced Norwegian-owned and hosted learning management system with course creator - MentorKit","isPartOf":{"@id":"https:\/\/mentorkit.com\/#website"},"primaryImageOfPage":{"@id":"https:\/\/mentorkit.com\/suite-pro-most-advanced-lms-and-course-creator\/#primaryimage"},"image":{"@id":"https:\/\/mentorkit.com\/suite-pro-most-advanced-lms-and-course-creator\/#primaryimage"},"thumbnailUrl":"https:\/\/mentorkit.com\/wp-content\/uploads\/2026\/01\/MentorKit-Suite-Pro-Multi-Devices-Mockup.jpg","datePublished":"2026-01-23T14:58:19+00:00","dateModified":"2026-03-26T12:29:15+00:00","description":"Explore the secure Norwegian-owned and hosted learning management system that offers flexibility and integration for organizations.","breadcrumb":{"@id":"https:\/\/mentorkit.com\/suite-pro-most-advanced-lms-and-course-creator\/#breadcrumb"},"inLanguage":"sv-SE","potentialAction":[{"@type":"ReadAction","target":["https:\/\/mentorkit.com\/suite-pro-most-advanced-lms-and-course-creator\/"]}]},{"@type":"ImageObject","inLanguage":"sv-SE","@id":"https:\/\/mentorkit.com\/suite-pro-most-advanced-lms-and-course-creator\/#primaryimage","url":"https:\/\/mentorkit.com\/wp-content\/uploads\/2026\/01\/MentorKit-Suite-Pro-Multi-Devices-Mockup.jpg","contentUrl":"https:\/\/mentorkit.com\/wp-content\/uploads\/2026\/01\/MentorKit-Suite-Pro-Multi-Devices-Mockup.jpg","width":2500,"height":1667,"caption":"MentorKit Suite Pro (Advanced LMS + Course Creator)"},{"@type":"BreadcrumbList","@id":"https:\/\/mentorkit.com\/suite-pro-most-advanced-lms-and-course-creator\/#breadcrumb","itemListElement":[{"@type":"ListItem","position":1,"name":"Home","item":"https:\/\/mentorkit.com\/"},{"@type":"ListItem","position":2,"name":"Suite Pro: The most advanced Norwegian-owned and hosted learning management system with course creator"}]},{"@type":"WebSite","@id":"https:\/\/mentorkit.com\/#website","url":"https:\/\/mentorkit.com\/","name":"MentorKit","description":"Ett helt nytt, banbrytande, helt molnbaserat, norsktillverkat f\u00f6rfattarverktyg f\u00f6r att skapa digitalt l\u00e4rande. Kurserna \u00e4r responsiva, vilket inneb\u00e4r att inneh\u00e5llet anpassar sig till sk\u00e4rmen oavsett om det \u00e4r p\u00e5 en telefon, surfplatta eller dator.","publisher":{"@id":"https:\/\/mentorkit.com\/#organization"},"potentialAction":[{"@type":"SearchAction","target":{"@type":"EntryPoint","urlTemplate":"https:\/\/mentorkit.com\/?s={search_term_string}"},"query-input":{"@type":"PropertyValueSpecification","valueRequired":true,"valueName":"search_term_string"}}],"inLanguage":"sv-SE"},{"@type":"Organization","@id":"https:\/\/mentorkit.com\/#organization","name":"Norsk Interaktiv AB","url":"https:\/\/mentorkit.com\/","logo":{"@type":"ImageObject","inLanguage":"sv-SE","@id":"https:\/\/mentorkit.com\/#\/schema\/logo\/image\/","url":"https:\/\/mentorkit.com\/wp-content\/uploads\/2025\/09\/MentorKit-LOGO-White-Horizontal.svg","contentUrl":"https:\/\/mentorkit.com\/wp-content\/uploads\/2025\/09\/MentorKit-LOGO-White-Horizontal.svg","caption":"Norsk Interaktiv AS"},"image":{"@id":"https:\/\/mentorkit.com\/#\/schema\/logo\/image\/"},"sameAs":["https:\/\/www.facebook.com\/nettkurs","https:\/\/www.youtube.com\/@mentorkit"]}]}},"_links":{"self":[{"href":"https:\/\/mentorkit.com\/se\/wp-json\/wp\/v2\/pages\/1747","targetHints":{"allow":["GET"]}}],"collection":[{"href":"https:\/\/mentorkit.com\/se\/wp-json\/wp\/v2\/pages"}],"about":[{"href":"https:\/\/mentorkit.com\/se\/wp-json\/wp\/v2\/types\/page"}],"author":[{"embeddable":true,"href":"https:\/\/mentorkit.com\/se\/wp-json\/wp\/v2\/users\/2"}],"replies":[{"embeddable":true,"href":"https:\/\/mentorkit.com\/se\/wp-json\/wp\/v2\/comments?post=1747"}],"version-history":[{"count":11,"href":"https:\/\/mentorkit.com\/se\/wp-json\/wp\/v2\/pages\/1747\/revisions"}],"predecessor-version":[{"id":2940,"href":"https:\/\/mentorkit.com\/se\/wp-json\/wp\/v2\/pages\/1747\/revisions\/2940"}],"wp:featuredmedia":[{"embeddable":true,"href":"https:\/\/mentorkit.com\/se\/wp-json\/wp\/v2\/media\/1745"}],"wp:attachment":[{"href":"https:\/\/mentorkit.com\/se\/wp-json\/wp\/v2\/media?parent=1747"}],"curies":[{"name":"wp","href":"https:\/\/api.w.org\/{rel}","templated":true}]}}