{"id":1609,"date":"2026-01-22T13:16:03","date_gmt":"2026-01-22T12:16:03","guid":{"rendered":"https:\/\/mentorkit.com\/?page_id=1609"},"modified":"2026-03-26T11:08:43","modified_gmt":"2026-03-26T10:08:43","slug":"product-suite-overview","status":"publish","type":"page","link":"https:\/\/mentorkit.com\/se\/product-suite-overview\/","title":{"rendered":"Produktpaket\u00f6versikt"},"content":{"rendered":"<h1>\n\t\t\tProduktpaket\u00f6versikt\t<\/h1>\n\t<p>Utforska MentorKit-produktsvit. Den perfekta <strong>Kit<\/strong> to run an e-learning solution that fits your organizations needs. Whether you&#8217;re an individual course creator or a large enterprise, <strong>MentorKit<\/strong> har en l\u00f6sning f\u00f6r dig. Alla v\u00e5ra produkter fungerar s\u00f6ml\u00f6st tillsammans och finns som molntj\u00e4nster med norskproducerad hosting f\u00f6r s\u00e4kerhetsstandarder.<strong> 100% EU-v\u00e4nlig.<\/strong><\/p>\n\t\t\t<a href=\"#pricing\"  target=\"_self\">\n\t\t\t\t\t\t\tPriss\u00e4ttning\n\t\t\t<\/a>\n\t\t\t<a href=\"https:\/\/mentorkit.com\/se\/book-a-demo\/\"  target=\"_self\">\n\t\t\t\t\t\t\tBoka en demo\n\t\t\t<\/a>\n\t\t<!-- Comment to fix spacing issue\n\t-->\n\t\t<h2>0+<\/h2><b>l\u00e4rande<\/b> har slutf\u00f6rt <br \/>kurser p\u00e5 MentorKit-plattformen.\n\t<!-- Comment to fix spacing issue\n\t-->\t\n\t\t<!-- Comment to fix spacing issue\n\t-->\n\t\t<h2>0+<\/h2><b>Avklarade kurser<\/b><br \/> levererat via LMS.\n\t<!-- Comment to fix spacing issue\n\t-->\t\n\t\t<!-- Comment to fix spacing issue\n\t-->\n\t\t<h2>0+ years<\/h2><b>av kontinuerlig LMS-drift<\/b>, <br \/>i aktiv anv\u00e4ndning sedan 2003.\n\t<!-- Comment to fix spacing issue\n\t-->\t\n\t\t<!-- Comment to fix spacing issue\n\t-->\n\t\t<h2>0+ official<\/h2>\u00f6ppen k\u00e4llkod <b>till\u00e4gg<\/b> p\u00e5 WooCommerce Marketplace.\n\t<!-- Comment to fix spacing issue\n\t-->\t\n<h6>\n\t\t<a href=\"https:\/\/mentorkit.com\/se\/mentorkit-course-creator-authoring-tool\/\" title=\"F\u00f6rfattarverktyg\"  target=\"_self\">\n\t\t\tF\u00f6rfattarverktyg\t\t<\/a>\n\t<\/h6>\n<figure itemscope itemtype=\"https:\/\/schema.org\/ImageObject\">\n\t\t\t\t<img decoding=\"async\" src=\"https:\/\/mentorkit.com\/wp-content\/uploads\/2026\/03\/MentorKit-Course-Creator.svg\" alt=\"MentorKit Course Creator\" title=\"MentorKit Kursmakare\" onerror=\"this.style.display='none'\" loading=\"lazy\" \/>\n\t<\/figure>\n<h2>\n\t\t<a href=\"https:\/\/mentorkit.com\/se\/mentorkit-course-creator-authoring-tool\/\" title=\"Kurskreat\u00f6r\"  target=\"_self\">\n\t\t\tKurskreat\u00f6r\t\t<\/a>\n\t<\/h2>\n\t<p><strong>MentorKit Kursmakare<\/strong> \u00e4r ett kraftfullt men \u00e4nd\u00e5 l\u00e4ttanv\u00e4nt <strong>kurskapande programvara<\/strong> som l\u00e5ter dig utveckla engagerande onlinekurser utan n\u00e5gon kodning. Detta av experter prisade auktoringsverktyg \u00e4r 100% molnbaserat och tillg\u00e4ngligt i din webbl\u00e4sare. Viktiga funktioner inkluderar:<\/p>\n\t\t\t<a href=\"https:\/\/mentorkit.com\/se\/mentorkit-course-creator-authoring-tool\/\"  target=\"_self\">\n\t\t\t\t\t\t\tL\u00e4s mer om detta\n\t\t\t<\/a>\n\t\t\t<a href=\"https:\/\/mentorkit.com\/se\/get-a-free-account\/#signup\"  target=\"_self\">\n\t\t\t\t\t\t\tKom ig\u00e5ng gratis\n\t\t\t<\/a>\n<h6>\n\t\t<a href=\"https:\/\/mentorkit.com\/se\/core-classic-learning-management-system\/\" title=\"K\u00e4rnsystem f\u00f6r l\u00e4randehantering\"  target=\"_self\">\n\t\t\tK\u00e4rnsystem f\u00f6r l\u00e4randehantering\t\t<\/a>\n\t<\/h6>\n<figure itemscope itemtype=\"https:\/\/schema.org\/ImageObject\">\n\t\t\t\t<img decoding=\"async\" src=\"https:\/\/mentorkit.com\/wp-content\/uploads\/2026\/03\/Mentorkit-Classic-LMS.svg\" alt=\"MentorKit Classic LMS\" title=\"MentorKit Klassisk LMS\" onerror=\"this.style.display='none'\" loading=\"lazy\" \/>\n\t<\/figure>\n<h2>\n\t\t<a href=\"https:\/\/mentorkit.com\/se\/core-classic-learning-management-system\/\" title=\"LMS Classic\"  target=\"_self\">\n\t\t\tLMS Classic\t\t<\/a>\n\t<\/h2>\n\t<p><strong>MentorKit LMS Klassisk<\/strong> \u00e4r en bevisad <strong>L\u00e4rplattform<\/strong> for delivering and managing online courses. It&#8217;s a cloud-based learning portal that has been continually refined since 2003 making it one of the most established e-learning systems in the Nordics. MentorKit LMS Classic provides all the essential LMS features:<\/p>\n\t\t\t<a href=\"https:\/\/mentorkit.com\/se\/core-classic-learning-management-system\/\"  target=\"_self\">\n\t\t\t\t\t\t\tL\u00e4s mer om detta\n\t\t\t<\/a>\n\t\t\t<a href=\"https:\/\/mentorkit.com\/se\/book-a-demo\/\"  target=\"_self\">\n\t\t\t\t\t\t\tBoka en demo\n\t\t\t<\/a>\n<figure itemscope itemtype=\"https:\/\/schema.org\/ImageObject\">\n\t\t\t\t<img decoding=\"async\" src=\"https:\/\/mentorkit.com\/wp-content\/uploads\/2026\/01\/MentorKit-Core-Classic-Multi-Devices-Mockup_2560px.jpg\" alt=\"MentorKit LMS Classic is a proven Learning Management System for delivering and managing online courses.\" height=\"1707\" width=\"2560\" title=\"MentorKit LMS Classic \u00e4r ett bepr\u00f6vat l\u00e4rplattformssystem f\u00f6r att leverera och hantera onlinekurser.\" onerror=\"this.style.display='none'\" loading=\"lazy\" \/>\n\t<\/figure>\n<h6>\n\t\t\tMentorKit Pro LMS SaaS-l\u00f6sning, i kombination med MentorKit Assist, har gjort det m\u00f6jligt f\u00f6r oss att snabbt producera kurser av h\u00f6g kvalitet. Vi v\u00e4rdes\u00e4tter kombinationen av en p\u00e5litlig plattform och ett mycket lyh\u00f6rt serviceteam som f\u00f6rst\u00e5r v\u00e5ra m\u00e5l och hur vi vill utveckla v\u00e5rt tr\u00e4ningsinneh\u00e5ll.\t<\/h6>\n<figure itemscope itemtype=\"https:\/\/schema.org\/ImageObject\">\n\t\t\t\t<img decoding=\"async\" src=\"https:\/\/mentorkit.com\/wp-content\/uploads\/2026\/01\/ScaleAQ-Julie3.jpg\" alt=\"ScaleAQ-Julie3\" height=\"400\" width=\"400\" title=\"ScaleAQ-Julie3\" onerror=\"this.style.display='none'\" loading=\"lazy\" \/>\n\t<\/figure>\n<h6>\n\t\t\tJulie Gustavsen\t<\/h6>\n<h6>\n\t\t\t Ledande teknisk support och utbildning p\u00e5 ScaleAQ\t<\/h6>\n<figure itemscope itemtype=\"https:\/\/schema.org\/ImageObject\">\n\t\t\t\t<img decoding=\"async\" src=\"https:\/\/mentorkit.com\/wp-content\/plugins\/bb-plugin\/img\/pixel.png\" alt=\"\" onerror=\"this.style.display='none'\" loading=\"lazy\" \/>\n\t<\/figure>\n<figure itemscope itemtype=\"https:\/\/schema.org\/ImageObject\">\n\t\t\t\t<img decoding=\"async\" src=\"https:\/\/mentorkit.com\/wp-content\/uploads\/2026\/01\/MentorKit-Suite-Classic-v02.jpg\" alt=\"MentorKit Suite Classic combines authoring tool Course Creator and LMS Classic LMS into one complete, integrated learning platform.\" height=\"1667\" width=\"2500\" title=\"MentorKit Suite Classic kombinerar f\u00f6rfattarverktyget Course Creator och LMS Classic LMS till en komplett, integrerad l\u00e4rplattform.\" onerror=\"this.style.display='none'\" loading=\"lazy\" \/>\n\t<\/figure>\n<h6>\n\t\t<a href=\"https:\/\/mentorkit.com\/se\/suite-classic-integrated-course-creation-lms-platform\/\" title=\"Integrerad kurskapning och LMS-plattform\"  target=\"_self\">\n\t\t\tIntegrated Course Creation &#038; LMS Platform\t\t<\/a>\n\t<\/h6>\n<figure itemscope itemtype=\"https:\/\/schema.org\/ImageObject\">\n\t\t\t\t<img decoding=\"async\" src=\"https:\/\/mentorkit.com\/wp-content\/uploads\/2026\/03\/Mentorkit-Suite-Classic.svg\" alt=\"Mentorkit Suite Classic\" title=\"Mentorkit Sviten Klassisk\" onerror=\"this.style.display='none'\" loading=\"lazy\" \/>\n\t<\/figure>\n<h2>\n\t\t<a href=\"https:\/\/mentorkit.com\/se\/suite-classic-integrated-course-creation-lms-platform\/\" title=\"Suite Classic\"  target=\"_self\">\n\t\t\tSuite Classic\t\t<\/a>\n\t<\/h2>\n\t<p><strong>MentorKit Sviten Klassisk<\/strong> f\u00f6rfattarverktyg<strong> Kurskreat\u00f6r<\/strong> och\u00a0<strong>Klassisk<\/strong> <strong>LMS <\/strong>till en komplett, integrerad inl\u00e4rningsplattform. Den \u00e4r utformad f\u00f6r organisationer som vill ha full kontroll \u00f6ver b\u00e5de <strong>kurskapande och kursleverans<\/strong>, utan komplexitet eller omfattande anpassning.<\/p>\n\t\t\t<a href=\"https:\/\/mentorkit.com\/se\/suite-classic-integrated-course-creation-lms-platform\/\"  target=\"_self\">\n\t\t\t\t\t\t\tL\u00e4s mer om detta\n\t\t\t<\/a>\n\t\t\t<a href=\"https:\/\/mentorkit.com\/se\/book-a-demo\/\"  target=\"_self\">\n\t\t\t\t\t\t\tBoka en demo\n\t\t\t<\/a>\n<h6>\n\t\t<a href=\"https:\/\/mentorkit.com\/se\/suite-pro-most-advanced-lms-and-course-creator\/\" title=\"Kursuppbyggnad och flexibelt avancerat LMS\"  target=\"_self\">\n\t\t\tAdvanced LMS &#038; Course Creator\t\t<\/a>\n\t<\/h6>\n<figure itemscope itemtype=\"https:\/\/schema.org\/ImageObject\">\n\t\t\t\t<img decoding=\"async\" src=\"https:\/\/mentorkit.com\/wp-content\/uploads\/2026\/03\/Mentorkit-Suite-Pro.svg\" alt=\"Mentorkit Suite Pro\" title=\"Mentorkit Suite Pro\" onerror=\"this.style.display='none'\" loading=\"lazy\" \/>\n\t<\/figure>\n<h2>\n\t\t<a href=\"https:\/\/mentorkit.com\/se\/suite-pro-most-advanced-lms-and-course-creator\/\" title=\"= Sviten Pro\"  target=\"_self\">\n\t\t\t= Sviten Pro\t\t<\/a>\n\t<\/h2>\n\t<p>Tillsammans produkten MentorKit<strong> Kurskreat\u00f6r <\/strong>och MentorKit<strong> LMS Pro<\/strong> is our advanced holistic platform lineup for organizations that need maximum flexibility, integration, and control. It combines MentorKit&#8217;s <strong>LMS Pro<\/strong> anv\u00e4ndarv\u00e4nlighet i frontend med en kraftfull MentorKit<strong> Kurskreat\u00f6r. Det \u00e4r smidigt integrerat och fungerar som en enda produkt \u00e4r MentorKit Suite Pro.<\/strong> Med LMS Pro f\u00e5r du friheten att styla frontend och hur du s\u00e4ljer eller distribuerar kurser. Drivs av v\u00e4rldens st\u00f6rsta CMS, WordPress, kan du enkelt skala ditt f\u00f6retags aff\u00e4rslogik. Du kan ocks\u00e5 hosta din LMS sj\u00e4lv. <strong>sj\u00e4lvhostad<\/strong> l\u00f6sning. L\u00e4s mer om det h\u00e4r.<\/p>\n\t\t\t<a href=\"https:\/\/mentorkit.com\/se\/suite-pro-most-advanced-lms-and-course-creator\/\"  target=\"_self\">\n\t\t\t\t\t\t\tL\u00e4s mer om detta\n\t\t\t<\/a>\n\t\t\t<a href=\"https:\/\/mentorkit.com\/se\/book-a-demo\/\"  target=\"_self\">\n\t\t\t\t\t\t\tBoka en demo\n\t\t\t<\/a>\n<figure itemscope itemtype=\"https:\/\/schema.org\/ImageObject\">\n\t\t\t\t<img decoding=\"async\" src=\"https:\/\/mentorkit.com\/wp-content\/uploads\/2026\/01\/MentorKit-Core-Classic-Multi-Devices-Mockup_2560px.jpg\" alt=\"MentorKit LMS Classic is a proven Learning Management System for delivering and managing online courses.\" height=\"1707\" width=\"2560\" title=\"MentorKit LMS Classic \u00e4r ett bepr\u00f6vat l\u00e4rplattformssystem f\u00f6r att leverera och hantera onlinekurser.\" onerror=\"this.style.display='none'\" loading=\"lazy\" \/>\n\t<\/figure>\n<h6>\n\t\t<a href=\"https:\/\/mentorkit.com\/se\/contact-us\/\" title=\"Kontakta oss\"  target=\"_self\">\n\t\t\tKontakta oss\t\t<\/a>\n\t<\/h6>\n<h2>\n\t\t\tLet&#8217;s Create Together\t<\/h2>\n\t\t\t<a href=\"https:\/\/mentorkit.com\/se\/suite-pro-most-advanced-lms-and-course-creator\/\"  target=\"_self\">\n\t\t\t\t\t\t\tL\u00e4s mer om detta\n\t\t\t<\/a>\n\t\t\t<a href=\"https:\/\/mentorkit.com\/se\/book-a-demo\/\"  target=\"_self\">\n\t\t\t\t\t\t\tBoka en demo\n\t\t\t<\/a>\n<figure itemscope itemtype=\"https:\/\/schema.org\/ImageObject\">\n\t\t\t\t<img decoding=\"async\" src=\"https:\/\/mentorkit.com\/wp-content\/plugins\/bb-plugin\/img\/pixel.png\" alt=\"\" onerror=\"this.style.display='none'\" loading=\"lazy\" \/>\n\t<\/figure>\n<h6>\n\t\t<a href=\"https:\/\/mentorkit.com\/se\/suite-classic-integrated-course-creation-lms-platform\/\" title=\"Konsultation &amp; Tj\u00e4nster\"  target=\"_self\">\n\t\t\tConsulting &#038; Services\t\t<\/a>\n\t<\/h6>\n<figure itemscope itemtype=\"https:\/\/schema.org\/ImageObject\">\n\t\t\t\t<img decoding=\"async\" src=\"https:\/\/mentorkit.com\/wp-content\/uploads\/2026\/03\/Mentorkit-Assist.svg\" alt=\"Mentorkit Assist\" title=\"Mentorkit Assist\" onerror=\"this.style.display='none'\" loading=\"lazy\" \/>\n\t<\/figure>\n<h2>\n\t\t<a href=\"https:\/\/mentorkit.com\/se\/mentorkit-assist-consulting-services\/\" title=\"Assist\"  target=\"_self\">\n\t\t\tAssist\t\t<\/a>\n\t<\/h2>\n\t<p><strong>MentorKit Assist<\/strong> is our range of consulting services designed to ensure your e-learning project succeeds from start to finish. We understand that launching digital training is not just about software it&#8217;s also about strategy, content, and people.<\/p>\n\t\t\t<a href=\"https:\/\/mentorkit.com\/se\/mentorkit-assist-consulting-services\/\"  target=\"_self\">\n\t\t\t\t\t\t\tL\u00e4s mer om detta\n\t\t\t<\/a>\n\t\t\t<a href=\"https:\/\/mentorkit.com\/se\/book-a-demo\/\"  target=\"_self\">\n\t\t\t\t\t\t\tBoka en demo\n\t\t\t<\/a>\n<h2>\n\t\t\tPriss\u00e4ttning\t<\/h2>\n\t<strong>V\u00e4lj de funktioner du beh\u00f6ver och se direkt vilken produkt eller svit som passar din inl\u00e4rningsmilj\u00f6.<\/strong><br \/>\nJustera antalet kurskreat\u00f6rer och aktiva anv\u00e4ndare f\u00f6r att hitta den l\u00f6sning som passar dina behov och skala.\n\t<div id=\"mentorkit-pricing-root\" data-theme=\"dark\"><\/div>","protected":false},"excerpt":{"rendered":"<p>Product suite overview Explore the MentorKit product suite. The perfect Kit to run an e-learning solution that fits your organizations [&hellip;]<\/p>\n","protected":false},"author":2,"featured_media":0,"parent":0,"menu_order":0,"comment_status":"closed","ping_status":"closed","template":"","meta":{"_acf_changed":false,"site-sidebar-layout":"default","site-content-layout":"","ast-site-content-layout":"","site-content-style":"default","site-sidebar-style":"default","ast-global-header-display":"","ast-banner-title-visibility":"","ast-main-header-display":"","ast-hfb-above-header-display":"","ast-hfb-below-header-display":"","ast-hfb-mobile-header-display":"","site-post-title":"disabled","ast-breadcrumbs-content":"","ast-featured-img":"","footer-sml-layout":"","ast-disable-related-posts":"","theme-transparent-header-meta":"","adv-header-id-meta":"","stick-header-meta":"","header-above-stick-meta":"","header-main-stick-meta":"","header-below-stick-meta":"","astra-migrate-meta-layouts":"default","ast-page-background-enabled":"default","ast-page-background-meta":{"desktop":{"background-color":"var(--ast-global-color-4)","background-image":"","background-repeat":"repeat","background-position":"center center","background-size":"auto","background-attachment":"scroll","background-type":"","background-media":"","overlay-type":"","overlay-color":"","overlay-opacity":"","overlay-gradient":""},"tablet":{"background-color":"","background-image":"","background-repeat":"repeat","background-position":"center center","background-size":"auto","background-attachment":"scroll","background-type":"","background-media":"","overlay-type":"","overlay-color":"","overlay-opacity":"","overlay-gradient":""},"mobile":{"background-color":"","background-image":"","background-repeat":"repeat","background-position":"center center","background-size":"auto","background-attachment":"scroll","background-type":"","background-media":"","overlay-type":"","overlay-color":"","overlay-opacity":"","overlay-gradient":""}},"ast-content-background-meta":{"desktop":{"background-color":"var(--ast-global-color-5)","background-image":"","background-repeat":"repeat","background-position":"center center","background-size":"auto","background-attachment":"scroll","background-type":"","background-media":"","overlay-type":"","overlay-color":"","overlay-opacity":"","overlay-gradient":""},"tablet":{"background-color":"var(--ast-global-color-5)","background-image":"","background-repeat":"repeat","background-position":"center center","background-size":"auto","background-attachment":"scroll","background-type":"","background-media":"","overlay-type":"","overlay-color":"","overlay-opacity":"","overlay-gradient":""},"mobile":{"background-color":"var(--ast-global-color-5)","background-image":"","background-repeat":"repeat","background-position":"center center","background-size":"auto","background-attachment":"scroll","background-type":"","background-media":"","overlay-type":"","overlay-color":"","overlay-opacity":"","overlay-gradient":""}},"footnotes":""},"class_list":["post-1609","page","type-page","status-publish","hentry"],"acf":[],"yoast_head":"<!-- This site is optimized with the Yoast SEO Premium plugin v27.3 (Yoast SEO v27.3) - https:\/\/yoast.com\/product\/yoast-seo-premium-wordpress\/ -->\n<title>Product suite overview - MentorKit<\/title>\n<meta name=\"description\" content=\"Unlock your potential with the course creator Kit. Perfect for individuals and enterprises, create engaging courses seamlessly.\" \/>\n<meta name=\"robots\" content=\"index, follow, max-snippet:-1, max-image-preview:large, max-video-preview:-1\" \/>\n<link rel=\"canonical\" href=\"https:\/\/mentorkit.com\/se\/product-suite-overview\/\" \/>\n<meta property=\"og:locale\" content=\"sv_SE\" \/>\n<meta property=\"og:type\" content=\"article\" \/>\n<meta property=\"og:title\" content=\"Product suite overview\" \/>\n<meta property=\"og:description\" content=\"Unlock your potential with the course creator Kit. Perfect for individuals and enterprises, create engaging courses seamlessly.\" \/>\n<meta property=\"og:url\" content=\"https:\/\/mentorkit.com\/se\/product-suite-overview\/\" \/>\n<meta property=\"og:site_name\" content=\"MentorKit\" \/>\n<meta property=\"article:publisher\" content=\"https:\/\/www.facebook.com\/nettkurs\" \/>\n<meta property=\"article:modified_time\" content=\"2026-03-26T10:08:43+00:00\" \/>\n<meta property=\"og:image\" content=\"https:\/\/mentorkit.com\/wp-content\/uploads\/2026\/03\/MentorKit-Course-Creator.svg\" \/>\n<meta name=\"twitter:card\" content=\"summary_large_image\" \/>\n<meta name=\"twitter:label1\" content=\"Ber\u00e4knad l\u00e4stid\" \/>\n\t<meta name=\"twitter:data1\" content=\"5 minuter\" \/>\n<script type=\"application\/ld+json\" class=\"yoast-schema-graph\">{\"@context\":\"https:\\\/\\\/schema.org\",\"@graph\":[{\"@type\":\"WebPage\",\"@id\":\"https:\\\/\\\/mentorkit.com\\\/product-suite-overview\\\/\",\"url\":\"https:\\\/\\\/mentorkit.com\\\/product-suite-overview\\\/\",\"name\":\"Product suite overview - MentorKit\",\"isPartOf\":{\"@id\":\"https:\\\/\\\/mentorkit.com\\\/#website\"},\"primaryImageOfPage\":{\"@id\":\"https:\\\/\\\/mentorkit.com\\\/product-suite-overview\\\/#primaryimage\"},\"image\":{\"@id\":\"https:\\\/\\\/mentorkit.com\\\/product-suite-overview\\\/#primaryimage\"},\"thumbnailUrl\":\"https:\\\/\\\/mentorkit.com\\\/wp-content\\\/uploads\\\/2026\\\/03\\\/MentorKit-Course-Creator.svg\",\"datePublished\":\"2026-01-22T12:16:03+00:00\",\"dateModified\":\"2026-03-26T10:08:43+00:00\",\"description\":\"Unlock your potential with the course creator Kit. Perfect for individuals and enterprises, create engaging courses seamlessly.\",\"breadcrumb\":{\"@id\":\"https:\\\/\\\/mentorkit.com\\\/product-suite-overview\\\/#breadcrumb\"},\"inLanguage\":\"sv-SE\",\"potentialAction\":[{\"@type\":\"ReadAction\",\"target\":[\"https:\\\/\\\/mentorkit.com\\\/product-suite-overview\\\/\"]}]},{\"@type\":\"ImageObject\",\"inLanguage\":\"sv-SE\",\"@id\":\"https:\\\/\\\/mentorkit.com\\\/product-suite-overview\\\/#primaryimage\",\"url\":\"https:\\\/\\\/mentorkit.com\\\/wp-content\\\/uploads\\\/2026\\\/03\\\/MentorKit-Course-Creator.svg\",\"contentUrl\":\"https:\\\/\\\/mentorkit.com\\\/wp-content\\\/uploads\\\/2026\\\/03\\\/MentorKit-Course-Creator.svg\"},{\"@type\":\"BreadcrumbList\",\"@id\":\"https:\\\/\\\/mentorkit.com\\\/product-suite-overview\\\/#breadcrumb\",\"itemListElement\":[{\"@type\":\"ListItem\",\"position\":1,\"name\":\"Home\",\"item\":\"https:\\\/\\\/mentorkit.com\\\/\"},{\"@type\":\"ListItem\",\"position\":2,\"name\":\"Product suite overview\"}]},{\"@type\":\"WebSite\",\"@id\":\"https:\\\/\\\/mentorkit.com\\\/#website\",\"url\":\"https:\\\/\\\/mentorkit.com\\\/\",\"name\":\"MentorKit\",\"description\":\"a brand new, groundbreaking, fully cloud-based, Norwegian-made authoring tool for creating digital learning. The courses are responsive, meaning the content adapts to the screen whether it\u2019s on a phone, tablet, or PC\",\"publisher\":{\"@id\":\"https:\\\/\\\/mentorkit.com\\\/#organization\"},\"potentialAction\":[{\"@type\":\"SearchAction\",\"target\":{\"@type\":\"EntryPoint\",\"urlTemplate\":\"https:\\\/\\\/mentorkit.com\\\/?s={search_term_string}\"},\"query-input\":{\"@type\":\"PropertyValueSpecification\",\"valueRequired\":true,\"valueName\":\"search_term_string\"}}],\"inLanguage\":\"sv-SE\"},{\"@type\":\"Organization\",\"@id\":\"https:\\\/\\\/mentorkit.com\\\/#organization\",\"name\":\"Norsk Interaktiv AS\",\"url\":\"https:\\\/\\\/mentorkit.com\\\/\",\"logo\":{\"@type\":\"ImageObject\",\"inLanguage\":\"sv-SE\",\"@id\":\"https:\\\/\\\/mentorkit.com\\\/#\\\/schema\\\/logo\\\/image\\\/\",\"url\":\"https:\\\/\\\/mentorkit.com\\\/wp-content\\\/uploads\\\/2025\\\/09\\\/MentorKit-LOGO-White-Horizontal.svg\",\"contentUrl\":\"https:\\\/\\\/mentorkit.com\\\/wp-content\\\/uploads\\\/2025\\\/09\\\/MentorKit-LOGO-White-Horizontal.svg\",\"caption\":\"Norsk Interaktiv AS\"},\"image\":{\"@id\":\"https:\\\/\\\/mentorkit.com\\\/#\\\/schema\\\/logo\\\/image\\\/\"},\"sameAs\":[\"https:\\\/\\\/www.facebook.com\\\/nettkurs\",\"https:\\\/\\\/www.youtube.com\\\/@mentorkit\"]}]}<\/script>\n<!-- \/ Yoast SEO Premium plugin. -->","yoast_head_json":{"title":"Product suite overview - MentorKit","description":"Unlock your potential with the course creator Kit. Perfect for individuals and enterprises, create engaging courses seamlessly.","robots":{"index":"index","follow":"follow","max-snippet":"max-snippet:-1","max-image-preview":"max-image-preview:large","max-video-preview":"max-video-preview:-1"},"canonical":"https:\/\/mentorkit.com\/se\/product-suite-overview\/","og_locale":"sv_SE","og_type":"article","og_title":"Product suite overview","og_description":"Unlock your potential with the course creator Kit. Perfect for individuals and enterprises, create engaging courses seamlessly.","og_url":"https:\/\/mentorkit.com\/se\/product-suite-overview\/","og_site_name":"MentorKit","article_publisher":"https:\/\/www.facebook.com\/nettkurs","article_modified_time":"2026-03-26T10:08:43+00:00","og_image":[{"url":"https:\/\/mentorkit.com\/wp-content\/uploads\/2026\/03\/MentorKit-Course-Creator.svg","type":"","width":"","height":""}],"twitter_card":"summary_large_image","twitter_misc":{"Ber\u00e4knad l\u00e4stid":"5 minuter"},"schema":{"@context":"https:\/\/schema.org","@graph":[{"@type":"WebPage","@id":"https:\/\/mentorkit.com\/product-suite-overview\/","url":"https:\/\/mentorkit.com\/product-suite-overview\/","name":"Product suite overview - MentorKit","isPartOf":{"@id":"https:\/\/mentorkit.com\/#website"},"primaryImageOfPage":{"@id":"https:\/\/mentorkit.com\/product-suite-overview\/#primaryimage"},"image":{"@id":"https:\/\/mentorkit.com\/product-suite-overview\/#primaryimage"},"thumbnailUrl":"https:\/\/mentorkit.com\/wp-content\/uploads\/2026\/03\/MentorKit-Course-Creator.svg","datePublished":"2026-01-22T12:16:03+00:00","dateModified":"2026-03-26T10:08:43+00:00","description":"Unlock your potential with the course creator Kit. Perfect for individuals and enterprises, create engaging courses seamlessly.","breadcrumb":{"@id":"https:\/\/mentorkit.com\/product-suite-overview\/#breadcrumb"},"inLanguage":"sv-SE","potentialAction":[{"@type":"ReadAction","target":["https:\/\/mentorkit.com\/product-suite-overview\/"]}]},{"@type":"ImageObject","inLanguage":"sv-SE","@id":"https:\/\/mentorkit.com\/product-suite-overview\/#primaryimage","url":"https:\/\/mentorkit.com\/wp-content\/uploads\/2026\/03\/MentorKit-Course-Creator.svg","contentUrl":"https:\/\/mentorkit.com\/wp-content\/uploads\/2026\/03\/MentorKit-Course-Creator.svg"},{"@type":"BreadcrumbList","@id":"https:\/\/mentorkit.com\/product-suite-overview\/#breadcrumb","itemListElement":[{"@type":"ListItem","position":1,"name":"Home","item":"https:\/\/mentorkit.com\/"},{"@type":"ListItem","position":2,"name":"Product suite overview"}]},{"@type":"WebSite","@id":"https:\/\/mentorkit.com\/#website","url":"https:\/\/mentorkit.com\/","name":"MentorKit","description":"Ett helt nytt, banbrytande, helt molnbaserat, norsktillverkat f\u00f6rfattarverktyg f\u00f6r att skapa digitalt l\u00e4rande. Kurserna \u00e4r responsiva, vilket inneb\u00e4r att inneh\u00e5llet anpassar sig till sk\u00e4rmen oavsett om det \u00e4r p\u00e5 en telefon, surfplatta eller dator.","publisher":{"@id":"https:\/\/mentorkit.com\/#organization"},"potentialAction":[{"@type":"SearchAction","target":{"@type":"EntryPoint","urlTemplate":"https:\/\/mentorkit.com\/?s={search_term_string}"},"query-input":{"@type":"PropertyValueSpecification","valueRequired":true,"valueName":"search_term_string"}}],"inLanguage":"sv-SE"},{"@type":"Organization","@id":"https:\/\/mentorkit.com\/#organization","name":"Norsk Interaktiv AB","url":"https:\/\/mentorkit.com\/","logo":{"@type":"ImageObject","inLanguage":"sv-SE","@id":"https:\/\/mentorkit.com\/#\/schema\/logo\/image\/","url":"https:\/\/mentorkit.com\/wp-content\/uploads\/2025\/09\/MentorKit-LOGO-White-Horizontal.svg","contentUrl":"https:\/\/mentorkit.com\/wp-content\/uploads\/2025\/09\/MentorKit-LOGO-White-Horizontal.svg","caption":"Norsk Interaktiv AS"},"image":{"@id":"https:\/\/mentorkit.com\/#\/schema\/logo\/image\/"},"sameAs":["https:\/\/www.facebook.com\/nettkurs","https:\/\/www.youtube.com\/@mentorkit"]}]}},"_links":{"self":[{"href":"https:\/\/mentorkit.com\/se\/wp-json\/wp\/v2\/pages\/1609","targetHints":{"allow":["GET"]}}],"collection":[{"href":"https:\/\/mentorkit.com\/se\/wp-json\/wp\/v2\/pages"}],"about":[{"href":"https:\/\/mentorkit.com\/se\/wp-json\/wp\/v2\/types\/page"}],"author":[{"embeddable":true,"href":"https:\/\/mentorkit.com\/se\/wp-json\/wp\/v2\/users\/2"}],"replies":[{"embeddable":true,"href":"https:\/\/mentorkit.com\/se\/wp-json\/wp\/v2\/comments?post=1609"}],"version-history":[{"count":11,"href":"https:\/\/mentorkit.com\/se\/wp-json\/wp\/v2\/pages\/1609\/revisions"}],"predecessor-version":[{"id":2903,"href":"https:\/\/mentorkit.com\/se\/wp-json\/wp\/v2\/pages\/1609\/revisions\/2903"}],"wp:attachment":[{"href":"https:\/\/mentorkit.com\/se\/wp-json\/wp\/v2\/media?parent=1609"}],"curies":[{"name":"wp","href":"https:\/\/api.w.org\/{rel}","templated":true}]}}