{"id":1591,"date":"2026-01-21T12:45:28","date_gmt":"2026-01-21T11:45:28","guid":{"rendered":"https:\/\/mentorkit.com\/?page_id=1591"},"modified":"2026-03-31T00:02:08","modified_gmt":"2026-03-30T22:02:08","slug":"pricing","status":"publish","type":"page","link":"https:\/\/mentorkit.com\/se\/pricing\/","title":{"rendered":"Priss\u00e4ttning"},"content":{"rendered":"<h1>\n\t\t\tMentorKit LMS Classic LMS\t<\/h1>\n\t<p>MentorKit erbjuder flexibla prisplaner som passar behoven hos f\u00f6retag av alla storlekar, fr\u00e5n enskilda kurskreat\u00f6rer till stora f\u00f6retag. Vi tror p\u00e5 transparent priss\u00e4ttning utan dolda avgifter. Nedan hittar du en \u00f6versikt \u00f6ver v\u00e5ra priser f\u00f6r nyckelprodukter, tillsammans med alternativ f\u00f6r b\u00e5de SaaS- och sj\u00e4lvh\u00e4rb\u00e4rgerade modeller.<\/p>\n\t\t\t<a href=\"#more\"  target=\"_self\">\n\t\t\t\t\t\t\tL\u00e4s mer p\u00e5 engelska\n\t\t\t<\/a>\n\t\t\t<a href=\"https:\/\/mentorkit.com\/se\/product-suite-overview\/\"  target=\"_self\">\n\t\t\t\t\t\t\tProduktpaket\u00f6versikt\n\t\t\t<\/a>\n<h2>\n\t\t\tEnkel, transparent priss\u00e4ttning\t<\/h2>\n\t<p>Pay one flat annual fee per user-no tiers, no hidden add-ons. Just decide how many people need access to <strong>MentorKit<\/strong> och b\u00f6rja bygga kurser. <strong><mark>Volume discounts available for multi-license purchases-contact us for details.<\/mark><\/strong><\/p>\n<div id=\"mentorkit-pricing-root\" data-theme=\"dark\"><\/div>\n<h2>\n\t\t\tMentorKit priss\u00e4ttning och paket\t<\/h2>\n\t<p>MentorKit erbjuder flexibla <b>Priss\u00e4ttning<\/b> designad f\u00f6r organisationer som beh\u00f6ver b\u00e5de kursframtagning och l\u00e4randeleverans p\u00e5 en enda plattform. Oavsett om ni \u00e4r ett litet team eller en stor organisation kan ni v\u00e4lja en l\u00f6sning som passar era behov idag och som v\u00e4xer \u00f6ver tid.<\/p>\n<p>V\u00e5r prismodell bygger p\u00e5 flexibilitet. Vissa kunder beh\u00f6ver enbart tillg\u00e5ng till MentorKit Course Creator, medan andra kr\u00e4ver en komplett LMS-plattform med hosting, support och integrationer.<\/p>\n<figure itemscope itemtype=\"https:\/\/schema.org\/ImageObject\">\n\t\t\t\t<img decoding=\"async\" src=\"https:\/\/mentorkit.com\/wp-content\/uploads\/2026\/03\/Mentorkit-Assist-black.svg\" alt=\"Mentorkit Assist black\" title=\"Mentorkit Assist svart\" onerror=\"this.style.display='none'\" loading=\"lazy\" \/>\n\t<\/figure>\n<h2>\n\t\t\tFlexibel priss\u00e4ttning f\u00f6r kursadministrat\u00f6r och LMS\t<\/h2>\n\t<p>Med MentorKit kan du v\u00e4lja mellan olika prismodeller beroende p\u00e5 din tekniska upps\u00e4ttning och dina aff\u00e4rsm\u00e5l. Du kan b\u00f6rja med:<\/p>\n<figure itemscope itemtype=\"https:\/\/schema.org\/ImageObject\">\n\t\t\t\t<a href=\"https:\/\/mentorkit.com\/se\/mentorkit-course-creator-authoring-tool\/\"  target=\"_self\" itemprop=\"url\">\n\t\t\t\t<img decoding=\"async\" src=\"https:\/\/mentorkit.com\/wp-content\/uploads\/2026\/03\/MentorKit-Course-Creator.svg\" alt=\"MentorKit Course Creator\" title=\"MentorKit Kursmakare\" onerror=\"this.style.display='none'\" loading=\"lazy\" \/>\n\t\t\t\t<\/a>\n\t<\/figure>\n\t<p><a href=\"https:\/\/mentorkit.com\/se\/mentorkit-course-creator-authoring-tool\/\"><strong>Kurskreat\u00f6r<\/strong> \u00e5tkomst f\u00f6r att bygga digitalt l\u00e4rmaterial<\/a><\/p>\n<figure itemscope itemtype=\"https:\/\/schema.org\/ImageObject\">\n\t\t\t\t<a href=\"https:\/\/mentorkit.com\/se\/lms-classic-learning-management-system\/\"  target=\"_self\" itemprop=\"url\">\n\t\t\t\t<img decoding=\"async\" src=\"https:\/\/mentorkit.com\/wp-content\/uploads\/2026\/03\/Mentorkit-Classic-LMS.svg\" alt=\"MentorKit Classic LMS\" title=\"MentorKit Klassisk LMS\" onerror=\"this.style.display='none'\" loading=\"lazy\" \/>\n\t\t\t\t<\/a>\n\t<\/figure>\n\t<p><a href=\"https:\/\/mentorkit.com\/se\/lms-classic-learning-management-system\/\"><strong>LMS Classic<\/strong> f\u00f6r strukturerad kursleverans<\/a><\/p>\n<figure itemscope itemtype=\"https:\/\/schema.org\/ImageObject\">\n\t\t\t\t<a href=\"https:\/\/mentorkit.com\/se\/suite-pro-most-advanced-lms-and-course-creator\/\"  target=\"_self\" itemprop=\"url\">\n\t\t\t\t<img decoding=\"async\" src=\"https:\/\/mentorkit.com\/wp-content\/uploads\/2026\/03\/Mentorkit-Pro-LMS-icon.svg\" alt=\"Mentorkit Pro LMS icon\" title=\"Mentor Kit Pro LMS-ikon\" onerror=\"this.style.display='none'\" loading=\"lazy\" \/>\n\t\t\t\t<\/a>\n\t<\/figure>\n\t<p><a href=\"https:\/\/mentorkit.com\/se\/suite-pro-most-advanced-lms-and-course-creator\/\"><strong>LMS Pro <\/strong>L\u00f6sningar som kombinerar kursutveckling och LMS<\/a><\/p>\n<figure itemscope itemtype=\"https:\/\/schema.org\/ImageObject\">\n\t\t\t\t<a href=\"https:\/\/mentorkit.com\/se\/mentorkit-pro-lms-is-a-free-self-hosted-solution-an-lms-solution-built-to-scale\/\"  target=\"_self\" itemprop=\"url\">\n\t\t\t\t<img decoding=\"async\" src=\"https:\/\/mentorkit.com\/wp-content\/uploads\/2026\/03\/wordpress-icon.svg\" alt=\"wordpress-icon\" title=\"wordpress-ikon\" onerror=\"this.style.display='none'\" loading=\"lazy\" \/>\n\t\t\t\t<\/a>\n\t<\/figure>\n\t<p><a href=\"https:\/\/mentorkit.com\/se\/mentorkit-pro-lms-is-a-free-self-hosted-solution-an-lms-solution-built-to-scale\/\"><strong>Sj\u00e4lvhostat LMS<\/strong> inst\u00e4llningar f\u00f6r full kontroll<\/a><\/p>\n\t<p>Som ett resultat anpassas MentorKits priss\u00e4ttning till din organisation ist\u00e4llet f\u00f6r att tvinga in dig i en fast struktur.<\/p>\n<h2>\n\t\t\tTransparent och skalbar LMS-priss\u00e4ttning\t<\/h2>\n\t<p>V\u00e5r <b>LMS-priss\u00e4ttning<\/b> \u00e4r utformat f\u00f6r att vara transparent och f\u00f6ruts\u00e4gbart. Du kan skala din l\u00f6sning allt eftersom din organisation v\u00e4xer, utan att vara fast i en stel prismodell.<\/p>\n<p>F\u00f6r organisationer som vill ha full kontroll erbjuder MentorKit \u00e4ven self-hosted LMS-alternativ. Detta g\u00f6r att du kan hantera din egen infrastruktur och definiera din egen aff\u00e4rsmodell.<\/p>\n<p>L\u00e4s mer om \u00f6ppna l\u00e4randestandarder <a href=\"https:\/\/scorm.com\" target=\"_blank\" rel=\"noopener\">h\u00e4r<\/a>.<\/p>\n\t<h2><b>Kom ig\u00e5ng med MentorKit priss\u00e4ttning<\/b><\/h2>\n<p>Utforska prisalternativen nedan och hitta den plan som passar din organisation. Om du \u00e4r os\u00e4ker kan du alltid b\u00f6rja enkelt och skala upp din LMS-l\u00f6sning \u00f6ver tid.<\/p>\n\t\t\t<a href=\"#more\"  target=\"_self\">\n\t\t\t\t\t\t\tV\u00e4lj din produktkombination\n\t\t\t<\/a>","protected":false},"excerpt":{"rendered":"<p>MentorKit LMS Classic LMS MentorKit offers flexible pricing plans to meet the needs of businesses of all sizes from solo [&hellip;]<\/p>\n","protected":false},"author":3,"featured_media":2983,"parent":0,"menu_order":0,"comment_status":"closed","ping_status":"closed","template":"","meta":{"_acf_changed":false,"site-sidebar-layout":"default","site-content-layout":"","ast-site-content-layout":"","site-content-style":"default","site-sidebar-style":"default","ast-global-header-display":"","ast-banner-title-visibility":"","ast-main-header-display":"","ast-hfb-above-header-display":"","ast-hfb-below-header-display":"","ast-hfb-mobile-header-display":"","site-post-title":"disabled","ast-breadcrumbs-content":"","ast-featured-img":"disabled","footer-sml-layout":"","ast-disable-related-posts":"","theme-transparent-header-meta":"","adv-header-id-meta":"","stick-header-meta":"","header-above-stick-meta":"","header-main-stick-meta":"","header-below-stick-meta":"","astra-migrate-meta-layouts":"default","ast-page-background-enabled":"default","ast-page-background-meta":{"desktop":{"background-color":"var(--ast-global-color-4)","background-image":"","background-repeat":"repeat","background-position":"center center","background-size":"auto","background-attachment":"scroll","background-type":"","background-media":"","overlay-type":"","overlay-color":"","overlay-opacity":"","overlay-gradient":""},"tablet":{"background-color":"","background-image":"","background-repeat":"repeat","background-position":"center center","background-size":"auto","background-attachment":"scroll","background-type":"","background-media":"","overlay-type":"","overlay-color":"","overlay-opacity":"","overlay-gradient":""},"mobile":{"background-color":"","background-image":"","background-repeat":"repeat","background-position":"center center","background-size":"auto","background-attachment":"scroll","background-type":"","background-media":"","overlay-type":"","overlay-color":"","overlay-opacity":"","overlay-gradient":""}},"ast-content-background-meta":{"desktop":{"background-color":"var(--ast-global-color-5)","background-image":"","background-repeat":"repeat","background-position":"center center","background-size":"auto","background-attachment":"scroll","background-type":"","background-media":"","overlay-type":"","overlay-color":"","overlay-opacity":"","overlay-gradient":""},"tablet":{"background-color":"var(--ast-global-color-5)","background-image":"","background-repeat":"repeat","background-position":"center center","background-size":"auto","background-attachment":"scroll","background-type":"","background-media":"","overlay-type":"","overlay-color":"","overlay-opacity":"","overlay-gradient":""},"mobile":{"background-color":"var(--ast-global-color-5)","background-image":"","background-repeat":"repeat","background-position":"center center","background-size":"auto","background-attachment":"scroll","background-type":"","background-media":"","overlay-type":"","overlay-color":"","overlay-opacity":"","overlay-gradient":""}},"footnotes":""},"class_list":["post-1591","page","type-page","status-publish","has-post-thumbnail","hentry"],"acf":[],"yoast_head":"<!-- This site is optimized with the Yoast SEO Premium plugin v27.3 (Yoast SEO v27.3) - https:\/\/yoast.com\/product\/yoast-seo-premium-wordpress\/ -->\n<title>Pricing Plans for Every Business Size - MentorKit<\/title>\n<meta name=\"description\" content=\"Explore flexible pricing options with MentorKit tailored for businesses of any size. No hidden fees, just transparent pricing.\" \/>\n<meta name=\"robots\" content=\"index, follow, max-snippet:-1, max-image-preview:large, max-video-preview:-1\" \/>\n<link rel=\"canonical\" href=\"https:\/\/mentorkit.com\/se\/pricing\/\" \/>\n<meta property=\"og:locale\" content=\"sv_SE\" \/>\n<meta property=\"og:type\" content=\"article\" \/>\n<meta property=\"og:title\" content=\"Pricing\" \/>\n<meta property=\"og:description\" content=\"Explore flexible pricing options with MentorKit tailored for businesses of any size. No hidden fees, just transparent pricing.\" \/>\n<meta property=\"og:url\" content=\"https:\/\/mentorkit.com\/se\/pricing\/\" \/>\n<meta property=\"og:site_name\" content=\"MentorKit\" \/>\n<meta property=\"article:publisher\" content=\"https:\/\/www.facebook.com\/nettkurs\" \/>\n<meta property=\"article:modified_time\" content=\"2026-03-30T22:02:08+00:00\" \/>\n<meta property=\"og:image\" content=\"https:\/\/mentorkit.com\/wp-content\/uploads\/2026\/03\/All-brands-1.jpg\" \/>\n\t<meta property=\"og:image:width\" content=\"2236\" \/>\n\t<meta property=\"og:image:height\" content=\"1384\" \/>\n\t<meta property=\"og:image:type\" content=\"image\/jpeg\" \/>\n<meta name=\"twitter:card\" content=\"summary_large_image\" \/>\n<meta name=\"twitter:label1\" content=\"Ber\u00e4knad l\u00e4stid\" \/>\n\t<meta name=\"twitter:data1\" content=\"3 minuter\" \/>\n<script type=\"application\/ld+json\" class=\"yoast-schema-graph\">{\"@context\":\"https:\\\/\\\/schema.org\",\"@graph\":[{\"@type\":\"WebPage\",\"@id\":\"https:\\\/\\\/mentorkit.com\\\/pricing\\\/\",\"url\":\"https:\\\/\\\/mentorkit.com\\\/pricing\\\/\",\"name\":\"Pricing Plans for Every Business Size - MentorKit\",\"isPartOf\":{\"@id\":\"https:\\\/\\\/mentorkit.com\\\/#website\"},\"primaryImageOfPage\":{\"@id\":\"https:\\\/\\\/mentorkit.com\\\/pricing\\\/#primaryimage\"},\"image\":{\"@id\":\"https:\\\/\\\/mentorkit.com\\\/pricing\\\/#primaryimage\"},\"thumbnailUrl\":\"https:\\\/\\\/mentorkit.com\\\/wp-content\\\/uploads\\\/2026\\\/03\\\/All-brands-1.jpg\",\"datePublished\":\"2026-01-21T11:45:28+00:00\",\"dateModified\":\"2026-03-30T22:02:08+00:00\",\"description\":\"Explore flexible pricing options with MentorKit tailored for businesses of any size. No hidden fees, just transparent pricing.\",\"breadcrumb\":{\"@id\":\"https:\\\/\\\/mentorkit.com\\\/pricing\\\/#breadcrumb\"},\"inLanguage\":\"sv-SE\",\"potentialAction\":[{\"@type\":\"ReadAction\",\"target\":[\"https:\\\/\\\/mentorkit.com\\\/pricing\\\/\"]}]},{\"@type\":\"ImageObject\",\"inLanguage\":\"sv-SE\",\"@id\":\"https:\\\/\\\/mentorkit.com\\\/pricing\\\/#primaryimage\",\"url\":\"https:\\\/\\\/mentorkit.com\\\/wp-content\\\/uploads\\\/2026\\\/03\\\/All-brands-1.jpg\",\"contentUrl\":\"https:\\\/\\\/mentorkit.com\\\/wp-content\\\/uploads\\\/2026\\\/03\\\/All-brands-1.jpg\",\"width\":2236,\"height\":1384},{\"@type\":\"BreadcrumbList\",\"@id\":\"https:\\\/\\\/mentorkit.com\\\/pricing\\\/#breadcrumb\",\"itemListElement\":[{\"@type\":\"ListItem\",\"position\":1,\"name\":\"Home\",\"item\":\"https:\\\/\\\/mentorkit.com\\\/\"},{\"@type\":\"ListItem\",\"position\":2,\"name\":\"Pricing\"}]},{\"@type\":\"WebSite\",\"@id\":\"https:\\\/\\\/mentorkit.com\\\/#website\",\"url\":\"https:\\\/\\\/mentorkit.com\\\/\",\"name\":\"MentorKit\",\"description\":\"a brand new, groundbreaking, fully cloud-based, Norwegian-made authoring tool for creating digital learning. The courses are responsive, meaning the content adapts to the screen whether it\u2019s on a phone, tablet, or PC\",\"publisher\":{\"@id\":\"https:\\\/\\\/mentorkit.com\\\/#organization\"},\"potentialAction\":[{\"@type\":\"SearchAction\",\"target\":{\"@type\":\"EntryPoint\",\"urlTemplate\":\"https:\\\/\\\/mentorkit.com\\\/?s={search_term_string}\"},\"query-input\":{\"@type\":\"PropertyValueSpecification\",\"valueRequired\":true,\"valueName\":\"search_term_string\"}}],\"inLanguage\":\"sv-SE\"},{\"@type\":\"Organization\",\"@id\":\"https:\\\/\\\/mentorkit.com\\\/#organization\",\"name\":\"Norsk Interaktiv AS\",\"url\":\"https:\\\/\\\/mentorkit.com\\\/\",\"logo\":{\"@type\":\"ImageObject\",\"inLanguage\":\"sv-SE\",\"@id\":\"https:\\\/\\\/mentorkit.com\\\/#\\\/schema\\\/logo\\\/image\\\/\",\"url\":\"https:\\\/\\\/mentorkit.com\\\/wp-content\\\/uploads\\\/2025\\\/09\\\/MentorKit-LOGO-White-Horizontal.svg\",\"contentUrl\":\"https:\\\/\\\/mentorkit.com\\\/wp-content\\\/uploads\\\/2025\\\/09\\\/MentorKit-LOGO-White-Horizontal.svg\",\"caption\":\"Norsk Interaktiv AS\"},\"image\":{\"@id\":\"https:\\\/\\\/mentorkit.com\\\/#\\\/schema\\\/logo\\\/image\\\/\"},\"sameAs\":[\"https:\\\/\\\/www.facebook.com\\\/nettkurs\",\"https:\\\/\\\/www.youtube.com\\\/@mentorkit\"]}]}<\/script>\n<!-- \/ Yoast SEO Premium plugin. -->","yoast_head_json":{"title":"Pricing Plans for Every Business Size - MentorKit","description":"Explore flexible pricing options with MentorKit tailored for businesses of any size. No hidden fees, just transparent pricing.","robots":{"index":"index","follow":"follow","max-snippet":"max-snippet:-1","max-image-preview":"max-image-preview:large","max-video-preview":"max-video-preview:-1"},"canonical":"https:\/\/mentorkit.com\/se\/pricing\/","og_locale":"sv_SE","og_type":"article","og_title":"Pricing","og_description":"Explore flexible pricing options with MentorKit tailored for businesses of any size. No hidden fees, just transparent pricing.","og_url":"https:\/\/mentorkit.com\/se\/pricing\/","og_site_name":"MentorKit","article_publisher":"https:\/\/www.facebook.com\/nettkurs","article_modified_time":"2026-03-30T22:02:08+00:00","og_image":[{"width":2236,"height":1384,"url":"https:\/\/mentorkit.com\/wp-content\/uploads\/2026\/03\/All-brands-1.jpg","type":"image\/jpeg"}],"twitter_card":"summary_large_image","twitter_misc":{"Ber\u00e4knad l\u00e4stid":"3 minuter"},"schema":{"@context":"https:\/\/schema.org","@graph":[{"@type":"WebPage","@id":"https:\/\/mentorkit.com\/pricing\/","url":"https:\/\/mentorkit.com\/pricing\/","name":"Pricing Plans for Every Business Size - MentorKit","isPartOf":{"@id":"https:\/\/mentorkit.com\/#website"},"primaryImageOfPage":{"@id":"https:\/\/mentorkit.com\/pricing\/#primaryimage"},"image":{"@id":"https:\/\/mentorkit.com\/pricing\/#primaryimage"},"thumbnailUrl":"https:\/\/mentorkit.com\/wp-content\/uploads\/2026\/03\/All-brands-1.jpg","datePublished":"2026-01-21T11:45:28+00:00","dateModified":"2026-03-30T22:02:08+00:00","description":"Explore flexible pricing options with MentorKit tailored for businesses of any size. No hidden fees, just transparent pricing.","breadcrumb":{"@id":"https:\/\/mentorkit.com\/pricing\/#breadcrumb"},"inLanguage":"sv-SE","potentialAction":[{"@type":"ReadAction","target":["https:\/\/mentorkit.com\/pricing\/"]}]},{"@type":"ImageObject","inLanguage":"sv-SE","@id":"https:\/\/mentorkit.com\/pricing\/#primaryimage","url":"https:\/\/mentorkit.com\/wp-content\/uploads\/2026\/03\/All-brands-1.jpg","contentUrl":"https:\/\/mentorkit.com\/wp-content\/uploads\/2026\/03\/All-brands-1.jpg","width":2236,"height":1384},{"@type":"BreadcrumbList","@id":"https:\/\/mentorkit.com\/pricing\/#breadcrumb","itemListElement":[{"@type":"ListItem","position":1,"name":"Home","item":"https:\/\/mentorkit.com\/"},{"@type":"ListItem","position":2,"name":"Pricing"}]},{"@type":"WebSite","@id":"https:\/\/mentorkit.com\/#website","url":"https:\/\/mentorkit.com\/","name":"MentorKit","description":"Ett helt nytt, banbrytande, helt molnbaserat, norsktillverkat f\u00f6rfattarverktyg f\u00f6r att skapa digitalt l\u00e4rande. Kurserna \u00e4r responsiva, vilket inneb\u00e4r att inneh\u00e5llet anpassar sig till sk\u00e4rmen oavsett om det \u00e4r p\u00e5 en telefon, surfplatta eller dator.","publisher":{"@id":"https:\/\/mentorkit.com\/#organization"},"potentialAction":[{"@type":"SearchAction","target":{"@type":"EntryPoint","urlTemplate":"https:\/\/mentorkit.com\/?s={search_term_string}"},"query-input":{"@type":"PropertyValueSpecification","valueRequired":true,"valueName":"search_term_string"}}],"inLanguage":"sv-SE"},{"@type":"Organization","@id":"https:\/\/mentorkit.com\/#organization","name":"Norsk Interaktiv AB","url":"https:\/\/mentorkit.com\/","logo":{"@type":"ImageObject","inLanguage":"sv-SE","@id":"https:\/\/mentorkit.com\/#\/schema\/logo\/image\/","url":"https:\/\/mentorkit.com\/wp-content\/uploads\/2025\/09\/MentorKit-LOGO-White-Horizontal.svg","contentUrl":"https:\/\/mentorkit.com\/wp-content\/uploads\/2025\/09\/MentorKit-LOGO-White-Horizontal.svg","caption":"Norsk Interaktiv AS"},"image":{"@id":"https:\/\/mentorkit.com\/#\/schema\/logo\/image\/"},"sameAs":["https:\/\/www.facebook.com\/nettkurs","https:\/\/www.youtube.com\/@mentorkit"]}]}},"_links":{"self":[{"href":"https:\/\/mentorkit.com\/se\/wp-json\/wp\/v2\/pages\/1591","targetHints":{"allow":["GET"]}}],"collection":[{"href":"https:\/\/mentorkit.com\/se\/wp-json\/wp\/v2\/pages"}],"about":[{"href":"https:\/\/mentorkit.com\/se\/wp-json\/wp\/v2\/types\/page"}],"author":[{"embeddable":true,"href":"https:\/\/mentorkit.com\/se\/wp-json\/wp\/v2\/users\/3"}],"replies":[{"embeddable":true,"href":"https:\/\/mentorkit.com\/se\/wp-json\/wp\/v2\/comments?post=1591"}],"version-history":[{"count":11,"href":"https:\/\/mentorkit.com\/se\/wp-json\/wp\/v2\/pages\/1591\/revisions"}],"predecessor-version":[{"id":2982,"href":"https:\/\/mentorkit.com\/se\/wp-json\/wp\/v2\/pages\/1591\/revisions\/2982"}],"wp:featuredmedia":[{"embeddable":true,"href":"https:\/\/mentorkit.com\/se\/wp-json\/wp\/v2\/media\/2983"}],"wp:attachment":[{"href":"https:\/\/mentorkit.com\/se\/wp-json\/wp\/v2\/media?parent=1591"}],"curies":[{"name":"wp","href":"https:\/\/api.w.org\/{rel}","templated":true}]}}