{"id":1003,"date":"2025-05-07T12:19:50","date_gmt":"2025-05-07T10:19:50","guid":{"rendered":"https:\/\/mycreator.io\/contact\/"},"modified":"2026-03-30T22:31:06","modified_gmt":"2026-03-30T20:31:06","slug":"get-a-free-account","status":"publish","type":"page","link":"https:\/\/mentorkit.com\/se\/get-a-free-account\/","title":{"rendered":"Try for free the best 100% EU and GDPR secure e-learning tool for digital course production."},"content":{"rendered":"<h6>\n\t\t\tVill du vara med oss?\t<\/h6>\n<h1>\n\t\t\tProva framtiden f\u00f6r digital kursutveckling nu!\t<\/h1>\n<figure itemscope itemtype=\"https:\/\/schema.org\/ImageObject\">\n\t\t\t\t<img decoding=\"async\" src=\"https:\/\/mentorkit.com\/wp-content\/uploads\/2025\/05\/pexels-photo-6968173.jpeg\" alt=\"Take one minute to fill out the form and you will get access immediately\" height=\"1050\" width=\"700\" title=\"Ta en minut att fylla i formul\u00e4ret och du f\u00e5r omedelbar \u00e5tkomst\" onerror=\"this.style.display='none'\" loading=\"lazy\" \/>\n\t<\/figure>\n<h6  id=\"signup\">\n\t\t\tF\u00c5 ETT 30 DAGARS PROVABONNEMANG\t<\/h6>\n<h2>\n\t\t\tTa en minut att fylla i formul\u00e4ret och du f\u00e5r omedelbar \u00e5tkomst\t<\/h2>\n\t<div class=\"react-form-container\" id=\"mycreator-form\"><\/div>\n\t\t<!-- Comment to fix spacing issue\n\t-->\n\t\t<h2>0+<\/h2><b>l\u00e4rande<\/b> har slutf\u00f6rt <br \/>kurser p\u00e5 MentorKit-plattformen.\n\t<!-- Comment to fix spacing issue\n\t-->\t\n\t\t<!-- Comment to fix spacing issue\n\t-->\n\t\t<h2>0+ million<\/h2><b>Avklarade kurser<\/b><br \/> levererat via LMS.\n\t<!-- Comment to fix spacing issue\n\t-->\t\n\t\t<!-- Comment to fix spacing issue\n\t-->\n\t\t<h2>0+ years<\/h2><b>av kontinuerlig LMS-drift<\/b>, <br \/>i aktiv anv\u00e4ndning sedan 2003.\n\t<!-- Comment to fix spacing issue\n\t-->\t\n\t\t<!-- Comment to fix spacing issue\n\t-->\n\t\t<h2>0+ official<\/h2>\u00f6ppen k\u00e4llkod <b>till\u00e4gg<\/b> p\u00e5 WooCommerce Marketplace.\n\t<!-- Comment to fix spacing issue\n\t-->\t\n<h6>\n\t\t<a href=\"https:\/\/mentorkit.com\/se\/core-classic-learning-management-system\/\" title=\"En flexibel l\u00e4rplattform byggd f\u00f6r tillv\u00e4xt\"  target=\"_self\">\n\t\t\tEn flexibel l\u00e4rplattform byggd f\u00f6r tillv\u00e4xt\t\t<\/a>\n\t<\/h6>\n<h2>\n\t\t\tSkaffa ett gratis konto som kursbyggare och b\u00f6rja skapa kurser\t<\/h2>\n\t<p>Starta din <b>fri <a href=\"https:\/\/mentorkit.com\/se\/mentorkit-course-creator-authoring-tool\/\">Kurskreat\u00f6r<\/a> konto<\/b> med MentorKit och b\u00f6rja skapa onlinekurser p\u00e5 n\u00e5gra minuter. Oavsett om du bygger utbildningsprogram, onboardar anst\u00e4llda eller s\u00e4ljer kurser online, ger MentorKit dig en flexibel och kraftfull plattform f\u00f6r att komma ig\u00e5ng snabbt.<\/p>\n<p>Med en gratis <b><a href=\"https:\/\/mentorkit.com\/se\/mentorkit-course-creator-authoring-tool\/\">Kurskreat\u00f6r<\/a> <\/b> konto kan du utforska hur du skapar, hanterar och levererar digitalt l\u00e4rande utan att binda upp dig till en komplex installation. Plattformen \u00e4r utformad f\u00f6r att vara enkel att anv\u00e4nda, samtidigt som du f\u00e5r full kontroll \u00f6ver ditt inneh\u00e5ll och din struktur.<\/p>\n<h2><b>What you can do with a free Course Creator  account<\/b><\/h2>\n<p>Med MentorKit, ditt kostnadsfria <b><a href=\"https:\/\/mentorkit.com\/se\/mentorkit-course-creator-authoring-tool\/\">Kurskreat\u00f6r<\/a> <\/b> kontot l\u00e5ter dig:<\/p>\n<ul>\n<li>\n<p>skapa engagerande onlinekurser med multimediainneh\u00e5ll<\/p>\n<\/li>\n<li>\n<p>Strukturera lektioner, moduler och quiz<\/p>\n<\/li>\n<li>\n<p>hantera anv\u00e4ndare och sp\u00e5ra framsteg<\/p>\n<\/li>\n<li>\n<p>testa hur din inl\u00e4rningsplattform fungerar innan du skalar upp<\/p>\n<\/li>\n<\/ul>\n<p>Samtidigt kan du experimentera med olika kursformat och se hur ditt inneh\u00e5ll presterar i en verklig milj\u00f6.<\/p>\n\n<figure itemscope itemtype=\"https:\/\/schema.org\/ImageObject\">\n\t\t\t\t<img decoding=\"async\" src=\"https:\/\/mentorkit.com\/wp-content\/uploads\/2026\/01\/little-break-2021-09-24-02-53-49-utc-scaled.jpg\" alt=\"Onboarding &amp; Training\" title=\"Introduktion och utbildning\" onerror=\"this.style.display='none'\" loading=\"lazy\" \/>\n\t<\/figure>\n<h6>\n\t\t<a href=\"https:\/\/mentorkit.com\/se\/mentorkit-course-creator-authoring-tool\/\" title=\"F\u00f6rfattarverktyg\"  target=\"_self\">\n\t\t\tF\u00f6rfattarverktyg\t\t<\/a>\n\t<\/h6>\n<figure itemscope itemtype=\"https:\/\/schema.org\/ImageObject\">\n\t\t\t\t<img decoding=\"async\" src=\"https:\/\/mentorkit.com\/wp-content\/uploads\/2026\/03\/MentorKit-Course-Creator.svg\" alt=\"MentorKit Course Creator\" title=\"MentorKit Kursmakare\" onerror=\"this.style.display='none'\" loading=\"lazy\" \/>\n\t<\/figure>\n<h2>\n\t\t<a href=\"https:\/\/mentorkit.com\/se\/mentorkit-course-creator-authoring-tool\/\" title=\"Kurskreat\u00f6r\"  target=\"_self\">\n\t\t\tKurskreat\u00f6r\t\t<\/a>\n\t<\/h2>\n\t<p><strong>MentorKit Kursmakare<\/strong> \u00e4r ett kraftfullt men \u00e4nd\u00e5 l\u00e4ttanv\u00e4nt <strong>kurskapande programvara<\/strong> som l\u00e5ter dig utveckla engagerande onlinekurser utan n\u00e5gon kodning. Detta av experter prisade auktoringsverktyg \u00e4r 100% molnbaserat och tillg\u00e4ngligt i din webbl\u00e4sare. Viktiga funktioner inkluderar:<\/p>\n\t\t\t<a href=\"https:\/\/mentorkit.com\/se\/mentorkit-course-creator-authoring-tool\/\"  target=\"_self\">\n\t\t\t\t\t\t\tL\u00e4s mer om detta\n\t\t\t<\/a>\n\t\t\t<a href=\"https:\/\/mentorkit.com\/se\/get-a-free-account\/#signup\"  target=\"_self\">\n\t\t\t\t\t\t\tKom ig\u00e5ng gratis\n\t\t\t<\/a>\n<h2>\n\t\t<a href=\"https:\/\/mentorkit.com\/se\/customer-stories\/transocean\/\" title=\"Transocean\"  target=\"_self\">\n\t\t\tTransocean\t\t<\/a>\n\t<\/h2>\n<h6>\n\t\t\tN\u00e5gra av v\u00e5ra kunder\t<\/h6>\n<h2>\n\t\t\tF\u00f6redras av ledande f\u00f6retag\t<\/h2>\n<h6>\n\t\t\tVerkliga ber\u00e4ttelser fr\u00e5n v\u00e5ra kunder\t<\/h6>\n<h2>\n\t\t<a href=\"https:\/\/mentorkit.com\/se\/customer-stories\/norges-bondelag\/\" title=\"The Norwegian Farmers' Union\"  target=\"_self\">\n\t\t\tNorges Bondelag\t\t<\/a>\n\t<\/h2>\n<h2>\n\t\t<a href=\"https:\/\/mentorkit.com\/se\/customer-stories\/scaleAQ\/\" title=\"ScaleAQ\"  target=\"_self\">\n\t\t\tScaleAQ\t\t<\/a>\n\t<\/h2>\n<h2>\n\t\t<a href=\"https:\/\/mentorkit.com\/se\/customer-stories\/Skanska-Norge\/\" title=\"Skanska Norge\"  target=\"_self\">\n\t\t\tSkanska Norge\t\t<\/a>\n\t<\/h2>\n<h2>\n\t\t<a href=\"https:\/\/mentorkit.com\/se\/customer-stories\/Godt-brod\/\" title=\"Godt Br\u00f8d\"  target=\"_self\">\n\t\t\tGodt Br\u00f8d\t\t<\/a>\n\t<\/h2>","protected":false},"excerpt":{"rendered":"<p>Want to Join Us? Try the future of digital course production now! GET A 30 DAYS TRIAL ACCOUNT Take one [&hellip;]<\/p>\n","protected":false},"author":1,"featured_media":31,"parent":0,"menu_order":0,"comment_status":"closed","ping_status":"closed","template":"","meta":{"_acf_changed":false,"site-sidebar-layout":"default","site-content-layout":"","ast-site-content-layout":"default","site-content-style":"default","site-sidebar-style":"default","ast-global-header-display":"","ast-banner-title-visibility":"","ast-main-header-display":"","ast-hfb-above-header-display":"","ast-hfb-below-header-display":"","ast-hfb-mobile-header-display":"","site-post-title":"disabled","ast-breadcrumbs-content":"","ast-featured-img":"disabled","footer-sml-layout":"","ast-disable-related-posts":"","theme-transparent-header-meta":"default","adv-header-id-meta":"","stick-header-meta":"","header-above-stick-meta":"","header-main-stick-meta":"","header-below-stick-meta":"","astra-migrate-meta-layouts":"default","ast-page-background-enabled":"default","ast-page-background-meta":{"desktop":{"background-color":"var(--ast-global-color-4)","background-image":"","background-repeat":"repeat","background-position":"center center","background-size":"auto","background-attachment":"scroll","background-type":"","background-media":"","overlay-type":"","overlay-color":"","overlay-opacity":"","overlay-gradient":""},"tablet":{"background-color":"","background-image":"","background-repeat":"repeat","background-position":"center center","background-size":"auto","background-attachment":"scroll","background-type":"","background-media":"","overlay-type":"","overlay-color":"","overlay-opacity":"","overlay-gradient":""},"mobile":{"background-color":"","background-image":"","background-repeat":"repeat","background-position":"center center","background-size":"auto","background-attachment":"scroll","background-type":"","background-media":"","overlay-type":"","overlay-color":"","overlay-opacity":"","overlay-gradient":""}},"ast-content-background-meta":{"desktop":{"background-color":"var(--ast-global-color-5)","background-image":"","background-repeat":"repeat","background-position":"center center","background-size":"auto","background-attachment":"scroll","background-type":"","background-media":"","overlay-type":"","overlay-color":"","overlay-opacity":"","overlay-gradient":""},"tablet":{"background-color":"var(--ast-global-color-5)","background-image":"","background-repeat":"repeat","background-position":"center center","background-size":"auto","background-attachment":"scroll","background-type":"","background-media":"","overlay-type":"","overlay-color":"","overlay-opacity":"","overlay-gradient":""},"mobile":{"background-color":"var(--ast-global-color-5)","background-image":"","background-repeat":"repeat","background-position":"center center","background-size":"auto","background-attachment":"scroll","background-type":"","background-media":"","overlay-type":"","overlay-color":"","overlay-opacity":"","overlay-gradient":""}},"footnotes":""},"class_list":["post-1003","page","type-page","status-publish","has-post-thumbnail","hentry"],"acf":[],"yoast_head":"<!-- This site is optimized with the Yoast SEO Premium plugin v27.3 (Yoast SEO v27.3) - https:\/\/yoast.com\/product\/yoast-seo-premium-wordpress\/ -->\n<title>Free Online Course Platform for Beginners - MentorKit<\/title>\n<meta name=\"description\" content=\"Get a free MentorKit account and start creating online courses in minutes. Try a powerful LMS and course creator with a 30-day free trial.\" \/>\n<meta name=\"robots\" content=\"index, follow, max-snippet:-1, max-image-preview:large, max-video-preview:-1\" \/>\n<link rel=\"canonical\" href=\"https:\/\/mentorkit.com\/se\/get-a-free-account\/\" \/>\n<meta property=\"og:locale\" content=\"sv_SE\" \/>\n<meta property=\"og:type\" content=\"article\" \/>\n<meta property=\"og:title\" content=\"Try for free the best 100% EU and GDPR secure e-learning tool for digital course production.\" \/>\n<meta property=\"og:description\" content=\"Get a free MentorKit account and start creating online courses in minutes. Try a powerful LMS and course creator with a 30-day free trial.\" \/>\n<meta property=\"og:url\" content=\"https:\/\/mentorkit.com\/se\/get-a-free-account\/\" \/>\n<meta property=\"og:site_name\" content=\"MentorKit\" \/>\n<meta property=\"article:publisher\" content=\"https:\/\/www.facebook.com\/nettkurs\" \/>\n<meta property=\"article:modified_time\" content=\"2026-03-30T20:31:06+00:00\" \/>\n<meta property=\"og:image\" content=\"https:\/\/mentorkit.com\/wp-content\/uploads\/2025\/05\/pexels-photo-6968173.jpeg\" \/>\n\t<meta property=\"og:image:width\" content=\"700\" \/>\n\t<meta property=\"og:image:height\" content=\"1050\" \/>\n\t<meta property=\"og:image:type\" content=\"image\/jpeg\" \/>\n<meta name=\"twitter:card\" content=\"summary_large_image\" \/>\n<meta name=\"twitter:label1\" content=\"Ber\u00e4knad l\u00e4stid\" \/>\n\t<meta name=\"twitter:data1\" content=\"1 minut\" \/>\n<script type=\"application\/ld+json\" class=\"yoast-schema-graph\">{\"@context\":\"https:\\\/\\\/schema.org\",\"@graph\":[{\"@type\":\"WebPage\",\"@id\":\"https:\\\/\\\/mentorkit.com\\\/get-a-free-account\\\/\",\"url\":\"https:\\\/\\\/mentorkit.com\\\/get-a-free-account\\\/\",\"name\":\"Free Online Course Platform for Beginners - MentorKit\",\"isPartOf\":{\"@id\":\"https:\\\/\\\/mentorkit.com\\\/#website\"},\"primaryImageOfPage\":{\"@id\":\"https:\\\/\\\/mentorkit.com\\\/get-a-free-account\\\/#primaryimage\"},\"image\":{\"@id\":\"https:\\\/\\\/mentorkit.com\\\/get-a-free-account\\\/#primaryimage\"},\"thumbnailUrl\":\"https:\\\/\\\/mentorkit.com\\\/wp-content\\\/uploads\\\/2025\\\/05\\\/pexels-photo-6968173.jpeg\",\"datePublished\":\"2025-05-07T10:19:50+00:00\",\"dateModified\":\"2026-03-30T20:31:06+00:00\",\"description\":\"Get a free MentorKit account and start creating online courses in minutes. Try a powerful LMS and course creator with a 30-day free trial.\",\"breadcrumb\":{\"@id\":\"https:\\\/\\\/mentorkit.com\\\/get-a-free-account\\\/#breadcrumb\"},\"inLanguage\":\"sv-SE\",\"potentialAction\":[{\"@type\":\"ReadAction\",\"target\":[\"https:\\\/\\\/mentorkit.com\\\/get-a-free-account\\\/\"]}]},{\"@type\":\"ImageObject\",\"inLanguage\":\"sv-SE\",\"@id\":\"https:\\\/\\\/mentorkit.com\\\/get-a-free-account\\\/#primaryimage\",\"url\":\"https:\\\/\\\/mentorkit.com\\\/wp-content\\\/uploads\\\/2025\\\/05\\\/pexels-photo-6968173.jpeg\",\"contentUrl\":\"https:\\\/\\\/mentorkit.com\\\/wp-content\\\/uploads\\\/2025\\\/05\\\/pexels-photo-6968173.jpeg\",\"width\":700,\"height\":1050,\"caption\":\"Take one minute to fill out the form and you will get access immediately\"},{\"@type\":\"BreadcrumbList\",\"@id\":\"https:\\\/\\\/mentorkit.com\\\/get-a-free-account\\\/#breadcrumb\",\"itemListElement\":[{\"@type\":\"ListItem\",\"position\":1,\"name\":\"Home\",\"item\":\"https:\\\/\\\/mentorkit.com\\\/\"},{\"@type\":\"ListItem\",\"position\":2,\"name\":\"Try for free the best 100% EU and GDPR secure e-learning tool for digital course production.\"}]},{\"@type\":\"WebSite\",\"@id\":\"https:\\\/\\\/mentorkit.com\\\/#website\",\"url\":\"https:\\\/\\\/mentorkit.com\\\/\",\"name\":\"MentorKit\",\"description\":\"a brand new, groundbreaking, fully cloud-based, Norwegian-made authoring tool for creating digital learning. The courses are responsive, meaning the content adapts to the screen whether it\u2019s on a phone, tablet, or PC\",\"publisher\":{\"@id\":\"https:\\\/\\\/mentorkit.com\\\/#organization\"},\"potentialAction\":[{\"@type\":\"SearchAction\",\"target\":{\"@type\":\"EntryPoint\",\"urlTemplate\":\"https:\\\/\\\/mentorkit.com\\\/?s={search_term_string}\"},\"query-input\":{\"@type\":\"PropertyValueSpecification\",\"valueRequired\":true,\"valueName\":\"search_term_string\"}}],\"inLanguage\":\"sv-SE\"},{\"@type\":\"Organization\",\"@id\":\"https:\\\/\\\/mentorkit.com\\\/#organization\",\"name\":\"Norsk Interaktiv AS\",\"url\":\"https:\\\/\\\/mentorkit.com\\\/\",\"logo\":{\"@type\":\"ImageObject\",\"inLanguage\":\"sv-SE\",\"@id\":\"https:\\\/\\\/mentorkit.com\\\/#\\\/schema\\\/logo\\\/image\\\/\",\"url\":\"https:\\\/\\\/mentorkit.com\\\/wp-content\\\/uploads\\\/2025\\\/09\\\/MentorKit-LOGO-White-Horizontal.svg\",\"contentUrl\":\"https:\\\/\\\/mentorkit.com\\\/wp-content\\\/uploads\\\/2025\\\/09\\\/MentorKit-LOGO-White-Horizontal.svg\",\"caption\":\"Norsk Interaktiv AS\"},\"image\":{\"@id\":\"https:\\\/\\\/mentorkit.com\\\/#\\\/schema\\\/logo\\\/image\\\/\"},\"sameAs\":[\"https:\\\/\\\/www.facebook.com\\\/nettkurs\",\"https:\\\/\\\/www.youtube.com\\\/@mentorkit\"]}]}<\/script>\n<!-- \/ Yoast SEO Premium plugin. -->","yoast_head_json":{"title":"Free Online Course Platform for Beginners - MentorKit","description":"Get a free MentorKit account and start creating online courses in minutes. Try a powerful LMS and course creator with a 30-day free trial.","robots":{"index":"index","follow":"follow","max-snippet":"max-snippet:-1","max-image-preview":"max-image-preview:large","max-video-preview":"max-video-preview:-1"},"canonical":"https:\/\/mentorkit.com\/se\/get-a-free-account\/","og_locale":"sv_SE","og_type":"article","og_title":"Try for free the best 100% EU and GDPR secure e-learning tool for digital course production.","og_description":"Get a free MentorKit account and start creating online courses in minutes. Try a powerful LMS and course creator with a 30-day free trial.","og_url":"https:\/\/mentorkit.com\/se\/get-a-free-account\/","og_site_name":"MentorKit","article_publisher":"https:\/\/www.facebook.com\/nettkurs","article_modified_time":"2026-03-30T20:31:06+00:00","og_image":[{"width":700,"height":1050,"url":"https:\/\/mentorkit.com\/wp-content\/uploads\/2025\/05\/pexels-photo-6968173.jpeg","type":"image\/jpeg"}],"twitter_card":"summary_large_image","twitter_misc":{"Ber\u00e4knad l\u00e4stid":"1 minut"},"schema":{"@context":"https:\/\/schema.org","@graph":[{"@type":"WebPage","@id":"https:\/\/mentorkit.com\/get-a-free-account\/","url":"https:\/\/mentorkit.com\/get-a-free-account\/","name":"Free Online Course Platform for Beginners - MentorKit","isPartOf":{"@id":"https:\/\/mentorkit.com\/#website"},"primaryImageOfPage":{"@id":"https:\/\/mentorkit.com\/get-a-free-account\/#primaryimage"},"image":{"@id":"https:\/\/mentorkit.com\/get-a-free-account\/#primaryimage"},"thumbnailUrl":"https:\/\/mentorkit.com\/wp-content\/uploads\/2025\/05\/pexels-photo-6968173.jpeg","datePublished":"2025-05-07T10:19:50+00:00","dateModified":"2026-03-30T20:31:06+00:00","description":"Get a free MentorKit account and start creating online courses in minutes. Try a powerful LMS and course creator with a 30-day free trial.","breadcrumb":{"@id":"https:\/\/mentorkit.com\/get-a-free-account\/#breadcrumb"},"inLanguage":"sv-SE","potentialAction":[{"@type":"ReadAction","target":["https:\/\/mentorkit.com\/get-a-free-account\/"]}]},{"@type":"ImageObject","inLanguage":"sv-SE","@id":"https:\/\/mentorkit.com\/get-a-free-account\/#primaryimage","url":"https:\/\/mentorkit.com\/wp-content\/uploads\/2025\/05\/pexels-photo-6968173.jpeg","contentUrl":"https:\/\/mentorkit.com\/wp-content\/uploads\/2025\/05\/pexels-photo-6968173.jpeg","width":700,"height":1050,"caption":"Take one minute to fill out the form and you will get access immediately"},{"@type":"BreadcrumbList","@id":"https:\/\/mentorkit.com\/get-a-free-account\/#breadcrumb","itemListElement":[{"@type":"ListItem","position":1,"name":"Home","item":"https:\/\/mentorkit.com\/"},{"@type":"ListItem","position":2,"name":"Try for free the best 100% EU and GDPR secure e-learning tool for digital course production."}]},{"@type":"WebSite","@id":"https:\/\/mentorkit.com\/#website","url":"https:\/\/mentorkit.com\/","name":"MentorKit","description":"Ett helt nytt, banbrytande, helt molnbaserat, norsktillverkat f\u00f6rfattarverktyg f\u00f6r att skapa digitalt l\u00e4rande. Kurserna \u00e4r responsiva, vilket inneb\u00e4r att inneh\u00e5llet anpassar sig till sk\u00e4rmen oavsett om det \u00e4r p\u00e5 en telefon, surfplatta eller dator.","publisher":{"@id":"https:\/\/mentorkit.com\/#organization"},"potentialAction":[{"@type":"SearchAction","target":{"@type":"EntryPoint","urlTemplate":"https:\/\/mentorkit.com\/?s={search_term_string}"},"query-input":{"@type":"PropertyValueSpecification","valueRequired":true,"valueName":"search_term_string"}}],"inLanguage":"sv-SE"},{"@type":"Organization","@id":"https:\/\/mentorkit.com\/#organization","name":"Norsk Interaktiv AB","url":"https:\/\/mentorkit.com\/","logo":{"@type":"ImageObject","inLanguage":"sv-SE","@id":"https:\/\/mentorkit.com\/#\/schema\/logo\/image\/","url":"https:\/\/mentorkit.com\/wp-content\/uploads\/2025\/09\/MentorKit-LOGO-White-Horizontal.svg","contentUrl":"https:\/\/mentorkit.com\/wp-content\/uploads\/2025\/09\/MentorKit-LOGO-White-Horizontal.svg","caption":"Norsk Interaktiv AS"},"image":{"@id":"https:\/\/mentorkit.com\/#\/schema\/logo\/image\/"},"sameAs":["https:\/\/www.facebook.com\/nettkurs","https:\/\/www.youtube.com\/@mentorkit"]}]}},"_links":{"self":[{"href":"https:\/\/mentorkit.com\/se\/wp-json\/wp\/v2\/pages\/1003","targetHints":{"allow":["GET"]}}],"collection":[{"href":"https:\/\/mentorkit.com\/se\/wp-json\/wp\/v2\/pages"}],"about":[{"href":"https:\/\/mentorkit.com\/se\/wp-json\/wp\/v2\/types\/page"}],"author":[{"embeddable":true,"href":"https:\/\/mentorkit.com\/se\/wp-json\/wp\/v2\/users\/1"}],"replies":[{"embeddable":true,"href":"https:\/\/mentorkit.com\/se\/wp-json\/wp\/v2\/comments?post=1003"}],"version-history":[{"count":11,"href":"https:\/\/mentorkit.com\/se\/wp-json\/wp\/v2\/pages\/1003\/revisions"}],"predecessor-version":[{"id":2968,"href":"https:\/\/mentorkit.com\/se\/wp-json\/wp\/v2\/pages\/1003\/revisions\/2968"}],"wp:featuredmedia":[{"embeddable":true,"href":"https:\/\/mentorkit.com\/se\/wp-json\/wp\/v2\/media\/31"}],"wp:attachment":[{"href":"https:\/\/mentorkit.com\/se\/wp-json\/wp\/v2\/media?parent=1003"}],"curies":[{"name":"wp","href":"https:\/\/api.w.org\/{rel}","templated":true}]}}