{"id":2268,"date":"2026-02-09T16:05:06","date_gmt":"2026-02-09T15:05:06","guid":{"rendered":"https:\/\/mentorkit.com\/?page_id=2268"},"modified":"2026-03-30T23:01:04","modified_gmt":"2026-03-30T21:01:04","slug":"customer-stories","status":"publish","type":"page","link":"https:\/\/mentorkit.com\/no\/customer-stories\/","title":{"rendered":"Kundehistorier"},"content":{"rendered":"<h1>\n\t\t\tKundefortellinger fra ekte l\u00e6ringsplattformer\t<\/h1>\n\t<p>Se hvordan organisasjoner bruker MentorKit til \u00e5 lage, levere og skalere digital l\u00e6ring. Disse kundehistoriene viser hvordan selskaper bruker begge v\u00e5re <b>kursutvikler og LMS-plattform<\/b> for \u00e5 forbedre oppl\u00e6ring, introduksjon og kunnskapsdeling.<\/p>\n<p>MentorKit brukes av organisasjoner som trenger mer enn et standard LMS. Noen bruker MentorKit Course Creator til \u00e5 bygge engasjerende nettkurs internt. Andre bruker hele plattformen til b\u00e5de \u00e5 lage og levere l\u00e6ring gjennom MentorKit LMS. Som et resultat fremhever disse kundehistoriene hvordan ulike team forvandler kunnskap til strukturert digital l\u00e6ring.<\/p>\n\t\t\t<a href=\"#more\"  target=\"_self\">\n\t\t\t\t\t\t\tLes mer om dette\n\t\t\t<\/a>\n\t\t\t<a href=\"https:\/\/mentorkit.com\/no\/product-suite-overview\/\"  target=\"_self\">\n\t\t\t\t\t\t\tOversikt over produktpakken\n\t\t\t<\/a>\n<figure itemscope itemtype=\"https:\/\/schema.org\/ImageObject\">\n\t\t\t\t<img decoding=\"async\" src=\"https:\/\/mentorkit.com\/wp-content\/uploads\/2026\/02\/customer-stories.jpg\" alt=\"Some of Our Clients Trusted by Industry Leaders Real stories from our customers\" height=\"1486\" width=\"2386\" title=\"kundehistorier\" onerror=\"this.style.display='none'\" loading=\"lazy\" \/>\n\t<\/figure>\n<h2>\n\t\t\tHvordan kunder bruker MentorKit\t<\/h2>\n\t<p>V\u00e5re kundehistorier viser hvordan MentorKit st\u00f8tter ulike l\u00e6ringsbehov i praksis. For eksempel bruker kunder MentorKit til \u00e5:<\/p>\n<ul>\n<li>\n<p>opprett nettkurs med egne fageksperter<\/p>\n<\/li>\n<li>\n<p>levere onboarding- og oppl\u00e6ringskurs<\/p>\n<\/li>\n<li>\n<p>h\u00e5ndtere l\u00e6ring p\u00e5 tvers av team og avdelinger<\/p>\n<\/li>\n<li>\n<p>selge kurs gjennom sin egen plattform<\/p>\n<\/li>\n<li>\n<p>Kombiner kursutvikling og LMS-levering i ett oppsett<\/p>\n<\/li>\n<\/ul>\n<p>Fordi MentorKit inkluderer b\u00e5de en kursmaker og LMS-alternativer, kan organisasjoner velge oppsettet som passer deres behov i dag og skalere over tid.<\/p>\n\n<h2>\n\t\t\tMer enn et LMS\t<\/h2>\n\t<p>MentorKit er mer enn et l\u00e6ringsplattformsystem. Det inkluderer ogs\u00e5 et kraftig verkt\u00f8y for kursutvikling som hjelper team med \u00e5 bygge engasjerende og profesjonelle digitale kurs uten un\u00f8dvendig kompleksitet.<\/p>\n<p>Dette betyr at kundehistorier p\u00e5 denne siden ikke bare handler om kurslevering. De handler ogs\u00e5 om raskere kursutvikling, bedre arbeidsflyt og mer kontroll over l\u00e6ringsinnhold.<\/p>\n<p>Du kan l\u00e6re mer om \u00e5pne l\u00e6ringsstandarder her <a href=\"https:\/\/scorm.com\" target=\"_blank\" rel=\"noopener\">scorm.com.<\/a><\/p>\n\t\t\t<a href=\"#more\"  target=\"_self\">\n\t\t\t\t\t\t\tLes mer om dette\n\t\t\t<\/a>\n\t\t\t<a href=\"https:\/\/mentorkit.com\/no\/product-suite-overview\/\"  target=\"_self\">\n\t\t\t\t\t\t\tOversikt over produktpakken\n\t\t\t<\/a>","protected":false},"excerpt":{"rendered":"<p>Customer stories from real learning platforms See how organizations use MentorKit to create, deliver, and scale digital learning. These customer [&hellip;]<\/p>\n","protected":false},"author":2,"featured_media":2269,"parent":0,"menu_order":0,"comment_status":"closed","ping_status":"closed","template":"","meta":{"_acf_changed":false,"site-sidebar-layout":"default","site-content-layout":"","ast-site-content-layout":"default","site-content-style":"default","site-sidebar-style":"default","ast-global-header-display":"","ast-banner-title-visibility":"","ast-main-header-display":"","ast-hfb-above-header-display":"","ast-hfb-below-header-display":"","ast-hfb-mobile-header-display":"","site-post-title":"disabled","ast-breadcrumbs-content":"","ast-featured-img":"disabled","footer-sml-layout":"","ast-disable-related-posts":"","theme-transparent-header-meta":"","adv-header-id-meta":"","stick-header-meta":"","header-above-stick-meta":"","header-main-stick-meta":"","header-below-stick-meta":"","astra-migrate-meta-layouts":"default","ast-page-background-enabled":"default","ast-page-background-meta":{"desktop":{"background-color":"var(--ast-global-color-4)","background-image":"","background-repeat":"repeat","background-position":"center center","background-size":"auto","background-attachment":"scroll","background-type":"","background-media":"","overlay-type":"","overlay-color":"","overlay-opacity":"","overlay-gradient":""},"tablet":{"background-color":"","background-image":"","background-repeat":"repeat","background-position":"center center","background-size":"auto","background-attachment":"scroll","background-type":"","background-media":"","overlay-type":"","overlay-color":"","overlay-opacity":"","overlay-gradient":""},"mobile":{"background-color":"","background-image":"","background-repeat":"repeat","background-position":"center center","background-size":"auto","background-attachment":"scroll","background-type":"","background-media":"","overlay-type":"","overlay-color":"","overlay-opacity":"","overlay-gradient":""}},"ast-content-background-meta":{"desktop":{"background-color":"var(--ast-global-color-5)","background-image":"","background-repeat":"repeat","background-position":"center center","background-size":"auto","background-attachment":"scroll","background-type":"","background-media":"","overlay-type":"","overlay-color":"","overlay-opacity":"","overlay-gradient":""},"tablet":{"background-color":"var(--ast-global-color-5)","background-image":"","background-repeat":"repeat","background-position":"center center","background-size":"auto","background-attachment":"scroll","background-type":"","background-media":"","overlay-type":"","overlay-color":"","overlay-opacity":"","overlay-gradient":""},"mobile":{"background-color":"var(--ast-global-color-5)","background-image":"","background-repeat":"repeat","background-position":"center center","background-size":"auto","background-attachment":"scroll","background-type":"","background-media":"","overlay-type":"","overlay-color":"","overlay-opacity":"","overlay-gradient":""}},"footnotes":""},"class_list":["post-2268","page","type-page","status-publish","has-post-thumbnail","hentry"],"acf":[],"yoast_head":"<!-- This site is optimized with the Yoast SEO Premium plugin v27.3 (Yoast SEO v27.3) - https:\/\/yoast.com\/product\/yoast-seo-premium-wordpress\/ -->\n<title>Employee Training Strategies for Business Success - MentorKit<\/title>\n<meta name=\"description\" content=\"Explore effective employee training methods with MentorKit. Discover how organizations enhance skills and knowledge through tailored programs.\" \/>\n<meta name=\"robots\" content=\"index, follow, max-snippet:-1, max-image-preview:large, max-video-preview:-1\" \/>\n<link rel=\"canonical\" href=\"https:\/\/mentorkit.com\/no\/customer-stories\/\" \/>\n<meta property=\"og:locale\" content=\"nb_NO\" \/>\n<meta property=\"og:type\" content=\"article\" \/>\n<meta property=\"og:title\" content=\"Customer stories\" \/>\n<meta property=\"og:description\" content=\"Explore effective employee training methods with MentorKit. Discover how organizations enhance skills and knowledge through tailored programs.\" \/>\n<meta property=\"og:url\" content=\"https:\/\/mentorkit.com\/no\/customer-stories\/\" \/>\n<meta property=\"og:site_name\" content=\"MentorKit\" \/>\n<meta property=\"article:publisher\" content=\"https:\/\/www.facebook.com\/nettkurs\" \/>\n<meta property=\"article:modified_time\" content=\"2026-03-30T21:01:04+00:00\" \/>\n<meta property=\"og:image\" content=\"https:\/\/mentorkit.com\/wp-content\/uploads\/2026\/02\/customer-stories-1024x638.jpg\" \/>\n\t<meta property=\"og:image:width\" content=\"1024\" \/>\n\t<meta property=\"og:image:height\" content=\"638\" \/>\n\t<meta property=\"og:image:type\" content=\"image\/jpeg\" \/>\n<meta name=\"twitter:card\" content=\"summary_large_image\" \/>\n<meta name=\"twitter:label1\" content=\"Ansl. lesetid\" \/>\n\t<meta name=\"twitter:data1\" content=\"2 minutter\" \/>\n<script type=\"application\/ld+json\" class=\"yoast-schema-graph\">{\"@context\":\"https:\\\/\\\/schema.org\",\"@graph\":[{\"@type\":\"WebPage\",\"@id\":\"https:\\\/\\\/mentorkit.com\\\/customer-stories\\\/\",\"url\":\"https:\\\/\\\/mentorkit.com\\\/customer-stories\\\/\",\"name\":\"Employee Training Strategies for Business Success - MentorKit\",\"isPartOf\":{\"@id\":\"https:\\\/\\\/mentorkit.com\\\/#website\"},\"primaryImageOfPage\":{\"@id\":\"https:\\\/\\\/mentorkit.com\\\/customer-stories\\\/#primaryimage\"},\"image\":{\"@id\":\"https:\\\/\\\/mentorkit.com\\\/customer-stories\\\/#primaryimage\"},\"thumbnailUrl\":\"https:\\\/\\\/mentorkit.com\\\/wp-content\\\/uploads\\\/2026\\\/02\\\/customer-stories.jpg\",\"datePublished\":\"2026-02-09T15:05:06+00:00\",\"dateModified\":\"2026-03-30T21:01:04+00:00\",\"description\":\"Explore effective employee training methods with MentorKit. Discover how organizations enhance skills and knowledge through tailored programs.\",\"breadcrumb\":{\"@id\":\"https:\\\/\\\/mentorkit.com\\\/customer-stories\\\/#breadcrumb\"},\"inLanguage\":\"nb-NO\",\"potentialAction\":[{\"@type\":\"ReadAction\",\"target\":[\"https:\\\/\\\/mentorkit.com\\\/customer-stories\\\/\"]}]},{\"@type\":\"ImageObject\",\"inLanguage\":\"nb-NO\",\"@id\":\"https:\\\/\\\/mentorkit.com\\\/customer-stories\\\/#primaryimage\",\"url\":\"https:\\\/\\\/mentorkit.com\\\/wp-content\\\/uploads\\\/2026\\\/02\\\/customer-stories.jpg\",\"contentUrl\":\"https:\\\/\\\/mentorkit.com\\\/wp-content\\\/uploads\\\/2026\\\/02\\\/customer-stories.jpg\",\"width\":2386,\"height\":1486,\"caption\":\"Some of Our Clients Trusted by Industry Leaders Real stories from our customers\"},{\"@type\":\"BreadcrumbList\",\"@id\":\"https:\\\/\\\/mentorkit.com\\\/customer-stories\\\/#breadcrumb\",\"itemListElement\":[{\"@type\":\"ListItem\",\"position\":1,\"name\":\"Home\",\"item\":\"https:\\\/\\\/mentorkit.com\\\/\"},{\"@type\":\"ListItem\",\"position\":2,\"name\":\"Customer stories\"}]},{\"@type\":\"WebSite\",\"@id\":\"https:\\\/\\\/mentorkit.com\\\/#website\",\"url\":\"https:\\\/\\\/mentorkit.com\\\/\",\"name\":\"MentorKit\",\"description\":\"a brand new, groundbreaking, fully cloud-based, Norwegian-made authoring tool for creating digital learning. The courses are responsive, meaning the content adapts to the screen whether it\u2019s on a phone, tablet, or PC\",\"publisher\":{\"@id\":\"https:\\\/\\\/mentorkit.com\\\/#organization\"},\"potentialAction\":[{\"@type\":\"SearchAction\",\"target\":{\"@type\":\"EntryPoint\",\"urlTemplate\":\"https:\\\/\\\/mentorkit.com\\\/?s={search_term_string}\"},\"query-input\":{\"@type\":\"PropertyValueSpecification\",\"valueRequired\":true,\"valueName\":\"search_term_string\"}}],\"inLanguage\":\"nb-NO\"},{\"@type\":\"Organization\",\"@id\":\"https:\\\/\\\/mentorkit.com\\\/#organization\",\"name\":\"Norsk Interaktiv AS\",\"url\":\"https:\\\/\\\/mentorkit.com\\\/\",\"logo\":{\"@type\":\"ImageObject\",\"inLanguage\":\"nb-NO\",\"@id\":\"https:\\\/\\\/mentorkit.com\\\/#\\\/schema\\\/logo\\\/image\\\/\",\"url\":\"https:\\\/\\\/mentorkit.com\\\/wp-content\\\/uploads\\\/2025\\\/09\\\/MentorKit-LOGO-White-Horizontal.svg\",\"contentUrl\":\"https:\\\/\\\/mentorkit.com\\\/wp-content\\\/uploads\\\/2025\\\/09\\\/MentorKit-LOGO-White-Horizontal.svg\",\"caption\":\"Norsk Interaktiv AS\"},\"image\":{\"@id\":\"https:\\\/\\\/mentorkit.com\\\/#\\\/schema\\\/logo\\\/image\\\/\"},\"sameAs\":[\"https:\\\/\\\/www.facebook.com\\\/nettkurs\",\"https:\\\/\\\/www.youtube.com\\\/@mentorkit\"]}]}<\/script>\n<!-- \/ Yoast SEO Premium plugin. -->","yoast_head_json":{"title":"Employee Training Strategies for Business Success - MentorKit","description":"Explore effective employee training methods with MentorKit. Discover how organizations enhance skills and knowledge through tailored programs.","robots":{"index":"index","follow":"follow","max-snippet":"max-snippet:-1","max-image-preview":"max-image-preview:large","max-video-preview":"max-video-preview:-1"},"canonical":"https:\/\/mentorkit.com\/no\/customer-stories\/","og_locale":"nb_NO","og_type":"article","og_title":"Customer stories","og_description":"Explore effective employee training methods with MentorKit. Discover how organizations enhance skills and knowledge through tailored programs.","og_url":"https:\/\/mentorkit.com\/no\/customer-stories\/","og_site_name":"MentorKit","article_publisher":"https:\/\/www.facebook.com\/nettkurs","article_modified_time":"2026-03-30T21:01:04+00:00","og_image":[{"width":1024,"height":638,"url":"https:\/\/mentorkit.com\/wp-content\/uploads\/2026\/02\/customer-stories-1024x638.jpg","type":"image\/jpeg"}],"twitter_card":"summary_large_image","twitter_misc":{"Ansl. lesetid":"2 minutter"},"schema":{"@context":"https:\/\/schema.org","@graph":[{"@type":"WebPage","@id":"https:\/\/mentorkit.com\/customer-stories\/","url":"https:\/\/mentorkit.com\/customer-stories\/","name":"Employee Training Strategies for Business Success - MentorKit","isPartOf":{"@id":"https:\/\/mentorkit.com\/#website"},"primaryImageOfPage":{"@id":"https:\/\/mentorkit.com\/customer-stories\/#primaryimage"},"image":{"@id":"https:\/\/mentorkit.com\/customer-stories\/#primaryimage"},"thumbnailUrl":"https:\/\/mentorkit.com\/wp-content\/uploads\/2026\/02\/customer-stories.jpg","datePublished":"2026-02-09T15:05:06+00:00","dateModified":"2026-03-30T21:01:04+00:00","description":"Explore effective employee training methods with MentorKit. Discover how organizations enhance skills and knowledge through tailored programs.","breadcrumb":{"@id":"https:\/\/mentorkit.com\/customer-stories\/#breadcrumb"},"inLanguage":"nb-NO","potentialAction":[{"@type":"ReadAction","target":["https:\/\/mentorkit.com\/customer-stories\/"]}]},{"@type":"ImageObject","inLanguage":"nb-NO","@id":"https:\/\/mentorkit.com\/customer-stories\/#primaryimage","url":"https:\/\/mentorkit.com\/wp-content\/uploads\/2026\/02\/customer-stories.jpg","contentUrl":"https:\/\/mentorkit.com\/wp-content\/uploads\/2026\/02\/customer-stories.jpg","width":2386,"height":1486,"caption":"Some of Our Clients Trusted by Industry Leaders Real stories from our customers"},{"@type":"BreadcrumbList","@id":"https:\/\/mentorkit.com\/customer-stories\/#breadcrumb","itemListElement":[{"@type":"ListItem","position":1,"name":"Home","item":"https:\/\/mentorkit.com\/"},{"@type":"ListItem","position":2,"name":"Customer stories"}]},{"@type":"WebSite","@id":"https:\/\/mentorkit.com\/#website","url":"https:\/\/mentorkit.com\/","name":"MentorKit","description":"et helt nytt, banebrytende, skybasert og norskutviklet forfatterverkt\u00f8y for digital l\u00e6ring. Kursene er responsive, noe som betyr at innholdet tilpasser seg skjermen enten det er p\u00e5 en telefon, et nettbrett eller en PC.","publisher":{"@id":"https:\/\/mentorkit.com\/#organization"},"potentialAction":[{"@type":"SearchAction","target":{"@type":"EntryPoint","urlTemplate":"https:\/\/mentorkit.com\/?s={search_term_string}"},"query-input":{"@type":"PropertyValueSpecification","valueRequired":true,"valueName":"search_term_string"}}],"inLanguage":"nb-NO"},{"@type":"Organization","@id":"https:\/\/mentorkit.com\/#organization","name":"Norsk Interaktiv AS","url":"https:\/\/mentorkit.com\/","logo":{"@type":"ImageObject","inLanguage":"nb-NO","@id":"https:\/\/mentorkit.com\/#\/schema\/logo\/image\/","url":"https:\/\/mentorkit.com\/wp-content\/uploads\/2025\/09\/MentorKit-LOGO-White-Horizontal.svg","contentUrl":"https:\/\/mentorkit.com\/wp-content\/uploads\/2025\/09\/MentorKit-LOGO-White-Horizontal.svg","caption":"Norsk Interaktiv AS"},"image":{"@id":"https:\/\/mentorkit.com\/#\/schema\/logo\/image\/"},"sameAs":["https:\/\/www.facebook.com\/nettkurs","https:\/\/www.youtube.com\/@mentorkit"]}]}},"_links":{"self":[{"href":"https:\/\/mentorkit.com\/no\/wp-json\/wp\/v2\/pages\/2268","targetHints":{"allow":["GET"]}}],"collection":[{"href":"https:\/\/mentorkit.com\/no\/wp-json\/wp\/v2\/pages"}],"about":[{"href":"https:\/\/mentorkit.com\/no\/wp-json\/wp\/v2\/types\/page"}],"author":[{"embeddable":true,"href":"https:\/\/mentorkit.com\/no\/wp-json\/wp\/v2\/users\/2"}],"replies":[{"embeddable":true,"href":"https:\/\/mentorkit.com\/no\/wp-json\/wp\/v2\/comments?post=2268"}],"version-history":[{"count":11,"href":"https:\/\/mentorkit.com\/no\/wp-json\/wp\/v2\/pages\/2268\/revisions"}],"predecessor-version":[{"id":2973,"href":"https:\/\/mentorkit.com\/no\/wp-json\/wp\/v2\/pages\/2268\/revisions\/2973"}],"wp:featuredmedia":[{"embeddable":true,"href":"https:\/\/mentorkit.com\/no\/wp-json\/wp\/v2\/media\/2269"}],"wp:attachment":[{"href":"https:\/\/mentorkit.com\/no\/wp-json\/wp\/v2\/media?parent=2268"}],"curies":[{"name":"wp","href":"https:\/\/api.w.org\/{rel}","templated":true}]}}