{"id":2110,"date":"2026-02-05T15:10:42","date_gmt":"2026-02-05T14:10:42","guid":{"rendered":"https:\/\/mentorkit.com\/?page_id=2110"},"modified":"2026-03-31T00:32:45","modified_gmt":"2026-03-30T22:32:45","slug":"book-a-demo","status":"publish","type":"page","link":"https:\/\/mentorkit.com\/no\/book-a-demo\/","title":{"rendered":"Bestill en demo"},"content":{"rendered":"<h6>\n\t\t<a href=\"https:\/\/mentorkit.com\/no\/suite-classic-integrated-course-creation-lms-platform\/\" title=\"Bestill en demo\"  target=\"_self\">\n\t\t\tBestill en demo\t\t<\/a>\n\t<\/h6>\n<figure itemscope itemtype=\"https:\/\/schema.org\/ImageObject\">\n\t\t\t\t<img decoding=\"async\" src=\"https:\/\/mentorkit.com\/wp-content\/uploads\/2026\/03\/Mentorkit-Assist-black.svg\" alt=\"Mentorkit Assist black\" title=\"Mentorkit Assist svart\" onerror=\"this.style.display='none'\" loading=\"lazy\" \/>\n\t<\/figure>\n<h1>\n\t\t\tSe hvordan MentorKit passer til ditt l\u00e6ringsoppsett\t<\/h1>\n<figure itemscope itemtype=\"https:\/\/schema.org\/ImageObject\">\n\t\t\t\t<img decoding=\"async\" src=\"https:\/\/mentorkit.com\/wp-content\/uploads\/2026\/01\/little-break-2021-09-24-02-53-49-utc-scaled.jpg\" alt=\"Onboarding &amp; Training\" title=\"Onboarding og oppl\u00e6ring\" onerror=\"this.style.display='none'\" loading=\"lazy\" \/>\n\t<\/figure>\n\t<p><b>Bestill en demo og finn ut hvordan MentorKit kan hjelpe deg med \u00e5 skape, levere og skalere digital l\u00e6ring.<\/b><\/p>\n<p>Enten du er p\u00e5 utkikk etter et kursverkt\u00f8y, et velpr\u00f8vd LMS eller en komplett l\u00e6ringsplattform, vil vi veilede deg gjennom det oppsettet som passer dine behov.<\/p>\n<p>\u00c5 velge riktig plattform for digital l\u00e6ring handler ikke bare om funksjoner. Det handler om \u00e5 finne en l\u00f8sning som passer din organisasjon, dine arbeidsflyter og dine langsiktige m\u00e5l.<\/p>\n<p>Derfor anbefaler vi at du starter med en demo.<\/p>\n<p>En MentorKit-demo gir deg en klar forst\u00e5else av hvordan plattformen fungerer i virkelige scenarier. I stedet for generiske presentasjoner fokuserer vi p\u00e5 \u00e5 vise hvordan du kan skape, administrere og levere l\u00e6ring p\u00e5 en m\u00e5te som passer ditt oppsett.<\/p>\n\t\t\t<a href=\"#bookdemo\"  target=\"_self\">\n\t\t\t\t\t\t\tVelg en tidsluke\n\t\t\t<\/a>\n\t\t\t<a href=\"https:\/\/mentorkit.com\/no\/product-suite-overview\/\"  target=\"_self\">\n\t\t\t\t\t\t\tOversikt over produktpakken\n\t\t\t<\/a>\n\t\n<iframe width='100%' height='1080px' src='https:\/\/bookings.mentorkit.com\/portal-embed#\/111186000002806060' frameborder='0' allowfullscreen=''> <\/iframe>","protected":false},"excerpt":{"rendered":"<p>Book a demo See how MentorKit fits your learning setup Book a demo and discover how MentorKit can help you [&hellip;]<\/p>\n","protected":false},"author":2,"featured_media":1643,"parent":0,"menu_order":0,"comment_status":"closed","ping_status":"closed","template":"","meta":{"_acf_changed":false,"site-sidebar-layout":"default","site-content-layout":"","ast-site-content-layout":"default","site-content-style":"default","site-sidebar-style":"default","ast-global-header-display":"","ast-banner-title-visibility":"","ast-main-header-display":"","ast-hfb-above-header-display":"","ast-hfb-below-header-display":"","ast-hfb-mobile-header-display":"","site-post-title":"disabled","ast-breadcrumbs-content":"","ast-featured-img":"disabled","footer-sml-layout":"","ast-disable-related-posts":"","theme-transparent-header-meta":"","adv-header-id-meta":"","stick-header-meta":"","header-above-stick-meta":"","header-main-stick-meta":"","header-below-stick-meta":"","astra-migrate-meta-layouts":"default","ast-page-background-enabled":"default","ast-page-background-meta":{"desktop":{"background-color":"var(--ast-global-color-4)","background-image":"","background-repeat":"repeat","background-position":"center center","background-size":"auto","background-attachment":"scroll","background-type":"","background-media":"","overlay-type":"","overlay-color":"","overlay-opacity":"","overlay-gradient":""},"tablet":{"background-color":"","background-image":"","background-repeat":"repeat","background-position":"center center","background-size":"auto","background-attachment":"scroll","background-type":"","background-media":"","overlay-type":"","overlay-color":"","overlay-opacity":"","overlay-gradient":""},"mobile":{"background-color":"","background-image":"","background-repeat":"repeat","background-position":"center center","background-size":"auto","background-attachment":"scroll","background-type":"","background-media":"","overlay-type":"","overlay-color":"","overlay-opacity":"","overlay-gradient":""}},"ast-content-background-meta":{"desktop":{"background-color":"var(--ast-global-color-5)","background-image":"","background-repeat":"repeat","background-position":"center center","background-size":"auto","background-attachment":"scroll","background-type":"","background-media":"","overlay-type":"","overlay-color":"","overlay-opacity":"","overlay-gradient":""},"tablet":{"background-color":"var(--ast-global-color-5)","background-image":"","background-repeat":"repeat","background-position":"center center","background-size":"auto","background-attachment":"scroll","background-type":"","background-media":"","overlay-type":"","overlay-color":"","overlay-opacity":"","overlay-gradient":""},"mobile":{"background-color":"var(--ast-global-color-5)","background-image":"","background-repeat":"repeat","background-position":"center center","background-size":"auto","background-attachment":"scroll","background-type":"","background-media":"","overlay-type":"","overlay-color":"","overlay-opacity":"","overlay-gradient":""}},"footnotes":""},"class_list":["post-2110","page","type-page","status-publish","has-post-thumbnail","hentry"],"acf":[],"yoast_head":"<!-- This site is optimized with the Yoast SEO Premium plugin v27.3 (Yoast SEO v27.3) - https:\/\/yoast.com\/product\/yoast-seo-premium-wordpress\/ -->\n<title>Book Demo E-Learning to Enhance Learning Experience<\/title>\n<meta name=\"description\" content=\"Get started with your learning journey. Book demo e-learning to explore innovative educational solutions today.\" \/>\n<meta name=\"robots\" content=\"index, follow, max-snippet:-1, max-image-preview:large, max-video-preview:-1\" \/>\n<link rel=\"canonical\" href=\"https:\/\/mentorkit.com\/no\/book-a-demo\/\" \/>\n<meta property=\"og:locale\" content=\"nb_NO\" \/>\n<meta property=\"og:type\" content=\"article\" \/>\n<meta property=\"og:title\" content=\"Book a demo\" \/>\n<meta property=\"og:description\" content=\"Get started with your learning journey. Book demo e-learning to explore innovative educational solutions today.\" \/>\n<meta property=\"og:url\" content=\"https:\/\/mentorkit.com\/no\/book-a-demo\/\" \/>\n<meta property=\"og:site_name\" content=\"MentorKit\" \/>\n<meta property=\"article:publisher\" content=\"https:\/\/www.facebook.com\/nettkurs\" \/>\n<meta property=\"article:modified_time\" content=\"2026-03-30T22:32:45+00:00\" \/>\n<meta property=\"og:image\" content=\"https:\/\/mentorkit.com\/wp-content\/uploads\/2026\/01\/smiling-young-female-worker-sitting-with-laptop-2024-10-02-17-09-27-utc.jpg\" \/>\n\t<meta property=\"og:image:width\" content=\"2048\" \/>\n\t<meta property=\"og:image:height\" content=\"1365\" \/>\n\t<meta property=\"og:image:type\" content=\"image\/jpeg\" \/>\n<meta name=\"twitter:card\" content=\"summary_large_image\" \/>\n<meta name=\"twitter:label1\" content=\"Ansl. lesetid\" \/>\n\t<meta name=\"twitter:data1\" content=\"2 minutter\" \/>\n<script type=\"application\/ld+json\" class=\"yoast-schema-graph\">{\"@context\":\"https:\\\/\\\/schema.org\",\"@graph\":[{\"@type\":\"WebPage\",\"@id\":\"https:\\\/\\\/mentorkit.com\\\/book-a-demo\\\/\",\"url\":\"https:\\\/\\\/mentorkit.com\\\/book-a-demo\\\/\",\"name\":\"Book Demo E-Learning to Enhance Learning Experience\",\"isPartOf\":{\"@id\":\"https:\\\/\\\/mentorkit.com\\\/#website\"},\"primaryImageOfPage\":{\"@id\":\"https:\\\/\\\/mentorkit.com\\\/book-a-demo\\\/#primaryimage\"},\"image\":{\"@id\":\"https:\\\/\\\/mentorkit.com\\\/book-a-demo\\\/#primaryimage\"},\"thumbnailUrl\":\"https:\\\/\\\/mentorkit.com\\\/wp-content\\\/uploads\\\/2026\\\/01\\\/smiling-young-female-worker-sitting-with-laptop-2024-10-02-17-09-27-utc.jpg\",\"datePublished\":\"2026-02-05T14:10:42+00:00\",\"dateModified\":\"2026-03-30T22:32:45+00:00\",\"description\":\"Get started with your learning journey. Book demo e-learning to explore innovative educational solutions today.\",\"breadcrumb\":{\"@id\":\"https:\\\/\\\/mentorkit.com\\\/book-a-demo\\\/#breadcrumb\"},\"inLanguage\":\"nb-NO\",\"potentialAction\":[{\"@type\":\"ReadAction\",\"target\":[\"https:\\\/\\\/mentorkit.com\\\/book-a-demo\\\/\"]}]},{\"@type\":\"ImageObject\",\"inLanguage\":\"nb-NO\",\"@id\":\"https:\\\/\\\/mentorkit.com\\\/book-a-demo\\\/#primaryimage\",\"url\":\"https:\\\/\\\/mentorkit.com\\\/wp-content\\\/uploads\\\/2026\\\/01\\\/smiling-young-female-worker-sitting-with-laptop-2024-10-02-17-09-27-utc.jpg\",\"contentUrl\":\"https:\\\/\\\/mentorkit.com\\\/wp-content\\\/uploads\\\/2026\\\/01\\\/smiling-young-female-worker-sitting-with-laptop-2024-10-02-17-09-27-utc.jpg\",\"width\":2048,\"height\":1365,\"caption\":\"Cheerful Young Woman Sitting At Her Desk With Papers, Posing And Smiling At Camera\"},{\"@type\":\"BreadcrumbList\",\"@id\":\"https:\\\/\\\/mentorkit.com\\\/book-a-demo\\\/#breadcrumb\",\"itemListElement\":[{\"@type\":\"ListItem\",\"position\":1,\"name\":\"Home\",\"item\":\"https:\\\/\\\/mentorkit.com\\\/\"},{\"@type\":\"ListItem\",\"position\":2,\"name\":\"Book a demo\"}]},{\"@type\":\"WebSite\",\"@id\":\"https:\\\/\\\/mentorkit.com\\\/#website\",\"url\":\"https:\\\/\\\/mentorkit.com\\\/\",\"name\":\"MentorKit\",\"description\":\"a brand new, groundbreaking, fully cloud-based, Norwegian-made authoring tool for creating digital learning. The courses are responsive, meaning the content adapts to the screen whether it\u2019s on a phone, tablet, or PC\",\"publisher\":{\"@id\":\"https:\\\/\\\/mentorkit.com\\\/#organization\"},\"potentialAction\":[{\"@type\":\"SearchAction\",\"target\":{\"@type\":\"EntryPoint\",\"urlTemplate\":\"https:\\\/\\\/mentorkit.com\\\/?s={search_term_string}\"},\"query-input\":{\"@type\":\"PropertyValueSpecification\",\"valueRequired\":true,\"valueName\":\"search_term_string\"}}],\"inLanguage\":\"nb-NO\"},{\"@type\":\"Organization\",\"@id\":\"https:\\\/\\\/mentorkit.com\\\/#organization\",\"name\":\"Norsk Interaktiv AS\",\"url\":\"https:\\\/\\\/mentorkit.com\\\/\",\"logo\":{\"@type\":\"ImageObject\",\"inLanguage\":\"nb-NO\",\"@id\":\"https:\\\/\\\/mentorkit.com\\\/#\\\/schema\\\/logo\\\/image\\\/\",\"url\":\"https:\\\/\\\/mentorkit.com\\\/wp-content\\\/uploads\\\/2025\\\/09\\\/MentorKit-LOGO-White-Horizontal.svg\",\"contentUrl\":\"https:\\\/\\\/mentorkit.com\\\/wp-content\\\/uploads\\\/2025\\\/09\\\/MentorKit-LOGO-White-Horizontal.svg\",\"caption\":\"Norsk Interaktiv AS\"},\"image\":{\"@id\":\"https:\\\/\\\/mentorkit.com\\\/#\\\/schema\\\/logo\\\/image\\\/\"},\"sameAs\":[\"https:\\\/\\\/www.facebook.com\\\/nettkurs\",\"https:\\\/\\\/www.youtube.com\\\/@mentorkit\"]}]}<\/script>\n<!-- \/ Yoast SEO Premium plugin. -->","yoast_head_json":{"title":"Book Demo E-Learning to Enhance Learning Experience","description":"Get started with your learning journey. Book demo e-learning to explore innovative educational solutions today.","robots":{"index":"index","follow":"follow","max-snippet":"max-snippet:-1","max-image-preview":"max-image-preview:large","max-video-preview":"max-video-preview:-1"},"canonical":"https:\/\/mentorkit.com\/no\/book-a-demo\/","og_locale":"nb_NO","og_type":"article","og_title":"Book a demo","og_description":"Get started with your learning journey. Book demo e-learning to explore innovative educational solutions today.","og_url":"https:\/\/mentorkit.com\/no\/book-a-demo\/","og_site_name":"MentorKit","article_publisher":"https:\/\/www.facebook.com\/nettkurs","article_modified_time":"2026-03-30T22:32:45+00:00","og_image":[{"width":2048,"height":1365,"url":"https:\/\/mentorkit.com\/wp-content\/uploads\/2026\/01\/smiling-young-female-worker-sitting-with-laptop-2024-10-02-17-09-27-utc.jpg","type":"image\/jpeg"}],"twitter_card":"summary_large_image","twitter_misc":{"Ansl. lesetid":"2 minutter"},"schema":{"@context":"https:\/\/schema.org","@graph":[{"@type":"WebPage","@id":"https:\/\/mentorkit.com\/book-a-demo\/","url":"https:\/\/mentorkit.com\/book-a-demo\/","name":"Book Demo E-Learning to Enhance Learning Experience","isPartOf":{"@id":"https:\/\/mentorkit.com\/#website"},"primaryImageOfPage":{"@id":"https:\/\/mentorkit.com\/book-a-demo\/#primaryimage"},"image":{"@id":"https:\/\/mentorkit.com\/book-a-demo\/#primaryimage"},"thumbnailUrl":"https:\/\/mentorkit.com\/wp-content\/uploads\/2026\/01\/smiling-young-female-worker-sitting-with-laptop-2024-10-02-17-09-27-utc.jpg","datePublished":"2026-02-05T14:10:42+00:00","dateModified":"2026-03-30T22:32:45+00:00","description":"Get started with your learning journey. Book demo e-learning to explore innovative educational solutions today.","breadcrumb":{"@id":"https:\/\/mentorkit.com\/book-a-demo\/#breadcrumb"},"inLanguage":"nb-NO","potentialAction":[{"@type":"ReadAction","target":["https:\/\/mentorkit.com\/book-a-demo\/"]}]},{"@type":"ImageObject","inLanguage":"nb-NO","@id":"https:\/\/mentorkit.com\/book-a-demo\/#primaryimage","url":"https:\/\/mentorkit.com\/wp-content\/uploads\/2026\/01\/smiling-young-female-worker-sitting-with-laptop-2024-10-02-17-09-27-utc.jpg","contentUrl":"https:\/\/mentorkit.com\/wp-content\/uploads\/2026\/01\/smiling-young-female-worker-sitting-with-laptop-2024-10-02-17-09-27-utc.jpg","width":2048,"height":1365,"caption":"Cheerful Young Woman Sitting At Her Desk With Papers, Posing And Smiling At Camera"},{"@type":"BreadcrumbList","@id":"https:\/\/mentorkit.com\/book-a-demo\/#breadcrumb","itemListElement":[{"@type":"ListItem","position":1,"name":"Home","item":"https:\/\/mentorkit.com\/"},{"@type":"ListItem","position":2,"name":"Book a demo"}]},{"@type":"WebSite","@id":"https:\/\/mentorkit.com\/#website","url":"https:\/\/mentorkit.com\/","name":"MentorKit","description":"et helt nytt, banebrytende, skybasert og norskutviklet forfatterverkt\u00f8y for digital l\u00e6ring. Kursene er responsive, noe som betyr at innholdet tilpasser seg skjermen enten det er p\u00e5 en telefon, et nettbrett eller en PC.","publisher":{"@id":"https:\/\/mentorkit.com\/#organization"},"potentialAction":[{"@type":"SearchAction","target":{"@type":"EntryPoint","urlTemplate":"https:\/\/mentorkit.com\/?s={search_term_string}"},"query-input":{"@type":"PropertyValueSpecification","valueRequired":true,"valueName":"search_term_string"}}],"inLanguage":"nb-NO"},{"@type":"Organization","@id":"https:\/\/mentorkit.com\/#organization","name":"Norsk Interaktiv AS","url":"https:\/\/mentorkit.com\/","logo":{"@type":"ImageObject","inLanguage":"nb-NO","@id":"https:\/\/mentorkit.com\/#\/schema\/logo\/image\/","url":"https:\/\/mentorkit.com\/wp-content\/uploads\/2025\/09\/MentorKit-LOGO-White-Horizontal.svg","contentUrl":"https:\/\/mentorkit.com\/wp-content\/uploads\/2025\/09\/MentorKit-LOGO-White-Horizontal.svg","caption":"Norsk Interaktiv AS"},"image":{"@id":"https:\/\/mentorkit.com\/#\/schema\/logo\/image\/"},"sameAs":["https:\/\/www.facebook.com\/nettkurs","https:\/\/www.youtube.com\/@mentorkit"]}]}},"_links":{"self":[{"href":"https:\/\/mentorkit.com\/no\/wp-json\/wp\/v2\/pages\/2110","targetHints":{"allow":["GET"]}}],"collection":[{"href":"https:\/\/mentorkit.com\/no\/wp-json\/wp\/v2\/pages"}],"about":[{"href":"https:\/\/mentorkit.com\/no\/wp-json\/wp\/v2\/types\/page"}],"author":[{"embeddable":true,"href":"https:\/\/mentorkit.com\/no\/wp-json\/wp\/v2\/users\/2"}],"replies":[{"embeddable":true,"href":"https:\/\/mentorkit.com\/no\/wp-json\/wp\/v2\/comments?post=2110"}],"version-history":[{"count":9,"href":"https:\/\/mentorkit.com\/no\/wp-json\/wp\/v2\/pages\/2110\/revisions"}],"predecessor-version":[{"id":2984,"href":"https:\/\/mentorkit.com\/no\/wp-json\/wp\/v2\/pages\/2110\/revisions\/2984"}],"wp:featuredmedia":[{"embeddable":true,"href":"https:\/\/mentorkit.com\/no\/wp-json\/wp\/v2\/media\/1643"}],"wp:attachment":[{"href":"https:\/\/mentorkit.com\/no\/wp-json\/wp\/v2\/media?parent=2110"}],"curies":[{"name":"wp","href":"https:\/\/api.w.org\/{rel}","templated":true}]}}