{"id":1943,"date":"2026-01-30T14:19:36","date_gmt":"2026-01-30T13:19:36","guid":{"rendered":"https:\/\/mentorkit.com\/?page_id=1943"},"modified":"2026-03-25T16:11:50","modified_gmt":"2026-03-25T15:11:50","slug":"mentorkit-course-creator-authoring-tool","status":"publish","type":"page","link":"https:\/\/mentorkit.com\/no\/mentorkit-course-creator-authoring-tool\/","title":{"rendered":"MentorKit Course Creator verkt\u00f8yet for kursoppretting"},"content":{"rendered":"<h6>\n\t\t\tAvansert LMS og kursoppretting\t<\/h6>\n<figure itemscope itemtype=\"https:\/\/schema.org\/ImageObject\">\n\t\t\t\t<img decoding=\"async\" src=\"https:\/\/mentorkit.com\/wp-content\/uploads\/2026\/03\/MentorKit-Course-Creator.svg\" alt=\"MentorKit Course Creator\" title=\"MentorKit Course Creator\" onerror=\"this.style.display='none'\" loading=\"lazy\" \/>\n\t<\/figure>\n<h1>\n\t\t\tMentorKit Course Creator verkt\u00f8yet for kursoppretting\t<\/h1>\n\t<p><strong>MentorKit Course Creator<\/strong> er et anerkjent og brukervennlig <strong>forfatterverkt\u00f8y<\/strong> som gj\u00f8r det mulig \u00e5 utvikle engasjerende nettkurs uten koding. Verkt\u00f8yet er fullt skybasert og tilgjengelig direkte i nettleseren, noe som gir en fleksibel og effektiv arbeidsflyt.<\/p>\n\t\t\t<a href=\"https:\/\/mentorkit.com\/no\/get-a-free-account\/#signup\"  target=\"_self\">\n\t\t\t\t\t\t\tKom i gang gratis\n\t\t\t<\/a>\n\t\t\t<a href=\"https:\/\/mentorkit.com\/no\/product-suite-overview\/\"  target=\"_self\">\n\t\t\t\t\t\t\tOversikt over produktpakken\n\t\t\t<\/a>\n<h6>\n\t\t\tDra-og-slipp-redigering og forh\u00e5ndsdesignede maler\t<\/h6>\n<h2>\n\t\t\tIntuitiv kursbygger\t<\/h2>\n\t<p>Dra-og-slipp-redigering og forh\u00e5ndsdesignede maler hjelper deg \u00e5 komme i gang p\u00e5 f\u00e5 minutter, selv uten teknisk bakgrunn. Det er enkelt \u00e5 lage interaktivt innhold som sp\u00f8rrekonkurranser, videoer, animasjoner og dra-og-slipp-\u00f8velser.<\/p>\n\t\t\t<a href=\"https:\/\/mentorkit.com\/no\/get-a-free-account\/#signup\"  target=\"_self\">\n\t\t\t\t\t\t\tKom i gang gratis\n\t\t\t<\/a>\n\t\t\t<a href=\"https:\/\/mentorkit.com\/no\/product-suite-overview\/\"  target=\"_self\">\n\t\t\t\t\t\t\tOversikt over produktpakken\n\t\t\t<\/a>\n<h6>\n\t\t\tAdministrer tilgang med rollebaserte tillatelser\t<\/h6>\n<h2>\n\t\t\tRich Media &#038; AI Tools\t<\/h2>\n\t<p>Inkluder multimedia (bilder, lyd, video) og interaktive vurderinger for \u00e5 gj\u00f8re l\u00e6ringen morsom. Du kan til og med generere voice-over-fortellinger ved hjelp av innebygd AI-tekst-til-tale, noe som sparer tid p\u00e5 opptak. Nylige oppdateringer introduserte <strong>AI voiceover og flerbrukersamarbeid<\/strong>, som gj\u00f8r det mulig for team \u00e5 samforfatte kurs i sanntid.<\/p>\n\t\t\t\t\t<img decoding=\"async\" src=\"https:\/\/mentorkit.com\/wp-content\/uploads\/2026\/02\/Rich-Media-AI-Tools-scaled.jpg\" alt=\"Rich Media &amp; AI Tools\"\/>\n\t\t<h6>\n\t\t\tElevene f\u00e5r en s\u00f8ml\u00f8s opplevelse p\u00e5 alle enheter\t<\/h6>\n<h2>\n\t\t\tResponsiv design\t<\/h2>\n\t<p>Alle kursene du oppretter, er automatisk responsive og tilpasser seg til mobil, nettbrett og datamaskin. Elevene f\u00e5r en s\u00f8ml\u00f8s opplevelse p\u00e5 alle enheter uten ekstra arbeid fra deg.<\/p>\n\t\t\t<a href=\"https:\/\/mentorkit.com\/no\/get-a-free-account\/#signup\"  target=\"_self\">\n\t\t\t\t\t\t\tKom i gang gratis\n\t\t\t<\/a>\n\t\t\t<a href=\"https:\/\/mentorkit.com\/no\/product-suite-overview\/\"  target=\"_self\">\n\t\t\t\t\t\t\tOversikt over produktpakken\n\t\t\t<\/a>\n<h6>\n\t\t\tDin logo og dine farger for \u00e5 f\u00e5 det til \u00e5 f\u00f8les som ditt eget system\t<\/h6>\n<h2>\n\t\t\tSCORM &#038; HTML Export\t<\/h2>\n\t<p>MentorKit st\u00f8tter \u00e5pne e-l\u00e6ringsstandarder. Eksporter kursene dine som SCORM 1.2\/2004- eller HTML-pakker, slik at du kan laste dem opp til alle <strong>LMS-plattform<\/strong> or reuse content elsewhere. You&#8217;re never locked in your content remains yours to use on other systems if needed.<\/p>\n\t\t\t<a href=\"https:\/\/mentorkit.com\/no\/get-a-free-account\/#signup\"  target=\"_self\">\n\t\t\t\t\t\t\tKom i gang gratis\n\t\t\t<\/a>\n\t\t\t<a href=\"https:\/\/mentorkit.com\/no\/product-suite-overview\/\"  target=\"_self\">\n\t\t\t\t\t\t\tOversikt over produktpakken\n\t\t\t<\/a>\n\t\t\t\t\t<img decoding=\"async\" src=\"https:\/\/mentorkit.com\/wp-content\/uploads\/2026\/02\/SCORM-HTML-Export-scaled.jpg\" alt=\"SCORM &amp; HTML Export\"\/>\n\t\t<h6>\n\t\t\tUtform visuelt rike sp\u00f8rsm\u00e5l som passer til din kursstil\t<\/h6>\n<h2>\n\t\t\tFlervalgssp\u00f8rsm\u00e5l\t<\/h2>\n\t<p>Lag engasjerende sp\u00f8rrekonkurranser p\u00e5 sekunder med MentorKit Course Creator. Lag enkelt flervalgssp\u00f8rsm\u00e5l, definer riktige svar og gi elevene umiddelbar tilbakemelding for \u00e5 forsterke l\u00e6ringen.<\/p>\n<p>Sett krav til best\u00e5tt for kurset ditt, kontroller hvor mange fors\u00f8k elevene f\u00e5r, og tilpass tilbakemeldinger for hvert svar. Enten du vil ha enkle kunnskapskontroller eller mer avanserte vurderinger, er alt fullt fleksibelt og enkelt \u00e5 administrere.<\/p>\n\t\t\t<a href=\"https:\/\/mentorkit.com\/no\/get-a-free-account\/#signup\"  target=\"_self\">\n\t\t\t\t\t\t\tKom i gang gratis\n\t\t\t<\/a>\n\t\t\t<a href=\"https:\/\/mentorkit.com\/no\/product-suite-overview\/\"  target=\"_self\">\n\t\t\t\t\t\t\tOversikt over produktpakken\n\t\t\t<\/a>\n<h6>\n\t\t\tFullstendige funksjoner\t<\/h6>\n<h2>\n\t\t\tUbegrenset antall prosjekter, alle funksjoner\t<\/h2>\n\t<p>Hver forfatterlisens inkluderer <strong>alle funksjoner<\/strong> there are no add-ons or &#8220;premium&#8221; tiers. You can create unlimited courses and lessons. We include onboarding and support for all users, so you&#8217;ll get help from our e-learning experts whenever you need it.<\/p>\n\t\t\t<a href=\"https:\/\/mentorkit.com\/no\/get-a-free-account\/#signup\"  target=\"_self\">\n\t\t\t\t\t\t\tKom i gang gratis\n\t\t\t<\/a>\n\t\t\t<a href=\"https:\/\/mentorkit.com\/no\/product-suite-overview\/\"  target=\"_self\">\n\t\t\t\t\t\t\tOversikt over produktpakken\n\t\t\t<\/a>\n\t\t\t\t\t<img decoding=\"async\" src=\"https:\/\/mentorkit.com\/wp-content\/uploads\/2026\/02\/AI-tool-scaled.jpg\" alt=\"\"\/>\n\t\t<h2>\n\t\t\tAttester\t<\/h2>","protected":false},"excerpt":{"rendered":"<p>Advanced LMS &#038; Course Creator MentorKit Course Creator authoring tool MentorKit Course Creator is a powerful yet easy-to-use course creation [&hellip;]<\/p>\n","protected":false},"author":2,"featured_media":1965,"parent":0,"menu_order":0,"comment_status":"closed","ping_status":"closed","template":"","meta":{"_acf_changed":false,"site-sidebar-layout":"default","site-content-layout":"","ast-site-content-layout":"","site-content-style":"default","site-sidebar-style":"default","ast-global-header-display":"","ast-banner-title-visibility":"","ast-main-header-display":"","ast-hfb-above-header-display":"","ast-hfb-below-header-display":"","ast-hfb-mobile-header-display":"","site-post-title":"disabled","ast-breadcrumbs-content":"","ast-featured-img":"disabled","footer-sml-layout":"","ast-disable-related-posts":"","theme-transparent-header-meta":"","adv-header-id-meta":"","stick-header-meta":"","header-above-stick-meta":"","header-main-stick-meta":"","header-below-stick-meta":"","astra-migrate-meta-layouts":"default","ast-page-background-enabled":"default","ast-page-background-meta":{"desktop":{"background-color":"var(--ast-global-color-4)","background-image":"","background-repeat":"repeat","background-position":"center center","background-size":"auto","background-attachment":"scroll","background-type":"","background-media":"","overlay-type":"","overlay-color":"","overlay-opacity":"","overlay-gradient":""},"tablet":{"background-color":"","background-image":"","background-repeat":"repeat","background-position":"center center","background-size":"auto","background-attachment":"scroll","background-type":"","background-media":"","overlay-type":"","overlay-color":"","overlay-opacity":"","overlay-gradient":""},"mobile":{"background-color":"","background-image":"","background-repeat":"repeat","background-position":"center center","background-size":"auto","background-attachment":"scroll","background-type":"","background-media":"","overlay-type":"","overlay-color":"","overlay-opacity":"","overlay-gradient":""}},"ast-content-background-meta":{"desktop":{"background-color":"var(--ast-global-color-5)","background-image":"","background-repeat":"repeat","background-position":"center center","background-size":"auto","background-attachment":"scroll","background-type":"","background-media":"","overlay-type":"","overlay-color":"","overlay-opacity":"","overlay-gradient":""},"tablet":{"background-color":"var(--ast-global-color-5)","background-image":"","background-repeat":"repeat","background-position":"center center","background-size":"auto","background-attachment":"scroll","background-type":"","background-media":"","overlay-type":"","overlay-color":"","overlay-opacity":"","overlay-gradient":""},"mobile":{"background-color":"var(--ast-global-color-5)","background-image":"","background-repeat":"repeat","background-position":"center center","background-size":"auto","background-attachment":"scroll","background-type":"","background-media":"","overlay-type":"","overlay-color":"","overlay-opacity":"","overlay-gradient":""}},"footnotes":""},"class_list":["post-1943","page","type-page","status-publish","has-post-thumbnail","hentry"],"acf":[],"yoast_head":"<!-- This site is optimized with the Yoast SEO Premium plugin v27.3 (Yoast SEO v27.3) - https:\/\/yoast.com\/product\/yoast-seo-premium-wordpress\/ -->\n<title>MentorKit Course Creator authoring tool - MentorKit<\/title>\n<meta name=\"description\" content=\"MentorKit Course Creator is a powerful yet easy-to-use course creation software that lets you develop engaging online courses without any coding.\" \/>\n<meta name=\"robots\" content=\"index, follow, max-snippet:-1, max-image-preview:large, max-video-preview:-1\" \/>\n<link rel=\"canonical\" href=\"https:\/\/mentorkit.com\/no\/mentorkit-course-creator-authoring-tool\/\" \/>\n<meta property=\"og:locale\" content=\"nb_NO\" \/>\n<meta property=\"og:type\" content=\"article\" \/>\n<meta property=\"og:title\" content=\"MentorKit Course Creator authoring tool\" \/>\n<meta property=\"og:description\" content=\"MentorKit Course Creator is a powerful yet easy-to-use course creation software that lets you develop engaging online courses without any coding.\" \/>\n<meta property=\"og:url\" content=\"https:\/\/mentorkit.com\/no\/mentorkit-course-creator-authoring-tool\/\" \/>\n<meta property=\"og:site_name\" content=\"MentorKit\" \/>\n<meta property=\"article:publisher\" content=\"https:\/\/www.facebook.com\/nettkurs\" \/>\n<meta property=\"article:modified_time\" content=\"2026-03-25T15:11:50+00:00\" \/>\n<meta property=\"og:image\" content=\"https:\/\/mentorkit.com\/wp-content\/uploads\/2026\/01\/MentorKit-Course-Creator-Authoring-Tool-Multi-Devices-Mockup.jpg\" \/>\n\t<meta property=\"og:image:width\" content=\"2500\" \/>\n\t<meta property=\"og:image:height\" content=\"1667\" \/>\n\t<meta property=\"og:image:type\" content=\"image\/jpeg\" \/>\n<meta name=\"twitter:card\" content=\"summary_large_image\" \/>\n<meta name=\"twitter:label1\" content=\"Ansl. lesetid\" \/>\n\t<meta name=\"twitter:data1\" content=\"4 minutter\" \/>\n<script type=\"application\/ld+json\" class=\"yoast-schema-graph\">{\"@context\":\"https:\\\/\\\/schema.org\",\"@graph\":[{\"@type\":\"WebPage\",\"@id\":\"https:\\\/\\\/mentorkit.com\\\/mentorkit-course-creator-authoring-tool\\\/\",\"url\":\"https:\\\/\\\/mentorkit.com\\\/mentorkit-course-creator-authoring-tool\\\/\",\"name\":\"MentorKit Course Creator authoring tool - MentorKit\",\"isPartOf\":{\"@id\":\"https:\\\/\\\/mentorkit.com\\\/#website\"},\"primaryImageOfPage\":{\"@id\":\"https:\\\/\\\/mentorkit.com\\\/mentorkit-course-creator-authoring-tool\\\/#primaryimage\"},\"image\":{\"@id\":\"https:\\\/\\\/mentorkit.com\\\/mentorkit-course-creator-authoring-tool\\\/#primaryimage\"},\"thumbnailUrl\":\"https:\\\/\\\/mentorkit.com\\\/wp-content\\\/uploads\\\/2026\\\/01\\\/MentorKit-Course-Creator.svg\",\"datePublished\":\"2026-01-30T13:19:36+00:00\",\"dateModified\":\"2026-03-25T15:11:50+00:00\",\"description\":\"MentorKit Course Creator is a powerful yet easy-to-use course creation software that lets you develop engaging online courses without any coding.\",\"breadcrumb\":{\"@id\":\"https:\\\/\\\/mentorkit.com\\\/mentorkit-course-creator-authoring-tool\\\/#breadcrumb\"},\"inLanguage\":\"nb-NO\",\"potentialAction\":[{\"@type\":\"ReadAction\",\"target\":[\"https:\\\/\\\/mentorkit.com\\\/mentorkit-course-creator-authoring-tool\\\/\"]}]},{\"@type\":\"ImageObject\",\"inLanguage\":\"nb-NO\",\"@id\":\"https:\\\/\\\/mentorkit.com\\\/mentorkit-course-creator-authoring-tool\\\/#primaryimage\",\"url\":\"https:\\\/\\\/mentorkit.com\\\/wp-content\\\/uploads\\\/2026\\\/01\\\/MentorKit-Course-Creator.svg\",\"contentUrl\":\"https:\\\/\\\/mentorkit.com\\\/wp-content\\\/uploads\\\/2026\\\/01\\\/MentorKit-Course-Creator.svg\",\"caption\":\"MentorKit Course Creator authoring tool\"},{\"@type\":\"BreadcrumbList\",\"@id\":\"https:\\\/\\\/mentorkit.com\\\/mentorkit-course-creator-authoring-tool\\\/#breadcrumb\",\"itemListElement\":[{\"@type\":\"ListItem\",\"position\":1,\"name\":\"Home\",\"item\":\"https:\\\/\\\/mentorkit.com\\\/\"},{\"@type\":\"ListItem\",\"position\":2,\"name\":\"MentorKit Course Creator authoring tool\"}]},{\"@type\":\"WebSite\",\"@id\":\"https:\\\/\\\/mentorkit.com\\\/#website\",\"url\":\"https:\\\/\\\/mentorkit.com\\\/\",\"name\":\"MentorKit\",\"description\":\"a brand new, groundbreaking, fully cloud-based, Norwegian-made authoring tool for creating digital learning. The courses are responsive, meaning the content adapts to the screen whether it\u2019s on a phone, tablet, or PC\",\"publisher\":{\"@id\":\"https:\\\/\\\/mentorkit.com\\\/#organization\"},\"potentialAction\":[{\"@type\":\"SearchAction\",\"target\":{\"@type\":\"EntryPoint\",\"urlTemplate\":\"https:\\\/\\\/mentorkit.com\\\/?s={search_term_string}\"},\"query-input\":{\"@type\":\"PropertyValueSpecification\",\"valueRequired\":true,\"valueName\":\"search_term_string\"}}],\"inLanguage\":\"nb-NO\"},{\"@type\":\"Organization\",\"@id\":\"https:\\\/\\\/mentorkit.com\\\/#organization\",\"name\":\"Norsk Interaktiv AS\",\"url\":\"https:\\\/\\\/mentorkit.com\\\/\",\"logo\":{\"@type\":\"ImageObject\",\"inLanguage\":\"nb-NO\",\"@id\":\"https:\\\/\\\/mentorkit.com\\\/#\\\/schema\\\/logo\\\/image\\\/\",\"url\":\"https:\\\/\\\/mentorkit.com\\\/wp-content\\\/uploads\\\/2025\\\/09\\\/MentorKit-LOGO-White-Horizontal.svg\",\"contentUrl\":\"https:\\\/\\\/mentorkit.com\\\/wp-content\\\/uploads\\\/2025\\\/09\\\/MentorKit-LOGO-White-Horizontal.svg\",\"caption\":\"Norsk Interaktiv AS\"},\"image\":{\"@id\":\"https:\\\/\\\/mentorkit.com\\\/#\\\/schema\\\/logo\\\/image\\\/\"},\"sameAs\":[\"https:\\\/\\\/www.facebook.com\\\/nettkurs\",\"https:\\\/\\\/www.youtube.com\\\/@mentorkit\"]}]}<\/script>\n<!-- \/ Yoast SEO Premium plugin. -->","yoast_head_json":{"title":"MentorKit Course Creator authoring tool - MentorKit","description":"MentorKit Course Creator is a powerful yet easy-to-use course creation software that lets you develop engaging online courses without any coding.","robots":{"index":"index","follow":"follow","max-snippet":"max-snippet:-1","max-image-preview":"max-image-preview:large","max-video-preview":"max-video-preview:-1"},"canonical":"https:\/\/mentorkit.com\/no\/mentorkit-course-creator-authoring-tool\/","og_locale":"nb_NO","og_type":"article","og_title":"MentorKit Course Creator authoring tool","og_description":"MentorKit Course Creator is a powerful yet easy-to-use course creation software that lets you develop engaging online courses without any coding.","og_url":"https:\/\/mentorkit.com\/no\/mentorkit-course-creator-authoring-tool\/","og_site_name":"MentorKit","article_publisher":"https:\/\/www.facebook.com\/nettkurs","article_modified_time":"2026-03-25T15:11:50+00:00","og_image":[{"width":2500,"height":1667,"url":"https:\/\/mentorkit.com\/wp-content\/uploads\/2026\/01\/MentorKit-Course-Creator-Authoring-Tool-Multi-Devices-Mockup.jpg","type":"image\/jpeg"}],"twitter_card":"summary_large_image","twitter_misc":{"Ansl. lesetid":"4 minutter"},"schema":{"@context":"https:\/\/schema.org","@graph":[{"@type":"WebPage","@id":"https:\/\/mentorkit.com\/mentorkit-course-creator-authoring-tool\/","url":"https:\/\/mentorkit.com\/mentorkit-course-creator-authoring-tool\/","name":"MentorKit Course Creator authoring tool - MentorKit","isPartOf":{"@id":"https:\/\/mentorkit.com\/#website"},"primaryImageOfPage":{"@id":"https:\/\/mentorkit.com\/mentorkit-course-creator-authoring-tool\/#primaryimage"},"image":{"@id":"https:\/\/mentorkit.com\/mentorkit-course-creator-authoring-tool\/#primaryimage"},"thumbnailUrl":"https:\/\/mentorkit.com\/wp-content\/uploads\/2026\/01\/MentorKit-Course-Creator.svg","datePublished":"2026-01-30T13:19:36+00:00","dateModified":"2026-03-25T15:11:50+00:00","description":"MentorKit Course Creator is a powerful yet easy-to-use course creation software that lets you develop engaging online courses without any coding.","breadcrumb":{"@id":"https:\/\/mentorkit.com\/mentorkit-course-creator-authoring-tool\/#breadcrumb"},"inLanguage":"nb-NO","potentialAction":[{"@type":"ReadAction","target":["https:\/\/mentorkit.com\/mentorkit-course-creator-authoring-tool\/"]}]},{"@type":"ImageObject","inLanguage":"nb-NO","@id":"https:\/\/mentorkit.com\/mentorkit-course-creator-authoring-tool\/#primaryimage","url":"https:\/\/mentorkit.com\/wp-content\/uploads\/2026\/01\/MentorKit-Course-Creator.svg","contentUrl":"https:\/\/mentorkit.com\/wp-content\/uploads\/2026\/01\/MentorKit-Course-Creator.svg","caption":"MentorKit Course Creator authoring tool"},{"@type":"BreadcrumbList","@id":"https:\/\/mentorkit.com\/mentorkit-course-creator-authoring-tool\/#breadcrumb","itemListElement":[{"@type":"ListItem","position":1,"name":"Home","item":"https:\/\/mentorkit.com\/"},{"@type":"ListItem","position":2,"name":"MentorKit Course Creator authoring tool"}]},{"@type":"WebSite","@id":"https:\/\/mentorkit.com\/#website","url":"https:\/\/mentorkit.com\/","name":"MentorKit","description":"et helt nytt, banebrytende, skybasert og norskutviklet forfatterverkt\u00f8y for digital l\u00e6ring. Kursene er responsive, noe som betyr at innholdet tilpasser seg skjermen enten det er p\u00e5 en telefon, et nettbrett eller en PC.","publisher":{"@id":"https:\/\/mentorkit.com\/#organization"},"potentialAction":[{"@type":"SearchAction","target":{"@type":"EntryPoint","urlTemplate":"https:\/\/mentorkit.com\/?s={search_term_string}"},"query-input":{"@type":"PropertyValueSpecification","valueRequired":true,"valueName":"search_term_string"}}],"inLanguage":"nb-NO"},{"@type":"Organization","@id":"https:\/\/mentorkit.com\/#organization","name":"Norsk Interaktiv AS","url":"https:\/\/mentorkit.com\/","logo":{"@type":"ImageObject","inLanguage":"nb-NO","@id":"https:\/\/mentorkit.com\/#\/schema\/logo\/image\/","url":"https:\/\/mentorkit.com\/wp-content\/uploads\/2025\/09\/MentorKit-LOGO-White-Horizontal.svg","contentUrl":"https:\/\/mentorkit.com\/wp-content\/uploads\/2025\/09\/MentorKit-LOGO-White-Horizontal.svg","caption":"Norsk Interaktiv AS"},"image":{"@id":"https:\/\/mentorkit.com\/#\/schema\/logo\/image\/"},"sameAs":["https:\/\/www.facebook.com\/nettkurs","https:\/\/www.youtube.com\/@mentorkit"]}]}},"_links":{"self":[{"href":"https:\/\/mentorkit.com\/no\/wp-json\/wp\/v2\/pages\/1943","targetHints":{"allow":["GET"]}}],"collection":[{"href":"https:\/\/mentorkit.com\/no\/wp-json\/wp\/v2\/pages"}],"about":[{"href":"https:\/\/mentorkit.com\/no\/wp-json\/wp\/v2\/types\/page"}],"author":[{"embeddable":true,"href":"https:\/\/mentorkit.com\/no\/wp-json\/wp\/v2\/users\/2"}],"replies":[{"embeddable":true,"href":"https:\/\/mentorkit.com\/no\/wp-json\/wp\/v2\/comments?post=1943"}],"version-history":[{"count":11,"href":"https:\/\/mentorkit.com\/no\/wp-json\/wp\/v2\/pages\/1943\/revisions"}],"predecessor-version":[{"id":2912,"href":"https:\/\/mentorkit.com\/no\/wp-json\/wp\/v2\/pages\/1943\/revisions\/2912"}],"wp:featuredmedia":[{"embeddable":true,"href":"https:\/\/mentorkit.com\/no\/wp-json\/wp\/v2\/media\/1965"}],"wp:attachment":[{"href":"https:\/\/mentorkit.com\/no\/wp-json\/wp\/v2\/media?parent=1943"}],"curies":[{"name":"wp","href":"https:\/\/api.w.org\/{rel}","templated":true}]}}