{"id":1753,"date":"2026-01-23T16:03:24","date_gmt":"2026-01-23T15:03:24","guid":{"rendered":"https:\/\/mentorkit.com\/?page_id=1753"},"modified":"2026-03-26T12:10:01","modified_gmt":"2026-03-26T11:10:01","slug":"suite-classic-integrated-course-creation-lms-platform","status":"publish","type":"page","link":"https:\/\/mentorkit.com\/no\/suite-classic-integrated-course-creation-lms-platform\/","title":{"rendered":"Suite Classic: Integrert plattform for kursoppretting og LMS"},"content":{"rendered":"<h6>\n\t\t\tIntegrert kursopprettings- og LMS-plattform\t<\/h6>\n<figure itemscope itemtype=\"https:\/\/schema.org\/ImageObject\">\n\t\t\t\t<img decoding=\"async\" src=\"https:\/\/mentorkit.com\/wp-content\/uploads\/2026\/03\/Mentorkit-Suite-Classic-white.svg\" alt=\"Mentorkit Suite Classic white\" title=\"Mentorkit Suite Klassisk hvit\" onerror=\"this.style.display='none'\" loading=\"lazy\" \/>\n\t<\/figure>\n<h1>\n\t\t\tSuite Classic\t<\/h1>\n\t<p><strong>MentorKit Suite Classic<\/strong> kombinerer forfatterverkt\u00f8y<strong> Course Creator<\/strong> og <strong>Core<\/strong> <strong>Classic<\/strong> <strong>LMS <\/strong>til \u00e9n komplett, integrert l\u00e6ringsplattform. Den er utviklet for organisasjoner som \u00f8nsker full kontroll over b\u00e5de <strong>opprettelse og gjennomf\u00f8ring av kurs<\/strong>, uten kompleksitet eller tung tilpasning.<\/p>\n\t\t\t<a href=\"#more\"  target=\"_self\">\n\t\t\t\t\t\t\tLes mer om dette\n\t\t\t<\/a>\n\t\t\t<a href=\"https:\/\/mentorkit.com\/no\/product-suite-overview\/\"  target=\"_self\">\n\t\t\t\t\t\t\tOversikt over produktpakken\n\t\t\t<\/a>\n<h6>\n\t\t\tPubliser, distribuer og spor dem direkte \t<\/h6>\n<h2>\n\t\t\tSuite Classic kombinerer forfatterverkt\u00f8yet Course Creator og LMS Classic LMS i \u00e9n komplett, integrert l\u00e6ringsplattform\t<\/h2>\n\t<p>Med Suite Classic kan du <strong>skape engasjerende digitale kurs<\/strong> ved hjelp av MentorKit Course Creator og <strong>publisere, distribuere og spore dem direkte<\/strong> in MentorKit LMS Classic. The two products are tightly integrated and work together as one unified solution-giving you a smooth workflow from content creation to learner completion.<\/p>\n<p>Suite Classic leveres som en sikker skytjeneste med norsk\/EU-hosting og er ideell for bedrifter, foreninger og oppl\u00e6ringsleverand\u00f8rer som \u00f8nsker et velpr\u00f8vd, skalerbart LMS kombinert med et intuitivt forfatterverkt\u00f8y.<\/p>\n<h6>\n\t\t\tSkap og lever p\u00e5 \u00e9n plattform\t<\/h6>\n<h2>\n\t\t\tPublisert direkte til LMS Classic \t<\/h2>\n\t<p>Suite Classic fjerner gapet mellom redigering og levering. Kurs som er laget i MentorKit Course Creator kan publiseres direkte til MentorKit LMS Classic uten manuell eksport eller filh\u00e5ndtering. Oppdateringer av kursinnhold kan rulles ut raskt, slik at elevene alltid har tilgang til den nyeste versjonen.<\/p>\n<h6>\n\t\t\tBygg profesjonelle kurs uten tekniske ferdigheter.\t<\/h6>\n<h2>\n\t\t\tBrukervennlig oppretting av kurs\t<\/h2>\n\t<p>MentorKit Course Creator gj\u00f8r det mulig for fageksperter, HR-team og undervisere \u00e5 lage profesjonelle kurs uten tekniske ferdigheter. Ved hjelp av dra-og-slipp-redigering, maler, multimedia, sp\u00f8rrekonkurranser og interaktive elementer kan teamene produsere e-l\u00e6ring av h\u00f8y kvalitet p\u00e5 en effektiv og kostnadseffektiv m\u00e5te.<\/p>\n<h6>\n\t\t\tOppgaver, fremdriftsoppf\u00f8lging, rapportering, sertifikat og mer \t<\/h6>\n<h2>\n\t\t\tLMS for distribusjon og sporing\t<\/h2>\n\t<p>MentorKit LMS Classic er et modent og p\u00e5litelig l\u00e6ringsplattformsystem som har v\u00e6rt i kontinuerlig bruk siden 2003. Den st\u00f8tter brukeradministrasjon, kursoppgaver, fremdriftssporing, evalueringer, rapportering og automatisk utstedelse av sertifikater. Plattformen er mobiltilpasset og enkel \u00e5 bruke for b\u00e5de elever og administratorer.<\/p>\n<h6>\n\t\t\tGj\u00f8r det mulig for organisasjoner \u00e5 selge kurs til eksterne m\u00e5lgrupper\t<\/h6>\n<h2>\n\t\t\tValgfritt kurs Salg og ekstern oppl\u00e6ring\t<\/h2>\n\t<p>Suite Classic kan utvides med en valgfri e-handelsmodul, som gj\u00f8r det mulig for organisasjoner \u00e5 selge kurs til eksterne m\u00e5lgrupper. Dette gj\u00f8r den ikke bare egnet for intern oppl\u00e6ring, men ogs\u00e5 for foreninger, sertifiseringsorganer og oppl\u00e6ringsleverand\u00f8rer som \u00f8nsker \u00e5 tjene penger p\u00e5 kunnskapen sin.<\/p>\n<h6>\n\t\t\tdatasentre og fullt ut i tr\u00e5d med GDPR-kravene\t<\/h6>\n<h2>\n\t\t\tSikker skyhosting i Norge\t<\/h2>\n\t<p>Plattformen driftes i norske\/EU-datasentre og er fullt ut i tr\u00e5d med GDPR-kravene. Dette gj\u00f8r Suite Classic til et trygt valg for organisasjoner med strenge krav til personvern og compliance, inkludert offentlig sektor og regulerte bransjer.<\/p>\n<h6>\n\t\t\tdatasentre og fullt ut i tr\u00e5d med GDPR-kravene\t<\/h6>\n<h2>\n\t\t\tSkalerbar uten kompleksitet\t<\/h2>\n\t<p>Suite Classic is designed to grow with your organization. You can add more course creators, learners, or modules over time without changing platform or architecture. It provides the right balance between flexibility and stability &#8211; without the overhead of a fully customized enterprise solution.<\/p>\n<h6>\n\t\t\tSikrer langsiktig fleksibilitet\t<\/h6>\n<h2>\n\t\t\tStandards-Based &#038; Future-Proof\t<\/h2>\n\t<p>Suite Classic st\u00f8tter \u00e5pne e-l\u00e6ringsstandarder som <strong>SCORM og HTML<\/strong>, Du kan importere og gjenbruke innhold p\u00e5 tvers av systemer. Dette sikrer langsiktig fleksibilitet og beskytter investeringen i l\u00e6ringsinnhold.<\/p>\n<h2>\n\t\t\tAttester\t<\/h2>","protected":false},"excerpt":{"rendered":"<p>Integrated Course Creation &#038; LMS Platform Suite Classic MentorKit Suite Classic combines authoring tool Course Creator and Core Classic LMS [&hellip;]<\/p>\n","protected":false},"author":2,"featured_media":0,"parent":0,"menu_order":0,"comment_status":"closed","ping_status":"closed","template":"","meta":{"_acf_changed":false,"site-sidebar-layout":"default","site-content-layout":"","ast-site-content-layout":"default","site-content-style":"default","site-sidebar-style":"default","ast-global-header-display":"","ast-banner-title-visibility":"","ast-main-header-display":"","ast-hfb-above-header-display":"","ast-hfb-below-header-display":"","ast-hfb-mobile-header-display":"","site-post-title":"disabled","ast-breadcrumbs-content":"","ast-featured-img":"","footer-sml-layout":"","ast-disable-related-posts":"","theme-transparent-header-meta":"","adv-header-id-meta":"","stick-header-meta":"","header-above-stick-meta":"","header-main-stick-meta":"","header-below-stick-meta":"","astra-migrate-meta-layouts":"default","ast-page-background-enabled":"default","ast-page-background-meta":{"desktop":{"background-color":"var(--ast-global-color-4)","background-image":"","background-repeat":"repeat","background-position":"center center","background-size":"auto","background-attachment":"scroll","background-type":"","background-media":"","overlay-type":"","overlay-color":"","overlay-opacity":"","overlay-gradient":""},"tablet":{"background-color":"","background-image":"","background-repeat":"repeat","background-position":"center center","background-size":"auto","background-attachment":"scroll","background-type":"","background-media":"","overlay-type":"","overlay-color":"","overlay-opacity":"","overlay-gradient":""},"mobile":{"background-color":"","background-image":"","background-repeat":"repeat","background-position":"center center","background-size":"auto","background-attachment":"scroll","background-type":"","background-media":"","overlay-type":"","overlay-color":"","overlay-opacity":"","overlay-gradient":""}},"ast-content-background-meta":{"desktop":{"background-color":"var(--ast-global-color-5)","background-image":"","background-repeat":"repeat","background-position":"center center","background-size":"auto","background-attachment":"scroll","background-type":"","background-media":"","overlay-type":"","overlay-color":"","overlay-opacity":"","overlay-gradient":""},"tablet":{"background-color":"var(--ast-global-color-5)","background-image":"","background-repeat":"repeat","background-position":"center center","background-size":"auto","background-attachment":"scroll","background-type":"","background-media":"","overlay-type":"","overlay-color":"","overlay-opacity":"","overlay-gradient":""},"mobile":{"background-color":"var(--ast-global-color-5)","background-image":"","background-repeat":"repeat","background-position":"center center","background-size":"auto","background-attachment":"scroll","background-type":"","background-media":"","overlay-type":"","overlay-color":"","overlay-opacity":"","overlay-gradient":""}},"footnotes":""},"class_list":["post-1753","page","type-page","status-publish","hentry"],"acf":[],"yoast_head":"<!-- This site is optimized with the Yoast SEO Premium plugin v27.3 (Yoast SEO v27.3) - https:\/\/yoast.com\/product\/yoast-seo-premium-wordpress\/ -->\n<title>Suite Classic: Integrated Course Creation &amp; LMS Platform - MentorKit<\/title>\n<meta name=\"description\" content=\"Explore the benefits of the LMS integrated learning platform with MentorKit Suite Classic for seamless course creation and delivery.\" \/>\n<meta name=\"robots\" content=\"index, follow, max-snippet:-1, max-image-preview:large, max-video-preview:-1\" \/>\n<link rel=\"canonical\" href=\"https:\/\/mentorkit.com\/no\/suite-classic-integrated-course-creation-lms-platform\/\" \/>\n<meta property=\"og:locale\" content=\"nb_NO\" \/>\n<meta property=\"og:type\" content=\"article\" \/>\n<meta property=\"og:title\" content=\"Suite Classic: Integrated Course Creation &amp; LMS Platform\" \/>\n<meta property=\"og:description\" content=\"Explore the benefits of the LMS integrated learning platform with MentorKit Suite Classic for seamless course creation and delivery.\" \/>\n<meta property=\"og:url\" content=\"https:\/\/mentorkit.com\/no\/suite-classic-integrated-course-creation-lms-platform\/\" \/>\n<meta property=\"og:site_name\" content=\"MentorKit\" \/>\n<meta property=\"article:publisher\" content=\"https:\/\/www.facebook.com\/nettkurs\" \/>\n<meta property=\"article:modified_time\" content=\"2026-03-26T11:10:01+00:00\" \/>\n<meta property=\"og:image\" content=\"https:\/\/mentorkit.com\/wp-content\/uploads\/2026\/03\/Mentorkit-Suite-Classic-white.svg\" \/>\n<meta name=\"twitter:card\" content=\"summary_large_image\" \/>\n<meta name=\"twitter:label1\" content=\"Ansl. lesetid\" \/>\n\t<meta name=\"twitter:data1\" content=\"4 minutter\" \/>\n<script type=\"application\/ld+json\" class=\"yoast-schema-graph\">{\"@context\":\"https:\\\/\\\/schema.org\",\"@graph\":[{\"@type\":\"WebPage\",\"@id\":\"https:\\\/\\\/mentorkit.com\\\/suite-classic-integrated-course-creation-lms-platform\\\/\",\"url\":\"https:\\\/\\\/mentorkit.com\\\/suite-classic-integrated-course-creation-lms-platform\\\/\",\"name\":\"Suite Classic: Integrated Course Creation &amp; LMS Platform - MentorKit\",\"isPartOf\":{\"@id\":\"https:\\\/\\\/mentorkit.com\\\/#website\"},\"primaryImageOfPage\":{\"@id\":\"https:\\\/\\\/mentorkit.com\\\/suite-classic-integrated-course-creation-lms-platform\\\/#primaryimage\"},\"image\":{\"@id\":\"https:\\\/\\\/mentorkit.com\\\/suite-classic-integrated-course-creation-lms-platform\\\/#primaryimage\"},\"thumbnailUrl\":\"https:\\\/\\\/mentorkit.com\\\/wp-content\\\/uploads\\\/2026\\\/03\\\/Mentorkit-Suite-Classic-white.svg\",\"datePublished\":\"2026-01-23T15:03:24+00:00\",\"dateModified\":\"2026-03-26T11:10:01+00:00\",\"description\":\"Explore the benefits of the LMS integrated learning platform with MentorKit Suite Classic for seamless course creation and delivery.\",\"breadcrumb\":{\"@id\":\"https:\\\/\\\/mentorkit.com\\\/suite-classic-integrated-course-creation-lms-platform\\\/#breadcrumb\"},\"inLanguage\":\"nb-NO\",\"potentialAction\":[{\"@type\":\"ReadAction\",\"target\":[\"https:\\\/\\\/mentorkit.com\\\/suite-classic-integrated-course-creation-lms-platform\\\/\"]}]},{\"@type\":\"ImageObject\",\"inLanguage\":\"nb-NO\",\"@id\":\"https:\\\/\\\/mentorkit.com\\\/suite-classic-integrated-course-creation-lms-platform\\\/#primaryimage\",\"url\":\"https:\\\/\\\/mentorkit.com\\\/wp-content\\\/uploads\\\/2026\\\/03\\\/Mentorkit-Suite-Classic-white.svg\",\"contentUrl\":\"https:\\\/\\\/mentorkit.com\\\/wp-content\\\/uploads\\\/2026\\\/03\\\/Mentorkit-Suite-Classic-white.svg\"},{\"@type\":\"BreadcrumbList\",\"@id\":\"https:\\\/\\\/mentorkit.com\\\/suite-classic-integrated-course-creation-lms-platform\\\/#breadcrumb\",\"itemListElement\":[{\"@type\":\"ListItem\",\"position\":1,\"name\":\"Home\",\"item\":\"https:\\\/\\\/mentorkit.com\\\/\"},{\"@type\":\"ListItem\",\"position\":2,\"name\":\"Suite Classic: Integrated Course Creation &amp; LMS Platform\"}]},{\"@type\":\"WebSite\",\"@id\":\"https:\\\/\\\/mentorkit.com\\\/#website\",\"url\":\"https:\\\/\\\/mentorkit.com\\\/\",\"name\":\"MentorKit\",\"description\":\"a brand new, groundbreaking, fully cloud-based, Norwegian-made authoring tool for creating digital learning. The courses are responsive, meaning the content adapts to the screen whether it\u2019s on a phone, tablet, or PC\",\"publisher\":{\"@id\":\"https:\\\/\\\/mentorkit.com\\\/#organization\"},\"potentialAction\":[{\"@type\":\"SearchAction\",\"target\":{\"@type\":\"EntryPoint\",\"urlTemplate\":\"https:\\\/\\\/mentorkit.com\\\/?s={search_term_string}\"},\"query-input\":{\"@type\":\"PropertyValueSpecification\",\"valueRequired\":true,\"valueName\":\"search_term_string\"}}],\"inLanguage\":\"nb-NO\"},{\"@type\":\"Organization\",\"@id\":\"https:\\\/\\\/mentorkit.com\\\/#organization\",\"name\":\"Norsk Interaktiv AS\",\"url\":\"https:\\\/\\\/mentorkit.com\\\/\",\"logo\":{\"@type\":\"ImageObject\",\"inLanguage\":\"nb-NO\",\"@id\":\"https:\\\/\\\/mentorkit.com\\\/#\\\/schema\\\/logo\\\/image\\\/\",\"url\":\"https:\\\/\\\/mentorkit.com\\\/wp-content\\\/uploads\\\/2025\\\/09\\\/MentorKit-LOGO-White-Horizontal.svg\",\"contentUrl\":\"https:\\\/\\\/mentorkit.com\\\/wp-content\\\/uploads\\\/2025\\\/09\\\/MentorKit-LOGO-White-Horizontal.svg\",\"caption\":\"Norsk Interaktiv AS\"},\"image\":{\"@id\":\"https:\\\/\\\/mentorkit.com\\\/#\\\/schema\\\/logo\\\/image\\\/\"},\"sameAs\":[\"https:\\\/\\\/www.facebook.com\\\/nettkurs\",\"https:\\\/\\\/www.youtube.com\\\/@mentorkit\"]}]}<\/script>\n<!-- \/ Yoast SEO Premium plugin. -->","yoast_head_json":{"title":"Suite Classic: Integrated Course Creation &amp; LMS Platform - MentorKit","description":"Explore the benefits of the LMS integrated learning platform with MentorKit Suite Classic for seamless course creation and delivery.","robots":{"index":"index","follow":"follow","max-snippet":"max-snippet:-1","max-image-preview":"max-image-preview:large","max-video-preview":"max-video-preview:-1"},"canonical":"https:\/\/mentorkit.com\/no\/suite-classic-integrated-course-creation-lms-platform\/","og_locale":"nb_NO","og_type":"article","og_title":"Suite Classic: Integrated Course Creation &amp; LMS Platform","og_description":"Explore the benefits of the LMS integrated learning platform with MentorKit Suite Classic for seamless course creation and delivery.","og_url":"https:\/\/mentorkit.com\/no\/suite-classic-integrated-course-creation-lms-platform\/","og_site_name":"MentorKit","article_publisher":"https:\/\/www.facebook.com\/nettkurs","article_modified_time":"2026-03-26T11:10:01+00:00","og_image":[{"url":"https:\/\/mentorkit.com\/wp-content\/uploads\/2026\/03\/Mentorkit-Suite-Classic-white.svg","type":"","width":"","height":""}],"twitter_card":"summary_large_image","twitter_misc":{"Ansl. lesetid":"4 minutter"},"schema":{"@context":"https:\/\/schema.org","@graph":[{"@type":"WebPage","@id":"https:\/\/mentorkit.com\/suite-classic-integrated-course-creation-lms-platform\/","url":"https:\/\/mentorkit.com\/suite-classic-integrated-course-creation-lms-platform\/","name":"Suite Classic: Integrated Course Creation &amp; LMS Platform - MentorKit","isPartOf":{"@id":"https:\/\/mentorkit.com\/#website"},"primaryImageOfPage":{"@id":"https:\/\/mentorkit.com\/suite-classic-integrated-course-creation-lms-platform\/#primaryimage"},"image":{"@id":"https:\/\/mentorkit.com\/suite-classic-integrated-course-creation-lms-platform\/#primaryimage"},"thumbnailUrl":"https:\/\/mentorkit.com\/wp-content\/uploads\/2026\/03\/Mentorkit-Suite-Classic-white.svg","datePublished":"2026-01-23T15:03:24+00:00","dateModified":"2026-03-26T11:10:01+00:00","description":"Explore the benefits of the LMS integrated learning platform with MentorKit Suite Classic for seamless course creation and delivery.","breadcrumb":{"@id":"https:\/\/mentorkit.com\/suite-classic-integrated-course-creation-lms-platform\/#breadcrumb"},"inLanguage":"nb-NO","potentialAction":[{"@type":"ReadAction","target":["https:\/\/mentorkit.com\/suite-classic-integrated-course-creation-lms-platform\/"]}]},{"@type":"ImageObject","inLanguage":"nb-NO","@id":"https:\/\/mentorkit.com\/suite-classic-integrated-course-creation-lms-platform\/#primaryimage","url":"https:\/\/mentorkit.com\/wp-content\/uploads\/2026\/03\/Mentorkit-Suite-Classic-white.svg","contentUrl":"https:\/\/mentorkit.com\/wp-content\/uploads\/2026\/03\/Mentorkit-Suite-Classic-white.svg"},{"@type":"BreadcrumbList","@id":"https:\/\/mentorkit.com\/suite-classic-integrated-course-creation-lms-platform\/#breadcrumb","itemListElement":[{"@type":"ListItem","position":1,"name":"Home","item":"https:\/\/mentorkit.com\/"},{"@type":"ListItem","position":2,"name":"Suite Classic: Integrated Course Creation &amp; LMS Platform"}]},{"@type":"WebSite","@id":"https:\/\/mentorkit.com\/#website","url":"https:\/\/mentorkit.com\/","name":"MentorKit","description":"et helt nytt, banebrytende, skybasert og norskutviklet forfatterverkt\u00f8y for digital l\u00e6ring. Kursene er responsive, noe som betyr at innholdet tilpasser seg skjermen enten det er p\u00e5 en telefon, et nettbrett eller en PC.","publisher":{"@id":"https:\/\/mentorkit.com\/#organization"},"potentialAction":[{"@type":"SearchAction","target":{"@type":"EntryPoint","urlTemplate":"https:\/\/mentorkit.com\/?s={search_term_string}"},"query-input":{"@type":"PropertyValueSpecification","valueRequired":true,"valueName":"search_term_string"}}],"inLanguage":"nb-NO"},{"@type":"Organization","@id":"https:\/\/mentorkit.com\/#organization","name":"Norsk Interaktiv AS","url":"https:\/\/mentorkit.com\/","logo":{"@type":"ImageObject","inLanguage":"nb-NO","@id":"https:\/\/mentorkit.com\/#\/schema\/logo\/image\/","url":"https:\/\/mentorkit.com\/wp-content\/uploads\/2025\/09\/MentorKit-LOGO-White-Horizontal.svg","contentUrl":"https:\/\/mentorkit.com\/wp-content\/uploads\/2025\/09\/MentorKit-LOGO-White-Horizontal.svg","caption":"Norsk Interaktiv AS"},"image":{"@id":"https:\/\/mentorkit.com\/#\/schema\/logo\/image\/"},"sameAs":["https:\/\/www.facebook.com\/nettkurs","https:\/\/www.youtube.com\/@mentorkit"]}]}},"_links":{"self":[{"href":"https:\/\/mentorkit.com\/no\/wp-json\/wp\/v2\/pages\/1753","targetHints":{"allow":["GET"]}}],"collection":[{"href":"https:\/\/mentorkit.com\/no\/wp-json\/wp\/v2\/pages"}],"about":[{"href":"https:\/\/mentorkit.com\/no\/wp-json\/wp\/v2\/types\/page"}],"author":[{"embeddable":true,"href":"https:\/\/mentorkit.com\/no\/wp-json\/wp\/v2\/users\/2"}],"replies":[{"embeddable":true,"href":"https:\/\/mentorkit.com\/no\/wp-json\/wp\/v2\/comments?post=1753"}],"version-history":[{"count":11,"href":"https:\/\/mentorkit.com\/no\/wp-json\/wp\/v2\/pages\/1753\/revisions"}],"predecessor-version":[{"id":2916,"href":"https:\/\/mentorkit.com\/no\/wp-json\/wp\/v2\/pages\/1753\/revisions\/2916"}],"wp:attachment":[{"href":"https:\/\/mentorkit.com\/no\/wp-json\/wp\/v2\/media?parent=1753"}],"curies":[{"name":"wp","href":"https:\/\/api.w.org\/{rel}","templated":true}]}}