{"id":1747,"date":"2026-01-23T15:58:19","date_gmt":"2026-01-23T14:58:19","guid":{"rendered":"https:\/\/mentorkit.com\/?page_id=1747"},"modified":"2026-03-26T13:29:15","modified_gmt":"2026-03-26T12:29:15","slug":"suite-pro-most-advanced-lms-and-course-creator","status":"publish","type":"page","link":"https:\/\/mentorkit.com\/no\/suite-pro-most-advanced-lms-and-course-creator\/","title":{"rendered":"Suite Pro: Den mest avanserte norskeide og vertsbaserte l\u00e6ringsplattformen med kursskaper"},"content":{"rendered":"<h6>\n\t\t\tAvansert LMS + Course Creator\t<\/h6>\n<figure itemscope itemtype=\"https:\/\/schema.org\/ImageObject\">\n\t\t\t\t<img decoding=\"async\" src=\"https:\/\/mentorkit.com\/wp-content\/uploads\/2026\/03\/Mentorkit-Suite-Pro-white.svg\" alt=\"Mentorkit Suite Pro white\" title=\"Mentorkit Suite Pro hvit\" onerror=\"this.style.display='none'\" loading=\"lazy\" \/>\n\t<\/figure>\n<h1>\n\t\t\tMentorKit Suite Pro\t<\/h1>\n\t<p><b>MentorKit Suite Pro er et avansert LMS med en integrert kursskaper, utviklet for organisasjoner som trenger fleksibilitet, integrasjon og full kontroll.<\/b><\/p>\n<p>Den kombinerer MentorKit Course Creator med LMS Pro i \u00e9n s\u00f8ml\u00f8s plattform. <b>Som et resultat<\/b>, f\u00e5r du en komplett l\u00f8sning som fungerer som ett enhetlig system i stedet for separate verkt\u00f8y.<\/p>\n<p><b>I tillegg til<\/b>, LMS Pro gir deg full frihet til \u00e5 utforme frontend og kontrollere hvordan kursene presenteres, selges og distribueres. Plattformen er bygget p\u00e5 <a href=\"https:\/\/wordpress.com\/blog\/2025\/04\/17\/wordpress-market-share\/\" target=\"_blank\" rel=\"noopener\">WordPress<\/a>, the world&#8217;s most widely used CMS. <b>Dette betyr at<\/b> kan du enkelt skalere l\u00f8sningen og tilpasse den til virksomhetens behov.<\/p>\n<p><b>P\u00e5 samme tid<\/b>, Hvis du vil ha fullt eierskap og full kontroll over LMS-milj\u00f8et ditt, kan du velge et selvbetjent oppsett. <b>Dette gir deg<\/b> fleksibiliteten til \u00e5 kj\u00f8re plattformen akkurat slik organisasjonen din \u00f8nsker.<\/p>\n\t\t\t<a href=\"#more\"  target=\"_self\">\n\t\t\t\t\t\t\tLes mer om dette\n\t\t\t<\/a>\n\t\t\t<a href=\"https:\/\/mentorkit.com\/no\/product-suite-overview\/\"  target=\"_self\">\n\t\t\t\t\t\t\tOversikt over produktpakken\n\t\t\t<\/a>\n<h6>\n\t\t\tKoble LMS Pro til dine eksisterende forretningssystemer\t<\/h6>\n<h2>\n\t\t\tDype integrasjoner og tilpassede arbeidsflyter\t<\/h2>\n\t<p>LMS Pro er utformet for \u00e5 passe inn i ditt eksisterende IT-\u00f8kosystem. Fordi plattformen er bygget p\u00e5 WordPress, er det enkelt \u00e5 koble den til HR-systemer, CRM-systemer, intranett og andre forretningsverkt\u00f8y. Dermed kan du automatisere dataflyter som brukerregistrering, oppl\u00e6ringsregistreringer og rapportering. Hvis du trenger en unik arbeidsflyt eller en tilpasset rapport, kan LMS Pro ogs\u00e5 skreddersys for \u00e5 matche mer avanserte krav.<\/p>\n\t\t\t<a href=\"https:\/\/mentorkit.com\/no\/book-a-demo\/\"  target=\"_self\">\n\t\t\t\t\t\t\tBestill en demo\n\t\t\t<\/a>\n\t\t\t<a href=\"https:\/\/mentorkit.com\/no\/product-suite-overview\/\"  target=\"_self\">\n\t\t\t\t\t\t\tOversikt over produktpakken\n\t\t\t<\/a>\n<h6>\n\t\t\tSelg kurs via din egen nettside\t<\/h6>\n<h2>\n\t\t\tE-handel med WooCommerce\t<\/h2>\n\t<p>LMS Pro gj\u00f8r det enkelt \u00e5 selge kurs p\u00e5 nett via ditt eget WordPress-nettsted. Med <a href=\"https:\/\/woocommerce.com\/product-category\/woocommerce-extensions\/?categoryIds=1021&amp;collections=product&amp;page=1\" target=\"_blank\" rel=\"noopener\">WooCommerce<\/a> Med integrasjon kan du tilby sikker betaling, rabattkoder, pakker og automatisk p\u00e5melding etter kj\u00f8p. Dermed f\u00e5r du en fleksibel kursbutikk som gir deg full kontroll over salg, tilgang og kundeopplevelse.<\/p>\n\t\t\t<a href=\"https:\/\/mentorkit.com\/no\/book-a-demo\/\"  target=\"_self\">\n\t\t\t\t\t\t\tBestill en demo\n\t\t\t<\/a>\n\t\t\t<a href=\"https:\/\/mentorkit.com\/no\/product-suite-overview\/\"  target=\"_self\">\n\t\t\t\t\t\t\tOversikt over produktpakken\n\t\t\t<\/a>\n<h6>\n\t\t\tBygget for storskala og virksomhetskritisk l\u00e6ring\t<\/h6>\n<h2>\n\t\t\tSkalerbarhet og ytelse\t<\/h2>\n\t<p>LMS Pro er bygget for \u00e5 st\u00f8tte store organisasjoner, h\u00f8y trafikk og krevende l\u00e6ringsmilj\u00f8er. Den kan h\u00e5ndtere tusenvis av brukere samtidig, samtidig som hastighet og stabilitet opprettholdes. I tillegg st\u00f8tter plattformen infrastruktur som er klar for bedrifter, for eksempel lastbalansering, dedikerte databaser og oppsett med h\u00f8y tilgjengelighet.<\/p>\n\t\t\t<a href=\"https:\/\/mentorkit.com\/no\/book-a-demo\/\"  target=\"_self\">\n\t\t\t\t\t\t\tBestill en demo\n\t\t\t<\/a>\n\t\t\t<a href=\"https:\/\/mentorkit.com\/no\/product-suite-overview\/\"  target=\"_self\">\n\t\t\t\t\t\t\tOversikt over produktpakken\n\t\t\t<\/a>\n<h6>\n\t\t\tEie plattformen din og ha kontroll over oppsettet\t<\/h6>\n<h2>\n\t\t\tFrihet med \u00e5pen kildekode og egen drift\t<\/h2>\n\t<p>LMS Pro er bygget p\u00e5 en kjerne med \u00e5pen kildekode, noe som gir deg full \u00e5penhet og kontroll. Om n\u00f8dvendig kan du kj\u00f8re plattformen p\u00e5 din egen infrastruktur eller i en privat sky gjennom en <strong><a href=\"https:\/\/mentorkit.com\/no\/mentorkit-pro-lms-is-a-free-self-hosted-solution-an-lms-solution-built-to-scale\/\">Selvbetjent oppsett<\/a>.<\/strong> Dermed kan IT-teamet ditt administrere oppdateringer, backend-tilpasninger og distribusjon p\u00e5 dine egne premisser. I tillegg unng\u00e5r du \u00e5 bli l\u00e5st til en leverand\u00f8r, siden data og kode forblir under din kontroll. MentorKit tilbyr ogs\u00e5 supportavtaler for bedrifter, slik at kunder med egen drift f\u00e5r de oppdateringene og den hjelpen de trenger.<\/p>\n\t\t\t<a href=\"https:\/\/mentorkit.com\/no\/book-a-demo\/\"  target=\"_self\">\n\t\t\t\t\t\t\tBestill en demo\n\t\t\t<\/a>\n\t\t\t<a href=\"https:\/\/mentorkit.com\/no\/product-suite-overview\/\"  target=\"_self\">\n\t\t\t\t\t\t\tOversikt over produktpakken\n\t\t\t<\/a>\n<h6>\n\t\t\tFULLSTENDIG WHITE-LABEL-MERKEVAREBYGGING AV PLATTFORMEN\t<\/h6>\n<h2>\n\t\t\tOppl\u00e6ringsfunksjoner for bedrifter\t<\/h2>\n\t<p>LMS Pro inkluderer avanserte LMS-funksjoner som er klare til bruk: dynamiske l\u00e6ringsstier (f.eks. automatisk tildeling av kurs basert p\u00e5 rolle eller forutsetninger), kompetansestyring, detaljerte analysedashbord, flerbrukerskap for h\u00e5ndtering av flere avdelinger eller kunder i \u00e9n installasjon, med mer. Det st\u00f8tter flerspr\u00e5klig innhold og grensesnitt, noe som er perfekt for internasjonale organisasjoner. Du kan ogs\u00e5 fullt ut <b>white-label<\/b> plattformen som din egen l\u00e6ringsportal.<\/p>\n\t\t\t<a href=\"https:\/\/mentorkit.com\/no\/book-a-demo\/\"  target=\"_self\">\n\t\t\t\t\t\t\tBestill en demo\n\t\t\t<\/a>\n\t\t\t<a href=\"https:\/\/mentorkit.com\/no\/product-suite-overview\/\"  target=\"_self\">\n\t\t\t\t\t\t\tOversikt over produktpakken\n\t\t\t<\/a>\n<h2>\n\t\t\tAttester\t<\/h2>","protected":false},"excerpt":{"rendered":"<p>Advanced LMS + Course Creator MentorKit Suite Pro MentorKit Suite Pro is an advanced LMS with an integrated course creator, [&hellip;]<\/p>\n","protected":false},"author":2,"featured_media":1745,"parent":0,"menu_order":0,"comment_status":"closed","ping_status":"closed","template":"","meta":{"_acf_changed":false,"site-sidebar-layout":"no-sidebar","site-content-layout":"page-builder","ast-site-content-layout":"default","site-content-style":"default","site-sidebar-style":"default","ast-global-header-display":"","ast-banner-title-visibility":"","ast-main-header-display":"","ast-hfb-above-header-display":"","ast-hfb-below-header-display":"","ast-hfb-mobile-header-display":"","site-post-title":"disabled","ast-breadcrumbs-content":"","ast-featured-img":"disabled","footer-sml-layout":"","ast-disable-related-posts":"","theme-transparent-header-meta":"","adv-header-id-meta":"","stick-header-meta":"","header-above-stick-meta":"","header-main-stick-meta":"","header-below-stick-meta":"","astra-migrate-meta-layouts":"default","ast-page-background-enabled":"default","ast-page-background-meta":{"desktop":{"background-color":"var(--ast-global-color-4)","background-image":"","background-repeat":"repeat","background-position":"center center","background-size":"auto","background-attachment":"scroll","background-type":"","background-media":"","overlay-type":"","overlay-color":"","overlay-opacity":"","overlay-gradient":""},"tablet":{"background-color":"","background-image":"","background-repeat":"repeat","background-position":"center center","background-size":"auto","background-attachment":"scroll","background-type":"","background-media":"","overlay-type":"","overlay-color":"","overlay-opacity":"","overlay-gradient":""},"mobile":{"background-color":"","background-image":"","background-repeat":"repeat","background-position":"center center","background-size":"auto","background-attachment":"scroll","background-type":"","background-media":"","overlay-type":"","overlay-color":"","overlay-opacity":"","overlay-gradient":""}},"ast-content-background-meta":{"desktop":{"background-color":"var(--ast-global-color-5)","background-image":"","background-repeat":"repeat","background-position":"center center","background-size":"auto","background-attachment":"scroll","background-type":"","background-media":"","overlay-type":"","overlay-color":"","overlay-opacity":"","overlay-gradient":""},"tablet":{"background-color":"var(--ast-global-color-5)","background-image":"","background-repeat":"repeat","background-position":"center center","background-size":"auto","background-attachment":"scroll","background-type":"","background-media":"","overlay-type":"","overlay-color":"","overlay-opacity":"","overlay-gradient":""},"mobile":{"background-color":"var(--ast-global-color-5)","background-image":"","background-repeat":"repeat","background-position":"center center","background-size":"auto","background-attachment":"scroll","background-type":"","background-media":"","overlay-type":"","overlay-color":"","overlay-opacity":"","overlay-gradient":""}},"footnotes":""},"class_list":["post-1747","page","type-page","status-publish","has-post-thumbnail","hentry"],"acf":[],"yoast_head":"<!-- This site is optimized with the Yoast SEO Premium plugin v27.3 (Yoast SEO v27.3) - https:\/\/yoast.com\/product\/yoast-seo-premium-wordpress\/ -->\n<title>Suite Pro: The most advanced Norwegian-owned and hosted learning management system with course creator - MentorKit<\/title>\n<meta name=\"description\" content=\"Explore the secure Norwegian-owned and hosted learning management system that offers flexibility and integration for organizations.\" \/>\n<meta name=\"robots\" content=\"index, follow, max-snippet:-1, max-image-preview:large, max-video-preview:-1\" \/>\n<link rel=\"canonical\" href=\"https:\/\/mentorkit.com\/no\/suite-pro-most-advanced-lms-and-course-creator\/\" \/>\n<meta property=\"og:locale\" content=\"nb_NO\" \/>\n<meta property=\"og:type\" content=\"article\" \/>\n<meta property=\"og:title\" content=\"Suite Pro: The most advanced Norwegian-owned and hosted learning management system with course creator\" \/>\n<meta property=\"og:description\" content=\"Explore the secure Norwegian-owned and hosted learning management system that offers flexibility and integration for organizations.\" \/>\n<meta property=\"og:url\" content=\"https:\/\/mentorkit.com\/no\/suite-pro-most-advanced-lms-and-course-creator\/\" \/>\n<meta property=\"og:site_name\" content=\"MentorKit\" \/>\n<meta property=\"article:publisher\" content=\"https:\/\/www.facebook.com\/nettkurs\" \/>\n<meta property=\"article:modified_time\" content=\"2026-03-26T12:29:15+00:00\" \/>\n<meta property=\"og:image\" content=\"https:\/\/mentorkit.com\/wp-content\/uploads\/2026\/01\/MentorKit-Suite-Pro-Multi-Devices-Mockup.jpg\" \/>\n\t<meta property=\"og:image:width\" content=\"2500\" \/>\n\t<meta property=\"og:image:height\" content=\"1667\" \/>\n\t<meta property=\"og:image:type\" content=\"image\/jpeg\" \/>\n<meta name=\"twitter:card\" content=\"summary_large_image\" \/>\n<meta name=\"twitter:label1\" content=\"Ansl. lesetid\" \/>\n\t<meta name=\"twitter:data1\" content=\"4 minutter\" \/>\n<script type=\"application\/ld+json\" class=\"yoast-schema-graph\">{\"@context\":\"https:\\\/\\\/schema.org\",\"@graph\":[{\"@type\":\"WebPage\",\"@id\":\"https:\\\/\\\/mentorkit.com\\\/suite-pro-most-advanced-lms-and-course-creator\\\/\",\"url\":\"https:\\\/\\\/mentorkit.com\\\/suite-pro-most-advanced-lms-and-course-creator\\\/\",\"name\":\"Suite Pro: The most advanced Norwegian-owned and hosted learning management system with course creator - MentorKit\",\"isPartOf\":{\"@id\":\"https:\\\/\\\/mentorkit.com\\\/#website\"},\"primaryImageOfPage\":{\"@id\":\"https:\\\/\\\/mentorkit.com\\\/suite-pro-most-advanced-lms-and-course-creator\\\/#primaryimage\"},\"image\":{\"@id\":\"https:\\\/\\\/mentorkit.com\\\/suite-pro-most-advanced-lms-and-course-creator\\\/#primaryimage\"},\"thumbnailUrl\":\"https:\\\/\\\/mentorkit.com\\\/wp-content\\\/uploads\\\/2026\\\/01\\\/MentorKit-Suite-Pro-Multi-Devices-Mockup.jpg\",\"datePublished\":\"2026-01-23T14:58:19+00:00\",\"dateModified\":\"2026-03-26T12:29:15+00:00\",\"description\":\"Explore the secure Norwegian-owned and hosted learning management system that offers flexibility and integration for organizations.\",\"breadcrumb\":{\"@id\":\"https:\\\/\\\/mentorkit.com\\\/suite-pro-most-advanced-lms-and-course-creator\\\/#breadcrumb\"},\"inLanguage\":\"nb-NO\",\"potentialAction\":[{\"@type\":\"ReadAction\",\"target\":[\"https:\\\/\\\/mentorkit.com\\\/suite-pro-most-advanced-lms-and-course-creator\\\/\"]}]},{\"@type\":\"ImageObject\",\"inLanguage\":\"nb-NO\",\"@id\":\"https:\\\/\\\/mentorkit.com\\\/suite-pro-most-advanced-lms-and-course-creator\\\/#primaryimage\",\"url\":\"https:\\\/\\\/mentorkit.com\\\/wp-content\\\/uploads\\\/2026\\\/01\\\/MentorKit-Suite-Pro-Multi-Devices-Mockup.jpg\",\"contentUrl\":\"https:\\\/\\\/mentorkit.com\\\/wp-content\\\/uploads\\\/2026\\\/01\\\/MentorKit-Suite-Pro-Multi-Devices-Mockup.jpg\",\"width\":2500,\"height\":1667,\"caption\":\"MentorKit Suite Pro (Advanced LMS + Course Creator)\"},{\"@type\":\"BreadcrumbList\",\"@id\":\"https:\\\/\\\/mentorkit.com\\\/suite-pro-most-advanced-lms-and-course-creator\\\/#breadcrumb\",\"itemListElement\":[{\"@type\":\"ListItem\",\"position\":1,\"name\":\"Home\",\"item\":\"https:\\\/\\\/mentorkit.com\\\/\"},{\"@type\":\"ListItem\",\"position\":2,\"name\":\"Suite Pro: The most advanced Norwegian-owned and hosted learning management system with course creator\"}]},{\"@type\":\"WebSite\",\"@id\":\"https:\\\/\\\/mentorkit.com\\\/#website\",\"url\":\"https:\\\/\\\/mentorkit.com\\\/\",\"name\":\"MentorKit\",\"description\":\"a brand new, groundbreaking, fully cloud-based, Norwegian-made authoring tool for creating digital learning. The courses are responsive, meaning the content adapts to the screen whether it\u2019s on a phone, tablet, or PC\",\"publisher\":{\"@id\":\"https:\\\/\\\/mentorkit.com\\\/#organization\"},\"potentialAction\":[{\"@type\":\"SearchAction\",\"target\":{\"@type\":\"EntryPoint\",\"urlTemplate\":\"https:\\\/\\\/mentorkit.com\\\/?s={search_term_string}\"},\"query-input\":{\"@type\":\"PropertyValueSpecification\",\"valueRequired\":true,\"valueName\":\"search_term_string\"}}],\"inLanguage\":\"nb-NO\"},{\"@type\":\"Organization\",\"@id\":\"https:\\\/\\\/mentorkit.com\\\/#organization\",\"name\":\"Norsk Interaktiv AS\",\"url\":\"https:\\\/\\\/mentorkit.com\\\/\",\"logo\":{\"@type\":\"ImageObject\",\"inLanguage\":\"nb-NO\",\"@id\":\"https:\\\/\\\/mentorkit.com\\\/#\\\/schema\\\/logo\\\/image\\\/\",\"url\":\"https:\\\/\\\/mentorkit.com\\\/wp-content\\\/uploads\\\/2025\\\/09\\\/MentorKit-LOGO-White-Horizontal.svg\",\"contentUrl\":\"https:\\\/\\\/mentorkit.com\\\/wp-content\\\/uploads\\\/2025\\\/09\\\/MentorKit-LOGO-White-Horizontal.svg\",\"caption\":\"Norsk Interaktiv AS\"},\"image\":{\"@id\":\"https:\\\/\\\/mentorkit.com\\\/#\\\/schema\\\/logo\\\/image\\\/\"},\"sameAs\":[\"https:\\\/\\\/www.facebook.com\\\/nettkurs\",\"https:\\\/\\\/www.youtube.com\\\/@mentorkit\"]}]}<\/script>\n<!-- \/ Yoast SEO Premium plugin. -->","yoast_head_json":{"title":"Suite Pro: The most advanced Norwegian-owned and hosted learning management system with course creator - MentorKit","description":"Explore the secure Norwegian-owned and hosted learning management system that offers flexibility and integration for organizations.","robots":{"index":"index","follow":"follow","max-snippet":"max-snippet:-1","max-image-preview":"max-image-preview:large","max-video-preview":"max-video-preview:-1"},"canonical":"https:\/\/mentorkit.com\/no\/suite-pro-most-advanced-lms-and-course-creator\/","og_locale":"nb_NO","og_type":"article","og_title":"Suite Pro: The most advanced Norwegian-owned and hosted learning management system with course creator","og_description":"Explore the secure Norwegian-owned and hosted learning management system that offers flexibility and integration for organizations.","og_url":"https:\/\/mentorkit.com\/no\/suite-pro-most-advanced-lms-and-course-creator\/","og_site_name":"MentorKit","article_publisher":"https:\/\/www.facebook.com\/nettkurs","article_modified_time":"2026-03-26T12:29:15+00:00","og_image":[{"width":2500,"height":1667,"url":"https:\/\/mentorkit.com\/wp-content\/uploads\/2026\/01\/MentorKit-Suite-Pro-Multi-Devices-Mockup.jpg","type":"image\/jpeg"}],"twitter_card":"summary_large_image","twitter_misc":{"Ansl. lesetid":"4 minutter"},"schema":{"@context":"https:\/\/schema.org","@graph":[{"@type":"WebPage","@id":"https:\/\/mentorkit.com\/suite-pro-most-advanced-lms-and-course-creator\/","url":"https:\/\/mentorkit.com\/suite-pro-most-advanced-lms-and-course-creator\/","name":"Suite Pro: The most advanced Norwegian-owned and hosted learning management system with course creator - MentorKit","isPartOf":{"@id":"https:\/\/mentorkit.com\/#website"},"primaryImageOfPage":{"@id":"https:\/\/mentorkit.com\/suite-pro-most-advanced-lms-and-course-creator\/#primaryimage"},"image":{"@id":"https:\/\/mentorkit.com\/suite-pro-most-advanced-lms-and-course-creator\/#primaryimage"},"thumbnailUrl":"https:\/\/mentorkit.com\/wp-content\/uploads\/2026\/01\/MentorKit-Suite-Pro-Multi-Devices-Mockup.jpg","datePublished":"2026-01-23T14:58:19+00:00","dateModified":"2026-03-26T12:29:15+00:00","description":"Explore the secure Norwegian-owned and hosted learning management system that offers flexibility and integration for organizations.","breadcrumb":{"@id":"https:\/\/mentorkit.com\/suite-pro-most-advanced-lms-and-course-creator\/#breadcrumb"},"inLanguage":"nb-NO","potentialAction":[{"@type":"ReadAction","target":["https:\/\/mentorkit.com\/suite-pro-most-advanced-lms-and-course-creator\/"]}]},{"@type":"ImageObject","inLanguage":"nb-NO","@id":"https:\/\/mentorkit.com\/suite-pro-most-advanced-lms-and-course-creator\/#primaryimage","url":"https:\/\/mentorkit.com\/wp-content\/uploads\/2026\/01\/MentorKit-Suite-Pro-Multi-Devices-Mockup.jpg","contentUrl":"https:\/\/mentorkit.com\/wp-content\/uploads\/2026\/01\/MentorKit-Suite-Pro-Multi-Devices-Mockup.jpg","width":2500,"height":1667,"caption":"MentorKit Suite Pro (Advanced LMS + Course Creator)"},{"@type":"BreadcrumbList","@id":"https:\/\/mentorkit.com\/suite-pro-most-advanced-lms-and-course-creator\/#breadcrumb","itemListElement":[{"@type":"ListItem","position":1,"name":"Home","item":"https:\/\/mentorkit.com\/"},{"@type":"ListItem","position":2,"name":"Suite Pro: The most advanced Norwegian-owned and hosted learning management system with course creator"}]},{"@type":"WebSite","@id":"https:\/\/mentorkit.com\/#website","url":"https:\/\/mentorkit.com\/","name":"MentorKit","description":"et helt nytt, banebrytende, skybasert og norskutviklet forfatterverkt\u00f8y for digital l\u00e6ring. Kursene er responsive, noe som betyr at innholdet tilpasser seg skjermen enten det er p\u00e5 en telefon, et nettbrett eller en PC.","publisher":{"@id":"https:\/\/mentorkit.com\/#organization"},"potentialAction":[{"@type":"SearchAction","target":{"@type":"EntryPoint","urlTemplate":"https:\/\/mentorkit.com\/?s={search_term_string}"},"query-input":{"@type":"PropertyValueSpecification","valueRequired":true,"valueName":"search_term_string"}}],"inLanguage":"nb-NO"},{"@type":"Organization","@id":"https:\/\/mentorkit.com\/#organization","name":"Norsk Interaktiv AS","url":"https:\/\/mentorkit.com\/","logo":{"@type":"ImageObject","inLanguage":"nb-NO","@id":"https:\/\/mentorkit.com\/#\/schema\/logo\/image\/","url":"https:\/\/mentorkit.com\/wp-content\/uploads\/2025\/09\/MentorKit-LOGO-White-Horizontal.svg","contentUrl":"https:\/\/mentorkit.com\/wp-content\/uploads\/2025\/09\/MentorKit-LOGO-White-Horizontal.svg","caption":"Norsk Interaktiv AS"},"image":{"@id":"https:\/\/mentorkit.com\/#\/schema\/logo\/image\/"},"sameAs":["https:\/\/www.facebook.com\/nettkurs","https:\/\/www.youtube.com\/@mentorkit"]}]}},"_links":{"self":[{"href":"https:\/\/mentorkit.com\/no\/wp-json\/wp\/v2\/pages\/1747","targetHints":{"allow":["GET"]}}],"collection":[{"href":"https:\/\/mentorkit.com\/no\/wp-json\/wp\/v2\/pages"}],"about":[{"href":"https:\/\/mentorkit.com\/no\/wp-json\/wp\/v2\/types\/page"}],"author":[{"embeddable":true,"href":"https:\/\/mentorkit.com\/no\/wp-json\/wp\/v2\/users\/2"}],"replies":[{"embeddable":true,"href":"https:\/\/mentorkit.com\/no\/wp-json\/wp\/v2\/comments?post=1747"}],"version-history":[{"count":11,"href":"https:\/\/mentorkit.com\/no\/wp-json\/wp\/v2\/pages\/1747\/revisions"}],"predecessor-version":[{"id":2940,"href":"https:\/\/mentorkit.com\/no\/wp-json\/wp\/v2\/pages\/1747\/revisions\/2940"}],"wp:featuredmedia":[{"embeddable":true,"href":"https:\/\/mentorkit.com\/no\/wp-json\/wp\/v2\/media\/1745"}],"wp:attachment":[{"href":"https:\/\/mentorkit.com\/no\/wp-json\/wp\/v2\/media?parent=1747"}],"curies":[{"name":"wp","href":"https:\/\/api.w.org\/{rel}","templated":true}]}}