{"id":1609,"date":"2026-01-22T13:16:03","date_gmt":"2026-01-22T12:16:03","guid":{"rendered":"https:\/\/mentorkit.com\/?page_id=1609"},"modified":"2026-03-26T11:08:43","modified_gmt":"2026-03-26T10:08:43","slug":"product-suite-overview","status":"publish","type":"page","link":"https:\/\/mentorkit.com\/no\/product-suite-overview\/","title":{"rendered":"Oversikt over produktpakken"},"content":{"rendered":"<h1>\n\t\t\tOversikt over produktpakken\t<\/h1>\n\t<p>Utforsk MentorKit-produktpakken. Den perfekte <strong>Kit<\/strong> to run an e-learning solution that fits your organizations needs. Whether you&#8217;re an individual course creator or a large enterprise, <strong>MentorKit<\/strong> har en l\u00f8sning for deg. Alle v\u00e5re produkter fungerer s\u00f8ml\u00f8st sammen og er tilgjengelige som skytjenester med norskprodusert hosting for sikkerhetsstandarder.<strong> 100% EU-vennlig.<\/strong><\/p>\n\t\t\t<a href=\"#pricing\"  target=\"_self\">\n\t\t\t\t\t\t\tHva koster det?\n\t\t\t<\/a>\n\t\t\t<a href=\"https:\/\/mentorkit.com\/no\/book-a-demo\/\"  target=\"_self\">\n\t\t\t\t\t\t\tBestill en demo\n\t\t\t<\/a>\n\t\t<!-- Comment to fix spacing issue\n\t-->\n\t\t<h2>0+<\/h2><b>deltakere<\/b> har fullf\u00f8rt <br \/>kurs p\u00e5 MentorKit-plattformen.\n\t<!-- Comment to fix spacing issue\n\t-->\t\n\t\t<!-- Comment to fix spacing issue\n\t-->\n\t\t<h2>0+<\/h2><b>fullf\u00f8rte kurs<\/b><br \/> levert gjennom LMS.\n\t<!-- Comment to fix spacing issue\n\t-->\t\n\t\t<!-- Comment to fix spacing issue\n\t-->\n\t\t<h2>0+ \u00e5r<\/h2><b>kontinuerlig LMS-drift<\/b>, <br \/>i aktiv bruk siden 2003.\n\t<!-- Comment to fix spacing issue\n\t-->\t\n\t\t<!-- Comment to fix spacing issue\n\t-->\n\t\t<h2>0+ offisiell<\/h2>open source <b>utvidelser<\/b> i WooCommerce Marketplace.\n\t<!-- Comment to fix spacing issue\n\t-->\t\n<h6>\n\t\t<a href=\"https:\/\/mentorkit.com\/no\/mentorkit-course-creator-authoring-tool\/\" title=\"Forfatterverkt\u00f8y\"  target=\"_self\">\n\t\t\tForfatterverkt\u00f8y\t\t<\/a>\n\t<\/h6>\n<figure itemscope itemtype=\"https:\/\/schema.org\/ImageObject\">\n\t\t\t\t<img decoding=\"async\" src=\"https:\/\/mentorkit.com\/wp-content\/uploads\/2026\/03\/MentorKit-Course-Creator.svg\" alt=\"MentorKit Course Creator\" title=\"MentorKit Course Creator\" onerror=\"this.style.display='none'\" loading=\"lazy\" \/>\n\t<\/figure>\n<h2>\n\t\t<a href=\"https:\/\/mentorkit.com\/no\/mentorkit-course-creator-authoring-tool\/\" title=\"Course Creator\"  target=\"_self\">\n\t\t\tCourse Creator\t\t<\/a>\n\t<\/h2>\n\t<p><strong>MentorKit Course Creator<\/strong> er et anerkjent og brukervennlig <strong>forfatterverkt\u00f8y<\/strong> som gj\u00f8r det mulig \u00e5 utvikle engasjerende nettkurs uten koding. Verkt\u00f8yet er fullt skybasert og tilgjengelig direkte i nettleseren, noe som gir en fleksibel og effektiv arbeidsflyt.<\/p>\n\t\t\t<a href=\"https:\/\/mentorkit.com\/no\/mentorkit-course-creator-authoring-tool\/\"  target=\"_self\">\n\t\t\t\t\t\t\tLes mer\n\t\t\t<\/a>\n\t\t\t<a href=\"https:\/\/mentorkit.com\/no\/get-a-free-account\/#signup\"  target=\"_self\">\n\t\t\t\t\t\t\tF\u00e5 startet gratis\n\t\t\t<\/a>\n<h6>\n\t\t<a href=\"https:\/\/mentorkit.com\/no\/core-classic-learning-management-system\/\" title=\"Core Learning Management System\"  target=\"_self\">\n\t\t\tCore Learning Management System\t\t<\/a>\n\t<\/h6>\n<figure itemscope itemtype=\"https:\/\/schema.org\/ImageObject\">\n\t\t\t\t<img decoding=\"async\" src=\"https:\/\/mentorkit.com\/wp-content\/uploads\/2026\/03\/Mentorkit-Classic-LMS.svg\" alt=\"MentorKit Classic LMS\" title=\"MentorKit klassisk LMS\" onerror=\"this.style.display='none'\" loading=\"lazy\" \/>\n\t<\/figure>\n<h2>\n\t\t<a href=\"https:\/\/mentorkit.com\/no\/core-classic-learning-management-system\/\" title=\"LMS Classic\"  target=\"_self\">\n\t\t\tLMS Classic\t\t<\/a>\n\t<\/h2>\n\t<p><strong>MentorKit LMS Classic<\/strong> er en velpr\u00f8vd <strong>L\u00e6ringsadministrasjonssystem<\/strong> for \u00e5 levere og administrere nettkurs. Det er en skybasert l\u00e6ringsportal som har blitt kontinuerlig videreutviklet siden 2003, noe som gj\u00f8r den til et av de mest etablerte e-l\u00e6ringssystemene i Norden. MentorKit LMS Classic inneholder alle de viktigste LMS-funksjonene:<\/p>\n\t\t\t<a href=\"https:\/\/mentorkit.com\/no\/core-classic-learning-management-system\/\"  target=\"_self\">\n\t\t\t\t\t\t\tLes mer\n\t\t\t<\/a>\n\t\t\t<a href=\"https:\/\/mentorkit.com\/no\/book-a-demo\/\"  target=\"_self\">\n\t\t\t\t\t\t\tBestill en demo\n\t\t\t<\/a>\n<figure itemscope itemtype=\"https:\/\/schema.org\/ImageObject\">\n\t\t\t\t<img decoding=\"async\" src=\"https:\/\/mentorkit.com\/wp-content\/uploads\/2026\/01\/MentorKit-Core-Classic-Multi-Devices-Mockup_2560px.jpg\" alt=\"MentorKit LMS Classic is a proven Learning Management System for delivering and managing online courses.\" height=\"1707\" width=\"2560\" title=\"MentorKit LMS Classic er et velpr\u00f8vd l\u00e6ringsplattformsystem for levering og administrasjon av nettkurs.\" onerror=\"this.style.display='none'\" loading=\"lazy\" \/>\n\t<\/figure>\n<h6>\n\t\t\tMentorKit Pro LMS SaaS-l\u00f8sningen, kombinert med MentorKit Assist, har gjort det mulig for oss \u00e5 produsere kurs av h\u00f8y kvalitet p\u00e5 kort tid. Vi setter pris p\u00e5 kombinasjonen av en p\u00e5litelig plattform og et sv\u00e6rt responsivt serviceteam som forst\u00e5r m\u00e5lene v\u00e5re og hvordan vi \u00f8nsker \u00e5 utvikle oppl\u00e6ringsinnholdet v\u00e5rt.\t<\/h6>\n<figure itemscope itemtype=\"https:\/\/schema.org\/ImageObject\">\n\t\t\t\t<img decoding=\"async\" src=\"https:\/\/mentorkit.com\/wp-content\/uploads\/2026\/01\/ScaleAQ-Julie3.jpg\" alt=\"ScaleAQ-Julie3\" height=\"400\" width=\"400\" title=\"ScaleAQ-Julie3\" onerror=\"this.style.display='none'\" loading=\"lazy\" \/>\n\t<\/figure>\n<h6>\n\t\t\tJulie Gustavsen\t<\/h6>\n<h6>\n\t\t\t Leder teknisk st\u00f8tte og oppl\u00e6ring i ScaleAQ\t<\/h6>\n<figure itemscope itemtype=\"https:\/\/schema.org\/ImageObject\">\n\t\t\t\t<img decoding=\"async\" src=\"https:\/\/mentorkit.com\/wp-content\/plugins\/bb-plugin\/img\/pixel.png\" alt=\"\" onerror=\"this.style.display='none'\" loading=\"lazy\" \/>\n\t<\/figure>\n<figure itemscope itemtype=\"https:\/\/schema.org\/ImageObject\">\n\t\t\t\t<img decoding=\"async\" src=\"https:\/\/mentorkit.com\/wp-content\/uploads\/2026\/01\/MentorKit-Suite-Classic-v02.jpg\" alt=\"MentorKit Suite Classic combines authoring tool Course Creator and LMS Classic LMS into one complete, integrated learning platform.\" height=\"1667\" width=\"2500\" title=\"MentorKit Suite Classic kombinerer forfatterverkt\u00f8yet Course Creator og LMS Classic LMS i \u00e9n komplett, integrert l\u00e6ringsplattform.\" onerror=\"this.style.display='none'\" loading=\"lazy\" \/>\n\t<\/figure>\n<h6>\n\t\t<a href=\"https:\/\/mentorkit.com\/no\/suite-classic-integrated-course-creation-lms-platform\/\" title=\"Integrert kursoppretting og LMS-plattform\"  target=\"_self\">\n\t\t\tIntegrert kursopprettings- og LMS-plattform\t\t<\/a>\n\t<\/h6>\n<figure itemscope itemtype=\"https:\/\/schema.org\/ImageObject\">\n\t\t\t\t<img decoding=\"async\" src=\"https:\/\/mentorkit.com\/wp-content\/uploads\/2026\/03\/Mentorkit-Suite-Classic.svg\" alt=\"Mentorkit Suite Classic\" title=\"Mentorkit Suite Classic\" onerror=\"this.style.display='none'\" loading=\"lazy\" \/>\n\t<\/figure>\n<h2>\n\t\t<a href=\"https:\/\/mentorkit.com\/no\/suite-classic-integrated-course-creation-lms-platform\/\" title=\"= Suite Classic\"  target=\"_self\">\n\t\t\t= Suite Classic\t\t<\/a>\n\t<\/h2>\n\t<p><strong>MentorKit Suite Classic<\/strong> kombinerer forfatterverkt\u00f8y<strong> Course Creator<\/strong> og\u00a0<strong>Classic<\/strong> <strong>LMS <\/strong>til \u00e9n komplett, integrert l\u00e6ringsplattform. Den er utviklet for organisasjoner som \u00f8nsker full kontroll over b\u00e5de <strong>opprettelse og gjennomf\u00f8ring av kurs<\/strong>, uten kompleksitet eller tung tilpasning.<\/p>\n\t\t\t<a href=\"https:\/\/mentorkit.com\/no\/suite-classic-integrated-course-creation-lms-platform\/\"  target=\"_self\">\n\t\t\t\t\t\t\tLes mer\n\t\t\t<\/a>\n\t\t\t<a href=\"https:\/\/mentorkit.com\/no\/book-a-demo\/\"  target=\"_self\">\n\t\t\t\t\t\t\tBestill en demo\n\t\t\t<\/a>\n<h6>\n\t\t<a href=\"https:\/\/mentorkit.com\/no\/suite-pro-most-advanced-lms-and-course-creator\/\" title=\"Kursoppretting og tilpasningsdyktig avansert LMS\"  target=\"_self\">\n\t\t\tAvansert LMS og kursoppretting\t\t<\/a>\n\t<\/h6>\n<figure itemscope itemtype=\"https:\/\/schema.org\/ImageObject\">\n\t\t\t\t<img decoding=\"async\" src=\"https:\/\/mentorkit.com\/wp-content\/uploads\/2026\/03\/Mentorkit-Suite-Pro.svg\" alt=\"Mentorkit Suite Pro\" title=\"Mentorkit Suite Pro\" onerror=\"this.style.display='none'\" loading=\"lazy\" \/>\n\t<\/figure>\n<h2>\n\t\t<a href=\"https:\/\/mentorkit.com\/no\/suite-pro-most-advanced-lms-and-course-creator\/\" title=\"= Suite Pro\"  target=\"_self\">\n\t\t\t= Suite Pro\t\t<\/a>\n\t<\/h2>\n\t<p>Sammen utgj\u00f8r produktet MentorKit<strong> Course Creator <\/strong>og MentorKit<strong> LMS Pro<\/strong> er v\u00e5r avanserte, helhetlige plattformserie for organisasjoner som trenger maksimal fleksibilitet, integrasjon og kontroll. Den kombinerer MentorKits <strong>LMS Pro<\/strong> brukervennlig frontend med et kraftig MentorKit<strong> Course Creator. Det er integrert p\u00e5 samme m\u00e5te og fungerer som ett produkt - MentorKit Suite Pro.<\/strong> Med LMS Pro f\u00e5r du friheten til \u00e5 utforme frontend og velge hvordan du vil selge eller distribuere kurs. Med verdens st\u00f8rste CMS, WordPress, kan du enkelt skalere forretningslogikken til bedriften din. Du kan ogs\u00e5 hoste LMS-et ditt selv i <strong>selv-hostet<\/strong> l\u00f8sning. Les mer om det her.<\/p>\n\t\t\t<a href=\"https:\/\/mentorkit.com\/no\/suite-pro-most-advanced-lms-and-course-creator\/\"  target=\"_self\">\n\t\t\t\t\t\t\tLes mer\n\t\t\t<\/a>\n\t\t\t<a href=\"https:\/\/mentorkit.com\/no\/book-a-demo\/\"  target=\"_self\">\n\t\t\t\t\t\t\tBestill en demo\n\t\t\t<\/a>\n<figure itemscope itemtype=\"https:\/\/schema.org\/ImageObject\">\n\t\t\t\t<img decoding=\"async\" src=\"https:\/\/mentorkit.com\/wp-content\/uploads\/2026\/01\/MentorKit-Core-Classic-Multi-Devices-Mockup_2560px.jpg\" alt=\"MentorKit LMS Classic is a proven Learning Management System for delivering and managing online courses.\" height=\"1707\" width=\"2560\" title=\"MentorKit LMS Classic er et velpr\u00f8vd l\u00e6ringsplattformsystem for levering og administrasjon av nettkurs.\" onerror=\"this.style.display='none'\" loading=\"lazy\" \/>\n\t<\/figure>\n<h6>\n\t\t<a href=\"https:\/\/mentorkit.com\/no\/contact-us\/\" title=\"Kontakt oss\"  target=\"_self\">\n\t\t\tKontakt oss\t\t<\/a>\n\t<\/h6>\n<h2>\n\t\t\tLa oss skape sammen\t<\/h2>\n\t\t\t<a href=\"https:\/\/mentorkit.com\/no\/suite-pro-most-advanced-lms-and-course-creator\/\"  target=\"_self\">\n\t\t\t\t\t\t\tLes mer\n\t\t\t<\/a>\n\t\t\t<a href=\"https:\/\/mentorkit.com\/no\/book-a-demo\/\"  target=\"_self\">\n\t\t\t\t\t\t\tBestill en demo\n\t\t\t<\/a>\n<figure itemscope itemtype=\"https:\/\/schema.org\/ImageObject\">\n\t\t\t\t<img decoding=\"async\" src=\"https:\/\/mentorkit.com\/wp-content\/plugins\/bb-plugin\/img\/pixel.png\" alt=\"\" onerror=\"this.style.display='none'\" loading=\"lazy\" \/>\n\t<\/figure>\n<h6>\n\t\t<a href=\"https:\/\/mentorkit.com\/no\/suite-classic-integrated-course-creation-lms-platform\/\" title=\"R\u00e5dgivning og tjenester\"  target=\"_self\">\n\t\t\tR\u00e5dgivning og tjenester\t\t<\/a>\n\t<\/h6>\n<figure itemscope itemtype=\"https:\/\/schema.org\/ImageObject\">\n\t\t\t\t<img decoding=\"async\" src=\"https:\/\/mentorkit.com\/wp-content\/uploads\/2026\/03\/Mentorkit-Assist.svg\" alt=\"Mentorkit Assist\" title=\"Mentorkit Assistanse\" onerror=\"this.style.display='none'\" loading=\"lazy\" \/>\n\t<\/figure>\n<h2>\n\t\t<a href=\"https:\/\/mentorkit.com\/no\/mentorkit-assist-consulting-services\/\" title=\"Assist\"  target=\"_self\">\n\t\t\tAssist\t\t<\/a>\n\t<\/h2>\n\t<p><strong>MentorKit Assist<\/strong> er v\u00e5rt utvalg av konsulenttjenester som er utviklet for \u00e5 sikre at e-l\u00e6ringsprosjektet ditt lykkes fra start til slutt. Vi forst\u00e5r at lansering av digital oppl\u00e6ring ikke bare handler om programvare, men ogs\u00e5 om strategi, innhold og mennesker.<\/p>\n\t\t\t<a href=\"https:\/\/mentorkit.com\/no\/mentorkit-assist-consulting-services\/\"  target=\"_self\">\n\t\t\t\t\t\t\tLes mer\n\t\t\t<\/a>\n\t\t\t<a href=\"https:\/\/mentorkit.com\/no\/book-a-demo\/\"  target=\"_self\">\n\t\t\t\t\t\t\tBestill en demo\n\t\t\t<\/a>\n<h2>\n\t\t\tHva koster det?\t<\/h2>\n\t<strong>Velg de funksjonene du trenger, og se umiddelbart hvilket produkt eller hvilken pakke som passer ditt l\u00e6ringsoppsett.<\/strong><br \/>\nJuster antall kursskapere og aktive brukere for \u00e5 finne en l\u00f8sning som passer til dine behov og din skala.\n\t<div id=\"mentorkit-pricing-root\" data-theme=\"dark\"><\/div>","protected":false},"excerpt":{"rendered":"<p>Product suite overview Explore the MentorKit product suite. The perfect Kit to run an e-learning solution that fits your organizations [&hellip;]<\/p>\n","protected":false},"author":2,"featured_media":0,"parent":0,"menu_order":0,"comment_status":"closed","ping_status":"closed","template":"","meta":{"_acf_changed":false,"site-sidebar-layout":"default","site-content-layout":"","ast-site-content-layout":"","site-content-style":"default","site-sidebar-style":"default","ast-global-header-display":"","ast-banner-title-visibility":"","ast-main-header-display":"","ast-hfb-above-header-display":"","ast-hfb-below-header-display":"","ast-hfb-mobile-header-display":"","site-post-title":"disabled","ast-breadcrumbs-content":"","ast-featured-img":"","footer-sml-layout":"","ast-disable-related-posts":"","theme-transparent-header-meta":"","adv-header-id-meta":"","stick-header-meta":"","header-above-stick-meta":"","header-main-stick-meta":"","header-below-stick-meta":"","astra-migrate-meta-layouts":"default","ast-page-background-enabled":"default","ast-page-background-meta":{"desktop":{"background-color":"var(--ast-global-color-4)","background-image":"","background-repeat":"repeat","background-position":"center center","background-size":"auto","background-attachment":"scroll","background-type":"","background-media":"","overlay-type":"","overlay-color":"","overlay-opacity":"","overlay-gradient":""},"tablet":{"background-color":"","background-image":"","background-repeat":"repeat","background-position":"center center","background-size":"auto","background-attachment":"scroll","background-type":"","background-media":"","overlay-type":"","overlay-color":"","overlay-opacity":"","overlay-gradient":""},"mobile":{"background-color":"","background-image":"","background-repeat":"repeat","background-position":"center center","background-size":"auto","background-attachment":"scroll","background-type":"","background-media":"","overlay-type":"","overlay-color":"","overlay-opacity":"","overlay-gradient":""}},"ast-content-background-meta":{"desktop":{"background-color":"var(--ast-global-color-5)","background-image":"","background-repeat":"repeat","background-position":"center center","background-size":"auto","background-attachment":"scroll","background-type":"","background-media":"","overlay-type":"","overlay-color":"","overlay-opacity":"","overlay-gradient":""},"tablet":{"background-color":"var(--ast-global-color-5)","background-image":"","background-repeat":"repeat","background-position":"center center","background-size":"auto","background-attachment":"scroll","background-type":"","background-media":"","overlay-type":"","overlay-color":"","overlay-opacity":"","overlay-gradient":""},"mobile":{"background-color":"var(--ast-global-color-5)","background-image":"","background-repeat":"repeat","background-position":"center center","background-size":"auto","background-attachment":"scroll","background-type":"","background-media":"","overlay-type":"","overlay-color":"","overlay-opacity":"","overlay-gradient":""}},"footnotes":""},"class_list":["post-1609","page","type-page","status-publish","hentry"],"acf":[],"yoast_head":"<!-- This site is optimized with the Yoast SEO Premium plugin v27.3 (Yoast SEO v27.3) - https:\/\/yoast.com\/product\/yoast-seo-premium-wordpress\/ -->\n<title>Product suite overview - MentorKit<\/title>\n<meta name=\"description\" content=\"Unlock your potential with the course creator Kit. Perfect for individuals and enterprises, create engaging courses seamlessly.\" \/>\n<meta name=\"robots\" content=\"index, follow, max-snippet:-1, max-image-preview:large, max-video-preview:-1\" \/>\n<link rel=\"canonical\" href=\"https:\/\/mentorkit.com\/no\/product-suite-overview\/\" \/>\n<meta property=\"og:locale\" content=\"nb_NO\" \/>\n<meta property=\"og:type\" content=\"article\" \/>\n<meta property=\"og:title\" content=\"Product suite overview\" \/>\n<meta property=\"og:description\" content=\"Unlock your potential with the course creator Kit. Perfect for individuals and enterprises, create engaging courses seamlessly.\" \/>\n<meta property=\"og:url\" content=\"https:\/\/mentorkit.com\/no\/product-suite-overview\/\" \/>\n<meta property=\"og:site_name\" content=\"MentorKit\" \/>\n<meta property=\"article:publisher\" content=\"https:\/\/www.facebook.com\/nettkurs\" \/>\n<meta property=\"article:modified_time\" content=\"2026-03-26T10:08:43+00:00\" \/>\n<meta property=\"og:image\" content=\"https:\/\/mentorkit.com\/wp-content\/uploads\/2026\/03\/MentorKit-Course-Creator.svg\" \/>\n<meta name=\"twitter:card\" content=\"summary_large_image\" \/>\n<meta name=\"twitter:label1\" content=\"Ansl. lesetid\" \/>\n\t<meta name=\"twitter:data1\" content=\"5 minutter\" \/>\n<script type=\"application\/ld+json\" class=\"yoast-schema-graph\">{\"@context\":\"https:\\\/\\\/schema.org\",\"@graph\":[{\"@type\":\"WebPage\",\"@id\":\"https:\\\/\\\/mentorkit.com\\\/product-suite-overview\\\/\",\"url\":\"https:\\\/\\\/mentorkit.com\\\/product-suite-overview\\\/\",\"name\":\"Product suite overview - MentorKit\",\"isPartOf\":{\"@id\":\"https:\\\/\\\/mentorkit.com\\\/#website\"},\"primaryImageOfPage\":{\"@id\":\"https:\\\/\\\/mentorkit.com\\\/product-suite-overview\\\/#primaryimage\"},\"image\":{\"@id\":\"https:\\\/\\\/mentorkit.com\\\/product-suite-overview\\\/#primaryimage\"},\"thumbnailUrl\":\"https:\\\/\\\/mentorkit.com\\\/wp-content\\\/uploads\\\/2026\\\/03\\\/MentorKit-Course-Creator.svg\",\"datePublished\":\"2026-01-22T12:16:03+00:00\",\"dateModified\":\"2026-03-26T10:08:43+00:00\",\"description\":\"Unlock your potential with the course creator Kit. Perfect for individuals and enterprises, create engaging courses seamlessly.\",\"breadcrumb\":{\"@id\":\"https:\\\/\\\/mentorkit.com\\\/product-suite-overview\\\/#breadcrumb\"},\"inLanguage\":\"nb-NO\",\"potentialAction\":[{\"@type\":\"ReadAction\",\"target\":[\"https:\\\/\\\/mentorkit.com\\\/product-suite-overview\\\/\"]}]},{\"@type\":\"ImageObject\",\"inLanguage\":\"nb-NO\",\"@id\":\"https:\\\/\\\/mentorkit.com\\\/product-suite-overview\\\/#primaryimage\",\"url\":\"https:\\\/\\\/mentorkit.com\\\/wp-content\\\/uploads\\\/2026\\\/03\\\/MentorKit-Course-Creator.svg\",\"contentUrl\":\"https:\\\/\\\/mentorkit.com\\\/wp-content\\\/uploads\\\/2026\\\/03\\\/MentorKit-Course-Creator.svg\"},{\"@type\":\"BreadcrumbList\",\"@id\":\"https:\\\/\\\/mentorkit.com\\\/product-suite-overview\\\/#breadcrumb\",\"itemListElement\":[{\"@type\":\"ListItem\",\"position\":1,\"name\":\"Home\",\"item\":\"https:\\\/\\\/mentorkit.com\\\/\"},{\"@type\":\"ListItem\",\"position\":2,\"name\":\"Product suite overview\"}]},{\"@type\":\"WebSite\",\"@id\":\"https:\\\/\\\/mentorkit.com\\\/#website\",\"url\":\"https:\\\/\\\/mentorkit.com\\\/\",\"name\":\"MentorKit\",\"description\":\"a brand new, groundbreaking, fully cloud-based, Norwegian-made authoring tool for creating digital learning. The courses are responsive, meaning the content adapts to the screen whether it\u2019s on a phone, tablet, or PC\",\"publisher\":{\"@id\":\"https:\\\/\\\/mentorkit.com\\\/#organization\"},\"potentialAction\":[{\"@type\":\"SearchAction\",\"target\":{\"@type\":\"EntryPoint\",\"urlTemplate\":\"https:\\\/\\\/mentorkit.com\\\/?s={search_term_string}\"},\"query-input\":{\"@type\":\"PropertyValueSpecification\",\"valueRequired\":true,\"valueName\":\"search_term_string\"}}],\"inLanguage\":\"nb-NO\"},{\"@type\":\"Organization\",\"@id\":\"https:\\\/\\\/mentorkit.com\\\/#organization\",\"name\":\"Norsk Interaktiv AS\",\"url\":\"https:\\\/\\\/mentorkit.com\\\/\",\"logo\":{\"@type\":\"ImageObject\",\"inLanguage\":\"nb-NO\",\"@id\":\"https:\\\/\\\/mentorkit.com\\\/#\\\/schema\\\/logo\\\/image\\\/\",\"url\":\"https:\\\/\\\/mentorkit.com\\\/wp-content\\\/uploads\\\/2025\\\/09\\\/MentorKit-LOGO-White-Horizontal.svg\",\"contentUrl\":\"https:\\\/\\\/mentorkit.com\\\/wp-content\\\/uploads\\\/2025\\\/09\\\/MentorKit-LOGO-White-Horizontal.svg\",\"caption\":\"Norsk Interaktiv AS\"},\"image\":{\"@id\":\"https:\\\/\\\/mentorkit.com\\\/#\\\/schema\\\/logo\\\/image\\\/\"},\"sameAs\":[\"https:\\\/\\\/www.facebook.com\\\/nettkurs\",\"https:\\\/\\\/www.youtube.com\\\/@mentorkit\"]}]}<\/script>\n<!-- \/ Yoast SEO Premium plugin. -->","yoast_head_json":{"title":"Product suite overview - MentorKit","description":"Unlock your potential with the course creator Kit. Perfect for individuals and enterprises, create engaging courses seamlessly.","robots":{"index":"index","follow":"follow","max-snippet":"max-snippet:-1","max-image-preview":"max-image-preview:large","max-video-preview":"max-video-preview:-1"},"canonical":"https:\/\/mentorkit.com\/no\/product-suite-overview\/","og_locale":"nb_NO","og_type":"article","og_title":"Product suite overview","og_description":"Unlock your potential with the course creator Kit. Perfect for individuals and enterprises, create engaging courses seamlessly.","og_url":"https:\/\/mentorkit.com\/no\/product-suite-overview\/","og_site_name":"MentorKit","article_publisher":"https:\/\/www.facebook.com\/nettkurs","article_modified_time":"2026-03-26T10:08:43+00:00","og_image":[{"url":"https:\/\/mentorkit.com\/wp-content\/uploads\/2026\/03\/MentorKit-Course-Creator.svg","type":"","width":"","height":""}],"twitter_card":"summary_large_image","twitter_misc":{"Ansl. lesetid":"5 minutter"},"schema":{"@context":"https:\/\/schema.org","@graph":[{"@type":"WebPage","@id":"https:\/\/mentorkit.com\/product-suite-overview\/","url":"https:\/\/mentorkit.com\/product-suite-overview\/","name":"Product suite overview - MentorKit","isPartOf":{"@id":"https:\/\/mentorkit.com\/#website"},"primaryImageOfPage":{"@id":"https:\/\/mentorkit.com\/product-suite-overview\/#primaryimage"},"image":{"@id":"https:\/\/mentorkit.com\/product-suite-overview\/#primaryimage"},"thumbnailUrl":"https:\/\/mentorkit.com\/wp-content\/uploads\/2026\/03\/MentorKit-Course-Creator.svg","datePublished":"2026-01-22T12:16:03+00:00","dateModified":"2026-03-26T10:08:43+00:00","description":"Unlock your potential with the course creator Kit. Perfect for individuals and enterprises, create engaging courses seamlessly.","breadcrumb":{"@id":"https:\/\/mentorkit.com\/product-suite-overview\/#breadcrumb"},"inLanguage":"nb-NO","potentialAction":[{"@type":"ReadAction","target":["https:\/\/mentorkit.com\/product-suite-overview\/"]}]},{"@type":"ImageObject","inLanguage":"nb-NO","@id":"https:\/\/mentorkit.com\/product-suite-overview\/#primaryimage","url":"https:\/\/mentorkit.com\/wp-content\/uploads\/2026\/03\/MentorKit-Course-Creator.svg","contentUrl":"https:\/\/mentorkit.com\/wp-content\/uploads\/2026\/03\/MentorKit-Course-Creator.svg"},{"@type":"BreadcrumbList","@id":"https:\/\/mentorkit.com\/product-suite-overview\/#breadcrumb","itemListElement":[{"@type":"ListItem","position":1,"name":"Home","item":"https:\/\/mentorkit.com\/"},{"@type":"ListItem","position":2,"name":"Product suite overview"}]},{"@type":"WebSite","@id":"https:\/\/mentorkit.com\/#website","url":"https:\/\/mentorkit.com\/","name":"MentorKit","description":"et helt nytt, banebrytende, skybasert og norskutviklet forfatterverkt\u00f8y for digital l\u00e6ring. Kursene er responsive, noe som betyr at innholdet tilpasser seg skjermen enten det er p\u00e5 en telefon, et nettbrett eller en PC.","publisher":{"@id":"https:\/\/mentorkit.com\/#organization"},"potentialAction":[{"@type":"SearchAction","target":{"@type":"EntryPoint","urlTemplate":"https:\/\/mentorkit.com\/?s={search_term_string}"},"query-input":{"@type":"PropertyValueSpecification","valueRequired":true,"valueName":"search_term_string"}}],"inLanguage":"nb-NO"},{"@type":"Organization","@id":"https:\/\/mentorkit.com\/#organization","name":"Norsk Interaktiv AS","url":"https:\/\/mentorkit.com\/","logo":{"@type":"ImageObject","inLanguage":"nb-NO","@id":"https:\/\/mentorkit.com\/#\/schema\/logo\/image\/","url":"https:\/\/mentorkit.com\/wp-content\/uploads\/2025\/09\/MentorKit-LOGO-White-Horizontal.svg","contentUrl":"https:\/\/mentorkit.com\/wp-content\/uploads\/2025\/09\/MentorKit-LOGO-White-Horizontal.svg","caption":"Norsk Interaktiv AS"},"image":{"@id":"https:\/\/mentorkit.com\/#\/schema\/logo\/image\/"},"sameAs":["https:\/\/www.facebook.com\/nettkurs","https:\/\/www.youtube.com\/@mentorkit"]}]}},"_links":{"self":[{"href":"https:\/\/mentorkit.com\/no\/wp-json\/wp\/v2\/pages\/1609","targetHints":{"allow":["GET"]}}],"collection":[{"href":"https:\/\/mentorkit.com\/no\/wp-json\/wp\/v2\/pages"}],"about":[{"href":"https:\/\/mentorkit.com\/no\/wp-json\/wp\/v2\/types\/page"}],"author":[{"embeddable":true,"href":"https:\/\/mentorkit.com\/no\/wp-json\/wp\/v2\/users\/2"}],"replies":[{"embeddable":true,"href":"https:\/\/mentorkit.com\/no\/wp-json\/wp\/v2\/comments?post=1609"}],"version-history":[{"count":11,"href":"https:\/\/mentorkit.com\/no\/wp-json\/wp\/v2\/pages\/1609\/revisions"}],"predecessor-version":[{"id":2903,"href":"https:\/\/mentorkit.com\/no\/wp-json\/wp\/v2\/pages\/1609\/revisions\/2903"}],"wp:attachment":[{"href":"https:\/\/mentorkit.com\/no\/wp-json\/wp\/v2\/media?parent=1609"}],"curies":[{"name":"wp","href":"https:\/\/api.w.org\/{rel}","templated":true}]}}