{"id":1003,"date":"2025-05-07T12:19:50","date_gmt":"2025-05-07T10:19:50","guid":{"rendered":"https:\/\/mycreator.io\/contact\/"},"modified":"2026-03-30T22:31:06","modified_gmt":"2026-03-30T20:31:06","slug":"get-a-free-account","status":"publish","type":"page","link":"https:\/\/mentorkit.com\/no\/get-a-free-account\/","title":{"rendered":"Try for free the best 100% EU and GDPR secure e-learning tool for digital course production."},"content":{"rendered":"<h6>\n\t\t\tVil du bli med oss?\t<\/h6>\n<h1>\n\t\t\tPr\u00f8v fremtidens digitale kursproduksjon n\u00e5!\t<\/h1>\n<figure itemscope itemtype=\"https:\/\/schema.org\/ImageObject\">\n\t\t\t\t<img decoding=\"async\" src=\"https:\/\/mentorkit.com\/wp-content\/uploads\/2025\/05\/pexels-photo-6968173.jpeg\" alt=\"Take one minute to fill out the form and you will get access immediately\" height=\"1050\" width=\"700\" title=\"Bruk ett minutt p\u00e5 \u00e5 fylle ut skjemaet, s\u00e5 f\u00e5r du tilgang umiddelbart\" onerror=\"this.style.display='none'\" loading=\"lazy\" \/>\n\t<\/figure>\n<h6  id=\"signup\">\n\t\t\tF\u00c5 EN 30 DAGERS PR\u00d8VEKONTO\t<\/h6>\n<h2>\n\t\t\tBruk ett minutt p\u00e5 \u00e5 fylle ut skjemaet, s\u00e5 f\u00e5r du tilgang umiddelbart\t<\/h2>\n\t<div class=\"react-form-container\" id=\"mycreator-form\"><\/div>\n\t\t<!-- Comment to fix spacing issue\n\t-->\n\t\t<h2>0+<\/h2><b>deltakere<\/b> har fullf\u00f8rt <br \/>kurs p\u00e5 MentorKit-plattformen.\n\t<!-- Comment to fix spacing issue\n\t-->\t\n\t\t<!-- Comment to fix spacing issue\n\t-->\n\t\t<h2>0+ millioner kroner<\/h2><b>fullf\u00f8rte kurs<\/b><br \/> levert gjennom LMS.\n\t<!-- Comment to fix spacing issue\n\t-->\t\n\t\t<!-- Comment to fix spacing issue\n\t-->\n\t\t<h2>0+ \u00e5r<\/h2><b>kontinuerlig LMS-drift<\/b>, <br \/>i aktiv bruk siden 2003.\n\t<!-- Comment to fix spacing issue\n\t-->\t\n\t\t<!-- Comment to fix spacing issue\n\t-->\n\t\t<h2>0+ offisiell<\/h2>open source <b>utvidelser<\/b> i WooCommerce Marketplace.\n\t<!-- Comment to fix spacing issue\n\t-->\t\n<h6>\n\t\t<a href=\"https:\/\/mentorkit.com\/no\/core-classic-learning-management-system\/\" title=\"En fleksibel l\u00e6ringsplattform bygget for vekst\"  target=\"_self\">\n\t\t\tEn fleksibel l\u00e6ringsplattform bygget for vekst\t\t<\/a>\n\t<\/h6>\n<h2>\n\t\t\tF\u00e5 en gratis Course Creator-konto og begynn \u00e5 bygge kurs\t<\/h2>\n\t<p>Start din <b>gratis <a href=\"https:\/\/mentorkit.com\/no\/mentorkit-course-creator-authoring-tool\/\">Course Creator<\/a> konto<\/b> med MentorKit og begynn \u00e5 lage nettkurs p\u00e5 minutter. Enten du bygger oppl\u00e6ringsprogrammer, onboarder ansatte eller selger kurs p\u00e5 nett, gir MentorKit deg en fleksibel og kraftig plattform for \u00e5 komme raskt i gang.<\/p>\n<p>Med en gratis <b><a href=\"https:\/\/mentorkit.com\/no\/mentorkit-course-creator-authoring-tool\/\">Course Creator<\/a> <\/b> konto, kan du utforske hvordan du lager, administrerer og leverer digital l\u00e6ring uten \u00e5 forplikte deg til et komplekst oppsett. Plattformen er designet for \u00e5 v\u00e6re enkel \u00e5 bruke, samtidig som den gir deg full kontroll over innholdet og strukturen din.<\/p>\n<h2><b>What you can do with a free Course Creator  account<\/b><\/h2>\n<p>Med MentorKit, din gratis <b><a href=\"https:\/\/mentorkit.com\/no\/mentorkit-course-creator-authoring-tool\/\">Course Creator<\/a> <\/b> konto lar deg:<\/p>\n<ul>\n<li>\n<p>Lag engasjerende nettkurs med multimedieinnhold<\/p>\n<\/li>\n<li>\n<p>strukturer leksjoner, moduler og quizer<\/p>\n<\/li>\n<li>\n<p>administrere brukere og spore fremdrift<\/p>\n<\/li>\n<li>\n<p>test ut l\u00e6ringsplattformen din f\u00f8r du skalerer<\/p>\n<\/li>\n<\/ul>\n<p>Samtidig kan du eksperimentere med ulike kursformater og se hvordan innholdet ditt presterer i et reelt milj\u00f8.<\/p>\n\n<figure itemscope itemtype=\"https:\/\/schema.org\/ImageObject\">\n\t\t\t\t<img decoding=\"async\" src=\"https:\/\/mentorkit.com\/wp-content\/uploads\/2026\/01\/little-break-2021-09-24-02-53-49-utc-scaled.jpg\" alt=\"Onboarding &amp; Training\" title=\"Onboarding og oppl\u00e6ring\" onerror=\"this.style.display='none'\" loading=\"lazy\" \/>\n\t<\/figure>\n<h6>\n\t\t<a href=\"https:\/\/mentorkit.com\/no\/mentorkit-course-creator-authoring-tool\/\" title=\"Forfatterverkt\u00f8y\"  target=\"_self\">\n\t\t\tForfatterverkt\u00f8y\t\t<\/a>\n\t<\/h6>\n<figure itemscope itemtype=\"https:\/\/schema.org\/ImageObject\">\n\t\t\t\t<img decoding=\"async\" src=\"https:\/\/mentorkit.com\/wp-content\/uploads\/2026\/03\/MentorKit-Course-Creator.svg\" alt=\"MentorKit Course Creator\" title=\"MentorKit Course Creator\" onerror=\"this.style.display='none'\" loading=\"lazy\" \/>\n\t<\/figure>\n<h2>\n\t\t<a href=\"https:\/\/mentorkit.com\/no\/mentorkit-course-creator-authoring-tool\/\" title=\"Course Creator\"  target=\"_self\">\n\t\t\tCourse Creator\t\t<\/a>\n\t<\/h2>\n\t<p><strong>MentorKit Course Creator<\/strong> er et anerkjent og brukervennlig <strong>forfatterverkt\u00f8y<\/strong> som gj\u00f8r det mulig \u00e5 utvikle engasjerende nettkurs uten koding. Verkt\u00f8yet er fullt skybasert og tilgjengelig direkte i nettleseren, noe som gir en fleksibel og effektiv arbeidsflyt.<\/p>\n\t\t\t<a href=\"https:\/\/mentorkit.com\/no\/mentorkit-course-creator-authoring-tool\/\"  target=\"_self\">\n\t\t\t\t\t\t\tLes mer\n\t\t\t<\/a>\n\t\t\t<a href=\"https:\/\/mentorkit.com\/no\/get-a-free-account\/#signup\"  target=\"_self\">\n\t\t\t\t\t\t\tF\u00e5 startet gratis\n\t\t\t<\/a>\n<h2>\n\t\t<a href=\"https:\/\/mentorkit.com\/no\/customer-stories\/transocean\/\" title=\"Transocean\"  target=\"_self\">\n\t\t\tTransocean\t\t<\/a>\n\t<\/h2>\n<h6>\n\t\t\tNoen av v\u00e5re kunder\t<\/h6>\n<h2>\n\t\t\tForetrukket av ledende virksomheter\t<\/h2>\n<h6>\n\t\t\tEkte historier fra kundene v\u00e5re\t<\/h6>\n<h2>\n\t\t<a href=\"https:\/\/mentorkit.com\/no\/customer-stories\/norges-bondelag\/\" title=\"Norges Bondelag\"  target=\"_self\">\n\t\t\tNorges Bondelag\t\t<\/a>\n\t<\/h2>\n<h2>\n\t\t<a href=\"https:\/\/mentorkit.com\/no\/customer-stories\/scaleAQ\/\" title=\"ScaleAQ\"  target=\"_self\">\n\t\t\tScaleAQ\t\t<\/a>\n\t<\/h2>\n<h2>\n\t\t<a href=\"https:\/\/mentorkit.com\/no\/customer-stories\/Skanska-Norge\/\" title=\"Skanska Norge\"  target=\"_self\">\n\t\t\tSkanska Norge\t\t<\/a>\n\t<\/h2>\n<h2>\n\t\t<a href=\"https:\/\/mentorkit.com\/no\/customer-stories\/Godt-brod\/\" title=\"Godt Br\u00f8d\"  target=\"_self\">\n\t\t\tGodt Br\u00f8d\t\t<\/a>\n\t<\/h2>","protected":false},"excerpt":{"rendered":"<p>Want to Join Us? Try the future of digital course production now! GET A 30 DAYS TRIAL ACCOUNT Take one [&hellip;]<\/p>\n","protected":false},"author":1,"featured_media":31,"parent":0,"menu_order":0,"comment_status":"closed","ping_status":"closed","template":"","meta":{"_acf_changed":false,"site-sidebar-layout":"default","site-content-layout":"","ast-site-content-layout":"default","site-content-style":"default","site-sidebar-style":"default","ast-global-header-display":"","ast-banner-title-visibility":"","ast-main-header-display":"","ast-hfb-above-header-display":"","ast-hfb-below-header-display":"","ast-hfb-mobile-header-display":"","site-post-title":"disabled","ast-breadcrumbs-content":"","ast-featured-img":"disabled","footer-sml-layout":"","ast-disable-related-posts":"","theme-transparent-header-meta":"default","adv-header-id-meta":"","stick-header-meta":"","header-above-stick-meta":"","header-main-stick-meta":"","header-below-stick-meta":"","astra-migrate-meta-layouts":"default","ast-page-background-enabled":"default","ast-page-background-meta":{"desktop":{"background-color":"var(--ast-global-color-4)","background-image":"","background-repeat":"repeat","background-position":"center center","background-size":"auto","background-attachment":"scroll","background-type":"","background-media":"","overlay-type":"","overlay-color":"","overlay-opacity":"","overlay-gradient":""},"tablet":{"background-color":"","background-image":"","background-repeat":"repeat","background-position":"center center","background-size":"auto","background-attachment":"scroll","background-type":"","background-media":"","overlay-type":"","overlay-color":"","overlay-opacity":"","overlay-gradient":""},"mobile":{"background-color":"","background-image":"","background-repeat":"repeat","background-position":"center center","background-size":"auto","background-attachment":"scroll","background-type":"","background-media":"","overlay-type":"","overlay-color":"","overlay-opacity":"","overlay-gradient":""}},"ast-content-background-meta":{"desktop":{"background-color":"var(--ast-global-color-5)","background-image":"","background-repeat":"repeat","background-position":"center center","background-size":"auto","background-attachment":"scroll","background-type":"","background-media":"","overlay-type":"","overlay-color":"","overlay-opacity":"","overlay-gradient":""},"tablet":{"background-color":"var(--ast-global-color-5)","background-image":"","background-repeat":"repeat","background-position":"center center","background-size":"auto","background-attachment":"scroll","background-type":"","background-media":"","overlay-type":"","overlay-color":"","overlay-opacity":"","overlay-gradient":""},"mobile":{"background-color":"var(--ast-global-color-5)","background-image":"","background-repeat":"repeat","background-position":"center center","background-size":"auto","background-attachment":"scroll","background-type":"","background-media":"","overlay-type":"","overlay-color":"","overlay-opacity":"","overlay-gradient":""}},"footnotes":""},"class_list":["post-1003","page","type-page","status-publish","has-post-thumbnail","hentry"],"acf":[],"yoast_head":"<!-- This site is optimized with the Yoast SEO Premium plugin v27.3 (Yoast SEO v27.3) - https:\/\/yoast.com\/product\/yoast-seo-premium-wordpress\/ -->\n<title>Free Online Course Platform for Beginners - MentorKit<\/title>\n<meta name=\"description\" content=\"Get a free MentorKit account and start creating online courses in minutes. Try a powerful LMS and course creator with a 30-day free trial.\" \/>\n<meta name=\"robots\" content=\"index, follow, max-snippet:-1, max-image-preview:large, max-video-preview:-1\" \/>\n<link rel=\"canonical\" href=\"https:\/\/mentorkit.com\/no\/get-a-free-account\/\" \/>\n<meta property=\"og:locale\" content=\"nb_NO\" \/>\n<meta property=\"og:type\" content=\"article\" \/>\n<meta property=\"og:title\" content=\"Try for free the best 100% EU and GDPR secure e-learning tool for digital course production.\" \/>\n<meta property=\"og:description\" content=\"Get a free MentorKit account and start creating online courses in minutes. Try a powerful LMS and course creator with a 30-day free trial.\" \/>\n<meta property=\"og:url\" content=\"https:\/\/mentorkit.com\/no\/get-a-free-account\/\" \/>\n<meta property=\"og:site_name\" content=\"MentorKit\" \/>\n<meta property=\"article:publisher\" content=\"https:\/\/www.facebook.com\/nettkurs\" \/>\n<meta property=\"article:modified_time\" content=\"2026-03-30T20:31:06+00:00\" \/>\n<meta property=\"og:image\" content=\"https:\/\/mentorkit.com\/wp-content\/uploads\/2025\/05\/pexels-photo-6968173.jpeg\" \/>\n\t<meta property=\"og:image:width\" content=\"700\" \/>\n\t<meta property=\"og:image:height\" content=\"1050\" \/>\n\t<meta property=\"og:image:type\" content=\"image\/jpeg\" \/>\n<meta name=\"twitter:card\" content=\"summary_large_image\" \/>\n<meta name=\"twitter:label1\" content=\"Ansl. lesetid\" \/>\n\t<meta name=\"twitter:data1\" content=\"1 minutt\" \/>\n<script type=\"application\/ld+json\" class=\"yoast-schema-graph\">{\"@context\":\"https:\\\/\\\/schema.org\",\"@graph\":[{\"@type\":\"WebPage\",\"@id\":\"https:\\\/\\\/mentorkit.com\\\/get-a-free-account\\\/\",\"url\":\"https:\\\/\\\/mentorkit.com\\\/get-a-free-account\\\/\",\"name\":\"Free Online Course Platform for Beginners - MentorKit\",\"isPartOf\":{\"@id\":\"https:\\\/\\\/mentorkit.com\\\/#website\"},\"primaryImageOfPage\":{\"@id\":\"https:\\\/\\\/mentorkit.com\\\/get-a-free-account\\\/#primaryimage\"},\"image\":{\"@id\":\"https:\\\/\\\/mentorkit.com\\\/get-a-free-account\\\/#primaryimage\"},\"thumbnailUrl\":\"https:\\\/\\\/mentorkit.com\\\/wp-content\\\/uploads\\\/2025\\\/05\\\/pexels-photo-6968173.jpeg\",\"datePublished\":\"2025-05-07T10:19:50+00:00\",\"dateModified\":\"2026-03-30T20:31:06+00:00\",\"description\":\"Get a free MentorKit account and start creating online courses in minutes. Try a powerful LMS and course creator with a 30-day free trial.\",\"breadcrumb\":{\"@id\":\"https:\\\/\\\/mentorkit.com\\\/get-a-free-account\\\/#breadcrumb\"},\"inLanguage\":\"nb-NO\",\"potentialAction\":[{\"@type\":\"ReadAction\",\"target\":[\"https:\\\/\\\/mentorkit.com\\\/get-a-free-account\\\/\"]}]},{\"@type\":\"ImageObject\",\"inLanguage\":\"nb-NO\",\"@id\":\"https:\\\/\\\/mentorkit.com\\\/get-a-free-account\\\/#primaryimage\",\"url\":\"https:\\\/\\\/mentorkit.com\\\/wp-content\\\/uploads\\\/2025\\\/05\\\/pexels-photo-6968173.jpeg\",\"contentUrl\":\"https:\\\/\\\/mentorkit.com\\\/wp-content\\\/uploads\\\/2025\\\/05\\\/pexels-photo-6968173.jpeg\",\"width\":700,\"height\":1050,\"caption\":\"Take one minute to fill out the form and you will get access immediately\"},{\"@type\":\"BreadcrumbList\",\"@id\":\"https:\\\/\\\/mentorkit.com\\\/get-a-free-account\\\/#breadcrumb\",\"itemListElement\":[{\"@type\":\"ListItem\",\"position\":1,\"name\":\"Home\",\"item\":\"https:\\\/\\\/mentorkit.com\\\/\"},{\"@type\":\"ListItem\",\"position\":2,\"name\":\"Try for free the best 100% EU and GDPR secure e-learning tool for digital course production.\"}]},{\"@type\":\"WebSite\",\"@id\":\"https:\\\/\\\/mentorkit.com\\\/#website\",\"url\":\"https:\\\/\\\/mentorkit.com\\\/\",\"name\":\"MentorKit\",\"description\":\"a brand new, groundbreaking, fully cloud-based, Norwegian-made authoring tool for creating digital learning. The courses are responsive, meaning the content adapts to the screen whether it\u2019s on a phone, tablet, or PC\",\"publisher\":{\"@id\":\"https:\\\/\\\/mentorkit.com\\\/#organization\"},\"potentialAction\":[{\"@type\":\"SearchAction\",\"target\":{\"@type\":\"EntryPoint\",\"urlTemplate\":\"https:\\\/\\\/mentorkit.com\\\/?s={search_term_string}\"},\"query-input\":{\"@type\":\"PropertyValueSpecification\",\"valueRequired\":true,\"valueName\":\"search_term_string\"}}],\"inLanguage\":\"nb-NO\"},{\"@type\":\"Organization\",\"@id\":\"https:\\\/\\\/mentorkit.com\\\/#organization\",\"name\":\"Norsk Interaktiv AS\",\"url\":\"https:\\\/\\\/mentorkit.com\\\/\",\"logo\":{\"@type\":\"ImageObject\",\"inLanguage\":\"nb-NO\",\"@id\":\"https:\\\/\\\/mentorkit.com\\\/#\\\/schema\\\/logo\\\/image\\\/\",\"url\":\"https:\\\/\\\/mentorkit.com\\\/wp-content\\\/uploads\\\/2025\\\/09\\\/MentorKit-LOGO-White-Horizontal.svg\",\"contentUrl\":\"https:\\\/\\\/mentorkit.com\\\/wp-content\\\/uploads\\\/2025\\\/09\\\/MentorKit-LOGO-White-Horizontal.svg\",\"caption\":\"Norsk Interaktiv AS\"},\"image\":{\"@id\":\"https:\\\/\\\/mentorkit.com\\\/#\\\/schema\\\/logo\\\/image\\\/\"},\"sameAs\":[\"https:\\\/\\\/www.facebook.com\\\/nettkurs\",\"https:\\\/\\\/www.youtube.com\\\/@mentorkit\"]}]}<\/script>\n<!-- \/ Yoast SEO Premium plugin. -->","yoast_head_json":{"title":"Free Online Course Platform for Beginners - MentorKit","description":"Get a free MentorKit account and start creating online courses in minutes. Try a powerful LMS and course creator with a 30-day free trial.","robots":{"index":"index","follow":"follow","max-snippet":"max-snippet:-1","max-image-preview":"max-image-preview:large","max-video-preview":"max-video-preview:-1"},"canonical":"https:\/\/mentorkit.com\/no\/get-a-free-account\/","og_locale":"nb_NO","og_type":"article","og_title":"Try for free the best 100% EU and GDPR secure e-learning tool for digital course production.","og_description":"Get a free MentorKit account and start creating online courses in minutes. Try a powerful LMS and course creator with a 30-day free trial.","og_url":"https:\/\/mentorkit.com\/no\/get-a-free-account\/","og_site_name":"MentorKit","article_publisher":"https:\/\/www.facebook.com\/nettkurs","article_modified_time":"2026-03-30T20:31:06+00:00","og_image":[{"width":700,"height":1050,"url":"https:\/\/mentorkit.com\/wp-content\/uploads\/2025\/05\/pexels-photo-6968173.jpeg","type":"image\/jpeg"}],"twitter_card":"summary_large_image","twitter_misc":{"Ansl. lesetid":"1 minutt"},"schema":{"@context":"https:\/\/schema.org","@graph":[{"@type":"WebPage","@id":"https:\/\/mentorkit.com\/get-a-free-account\/","url":"https:\/\/mentorkit.com\/get-a-free-account\/","name":"Free Online Course Platform for Beginners - MentorKit","isPartOf":{"@id":"https:\/\/mentorkit.com\/#website"},"primaryImageOfPage":{"@id":"https:\/\/mentorkit.com\/get-a-free-account\/#primaryimage"},"image":{"@id":"https:\/\/mentorkit.com\/get-a-free-account\/#primaryimage"},"thumbnailUrl":"https:\/\/mentorkit.com\/wp-content\/uploads\/2025\/05\/pexels-photo-6968173.jpeg","datePublished":"2025-05-07T10:19:50+00:00","dateModified":"2026-03-30T20:31:06+00:00","description":"Get a free MentorKit account and start creating online courses in minutes. Try a powerful LMS and course creator with a 30-day free trial.","breadcrumb":{"@id":"https:\/\/mentorkit.com\/get-a-free-account\/#breadcrumb"},"inLanguage":"nb-NO","potentialAction":[{"@type":"ReadAction","target":["https:\/\/mentorkit.com\/get-a-free-account\/"]}]},{"@type":"ImageObject","inLanguage":"nb-NO","@id":"https:\/\/mentorkit.com\/get-a-free-account\/#primaryimage","url":"https:\/\/mentorkit.com\/wp-content\/uploads\/2025\/05\/pexels-photo-6968173.jpeg","contentUrl":"https:\/\/mentorkit.com\/wp-content\/uploads\/2025\/05\/pexels-photo-6968173.jpeg","width":700,"height":1050,"caption":"Take one minute to fill out the form and you will get access immediately"},{"@type":"BreadcrumbList","@id":"https:\/\/mentorkit.com\/get-a-free-account\/#breadcrumb","itemListElement":[{"@type":"ListItem","position":1,"name":"Home","item":"https:\/\/mentorkit.com\/"},{"@type":"ListItem","position":2,"name":"Try for free the best 100% EU and GDPR secure e-learning tool for digital course production."}]},{"@type":"WebSite","@id":"https:\/\/mentorkit.com\/#website","url":"https:\/\/mentorkit.com\/","name":"MentorKit","description":"et helt nytt, banebrytende, skybasert og norskutviklet forfatterverkt\u00f8y for digital l\u00e6ring. Kursene er responsive, noe som betyr at innholdet tilpasser seg skjermen enten det er p\u00e5 en telefon, et nettbrett eller en PC.","publisher":{"@id":"https:\/\/mentorkit.com\/#organization"},"potentialAction":[{"@type":"SearchAction","target":{"@type":"EntryPoint","urlTemplate":"https:\/\/mentorkit.com\/?s={search_term_string}"},"query-input":{"@type":"PropertyValueSpecification","valueRequired":true,"valueName":"search_term_string"}}],"inLanguage":"nb-NO"},{"@type":"Organization","@id":"https:\/\/mentorkit.com\/#organization","name":"Norsk Interaktiv AS","url":"https:\/\/mentorkit.com\/","logo":{"@type":"ImageObject","inLanguage":"nb-NO","@id":"https:\/\/mentorkit.com\/#\/schema\/logo\/image\/","url":"https:\/\/mentorkit.com\/wp-content\/uploads\/2025\/09\/MentorKit-LOGO-White-Horizontal.svg","contentUrl":"https:\/\/mentorkit.com\/wp-content\/uploads\/2025\/09\/MentorKit-LOGO-White-Horizontal.svg","caption":"Norsk Interaktiv AS"},"image":{"@id":"https:\/\/mentorkit.com\/#\/schema\/logo\/image\/"},"sameAs":["https:\/\/www.facebook.com\/nettkurs","https:\/\/www.youtube.com\/@mentorkit"]}]}},"_links":{"self":[{"href":"https:\/\/mentorkit.com\/no\/wp-json\/wp\/v2\/pages\/1003","targetHints":{"allow":["GET"]}}],"collection":[{"href":"https:\/\/mentorkit.com\/no\/wp-json\/wp\/v2\/pages"}],"about":[{"href":"https:\/\/mentorkit.com\/no\/wp-json\/wp\/v2\/types\/page"}],"author":[{"embeddable":true,"href":"https:\/\/mentorkit.com\/no\/wp-json\/wp\/v2\/users\/1"}],"replies":[{"embeddable":true,"href":"https:\/\/mentorkit.com\/no\/wp-json\/wp\/v2\/comments?post=1003"}],"version-history":[{"count":11,"href":"https:\/\/mentorkit.com\/no\/wp-json\/wp\/v2\/pages\/1003\/revisions"}],"predecessor-version":[{"id":2968,"href":"https:\/\/mentorkit.com\/no\/wp-json\/wp\/v2\/pages\/1003\/revisions\/2968"}],"wp:featuredmedia":[{"embeddable":true,"href":"https:\/\/mentorkit.com\/no\/wp-json\/wp\/v2\/media\/31"}],"wp:attachment":[{"href":"https:\/\/mentorkit.com\/no\/wp-json\/wp\/v2\/media?parent=1003"}],"curies":[{"name":"wp","href":"https:\/\/api.w.org\/{rel}","templated":true}]}}