{"id":3,"date":"2025-04-28T12:41:02","date_gmt":"2025-04-28T12:41:02","guid":{"rendered":"https:\/\/mycreator.io\/?page_id=3"},"modified":"2026-03-23T09:35:59","modified_gmt":"2026-03-23T08:35:59","slug":"privacy-policy","status":"publish","type":"page","link":"https:\/\/mentorkit.com\/dk\/privacy-policy\/","title":{"rendered":"Privacy Policy"},"content":{"rendered":"<h1>\n\t\t\tPrivacy Policy\t<\/h1>\n\t<h2><b>Behandling af personoplysninger hos Norsk Interaktiv AS<\/b><\/h2>\n<p>N\u00e5r du bruger vores l\u00e6ringsplatform, bes\u00f8ger vores hjemmeside eller p\u00e5 anden m\u00e5de interagerer med os, behandler vi personoplysninger om dig. Nedenfor finder du information om, hvilke personoplysninger vi indsamler, hvorfor vi indsamler dem, og dine rettigheder i forbindelse med behandlingen af dine personoplysninger.<\/p>\n<p>Databehandleren for de personoplysninger, vi behandler, er <b>Norsk Interaktiv AS<\/b>, repr\u00e6senteret ved administrerende direkt\u00f8r <b>Arne Bj\u00f8rn Mikalsen<\/b>.<\/p>\nKontaktoplysninger for Norsk Interaktiv AS:<br \/>\nAdresse: Kj\u00f8ita 17, 4630 Kristiansand S, Norge<br \/>\nE-mail: firmapost@norskinteraktiv.no<br \/>\nTelefon: +47 38 12 34 56\n<p><strong>Organisationsnummer: 987 903 023<\/strong><\/p>\n<p>Hvis du har sp\u00f8rgsm\u00e5l vedr\u00f8rende vores behandling af personoplysninger, kan du kontakte vores databeskyttelsesr\u00e5dgiver direkte p\u00e5 <b>abm@norskinteraktiv.no<\/b> eller ved at ringe til ovenst\u00e5ende telefonnummer.<\/p>\n<h2><b>1. Hvorfor vi indsamler personlige data, og hvilke oplysninger vi indsamler<\/b><\/h2>\n<p>Vi indsamler og bruger personoplysninger til forskellige form\u00e5l, afh\u00e6ngigt af hvem du er, og hvordan du interagerer med os. De typer af personoplysninger, vi indsamler, og de form\u00e5l, de bruges til, beskrives nedenfor.<\/p>\n<h3><b>At administrere og levere vores online l\u00e6ringsplatform<\/b><\/h3>\n<p>Vi behandler personoplysninger som dit navn, kontaktoplysninger, adgangskode, k\u00f8n, f\u00f8dselsdato og andre relevante oplysninger i det omfang, det er n\u00f8dvendigt for at opfylde vores aftale med dig.<\/p>\n<h3><b>At behandle ordrer og levere produkter<\/b><\/h3>\n<p>N\u00e5r du k\u00f8ber kurser eller tjenester gennem vores platforme, behandler vi f\u00f8lgende oplysninger:<\/p>\n<ul>\n<li>\n<p>Name or contact person&#8217;s name<\/p>\n<\/li>\n<li>\n<p>Adresse<\/p>\n<\/li>\n<li>\n<p>Mobiltelefonnummer<\/p>\n<\/li>\n<li>\n<p>E-mail-adresse<\/p>\n<\/li>\n<li>\n<p>Betalingsoplysninger<\/p>\n<\/li>\n<li>\n<p>Kommentarer eller korrespondance vedr\u00f8rende ordren<\/p>\n<\/li>\n<\/ul>\n<h3><b>Marketing og nyhedsbreve<\/b><\/h3>\n<p>Vi kan sende markedsf\u00f8ringskommunikation, nyhedsbreve og information om vores ydelser. Til dette form\u00e5l behandler vi dine <b>e-mailadresse<\/b>.<\/p>\n<p>Denne behandling baseres enten p\u00e5 en aftale med dig eller dit udtrykkelige samtykke.<\/p>\n<h3><b>Besvarelse af foresp\u00f8rgsler<\/b><\/h3>\n<p>N\u00e5r du kontakter os, kan vi behandle:<\/p>\n<ul>\n<li>\n<p>Navn<\/p>\n<\/li>\n<li>\n<p>Telefonnummer<\/p>\n<\/li>\n<li>\n<p>E-mail-adresse<\/p>\n<\/li>\n<li>\n<p>Har din foresp\u00f8rgsel indeholdt personlige data<\/p>\n<\/li>\n<\/ul>\n<p>Denne behandling er baseret p\u00e5 en legitim interesse, da den er n\u00f8dvendig for at vi kan assistere dig og besvare dine sp\u00f8rgsm\u00e5l.<\/p>\n<h3><b>Rekruttering<\/b><\/h3>\n<p>Hvis du ans\u00f8ger om et job hos os, kan vi behandle:<\/p>\n<ul>\n<li>\n<p>CV<\/p>\n<\/li>\n<li>\n<p>Ans\u00f8gning om job<\/p>\n<\/li>\n<li>\n<p>Certifikater og referencer<\/p>\n<\/li>\n<\/ul>\n<p>Behandling er baseret p\u00e5 dit samtykke.<\/p>\n<h3><b>Webstedsbrug og cookies<\/b><\/h3>\n<p>For at analysere, hvordan vores hjemmeside bruges, benytter vi cookies og lignende teknologier. Disse kan indsamle personoplysninger s\u00e5som:<\/p>\n<ul>\n<li>\n<p>IP-adresse<\/p>\n<\/li>\n<li>\n<p>Browserinformation<\/p>\n<\/li>\n<li>\n<p>Webstedsbrugsstatistik<\/p>\n<\/li>\n<\/ul>\n<p>Denne behandling baseres p\u00e5 en legitim interesse, da det hj\u00e6lper os med at forbedre og tilpasse hjemmesiden til vores brugere.<\/p>\n<p>De indsamlede data bruges kun til statistiske form\u00e5l og kan ikke identificere dig som person. Personoplysninger indsamlet via hjemmesiden slettes l\u00f8bende.<\/p>\n<h2><b>2. Offentligg\u00f8relse af personoplysninger til tredjeparter<\/b><\/h2>\n<p>Vi deler ikke dine personlige data med tredjeparter, medmindre der er et juridisk grundlag for det. Eksempler p\u00e5 s\u00e5danne juridiske grundlag omfatter aftaler med dig eller juridiske forpligtelser, der kr\u00e6ver, at vi videregiver oplysninger.<\/p>\n<p>Norsk Interaktiv anvender databehandlere, der behandler personoplysninger p\u00e5 vores vegne. I s\u00e5danne tilf\u00e6lde har vi indg\u00e5et aftaler for at sikre informationssikkerhed p\u00e5 alle stadier af behandlingen.<\/p>\n<p>Vores nuv\u00e6rende databehandlere omfatter:<\/p>\n<ul>\n<li>\n<p><b>GlobalConnect AS og IT AS<\/b>, ansvarlig for serverinfrastruktur og systemdrift, der anvendes til levering af vores tjenester<\/p>\n<\/li>\n<li>\n<p><b>UniMicro AS og Checkin AS<\/b>, som leverer vores l\u00f8sninger til webshops<\/p>\n<\/li>\n<li>\n<p><strong>Zoho Corporation Pvt. Ltd<\/strong>, udbyder af vores helpdesk og supportsystem<\/p>\n<\/li>\n<\/ul>\n<p>Al behandling af personoplysninger sker inden for <b>EU\/E\u00d8S<\/b>.<\/p>\n<h2><b>3. Databevaring og sletning<\/b><\/h2>\n<p>Vi gemmer dine persondata, s\u00e5 l\u00e6nge du er registreret som bruger, og s\u00e5 l\u00e6nge det er n\u00f8dvendigt for at opfylde det form\u00e5l, dataene er indsamlet til, medmindre en l\u00e6ngere opbevaringsperiode er p\u00e5kr\u00e6vet eller tilladt ved lov.<\/p>\n<p>For eksempel:<\/p>\n<ul>\n<li>\n<p>Personoplysninger, der behandles med henblik p\u00e5 opfyldelse af en kontrakt, slettes, n\u00e5r aftalen er afsluttet, og alle forpligtelser er opfyldt.<\/p>\n<\/li>\n<li>\n<p>S\u00e5 l\u00e6nge du forbliver en registreret bruger, kan k\u00f8bshistorik gemmes, s\u00e5 du kan gennemg\u00e5 tidligere k\u00f8bte kurser.<\/p>\n<\/li>\n<\/ul>\n<p>Personoplysninger behandlet p\u00e5 baggrund af samtykke slettes, hvis du tr\u00e6kker dit samtykke tilbage.<\/p>\n<p>Vi sletter ogs\u00e5 personlige data efter anmodning, medmindre lovpligtige forpligtelser eller andre retlige grundlag kr\u00e6ver, at vi opbevarer oplysningerne i en bestemt periode.<\/p>\n<p>Vi bestr\u00e6ber os ogs\u00e5 p\u00e5 at sikre, at personoplysninger er ajourf\u00f8rte og n\u00f8jagtige, og at un\u00f8dvendige data ikke gemmes.<\/p>\n<p>Anonyme statistiske data er ikke omfattet af disse opbevaringsbegr\u00e6nsninger.<\/p>\n<h2><b>4. Hvordan vi beskytter dine data<\/b><\/h2>\n<p>Beskyttelse af dine personlige data er en topprioritet for os. Vi implementerer fysiske, tekniske og administrative sikkerhedsforanstaltninger for at beskytte personlige data og fortrolige oplysninger.<\/p>\n<p>Vores sikkerhedsarbejde omfatter regelm\u00e6ssige vurderinger af:<\/p>\n<ul>\n<li>\n<p>Risikoeksponering<\/p>\n<\/li>\n<li>\n<p>Tilg\u00e6ngelig teknologi<\/p>\n<\/li>\n<li>\n<p>Forretningsbehov<\/p>\n<\/li>\n<li>\n<p>Lovkrav<\/p>\n<\/li>\n<\/ul>\n<p>Disse foranstaltninger sikrer, at der altid er passende sikkerhedsforanstaltninger p\u00e5 plads for at forhindre uautoriseret adgang eller videregivelse af personoplysninger.<\/p>\n<h2><b>5. Dine rettigheder<\/b><\/h2>\n<p>Du har f\u00f8lgende rettigheder vedr\u00f8rende dine personlige data:<\/p>\n<p><b>Ret til adgang<\/b><\/p>\n<p>Du kan anmode om oplysninger om de personoplysninger, vi har registreret om dig.<\/p>\n<p><b>Retten til berigtigelse<\/b><\/p>\n<p>Du har ret til at rette un\u00f8jagtige eller ufuldst\u00e6ndige oplysninger om dig.<\/p>\n<p><b>Ret til begr\u00e6nsning af behandling<\/b><\/p>\n<p>Du kan anmode om, at vi begr\u00e6nser behandlingen af dine personlige data.<\/p>\n<p><b>Tilbagekaldelse af samtykke<\/b><\/p>\n<p>Du kan til enhver tid tr\u00e6kke dit samtykke til vores behandling af personoplysninger tilbage.<\/p>\n<p><b>Ret til dataportabilitet<\/b><\/p>\n<p>Du kan anmode om, at personlige data, som du har givet os, overf\u00f8res til en anden tjenesteudbyder.<\/p>\n<p><b>Ret til sletning<\/b><\/p>\n<p>Du kan anmode om, at vi sletter personlige data, vi har gemt om dig.<\/p>\n<p><b>Ret til at blive underrettet om databrud<\/b><\/p>\n<p>Hvis et brud p\u00e5 personoplysninger opst\u00e5r, som udg\u00f8r en h\u00f8j risiko for dine rettigheder og frihedsrettigheder, vil vi underrette dig.<\/p>\n<p>For at ud\u00f8ve dine rettigheder, kontakt venligst:<\/p>\nNorsk Interaktiv AS<br \/>\nE-mail: firmapost@norskinteraktiv.no<br \/>\nPhone: +47 38 12 34 56\nPrivacy Officer: abm@norskinteraktiv.no<br \/>\nDu kan ogs\u00e5 kontakte vores kundeservice telefonisk p\u00e5 +47 38 12 34 56.\n<p>Vi vil besvare din anmodning hurtigst muligt og senest <b>30 dage<\/b>.<\/p>\n<h2><b>6. Klager<\/b><\/h2>\n<p>Hvis du mener, at vores behandling af personlige data ikke overholder denne privatlivspolitik eller g\u00e6ldende databeskyttelseslove, har du ret til at indgive en klage til <b>Det norske datatilsyn<\/b>.<\/p>\n<p>Du kan finde flere oplysninger om, hvordan du kontakter Datatilsynet p\u00e5:<\/p>\n<p>https:\/\/www.datatilsynet.no<\/p>\n<h2><b>7. \u00c6ndringer til denne privatlivspolitik<\/b><\/h2>\n<p>Hvis vores ydelser \u00e6ndres, eller hvis der \u00e6ndres regler for behandling af personoplysninger, kan denne privatlivspolitik blive opdateret.<\/p>\n<p>Hvis vi har dine kontaktoplysninger, kan vi give dig besked om s\u00e5danne \u00e6ndringer. Ellers vil den seneste version af politikken altid v\u00e6re tilg\u00e6ngelig p\u00e5 vores hjemmeside:<\/p>\n<p><b>https:\/\/mentorkit.com<\/b><\/p>\n<p>&nbsp;<\/p>\n<p>Hvis du vil, kan jeg ogs\u00e5:<\/p>\n<ul>\n<li>\n<p><b>Kort denne ned til en moderne privatlivspolitik i SaaS-stil<\/b> (de fleste virksomheder reducerer dette med ~40%)<\/p>\n<\/li>\n<li>\n<p>Lav det <b>100% GDPR-kompatibel formulering for internationale kunder<\/b><\/p>\n<\/li>\n<li>\n<p>Tilf\u00f8j en <b>cookiepolitik sektion p\u00e5kr\u00e6vet for EU-websteder<\/b>.<\/p>\n<\/li>\n<\/ul>","protected":false},"excerpt":{"rendered":"<p>Privacy Policy Processing of Personal Data by Norsk Interaktiv AS When you use our learning platform, visit our website, or [&hellip;]<\/p>\n","protected":false},"author":1,"featured_media":0,"parent":0,"menu_order":0,"comment_status":"closed","ping_status":"open","template":"","meta":{"_acf_changed":false,"site-sidebar-layout":"default","site-content-layout":"","ast-site-content-layout":"default","site-content-style":"default","site-sidebar-style":"default","ast-global-header-display":"","ast-banner-title-visibility":"","ast-main-header-display":"","ast-hfb-above-header-display":"","ast-hfb-below-header-display":"","ast-hfb-mobile-header-display":"","site-post-title":"disabled","ast-breadcrumbs-content":"","ast-featured-img":"","footer-sml-layout":"","ast-disable-related-posts":"","theme-transparent-header-meta":"","adv-header-id-meta":"","stick-header-meta":"","header-above-stick-meta":"","header-main-stick-meta":"","header-below-stick-meta":"","astra-migrate-meta-layouts":"default","ast-page-background-enabled":"default","ast-page-background-meta":{"desktop":{"background-color":"var(--ast-global-color-4)","background-image":"","background-repeat":"repeat","background-position":"center center","background-size":"auto","background-attachment":"scroll","background-type":"","background-media":"","overlay-type":"","overlay-color":"","overlay-opacity":"","overlay-gradient":""},"tablet":{"background-color":"","background-image":"","background-repeat":"repeat","background-position":"center center","background-size":"auto","background-attachment":"scroll","background-type":"","background-media":"","overlay-type":"","overlay-color":"","overlay-opacity":"","overlay-gradient":""},"mobile":{"background-color":"","background-image":"","background-repeat":"repeat","background-position":"center center","background-size":"auto","background-attachment":"scroll","background-type":"","background-media":"","overlay-type":"","overlay-color":"","overlay-opacity":"","overlay-gradient":""}},"ast-content-background-meta":{"desktop":{"background-color":"var(--ast-global-color-5)","background-image":"","background-repeat":"repeat","background-position":"center center","background-size":"auto","background-attachment":"scroll","background-type":"","background-media":"","overlay-type":"","overlay-color":"","overlay-opacity":"","overlay-gradient":""},"tablet":{"background-color":"var(--ast-global-color-5)","background-image":"","background-repeat":"repeat","background-position":"center center","background-size":"auto","background-attachment":"scroll","background-type":"","background-media":"","overlay-type":"","overlay-color":"","overlay-opacity":"","overlay-gradient":""},"mobile":{"background-color":"var(--ast-global-color-5)","background-image":"","background-repeat":"repeat","background-position":"center center","background-size":"auto","background-attachment":"scroll","background-type":"","background-media":"","overlay-type":"","overlay-color":"","overlay-opacity":"","overlay-gradient":""}},"footnotes":""},"class_list":["post-3","page","type-page","status-publish","hentry"],"acf":[],"yoast_head":"<!-- This site is optimized with the Yoast SEO Premium plugin v27.3 (Yoast SEO v27.3) - https:\/\/yoast.com\/product\/yoast-seo-premium-wordpress\/ -->\n<title>Privacy Policy - MentorKit<\/title>\n<meta name=\"robots\" content=\"index, follow, max-snippet:-1, max-image-preview:large, max-video-preview:-1\" \/>\n<link rel=\"canonical\" href=\"https:\/\/mentorkit.com\/dk\/privacy-policy\/\" \/>\n<meta property=\"og:locale\" content=\"da_DK\" \/>\n<meta property=\"og:type\" content=\"article\" \/>\n<meta property=\"og:title\" content=\"Privacy Policy\" \/>\n<meta property=\"og:description\" content=\"Privacy Policy Processing of Personal Data by Norsk Interaktiv AS When you use our learning platform, visit our website, or [&hellip;]\" \/>\n<meta property=\"og:url\" content=\"https:\/\/mentorkit.com\/dk\/privacy-policy\/\" \/>\n<meta property=\"og:site_name\" content=\"MentorKit\" \/>\n<meta property=\"article:publisher\" content=\"https:\/\/www.facebook.com\/nettkurs\" \/>\n<meta property=\"article:modified_time\" content=\"2026-03-23T08:35:59+00:00\" \/>\n<meta name=\"twitter:card\" content=\"summary_large_image\" \/>\n<meta name=\"twitter:label1\" content=\"Estimeret l\u00e6setid\" \/>\n\t<meta name=\"twitter:data1\" content=\"5 minutter\" \/>\n<script type=\"application\/ld+json\" class=\"yoast-schema-graph\">{\"@context\":\"https:\\\/\\\/schema.org\",\"@graph\":[{\"@type\":\"WebPage\",\"@id\":\"https:\\\/\\\/mentorkit.com\\\/privacy-policy\\\/\",\"url\":\"https:\\\/\\\/mentorkit.com\\\/privacy-policy\\\/\",\"name\":\"Privacy Policy - MentorKit\",\"isPartOf\":{\"@id\":\"https:\\\/\\\/mentorkit.com\\\/#website\"},\"datePublished\":\"2025-04-28T12:41:02+00:00\",\"dateModified\":\"2026-03-23T08:35:59+00:00\",\"breadcrumb\":{\"@id\":\"https:\\\/\\\/mentorkit.com\\\/privacy-policy\\\/#breadcrumb\"},\"inLanguage\":\"da-DK\",\"potentialAction\":[{\"@type\":\"ReadAction\",\"target\":[\"https:\\\/\\\/mentorkit.com\\\/privacy-policy\\\/\"]}]},{\"@type\":\"BreadcrumbList\",\"@id\":\"https:\\\/\\\/mentorkit.com\\\/privacy-policy\\\/#breadcrumb\",\"itemListElement\":[{\"@type\":\"ListItem\",\"position\":1,\"name\":\"Home\",\"item\":\"https:\\\/\\\/mentorkit.com\\\/\"},{\"@type\":\"ListItem\",\"position\":2,\"name\":\"Privacy Policy\"}]},{\"@type\":\"WebSite\",\"@id\":\"https:\\\/\\\/mentorkit.com\\\/#website\",\"url\":\"https:\\\/\\\/mentorkit.com\\\/\",\"name\":\"MentorKit\",\"description\":\"a brand new, groundbreaking, fully cloud-based, Norwegian-made authoring tool for creating digital learning. The courses are responsive, meaning the content adapts to the screen whether it\u2019s on a phone, tablet, or PC\",\"publisher\":{\"@id\":\"https:\\\/\\\/mentorkit.com\\\/#organization\"},\"potentialAction\":[{\"@type\":\"SearchAction\",\"target\":{\"@type\":\"EntryPoint\",\"urlTemplate\":\"https:\\\/\\\/mentorkit.com\\\/?s={search_term_string}\"},\"query-input\":{\"@type\":\"PropertyValueSpecification\",\"valueRequired\":true,\"valueName\":\"search_term_string\"}}],\"inLanguage\":\"da-DK\"},{\"@type\":\"Organization\",\"@id\":\"https:\\\/\\\/mentorkit.com\\\/#organization\",\"name\":\"Norsk Interaktiv AS\",\"url\":\"https:\\\/\\\/mentorkit.com\\\/\",\"logo\":{\"@type\":\"ImageObject\",\"inLanguage\":\"da-DK\",\"@id\":\"https:\\\/\\\/mentorkit.com\\\/#\\\/schema\\\/logo\\\/image\\\/\",\"url\":\"https:\\\/\\\/mentorkit.com\\\/wp-content\\\/uploads\\\/2025\\\/09\\\/MentorKit-LOGO-White-Horizontal.svg\",\"contentUrl\":\"https:\\\/\\\/mentorkit.com\\\/wp-content\\\/uploads\\\/2025\\\/09\\\/MentorKit-LOGO-White-Horizontal.svg\",\"caption\":\"Norsk Interaktiv AS\"},\"image\":{\"@id\":\"https:\\\/\\\/mentorkit.com\\\/#\\\/schema\\\/logo\\\/image\\\/\"},\"sameAs\":[\"https:\\\/\\\/www.facebook.com\\\/nettkurs\",\"https:\\\/\\\/www.youtube.com\\\/@mentorkit\"]}]}<\/script>\n<!-- \/ Yoast SEO Premium plugin. -->","yoast_head_json":{"title":"Privacy Policy - MentorKit","robots":{"index":"index","follow":"follow","max-snippet":"max-snippet:-1","max-image-preview":"max-image-preview:large","max-video-preview":"max-video-preview:-1"},"canonical":"https:\/\/mentorkit.com\/dk\/privacy-policy\/","og_locale":"da_DK","og_type":"article","og_title":"Privacy Policy","og_description":"Privacy Policy Processing of Personal Data by Norsk Interaktiv AS When you use our learning platform, visit our website, or [&hellip;]","og_url":"https:\/\/mentorkit.com\/dk\/privacy-policy\/","og_site_name":"MentorKit","article_publisher":"https:\/\/www.facebook.com\/nettkurs","article_modified_time":"2026-03-23T08:35:59+00:00","twitter_card":"summary_large_image","twitter_misc":{"Estimeret l\u00e6setid":"5 minutter"},"schema":{"@context":"https:\/\/schema.org","@graph":[{"@type":"WebPage","@id":"https:\/\/mentorkit.com\/privacy-policy\/","url":"https:\/\/mentorkit.com\/privacy-policy\/","name":"Privacy Policy - MentorKit","isPartOf":{"@id":"https:\/\/mentorkit.com\/#website"},"datePublished":"2025-04-28T12:41:02+00:00","dateModified":"2026-03-23T08:35:59+00:00","breadcrumb":{"@id":"https:\/\/mentorkit.com\/privacy-policy\/#breadcrumb"},"inLanguage":"da-DK","potentialAction":[{"@type":"ReadAction","target":["https:\/\/mentorkit.com\/privacy-policy\/"]}]},{"@type":"BreadcrumbList","@id":"https:\/\/mentorkit.com\/privacy-policy\/#breadcrumb","itemListElement":[{"@type":"ListItem","position":1,"name":"Home","item":"https:\/\/mentorkit.com\/"},{"@type":"ListItem","position":2,"name":"Privacy Policy"}]},{"@type":"WebSite","@id":"https:\/\/mentorkit.com\/#website","url":"https:\/\/mentorkit.com\/","name":"MentorKit","description":"et helt nyt, banebrydende, fuldt cloud-baseret, norskproduceret authoringv\u00e6rkt\u00f8j til oprettelse af digital l\u00e6ring. Kurserne er responsive, hvilket betyder, at indholdet tilpasser sig sk\u00e6rmen, uanset om det er p\u00e5 en telefon, tablet eller pc","publisher":{"@id":"https:\/\/mentorkit.com\/#organization"},"potentialAction":[{"@type":"SearchAction","target":{"@type":"EntryPoint","urlTemplate":"https:\/\/mentorkit.com\/?s={search_term_string}"},"query-input":{"@type":"PropertyValueSpecification","valueRequired":true,"valueName":"search_term_string"}}],"inLanguage":"da-DK"},{"@type":"Organization","@id":"https:\/\/mentorkit.com\/#organization","name":"Norsk Interaktiv AS","url":"https:\/\/mentorkit.com\/","logo":{"@type":"ImageObject","inLanguage":"da-DK","@id":"https:\/\/mentorkit.com\/#\/schema\/logo\/image\/","url":"https:\/\/mentorkit.com\/wp-content\/uploads\/2025\/09\/MentorKit-LOGO-White-Horizontal.svg","contentUrl":"https:\/\/mentorkit.com\/wp-content\/uploads\/2025\/09\/MentorKit-LOGO-White-Horizontal.svg","caption":"Norsk Interaktiv AS"},"image":{"@id":"https:\/\/mentorkit.com\/#\/schema\/logo\/image\/"},"sameAs":["https:\/\/www.facebook.com\/nettkurs","https:\/\/www.youtube.com\/@mentorkit"]}]}},"_links":{"self":[{"href":"https:\/\/mentorkit.com\/dk\/wp-json\/wp\/v2\/pages\/3","targetHints":{"allow":["GET"]}}],"collection":[{"href":"https:\/\/mentorkit.com\/dk\/wp-json\/wp\/v2\/pages"}],"about":[{"href":"https:\/\/mentorkit.com\/dk\/wp-json\/wp\/v2\/types\/page"}],"author":[{"embeddable":true,"href":"https:\/\/mentorkit.com\/dk\/wp-json\/wp\/v2\/users\/1"}],"replies":[{"embeddable":true,"href":"https:\/\/mentorkit.com\/dk\/wp-json\/wp\/v2\/comments?post=3"}],"version-history":[{"count":4,"href":"https:\/\/mentorkit.com\/dk\/wp-json\/wp\/v2\/pages\/3\/revisions"}],"predecessor-version":[{"id":2748,"href":"https:\/\/mentorkit.com\/dk\/wp-json\/wp\/v2\/pages\/3\/revisions\/2748"}],"wp:attachment":[{"href":"https:\/\/mentorkit.com\/dk\/wp-json\/wp\/v2\/media?parent=3"}],"curies":[{"name":"wp","href":"https:\/\/api.w.org\/{rel}","templated":true}]}}