{"id":2224,"date":"2026-02-08T16:33:39","date_gmt":"2026-02-08T15:33:39","guid":{"rendered":"https:\/\/mentorkit.com\/?page_id=2224"},"modified":"2026-03-25T16:05:18","modified_gmt":"2026-03-25T15:05:18","slug":"mentorkit-assist-consulting-services","status":"publish","type":"page","link":"https:\/\/mentorkit.com\/dk\/mentorkit-assist-consulting-services\/","title":{"rendered":"MentorKit Assist Consulting &amp; Services"},"content":{"rendered":"<figure itemscope itemtype=\"https:\/\/schema.org\/ImageObject\">\n\t\t\t\t<img decoding=\"async\" src=\"https:\/\/mentorkit.com\/wp-content\/uploads\/2026\/03\/Mentorkit-Assist-white.svg\" alt=\"Mentorkit Assist white\" title=\"Mentorkit Assist hvid\" onerror=\"this.style.display='none'\" loading=\"lazy\" \/>\n\t<\/figure>\n<h1>\n\t\t\tAssist our consulting &#038; Services\t<\/h1>\n\t<p><strong>MentorKit Assist<\/strong> is our range of consulting services designed to ensure your e-learning project succeeds from start to finish. We understand that launching digital training is not just about software it&#8217;s also about strategy, content, and people. MentorKit&#8217;s e-learning experts (with decades of experience) are available to assist you with:<\/p>\n\t\t\t<a href=\"https:\/\/mentorkit.com\/dk\/book-a-demo\/\"  target=\"_self\">\n\t\t\t\t\t\t\tBestil et m\u00f8de\n\t\t\t<\/a>\n\t\t\t<a href=\"https:\/\/mentorkit.com\/dk\/product-suite-overview\/\"  target=\"_self\">\n\t\t\t\t\t\t\tProduktpakken\n\t\t\t<\/a>\n<h6>\n\t\t\tTr\u00e6k-og-slip-redigering og foruddefinerede skabeloner\t<\/h6>\n<h2>\n\t\t\tOnboarding &#038; Training\t<\/h2>\n\t<p>Vi yder praktisk hj\u00e6lp til at f\u00e5 dit team i gang med platformen. Fra den indledende ops\u00e6tning af dit LMS til workshops om, hvordan du bruger Creator-v\u00e6rkt\u00f8jet effektivt, sikrer vi, at du og dine administratorer f\u00f8ler jer trygge. Vores eksperter kan tr\u00e6ne dine interne kursusforfattere i bedste praksisser for instruktionsdesign, brug af multimedier og meget mere.<\/p>\n\t\t\t<a href=\"https:\/\/mentorkit.com\/dk\/book-a-demo\/\"  target=\"_self\">\n\t\t\t\t\t\t\tBestil et m\u00f8de\n\t\t\t<\/a>\n\t\t\t<a href=\"https:\/\/mentorkit.com\/dk\/product-suite-overview\/\"  target=\"_self\">\n\t\t\t\t\t\t\tProduktpakken\n\t\t\t<\/a>\n<h6>\n\t\t\tFra storyline, manuskriptforfatning, grafisk design og multimedie \t<\/h6>\n<h2>\n\t\t\tCourse development &#038; instructional design\t<\/h2>\n\t<p>Don&#8217;t have time or resources to create e-learning content? We can do it for you. MentorKit&#8217;s team can handle full <strong>kursusudvikling<\/strong> projekter, der omdanner dine eksisterende undervisningsmaterialer eller din ekspertise inden for et emne til interaktive onlinekurser. Vi tilbyder alt fra storyline- og manuskriptskrivning til grafisk design og multimedieproduktion. Alternativt kan vi arbejde t\u00e6t sammen med dine fageksperter i en f\u00e6lles udviklingstilgang, hvor vi vejleder dem i kursusdesign, mens de leverer indholdet.<\/p>\n\t\t\t<a href=\"https:\/\/mentorkit.com\/dk\/book-a-demo\/\"  target=\"_self\">\n\t\t\t\t\t\t\tBestil et m\u00f8de\n\t\t\t<\/a>\n\t\t\t<a href=\"https:\/\/mentorkit.com\/dk\/product-suite-overview\/\"  target=\"_self\">\n\t\t\t\t\t\t\tProduktpakken\n\t\t\t<\/a>\n<figure itemscope itemtype=\"https:\/\/schema.org\/ImageObject\">\n\t\t\t\t<img decoding=\"async\" src=\"https:\/\/mentorkit.com\/wp-content\/uploads\/2026\/01\/indoor-shot-of-happy-male-makes-notes-while-listen-2022-07-28-04-01-25-utc-scaled.jpg\" alt=\"indoor-shot-of-happy-male-makes-notes-while-listen-2022-07-28-04-01-25-utc\" height=\"1707\" width=\"2560\" title=\"indend\u00f8rs billede af glad mand laver noter, mens han lytter 2022-07-28-04-01-25-utc\" onerror=\"this.style.display='none'\" loading=\"lazy\" \/>\n\t<\/figure>\n<h6>\n\t\t\tVi tilbyder ogs\u00e5 assistance til tilpasning af LMS-portaler\t<\/h6>\n<h2>\n\t\t\tTemplates &#038; Customization\t<\/h2>\n\t<p>For at fremskynde din kursusoprettelse kan vi udvikle brugerdefinerede MentorKit Creator-skabeloner, der er skr\u00e6ddersyet til din branding og stil. Disse skabeloner giver dine kurser et professionelt, ensartet udseende og er nemme for dit team at udfylde med indhold. Vi hj\u00e6lper ogs\u00e5 med tilpasning af LMS-portaler, for eksempel ved at ops\u00e6tte din branding, navigationsstruktur, brugerroller og eventuelle integrationer eller udvidelser, du har brug for.<\/p>\n\t\t\t<a href=\"https:\/\/mentorkit.com\/dk\/book-a-demo\/\"  target=\"_self\">\n\t\t\t\t\t\t\tBestil et m\u00f8de\n\t\t\t<\/a>\n\t\t\t<a href=\"https:\/\/mentorkit.com\/dk\/product-suite-overview\/\"  target=\"_self\">\n\t\t\t\t\t\t\tProduktpakken\n\t\t\t<\/a>\n<h6>\n\t\t\tHar du brug for id\u00e9er til at \u00f8ge kursistengagement?\t<\/h6>\n<h2>\n\t\t\tOngoing Consulting &#038; Support\t<\/h2>\n\t<p>MentorKit Assist is an ongoing partnership. We are happy to act as advisors on your digital learning strategy, even after the initial implementation. Need ideas to increase learner engagement? Not sure how to structure an e-learning curriculum? Our consultants can provide best-practice guidance drawn from years of industry experience. We&#8217;ll help you map out your needs and plan a solution that fits. Some customers have us heavily involved in the beginning and then take over, while others continue to utilize our expertise for continuous improvement we&#8217;re flexible to your preferred working style .<\/p>\n\t\t\t<a href=\"https:\/\/mentorkit.com\/dk\/book-a-demo\/\"  target=\"_self\">\n\t\t\t\t\t\t\tBestil et m\u00f8de\n\t\t\t<\/a>\n\t\t\t<a href=\"https:\/\/mentorkit.com\/dk\/product-suite-overview\/\"  target=\"_self\">\n\t\t\t\t\t\t\tProduktpakken\n\t\t\t<\/a>\n<figure itemscope itemtype=\"https:\/\/schema.org\/ImageObject\">\n\t\t\t\t<img decoding=\"async\" src=\"https:\/\/mentorkit.com\/wp-content\/uploads\/2025\/06\/getty-images-TFMgZv3Vf5Y-unsplash-1-scaled.jpg\" alt=\"Arbeidstilsynet\" height=\"1707\" width=\"2560\" title=\"Arbejdstilsynet\" onerror=\"this.style.display='none'\" loading=\"lazy\" \/>\n\t<\/figure>\n<h2>\n\t\t\tUdtalelser\t<\/h2>","protected":false},"excerpt":{"rendered":"<p>Assist our consulting &#038; Services MentorKit Assist is our range of consulting services designed to ensure your e-learning project succeeds [&hellip;]<\/p>\n","protected":false},"author":2,"featured_media":1664,"parent":0,"menu_order":0,"comment_status":"closed","ping_status":"closed","template":"","meta":{"_acf_changed":false,"site-sidebar-layout":"default","site-content-layout":"","ast-site-content-layout":"default","site-content-style":"default","site-sidebar-style":"default","ast-global-header-display":"","ast-banner-title-visibility":"","ast-main-header-display":"","ast-hfb-above-header-display":"","ast-hfb-below-header-display":"","ast-hfb-mobile-header-display":"","site-post-title":"disabled","ast-breadcrumbs-content":"","ast-featured-img":"disabled","footer-sml-layout":"","ast-disable-related-posts":"","theme-transparent-header-meta":"","adv-header-id-meta":"","stick-header-meta":"","header-above-stick-meta":"","header-main-stick-meta":"","header-below-stick-meta":"","astra-migrate-meta-layouts":"default","ast-page-background-enabled":"default","ast-page-background-meta":{"desktop":{"background-color":"var(--ast-global-color-4)","background-image":"","background-repeat":"repeat","background-position":"center center","background-size":"auto","background-attachment":"scroll","background-type":"","background-media":"","overlay-type":"","overlay-color":"","overlay-opacity":"","overlay-gradient":""},"tablet":{"background-color":"","background-image":"","background-repeat":"repeat","background-position":"center center","background-size":"auto","background-attachment":"scroll","background-type":"","background-media":"","overlay-type":"","overlay-color":"","overlay-opacity":"","overlay-gradient":""},"mobile":{"background-color":"","background-image":"","background-repeat":"repeat","background-position":"center center","background-size":"auto","background-attachment":"scroll","background-type":"","background-media":"","overlay-type":"","overlay-color":"","overlay-opacity":"","overlay-gradient":""}},"ast-content-background-meta":{"desktop":{"background-color":"var(--ast-global-color-5)","background-image":"","background-repeat":"repeat","background-position":"center center","background-size":"auto","background-attachment":"scroll","background-type":"","background-media":"","overlay-type":"","overlay-color":"","overlay-opacity":"","overlay-gradient":""},"tablet":{"background-color":"var(--ast-global-color-5)","background-image":"","background-repeat":"repeat","background-position":"center center","background-size":"auto","background-attachment":"scroll","background-type":"","background-media":"","overlay-type":"","overlay-color":"","overlay-opacity":"","overlay-gradient":""},"mobile":{"background-color":"var(--ast-global-color-5)","background-image":"","background-repeat":"repeat","background-position":"center center","background-size":"auto","background-attachment":"scroll","background-type":"","background-media":"","overlay-type":"","overlay-color":"","overlay-opacity":"","overlay-gradient":""}},"footnotes":""},"class_list":["post-2224","page","type-page","status-publish","has-post-thumbnail","hentry"],"acf":[],"yoast_head":"<!-- This site is optimized with the Yoast SEO Premium plugin v27.3 (Yoast SEO v27.3) - https:\/\/yoast.com\/product\/yoast-seo-premium-wordpress\/ -->\n<title>MentorKit Assist Consulting &amp; Services - MentorKit<\/title>\n<meta name=\"description\" content=\"MentorKit Assist is our range of consulting services designed to ensure your e-learning project succeeds from start to finish. We understand that launching digital training is not just about software it\u2019s also about strategy, content, and people. MentorKit\u2019s e-learning experts (with decades of experience) are available to assist you with.\" \/>\n<meta name=\"robots\" content=\"index, follow, max-snippet:-1, max-image-preview:large, max-video-preview:-1\" \/>\n<link rel=\"canonical\" href=\"https:\/\/mentorkit.com\/dk\/mentorkit-assist-consulting-services\/\" \/>\n<meta property=\"og:locale\" content=\"da_DK\" \/>\n<meta property=\"og:type\" content=\"article\" \/>\n<meta property=\"og:title\" content=\"MentorKit Assist Consulting &amp; Services\" \/>\n<meta property=\"og:description\" content=\"MentorKit Assist is our range of consulting services designed to ensure your e-learning project succeeds from start to finish. We understand that launching digital training is not just about software it\u2019s also about strategy, content, and people. MentorKit\u2019s e-learning experts (with decades of experience) are available to assist you with.\" \/>\n<meta property=\"og:url\" content=\"https:\/\/mentorkit.com\/dk\/mentorkit-assist-consulting-services\/\" \/>\n<meta property=\"og:site_name\" content=\"MentorKit\" \/>\n<meta property=\"article:publisher\" content=\"https:\/\/www.facebook.com\/nettkurs\" \/>\n<meta property=\"article:modified_time\" content=\"2026-03-25T15:05:18+00:00\" \/>\n<meta property=\"og:image\" content=\"https:\/\/mentorkit.com\/wp-content\/uploads\/2026\/01\/Martin-teaches-others-scaled.jpg\" \/>\n\t<meta property=\"og:image:width\" content=\"2560\" \/>\n\t<meta property=\"og:image:height\" content=\"1707\" \/>\n\t<meta property=\"og:image:type\" content=\"image\/jpeg\" \/>\n<meta name=\"twitter:card\" content=\"summary_large_image\" \/>\n<meta name=\"twitter:label1\" content=\"Estimeret l\u00e6setid\" \/>\n\t<meta name=\"twitter:data1\" content=\"4 minutter\" \/>\n<script type=\"application\/ld+json\" class=\"yoast-schema-graph\">{\"@context\":\"https:\\\/\\\/schema.org\",\"@graph\":[{\"@type\":\"WebPage\",\"@id\":\"https:\\\/\\\/mentorkit.com\\\/mentorkit-assist-consulting-services\\\/\",\"url\":\"https:\\\/\\\/mentorkit.com\\\/mentorkit-assist-consulting-services\\\/\",\"name\":\"MentorKit Assist Consulting &amp; Services - MentorKit\",\"isPartOf\":{\"@id\":\"https:\\\/\\\/mentorkit.com\\\/#website\"},\"primaryImageOfPage\":{\"@id\":\"https:\\\/\\\/mentorkit.com\\\/mentorkit-assist-consulting-services\\\/#primaryimage\"},\"image\":{\"@id\":\"https:\\\/\\\/mentorkit.com\\\/mentorkit-assist-consulting-services\\\/#primaryimage\"},\"thumbnailUrl\":\"https:\\\/\\\/mentorkit.com\\\/wp-content\\\/uploads\\\/2026\\\/01\\\/Martin-teaches-others-scaled.jpg\",\"datePublished\":\"2026-02-08T15:33:39+00:00\",\"dateModified\":\"2026-03-25T15:05:18+00:00\",\"description\":\"MentorKit Assist is our range of consulting services designed to ensure your e-learning project succeeds from start to finish. We understand that launching digital training is not just about software it\u2019s also about strategy, content, and people. MentorKit\u2019s e-learning experts (with decades of experience) are available to assist you with.\",\"breadcrumb\":{\"@id\":\"https:\\\/\\\/mentorkit.com\\\/mentorkit-assist-consulting-services\\\/#breadcrumb\"},\"inLanguage\":\"da-DK\",\"potentialAction\":[{\"@type\":\"ReadAction\",\"target\":[\"https:\\\/\\\/mentorkit.com\\\/mentorkit-assist-consulting-services\\\/\"]}]},{\"@type\":\"ImageObject\",\"inLanguage\":\"da-DK\",\"@id\":\"https:\\\/\\\/mentorkit.com\\\/mentorkit-assist-consulting-services\\\/#primaryimage\",\"url\":\"https:\\\/\\\/mentorkit.com\\\/wp-content\\\/uploads\\\/2026\\\/01\\\/Martin-teaches-others-scaled.jpg\",\"contentUrl\":\"https:\\\/\\\/mentorkit.com\\\/wp-content\\\/uploads\\\/2026\\\/01\\\/Martin-teaches-others-scaled.jpg\",\"width\":2560,\"height\":1707,\"caption\":\"Turning ideas into real solutions\"},{\"@type\":\"BreadcrumbList\",\"@id\":\"https:\\\/\\\/mentorkit.com\\\/mentorkit-assist-consulting-services\\\/#breadcrumb\",\"itemListElement\":[{\"@type\":\"ListItem\",\"position\":1,\"name\":\"Home\",\"item\":\"https:\\\/\\\/mentorkit.com\\\/\"},{\"@type\":\"ListItem\",\"position\":2,\"name\":\"MentorKit Assist Consulting &amp; Services\"}]},{\"@type\":\"WebSite\",\"@id\":\"https:\\\/\\\/mentorkit.com\\\/#website\",\"url\":\"https:\\\/\\\/mentorkit.com\\\/\",\"name\":\"MentorKit\",\"description\":\"a brand new, groundbreaking, fully cloud-based, Norwegian-made authoring tool for creating digital learning. The courses are responsive, meaning the content adapts to the screen whether it\u2019s on a phone, tablet, or PC\",\"publisher\":{\"@id\":\"https:\\\/\\\/mentorkit.com\\\/#organization\"},\"potentialAction\":[{\"@type\":\"SearchAction\",\"target\":{\"@type\":\"EntryPoint\",\"urlTemplate\":\"https:\\\/\\\/mentorkit.com\\\/?s={search_term_string}\"},\"query-input\":{\"@type\":\"PropertyValueSpecification\",\"valueRequired\":true,\"valueName\":\"search_term_string\"}}],\"inLanguage\":\"da-DK\"},{\"@type\":\"Organization\",\"@id\":\"https:\\\/\\\/mentorkit.com\\\/#organization\",\"name\":\"Norsk Interaktiv AS\",\"url\":\"https:\\\/\\\/mentorkit.com\\\/\",\"logo\":{\"@type\":\"ImageObject\",\"inLanguage\":\"da-DK\",\"@id\":\"https:\\\/\\\/mentorkit.com\\\/#\\\/schema\\\/logo\\\/image\\\/\",\"url\":\"https:\\\/\\\/mentorkit.com\\\/wp-content\\\/uploads\\\/2025\\\/09\\\/MentorKit-LOGO-White-Horizontal.svg\",\"contentUrl\":\"https:\\\/\\\/mentorkit.com\\\/wp-content\\\/uploads\\\/2025\\\/09\\\/MentorKit-LOGO-White-Horizontal.svg\",\"caption\":\"Norsk Interaktiv AS\"},\"image\":{\"@id\":\"https:\\\/\\\/mentorkit.com\\\/#\\\/schema\\\/logo\\\/image\\\/\"},\"sameAs\":[\"https:\\\/\\\/www.facebook.com\\\/nettkurs\",\"https:\\\/\\\/www.youtube.com\\\/@mentorkit\"]}]}<\/script>\n<!-- \/ Yoast SEO Premium plugin. -->","yoast_head_json":{"title":"MentorKit Assist Consulting &amp; Services - MentorKit","description":"MentorKit Assist is our range of consulting services designed to ensure your e-learning project succeeds from start to finish. We understand that launching digital training is not just about software it\u2019s also about strategy, content, and people. MentorKit\u2019s e-learning experts (with decades of experience) are available to assist you with.","robots":{"index":"index","follow":"follow","max-snippet":"max-snippet:-1","max-image-preview":"max-image-preview:large","max-video-preview":"max-video-preview:-1"},"canonical":"https:\/\/mentorkit.com\/dk\/mentorkit-assist-consulting-services\/","og_locale":"da_DK","og_type":"article","og_title":"MentorKit Assist Consulting &amp; Services","og_description":"MentorKit Assist is our range of consulting services designed to ensure your e-learning project succeeds from start to finish. We understand that launching digital training is not just about software it\u2019s also about strategy, content, and people. MentorKit\u2019s e-learning experts (with decades of experience) are available to assist you with.","og_url":"https:\/\/mentorkit.com\/dk\/mentorkit-assist-consulting-services\/","og_site_name":"MentorKit","article_publisher":"https:\/\/www.facebook.com\/nettkurs","article_modified_time":"2026-03-25T15:05:18+00:00","og_image":[{"width":2560,"height":1707,"url":"https:\/\/mentorkit.com\/wp-content\/uploads\/2026\/01\/Martin-teaches-others-scaled.jpg","type":"image\/jpeg"}],"twitter_card":"summary_large_image","twitter_misc":{"Estimeret l\u00e6setid":"4 minutter"},"schema":{"@context":"https:\/\/schema.org","@graph":[{"@type":"WebPage","@id":"https:\/\/mentorkit.com\/mentorkit-assist-consulting-services\/","url":"https:\/\/mentorkit.com\/mentorkit-assist-consulting-services\/","name":"MentorKit Assist Consulting &amp; Services - MentorKit","isPartOf":{"@id":"https:\/\/mentorkit.com\/#website"},"primaryImageOfPage":{"@id":"https:\/\/mentorkit.com\/mentorkit-assist-consulting-services\/#primaryimage"},"image":{"@id":"https:\/\/mentorkit.com\/mentorkit-assist-consulting-services\/#primaryimage"},"thumbnailUrl":"https:\/\/mentorkit.com\/wp-content\/uploads\/2026\/01\/Martin-teaches-others-scaled.jpg","datePublished":"2026-02-08T15:33:39+00:00","dateModified":"2026-03-25T15:05:18+00:00","description":"MentorKit Assist is our range of consulting services designed to ensure your e-learning project succeeds from start to finish. We understand that launching digital training is not just about software it\u2019s also about strategy, content, and people. MentorKit\u2019s e-learning experts (with decades of experience) are available to assist you with.","breadcrumb":{"@id":"https:\/\/mentorkit.com\/mentorkit-assist-consulting-services\/#breadcrumb"},"inLanguage":"da-DK","potentialAction":[{"@type":"ReadAction","target":["https:\/\/mentorkit.com\/mentorkit-assist-consulting-services\/"]}]},{"@type":"ImageObject","inLanguage":"da-DK","@id":"https:\/\/mentorkit.com\/mentorkit-assist-consulting-services\/#primaryimage","url":"https:\/\/mentorkit.com\/wp-content\/uploads\/2026\/01\/Martin-teaches-others-scaled.jpg","contentUrl":"https:\/\/mentorkit.com\/wp-content\/uploads\/2026\/01\/Martin-teaches-others-scaled.jpg","width":2560,"height":1707,"caption":"Turning ideas into real solutions"},{"@type":"BreadcrumbList","@id":"https:\/\/mentorkit.com\/mentorkit-assist-consulting-services\/#breadcrumb","itemListElement":[{"@type":"ListItem","position":1,"name":"Home","item":"https:\/\/mentorkit.com\/"},{"@type":"ListItem","position":2,"name":"MentorKit Assist Consulting &amp; Services"}]},{"@type":"WebSite","@id":"https:\/\/mentorkit.com\/#website","url":"https:\/\/mentorkit.com\/","name":"MentorKit","description":"et helt nyt, banebrydende, fuldt cloud-baseret, norskproduceret authoringv\u00e6rkt\u00f8j til oprettelse af digital l\u00e6ring. Kurserne er responsive, hvilket betyder, at indholdet tilpasser sig sk\u00e6rmen, uanset om det er p\u00e5 en telefon, tablet eller pc","publisher":{"@id":"https:\/\/mentorkit.com\/#organization"},"potentialAction":[{"@type":"SearchAction","target":{"@type":"EntryPoint","urlTemplate":"https:\/\/mentorkit.com\/?s={search_term_string}"},"query-input":{"@type":"PropertyValueSpecification","valueRequired":true,"valueName":"search_term_string"}}],"inLanguage":"da-DK"},{"@type":"Organization","@id":"https:\/\/mentorkit.com\/#organization","name":"Norsk Interaktiv AS","url":"https:\/\/mentorkit.com\/","logo":{"@type":"ImageObject","inLanguage":"da-DK","@id":"https:\/\/mentorkit.com\/#\/schema\/logo\/image\/","url":"https:\/\/mentorkit.com\/wp-content\/uploads\/2025\/09\/MentorKit-LOGO-White-Horizontal.svg","contentUrl":"https:\/\/mentorkit.com\/wp-content\/uploads\/2025\/09\/MentorKit-LOGO-White-Horizontal.svg","caption":"Norsk Interaktiv AS"},"image":{"@id":"https:\/\/mentorkit.com\/#\/schema\/logo\/image\/"},"sameAs":["https:\/\/www.facebook.com\/nettkurs","https:\/\/www.youtube.com\/@mentorkit"]}]}},"_links":{"self":[{"href":"https:\/\/mentorkit.com\/dk\/wp-json\/wp\/v2\/pages\/2224","targetHints":{"allow":["GET"]}}],"collection":[{"href":"https:\/\/mentorkit.com\/dk\/wp-json\/wp\/v2\/pages"}],"about":[{"href":"https:\/\/mentorkit.com\/dk\/wp-json\/wp\/v2\/types\/page"}],"author":[{"embeddable":true,"href":"https:\/\/mentorkit.com\/dk\/wp-json\/wp\/v2\/users\/2"}],"replies":[{"embeddable":true,"href":"https:\/\/mentorkit.com\/dk\/wp-json\/wp\/v2\/comments?post=2224"}],"version-history":[{"count":8,"href":"https:\/\/mentorkit.com\/dk\/wp-json\/wp\/v2\/pages\/2224\/revisions"}],"predecessor-version":[{"id":2914,"href":"https:\/\/mentorkit.com\/dk\/wp-json\/wp\/v2\/pages\/2224\/revisions\/2914"}],"wp:featuredmedia":[{"embeddable":true,"href":"https:\/\/mentorkit.com\/dk\/wp-json\/wp\/v2\/media\/1664"}],"wp:attachment":[{"href":"https:\/\/mentorkit.com\/dk\/wp-json\/wp\/v2\/media?parent=2224"}],"curies":[{"name":"wp","href":"https:\/\/api.w.org\/{rel}","templated":true}]}}