{"id":2110,"date":"2026-02-05T15:10:42","date_gmt":"2026-02-05T14:10:42","guid":{"rendered":"https:\/\/mentorkit.com\/?page_id=2110"},"modified":"2026-03-31T00:32:45","modified_gmt":"2026-03-30T22:32:45","slug":"book-a-demo","status":"publish","type":"page","link":"https:\/\/mentorkit.com\/dk\/book-a-demo\/","title":{"rendered":"Book en demo"},"content":{"rendered":"<h6>\n\t\t<a href=\"https:\/\/mentorkit.com\/dk\/suite-classic-integrated-course-creation-lms-platform\/\" title=\"Book en demo\"  target=\"_self\">\n\t\t\tBook en demo\t\t<\/a>\n\t<\/h6>\n<figure itemscope itemtype=\"https:\/\/schema.org\/ImageObject\">\n\t\t\t\t<img decoding=\"async\" src=\"https:\/\/mentorkit.com\/wp-content\/uploads\/2026\/03\/Mentorkit-Assist-black.svg\" alt=\"Mentorkit Assist black\" title=\"Mentorkit Assist sort\" onerror=\"this.style.display='none'\" loading=\"lazy\" \/>\n\t<\/figure>\n<h1>\n\t\t\tSe, hvordan MentorKit passer til dit l\u00e6ringssetup\t<\/h1>\n<figure itemscope itemtype=\"https:\/\/schema.org\/ImageObject\">\n\t\t\t\t<img decoding=\"async\" src=\"https:\/\/mentorkit.com\/wp-content\/uploads\/2026\/01\/little-break-2021-09-24-02-53-49-utc-scaled.jpg\" alt=\"Onboarding &amp; Training\" title=\"Onboarding og tr\u00e6ning\" onerror=\"this.style.display='none'\" loading=\"lazy\" \/>\n\t<\/figure>\n\t<p><b>Book en demo, og find ud af, hvordan MentorKit kan hj\u00e6lpe dig med at skabe, levere og skalere digital l\u00e6ring.<\/b><\/p>\n<p>Uanset om du er p\u00e5 udkig efter et kursusv\u00e6rkt\u00f8j, et gennempr\u00f8vet LMS eller en komplet l\u00e6ringsplatform, vil vi guide dig gennem den ops\u00e6tning, der passer til dine behov.<\/p>\n<p>At v\u00e6lge den rigtige platform til digital l\u00e6ring handler ikke kun om funktioner. Det handler om at finde en l\u00f8sning, der passer til din organisation, dine arbejdsgange og dine langsigtede m\u00e5l.<\/p>\n<p>Derfor anbefaler vi at starte med en demo.<\/p>\n<p>En MentorKit-demo giver dig en klar forst\u00e5else af, hvordan platformen fungerer i den virkelige verden. I stedet for generiske pr\u00e6sentationer fokuserer vi p\u00e5 at vise, hvordan du kan skabe, administrere og levere l\u00e6ring p\u00e5 en m\u00e5de, der passer til dit setup.<\/p>\n\t\t\t<a href=\"#bookdemo\"  target=\"_self\">\n\t\t\t\t\t\t\tV\u00e6lg et tidsinterval\n\t\t\t<\/a>\n\t\t\t<a href=\"https:\/\/mentorkit.com\/dk\/product-suite-overview\/\"  target=\"_self\">\n\t\t\t\t\t\t\tProduktpakken\n\t\t\t<\/a>\n\t\n\t\n<iframe width='100%' height='1080px' src='https:\/\/bookings.mentorkit.com\/portal-embed#\/111186000003262188' frameborder='0' allowfullscreen=''> <\/iframe>","protected":false},"excerpt":{"rendered":"<p>Book a demo See how MentorKit fits your learning setup Book a demo and discover how MentorKit can help you [&hellip;]<\/p>\n","protected":false},"author":2,"featured_media":1643,"parent":0,"menu_order":0,"comment_status":"closed","ping_status":"closed","template":"","meta":{"_acf_changed":false,"site-sidebar-layout":"default","site-content-layout":"","ast-site-content-layout":"default","site-content-style":"default","site-sidebar-style":"default","ast-global-header-display":"","ast-banner-title-visibility":"","ast-main-header-display":"","ast-hfb-above-header-display":"","ast-hfb-below-header-display":"","ast-hfb-mobile-header-display":"","site-post-title":"disabled","ast-breadcrumbs-content":"","ast-featured-img":"disabled","footer-sml-layout":"","ast-disable-related-posts":"","theme-transparent-header-meta":"","adv-header-id-meta":"","stick-header-meta":"","header-above-stick-meta":"","header-main-stick-meta":"","header-below-stick-meta":"","astra-migrate-meta-layouts":"default","ast-page-background-enabled":"default","ast-page-background-meta":{"desktop":{"background-color":"var(--ast-global-color-4)","background-image":"","background-repeat":"repeat","background-position":"center center","background-size":"auto","background-attachment":"scroll","background-type":"","background-media":"","overlay-type":"","overlay-color":"","overlay-opacity":"","overlay-gradient":""},"tablet":{"background-color":"","background-image":"","background-repeat":"repeat","background-position":"center center","background-size":"auto","background-attachment":"scroll","background-type":"","background-media":"","overlay-type":"","overlay-color":"","overlay-opacity":"","overlay-gradient":""},"mobile":{"background-color":"","background-image":"","background-repeat":"repeat","background-position":"center center","background-size":"auto","background-attachment":"scroll","background-type":"","background-media":"","overlay-type":"","overlay-color":"","overlay-opacity":"","overlay-gradient":""}},"ast-content-background-meta":{"desktop":{"background-color":"var(--ast-global-color-5)","background-image":"","background-repeat":"repeat","background-position":"center center","background-size":"auto","background-attachment":"scroll","background-type":"","background-media":"","overlay-type":"","overlay-color":"","overlay-opacity":"","overlay-gradient":""},"tablet":{"background-color":"var(--ast-global-color-5)","background-image":"","background-repeat":"repeat","background-position":"center center","background-size":"auto","background-attachment":"scroll","background-type":"","background-media":"","overlay-type":"","overlay-color":"","overlay-opacity":"","overlay-gradient":""},"mobile":{"background-color":"var(--ast-global-color-5)","background-image":"","background-repeat":"repeat","background-position":"center center","background-size":"auto","background-attachment":"scroll","background-type":"","background-media":"","overlay-type":"","overlay-color":"","overlay-opacity":"","overlay-gradient":""}},"footnotes":""},"class_list":["post-2110","page","type-page","status-publish","has-post-thumbnail","hentry"],"acf":[],"yoast_head":"<!-- This site is optimized with the Yoast SEO Premium plugin v27.3 (Yoast SEO v27.3) - https:\/\/yoast.com\/product\/yoast-seo-premium-wordpress\/ -->\n<title>Book Demo E-Learning to Enhance Learning Experience<\/title>\n<meta name=\"description\" content=\"Get started with your learning journey. Book demo e-learning to explore innovative educational solutions today.\" \/>\n<meta name=\"robots\" content=\"index, follow, max-snippet:-1, max-image-preview:large, max-video-preview:-1\" \/>\n<link rel=\"canonical\" href=\"https:\/\/mentorkit.com\/dk\/book-a-demo\/\" \/>\n<meta property=\"og:locale\" content=\"da_DK\" \/>\n<meta property=\"og:type\" content=\"article\" \/>\n<meta property=\"og:title\" content=\"Book a demo\" \/>\n<meta property=\"og:description\" content=\"Get started with your learning journey. Book demo e-learning to explore innovative educational solutions today.\" \/>\n<meta property=\"og:url\" content=\"https:\/\/mentorkit.com\/dk\/book-a-demo\/\" \/>\n<meta property=\"og:site_name\" content=\"MentorKit\" \/>\n<meta property=\"article:publisher\" content=\"https:\/\/www.facebook.com\/nettkurs\" \/>\n<meta property=\"article:modified_time\" content=\"2026-03-30T22:32:45+00:00\" \/>\n<meta property=\"og:image\" content=\"https:\/\/mentorkit.com\/wp-content\/uploads\/2026\/01\/smiling-young-female-worker-sitting-with-laptop-2024-10-02-17-09-27-utc.jpg\" \/>\n\t<meta property=\"og:image:width\" content=\"2048\" \/>\n\t<meta property=\"og:image:height\" content=\"1365\" \/>\n\t<meta property=\"og:image:type\" content=\"image\/jpeg\" \/>\n<meta name=\"twitter:card\" content=\"summary_large_image\" \/>\n<meta name=\"twitter:label1\" content=\"Estimeret l\u00e6setid\" \/>\n\t<meta name=\"twitter:data1\" content=\"2 minutter\" \/>\n<script type=\"application\/ld+json\" class=\"yoast-schema-graph\">{\"@context\":\"https:\\\/\\\/schema.org\",\"@graph\":[{\"@type\":\"WebPage\",\"@id\":\"https:\\\/\\\/mentorkit.com\\\/book-a-demo\\\/\",\"url\":\"https:\\\/\\\/mentorkit.com\\\/book-a-demo\\\/\",\"name\":\"Book Demo E-Learning to Enhance Learning Experience\",\"isPartOf\":{\"@id\":\"https:\\\/\\\/mentorkit.com\\\/#website\"},\"primaryImageOfPage\":{\"@id\":\"https:\\\/\\\/mentorkit.com\\\/book-a-demo\\\/#primaryimage\"},\"image\":{\"@id\":\"https:\\\/\\\/mentorkit.com\\\/book-a-demo\\\/#primaryimage\"},\"thumbnailUrl\":\"https:\\\/\\\/mentorkit.com\\\/wp-content\\\/uploads\\\/2026\\\/01\\\/smiling-young-female-worker-sitting-with-laptop-2024-10-02-17-09-27-utc.jpg\",\"datePublished\":\"2026-02-05T14:10:42+00:00\",\"dateModified\":\"2026-03-30T22:32:45+00:00\",\"description\":\"Get started with your learning journey. Book demo e-learning to explore innovative educational solutions today.\",\"breadcrumb\":{\"@id\":\"https:\\\/\\\/mentorkit.com\\\/book-a-demo\\\/#breadcrumb\"},\"inLanguage\":\"da-DK\",\"potentialAction\":[{\"@type\":\"ReadAction\",\"target\":[\"https:\\\/\\\/mentorkit.com\\\/book-a-demo\\\/\"]}]},{\"@type\":\"ImageObject\",\"inLanguage\":\"da-DK\",\"@id\":\"https:\\\/\\\/mentorkit.com\\\/book-a-demo\\\/#primaryimage\",\"url\":\"https:\\\/\\\/mentorkit.com\\\/wp-content\\\/uploads\\\/2026\\\/01\\\/smiling-young-female-worker-sitting-with-laptop-2024-10-02-17-09-27-utc.jpg\",\"contentUrl\":\"https:\\\/\\\/mentorkit.com\\\/wp-content\\\/uploads\\\/2026\\\/01\\\/smiling-young-female-worker-sitting-with-laptop-2024-10-02-17-09-27-utc.jpg\",\"width\":2048,\"height\":1365,\"caption\":\"Cheerful Young Woman Sitting At Her Desk With Papers, Posing And Smiling At Camera\"},{\"@type\":\"BreadcrumbList\",\"@id\":\"https:\\\/\\\/mentorkit.com\\\/book-a-demo\\\/#breadcrumb\",\"itemListElement\":[{\"@type\":\"ListItem\",\"position\":1,\"name\":\"Home\",\"item\":\"https:\\\/\\\/mentorkit.com\\\/\"},{\"@type\":\"ListItem\",\"position\":2,\"name\":\"Book a demo\"}]},{\"@type\":\"WebSite\",\"@id\":\"https:\\\/\\\/mentorkit.com\\\/#website\",\"url\":\"https:\\\/\\\/mentorkit.com\\\/\",\"name\":\"MentorKit\",\"description\":\"a brand new, groundbreaking, fully cloud-based, Norwegian-made authoring tool for creating digital learning. The courses are responsive, meaning the content adapts to the screen whether it\u2019s on a phone, tablet, or PC\",\"publisher\":{\"@id\":\"https:\\\/\\\/mentorkit.com\\\/#organization\"},\"potentialAction\":[{\"@type\":\"SearchAction\",\"target\":{\"@type\":\"EntryPoint\",\"urlTemplate\":\"https:\\\/\\\/mentorkit.com\\\/?s={search_term_string}\"},\"query-input\":{\"@type\":\"PropertyValueSpecification\",\"valueRequired\":true,\"valueName\":\"search_term_string\"}}],\"inLanguage\":\"da-DK\"},{\"@type\":\"Organization\",\"@id\":\"https:\\\/\\\/mentorkit.com\\\/#organization\",\"name\":\"Norsk Interaktiv AS\",\"url\":\"https:\\\/\\\/mentorkit.com\\\/\",\"logo\":{\"@type\":\"ImageObject\",\"inLanguage\":\"da-DK\",\"@id\":\"https:\\\/\\\/mentorkit.com\\\/#\\\/schema\\\/logo\\\/image\\\/\",\"url\":\"https:\\\/\\\/mentorkit.com\\\/wp-content\\\/uploads\\\/2025\\\/09\\\/MentorKit-LOGO-White-Horizontal.svg\",\"contentUrl\":\"https:\\\/\\\/mentorkit.com\\\/wp-content\\\/uploads\\\/2025\\\/09\\\/MentorKit-LOGO-White-Horizontal.svg\",\"caption\":\"Norsk Interaktiv AS\"},\"image\":{\"@id\":\"https:\\\/\\\/mentorkit.com\\\/#\\\/schema\\\/logo\\\/image\\\/\"},\"sameAs\":[\"https:\\\/\\\/www.facebook.com\\\/nettkurs\",\"https:\\\/\\\/www.youtube.com\\\/@mentorkit\"]}]}<\/script>\n<!-- \/ Yoast SEO Premium plugin. -->","yoast_head_json":{"title":"Book Demo E-Learning to Enhance Learning Experience","description":"Get started with your learning journey. Book demo e-learning to explore innovative educational solutions today.","robots":{"index":"index","follow":"follow","max-snippet":"max-snippet:-1","max-image-preview":"max-image-preview:large","max-video-preview":"max-video-preview:-1"},"canonical":"https:\/\/mentorkit.com\/dk\/book-a-demo\/","og_locale":"da_DK","og_type":"article","og_title":"Book a demo","og_description":"Get started with your learning journey. Book demo e-learning to explore innovative educational solutions today.","og_url":"https:\/\/mentorkit.com\/dk\/book-a-demo\/","og_site_name":"MentorKit","article_publisher":"https:\/\/www.facebook.com\/nettkurs","article_modified_time":"2026-03-30T22:32:45+00:00","og_image":[{"width":2048,"height":1365,"url":"https:\/\/mentorkit.com\/wp-content\/uploads\/2026\/01\/smiling-young-female-worker-sitting-with-laptop-2024-10-02-17-09-27-utc.jpg","type":"image\/jpeg"}],"twitter_card":"summary_large_image","twitter_misc":{"Estimeret l\u00e6setid":"2 minutter"},"schema":{"@context":"https:\/\/schema.org","@graph":[{"@type":"WebPage","@id":"https:\/\/mentorkit.com\/book-a-demo\/","url":"https:\/\/mentorkit.com\/book-a-demo\/","name":"Book Demo E-Learning to Enhance Learning Experience","isPartOf":{"@id":"https:\/\/mentorkit.com\/#website"},"primaryImageOfPage":{"@id":"https:\/\/mentorkit.com\/book-a-demo\/#primaryimage"},"image":{"@id":"https:\/\/mentorkit.com\/book-a-demo\/#primaryimage"},"thumbnailUrl":"https:\/\/mentorkit.com\/wp-content\/uploads\/2026\/01\/smiling-young-female-worker-sitting-with-laptop-2024-10-02-17-09-27-utc.jpg","datePublished":"2026-02-05T14:10:42+00:00","dateModified":"2026-03-30T22:32:45+00:00","description":"Get started with your learning journey. Book demo e-learning to explore innovative educational solutions today.","breadcrumb":{"@id":"https:\/\/mentorkit.com\/book-a-demo\/#breadcrumb"},"inLanguage":"da-DK","potentialAction":[{"@type":"ReadAction","target":["https:\/\/mentorkit.com\/book-a-demo\/"]}]},{"@type":"ImageObject","inLanguage":"da-DK","@id":"https:\/\/mentorkit.com\/book-a-demo\/#primaryimage","url":"https:\/\/mentorkit.com\/wp-content\/uploads\/2026\/01\/smiling-young-female-worker-sitting-with-laptop-2024-10-02-17-09-27-utc.jpg","contentUrl":"https:\/\/mentorkit.com\/wp-content\/uploads\/2026\/01\/smiling-young-female-worker-sitting-with-laptop-2024-10-02-17-09-27-utc.jpg","width":2048,"height":1365,"caption":"Cheerful Young Woman Sitting At Her Desk With Papers, Posing And Smiling At Camera"},{"@type":"BreadcrumbList","@id":"https:\/\/mentorkit.com\/book-a-demo\/#breadcrumb","itemListElement":[{"@type":"ListItem","position":1,"name":"Home","item":"https:\/\/mentorkit.com\/"},{"@type":"ListItem","position":2,"name":"Book a demo"}]},{"@type":"WebSite","@id":"https:\/\/mentorkit.com\/#website","url":"https:\/\/mentorkit.com\/","name":"MentorKit","description":"et helt nyt, banebrydende, fuldt cloud-baseret, norskproduceret authoringv\u00e6rkt\u00f8j til oprettelse af digital l\u00e6ring. Kurserne er responsive, hvilket betyder, at indholdet tilpasser sig sk\u00e6rmen, uanset om det er p\u00e5 en telefon, tablet eller pc","publisher":{"@id":"https:\/\/mentorkit.com\/#organization"},"potentialAction":[{"@type":"SearchAction","target":{"@type":"EntryPoint","urlTemplate":"https:\/\/mentorkit.com\/?s={search_term_string}"},"query-input":{"@type":"PropertyValueSpecification","valueRequired":true,"valueName":"search_term_string"}}],"inLanguage":"da-DK"},{"@type":"Organization","@id":"https:\/\/mentorkit.com\/#organization","name":"Norsk Interaktiv AS","url":"https:\/\/mentorkit.com\/","logo":{"@type":"ImageObject","inLanguage":"da-DK","@id":"https:\/\/mentorkit.com\/#\/schema\/logo\/image\/","url":"https:\/\/mentorkit.com\/wp-content\/uploads\/2025\/09\/MentorKit-LOGO-White-Horizontal.svg","contentUrl":"https:\/\/mentorkit.com\/wp-content\/uploads\/2025\/09\/MentorKit-LOGO-White-Horizontal.svg","caption":"Norsk Interaktiv AS"},"image":{"@id":"https:\/\/mentorkit.com\/#\/schema\/logo\/image\/"},"sameAs":["https:\/\/www.facebook.com\/nettkurs","https:\/\/www.youtube.com\/@mentorkit"]}]}},"_links":{"self":[{"href":"https:\/\/mentorkit.com\/dk\/wp-json\/wp\/v2\/pages\/2110","targetHints":{"allow":["GET"]}}],"collection":[{"href":"https:\/\/mentorkit.com\/dk\/wp-json\/wp\/v2\/pages"}],"about":[{"href":"https:\/\/mentorkit.com\/dk\/wp-json\/wp\/v2\/types\/page"}],"author":[{"embeddable":true,"href":"https:\/\/mentorkit.com\/dk\/wp-json\/wp\/v2\/users\/2"}],"replies":[{"embeddable":true,"href":"https:\/\/mentorkit.com\/dk\/wp-json\/wp\/v2\/comments?post=2110"}],"version-history":[{"count":9,"href":"https:\/\/mentorkit.com\/dk\/wp-json\/wp\/v2\/pages\/2110\/revisions"}],"predecessor-version":[{"id":2984,"href":"https:\/\/mentorkit.com\/dk\/wp-json\/wp\/v2\/pages\/2110\/revisions\/2984"}],"wp:featuredmedia":[{"embeddable":true,"href":"https:\/\/mentorkit.com\/dk\/wp-json\/wp\/v2\/media\/1643"}],"wp:attachment":[{"href":"https:\/\/mentorkit.com\/dk\/wp-json\/wp\/v2\/media?parent=2110"}],"curies":[{"name":"wp","href":"https:\/\/api.w.org\/{rel}","templated":true}]}}