{"id":1953,"date":"2026-01-30T14:27:39","date_gmt":"2026-01-30T13:27:39","guid":{"rendered":"https:\/\/mentorkit.com\/?page_id=1953"},"modified":"2026-03-26T12:07:29","modified_gmt":"2026-03-26T11:07:29","slug":"lms-classic-learning-management-system","status":"publish","type":"page","link":"https:\/\/mentorkit.com\/dk\/lms-classic-learning-management-system\/","title":{"rendered":"LMS Classic: Learning Management System [LMS]"},"content":{"rendered":"<h6>\n\t\t\tCore Learning Management System\t<\/h6>\n<figure itemscope itemtype=\"https:\/\/schema.org\/ImageObject\">\n\t\t\t\t<img decoding=\"async\" src=\"https:\/\/mentorkit.com\/wp-content\/uploads\/2026\/03\/Mentorkit-Classic-LMS.svg\" alt=\"MentorKit Classic LMS\" title=\"MentorKit Klassisk LMS\" onerror=\"this.style.display='none'\" loading=\"lazy\" \/>\n\t<\/figure>\n<h1>\n\t\t\tLMS Classic\t<\/h1>\n\t<p><strong>MentorKit LMS Classic<\/strong> er en gennempr\u00f8vet <strong>Learning Management System<\/strong> for delivering and managing online courses. It&#8217;s a cloud-based learning portal that has been continually refined since 2003 making it one of the most established e-learning systems in the Nordics. MentorKit LMS Classic provides all the essential LMS features:<\/p>\n\t\t\t<a href=\"#more\"  target=\"_self\">\n\t\t\t\t\t\t\tL\u00e6s mere\n\t\t\t<\/a>\n\t\t\t<a href=\"https:\/\/mentorkit.com\/dk\/product-suite-overview\/\"  target=\"_self\">\n\t\t\t\t\t\t\tProduktpakken\n\t\t\t<\/a>\n\t\t\t\t\t<img decoding=\"async\" src=\"https:\/\/mentorkit.com\/wp-content\/uploads\/2026\/03\/Presentasjon-av-MentorKit-LMS-Classic-1536x863.jpg\" alt=\"Presentasjon av MentorKit LMS Classic\"\/>\n<h6>\n\t\t\tThe platform tracks each participant&#8217;s progress\t<\/h6>\n<h2>\n\t\t\tCourse delivery &#038; tracking\t<\/h2>\n\t<p>Easily enroll learners (employees, customers, or members) and assign courses. The platform tracks each participant&#8217;s progress, quiz scores, and completion status, giving administrators detailed reporting and analytics. Learners can see their own progress dashboards and automatically receive course certificates when they finish a course.<\/p>\n<h6>\n\t\t\tAdministrer adgang med rollebaserede tilladelser\t<\/h6>\n<h2>\n\t\t\tUser management &#038; groups\t<\/h2>\n\t<p>Organiser brugere i grupper eller afdelinger, og administrer adgang med rollebaserede tilladelser. Integration med eksterne mapper (f.eks. AD\/LDAP eller Single Sign-On) er tilg\u00e6ngelig for at str\u00f8mline login og brugeroprettelse.<\/p>\n<h6>\n\t\t\tAutomatiserede e-mailp\u00e5mindelser kan opfordre elever\t<\/h6>\n<h2>\n\t\t\tCompliance &#038; certification\t<\/h2>\n\t<p>MentorKit LMS Classic is perfect for compliance training (HSE, certifications, etc.). All training records are stored and easily retrievable for audits. Automated email reminders can prompt learners who haven&#8217;t completed mandatory courses, ensuring nothing falls through the cracks.<\/p>\n<h6>\n\t\t\tDit logo og dine farver, s\u00e5 det f\u00f8les som dit eget system\t<\/h6>\n<h2>\n\t\t\tCustomization &#038; branding\t<\/h2>\n\t<p>Du f\u00e5r en privat, m\u00e6rket l\u00e6ringsportal til din organisation. Tilf\u00f8j dit logo og dine farver for at f\u00e5 det til at f\u00f8les som dit eget system. Gr\u00e6nsefladen er ren og mobilvenlig, s\u00e5 kursister kan tilg\u00e5 kurser p\u00e5 enhver enhed.<\/p>\n<h6>\n\t\t\tValgfri moduler til at udvide dets muligheder\t<\/h6>\n<h2>\n\t\t\tUdvidelsesmuligheder.\t<\/h2>\n\t<p>Har brug for mere avancerede funktioner? LMS Classic underst\u00f8tter valgfrie moduler til at udvide dets funktionalitet. Du kan for eksempel integrere en <a href=\"https:\/\/norskinteraktiv.no\/en\/online-store-digital-courses\/\" target=\"_blank\" rel=\"noopener\"><strong>Webshop-modul<\/strong><\/a>\u00a0to sell courses externally (upgrade to our Suite package), enable multi-language support, or connect with HR systems via API. The platform&#8217;s flexibility lets you start simple and scale up with new features when you need them.<\/p>\n<h2>\n\t\t\tUdtalelser\t<\/h2>","protected":false},"excerpt":{"rendered":"<p>Core Learning Management System LMS Classic MentorKit LMS Classic is a proven Learning Management System for delivering and managing online [&hellip;]<\/p>\n","protected":false},"author":2,"featured_media":1964,"parent":0,"menu_order":0,"comment_status":"closed","ping_status":"closed","template":"","meta":{"_acf_changed":false,"site-sidebar-layout":"default","site-content-layout":"","ast-site-content-layout":"","site-content-style":"default","site-sidebar-style":"default","ast-global-header-display":"","ast-banner-title-visibility":"","ast-main-header-display":"","ast-hfb-above-header-display":"","ast-hfb-below-header-display":"","ast-hfb-mobile-header-display":"","site-post-title":"disabled","ast-breadcrumbs-content":"","ast-featured-img":"disabled","footer-sml-layout":"","ast-disable-related-posts":"","theme-transparent-header-meta":"","adv-header-id-meta":"","stick-header-meta":"","header-above-stick-meta":"","header-main-stick-meta":"","header-below-stick-meta":"","astra-migrate-meta-layouts":"default","ast-page-background-enabled":"default","ast-page-background-meta":{"desktop":{"background-color":"var(--ast-global-color-4)","background-image":"","background-repeat":"repeat","background-position":"center center","background-size":"auto","background-attachment":"scroll","background-type":"","background-media":"","overlay-type":"","overlay-color":"","overlay-opacity":"","overlay-gradient":""},"tablet":{"background-color":"","background-image":"","background-repeat":"repeat","background-position":"center center","background-size":"auto","background-attachment":"scroll","background-type":"","background-media":"","overlay-type":"","overlay-color":"","overlay-opacity":"","overlay-gradient":""},"mobile":{"background-color":"","background-image":"","background-repeat":"repeat","background-position":"center center","background-size":"auto","background-attachment":"scroll","background-type":"","background-media":"","overlay-type":"","overlay-color":"","overlay-opacity":"","overlay-gradient":""}},"ast-content-background-meta":{"desktop":{"background-color":"var(--ast-global-color-5)","background-image":"","background-repeat":"repeat","background-position":"center center","background-size":"auto","background-attachment":"scroll","background-type":"","background-media":"","overlay-type":"","overlay-color":"","overlay-opacity":"","overlay-gradient":""},"tablet":{"background-color":"var(--ast-global-color-5)","background-image":"","background-repeat":"repeat","background-position":"center center","background-size":"auto","background-attachment":"scroll","background-type":"","background-media":"","overlay-type":"","overlay-color":"","overlay-opacity":"","overlay-gradient":""},"mobile":{"background-color":"var(--ast-global-color-5)","background-image":"","background-repeat":"repeat","background-position":"center center","background-size":"auto","background-attachment":"scroll","background-type":"","background-media":"","overlay-type":"","overlay-color":"","overlay-opacity":"","overlay-gradient":""}},"footnotes":""},"class_list":["post-1953","page","type-page","status-publish","has-post-thumbnail","hentry"],"acf":[],"yoast_head":"<!-- This site is optimized with the Yoast SEO Premium plugin v27.3 (Yoast SEO v27.3) - https:\/\/yoast.com\/product\/yoast-seo-premium-wordpress\/ -->\n<title>LMS Classic: Learning Management System [LMS] - MentorKit<\/title>\n<meta name=\"description\" content=\"MentorKit Course Creator is a powerful yet easy-to-use course creation software that lets you develop engaging online courses without any coding.\" \/>\n<meta name=\"robots\" content=\"index, follow, max-snippet:-1, max-image-preview:large, max-video-preview:-1\" \/>\n<link rel=\"canonical\" href=\"https:\/\/mentorkit.com\/dk\/lms-classic-learning-management-system\/\" \/>\n<meta property=\"og:locale\" content=\"da_DK\" \/>\n<meta property=\"og:type\" content=\"article\" \/>\n<meta property=\"og:title\" content=\"LMS Classic: Learning Management System [LMS]\" \/>\n<meta property=\"og:description\" content=\"MentorKit Course Creator is a powerful yet easy-to-use course creation software that lets you develop engaging online courses without any coding.\" \/>\n<meta property=\"og:url\" content=\"https:\/\/mentorkit.com\/dk\/lms-classic-learning-management-system\/\" \/>\n<meta property=\"og:site_name\" content=\"MentorKit\" \/>\n<meta property=\"article:publisher\" content=\"https:\/\/www.facebook.com\/nettkurs\" \/>\n<meta property=\"article:modified_time\" content=\"2026-03-26T11:07:29+00:00\" \/>\n<meta property=\"og:image\" content=\"https:\/\/mentorkit.com\/wp-content\/uploads\/2026\/01\/MentorKit-Course-Creator-Authoring-Tool-Multi-Devices-Mockup.jpg\" \/>\n\t<meta property=\"og:image:width\" content=\"2500\" \/>\n\t<meta property=\"og:image:height\" content=\"1667\" \/>\n\t<meta property=\"og:image:type\" content=\"image\/jpeg\" \/>\n<meta name=\"twitter:card\" content=\"summary_large_image\" \/>\n<meta name=\"twitter:label1\" content=\"Estimeret l\u00e6setid\" \/>\n\t<meta name=\"twitter:data1\" content=\"3 minutter\" \/>\n<script type=\"application\/ld+json\" class=\"yoast-schema-graph\">{\"@context\":\"https:\\\/\\\/schema.org\",\"@graph\":[{\"@type\":\"WebPage\",\"@id\":\"https:\\\/\\\/mentorkit.com\\\/lms-classic-learning-management-system\\\/\",\"url\":\"https:\\\/\\\/mentorkit.com\\\/lms-classic-learning-management-system\\\/\",\"name\":\"LMS Classic: Learning Management System [LMS] - MentorKit\",\"isPartOf\":{\"@id\":\"https:\\\/\\\/mentorkit.com\\\/#website\"},\"primaryImageOfPage\":{\"@id\":\"https:\\\/\\\/mentorkit.com\\\/lms-classic-learning-management-system\\\/#primaryimage\"},\"image\":{\"@id\":\"https:\\\/\\\/mentorkit.com\\\/lms-classic-learning-management-system\\\/#primaryimage\"},\"thumbnailUrl\":\"https:\\\/\\\/mentorkit.com\\\/wp-content\\\/uploads\\\/2026\\\/01\\\/Mentorkit-Classic-LMS.svg\",\"datePublished\":\"2026-01-30T13:27:39+00:00\",\"dateModified\":\"2026-03-26T11:07:29+00:00\",\"description\":\"MentorKit Course Creator is a powerful yet easy-to-use course creation software that lets you develop engaging online courses without any coding.\",\"breadcrumb\":{\"@id\":\"https:\\\/\\\/mentorkit.com\\\/lms-classic-learning-management-system\\\/#breadcrumb\"},\"inLanguage\":\"da-DK\",\"potentialAction\":[{\"@type\":\"ReadAction\",\"target\":[\"https:\\\/\\\/mentorkit.com\\\/lms-classic-learning-management-system\\\/\"]}]},{\"@type\":\"ImageObject\",\"inLanguage\":\"da-DK\",\"@id\":\"https:\\\/\\\/mentorkit.com\\\/lms-classic-learning-management-system\\\/#primaryimage\",\"url\":\"https:\\\/\\\/mentorkit.com\\\/wp-content\\\/uploads\\\/2026\\\/01\\\/Mentorkit-Classic-LMS.svg\",\"contentUrl\":\"https:\\\/\\\/mentorkit.com\\\/wp-content\\\/uploads\\\/2026\\\/01\\\/Mentorkit-Classic-LMS.svg\"},{\"@type\":\"BreadcrumbList\",\"@id\":\"https:\\\/\\\/mentorkit.com\\\/lms-classic-learning-management-system\\\/#breadcrumb\",\"itemListElement\":[{\"@type\":\"ListItem\",\"position\":1,\"name\":\"Home\",\"item\":\"https:\\\/\\\/mentorkit.com\\\/\"},{\"@type\":\"ListItem\",\"position\":2,\"name\":\"LMS Classic: Learning Management System [LMS]\"}]},{\"@type\":\"WebSite\",\"@id\":\"https:\\\/\\\/mentorkit.com\\\/#website\",\"url\":\"https:\\\/\\\/mentorkit.com\\\/\",\"name\":\"MentorKit\",\"description\":\"a brand new, groundbreaking, fully cloud-based, Norwegian-made authoring tool for creating digital learning. The courses are responsive, meaning the content adapts to the screen whether it\u2019s on a phone, tablet, or PC\",\"publisher\":{\"@id\":\"https:\\\/\\\/mentorkit.com\\\/#organization\"},\"potentialAction\":[{\"@type\":\"SearchAction\",\"target\":{\"@type\":\"EntryPoint\",\"urlTemplate\":\"https:\\\/\\\/mentorkit.com\\\/?s={search_term_string}\"},\"query-input\":{\"@type\":\"PropertyValueSpecification\",\"valueRequired\":true,\"valueName\":\"search_term_string\"}}],\"inLanguage\":\"da-DK\"},{\"@type\":\"Organization\",\"@id\":\"https:\\\/\\\/mentorkit.com\\\/#organization\",\"name\":\"Norsk Interaktiv AS\",\"url\":\"https:\\\/\\\/mentorkit.com\\\/\",\"logo\":{\"@type\":\"ImageObject\",\"inLanguage\":\"da-DK\",\"@id\":\"https:\\\/\\\/mentorkit.com\\\/#\\\/schema\\\/logo\\\/image\\\/\",\"url\":\"https:\\\/\\\/mentorkit.com\\\/wp-content\\\/uploads\\\/2025\\\/09\\\/MentorKit-LOGO-White-Horizontal.svg\",\"contentUrl\":\"https:\\\/\\\/mentorkit.com\\\/wp-content\\\/uploads\\\/2025\\\/09\\\/MentorKit-LOGO-White-Horizontal.svg\",\"caption\":\"Norsk Interaktiv AS\"},\"image\":{\"@id\":\"https:\\\/\\\/mentorkit.com\\\/#\\\/schema\\\/logo\\\/image\\\/\"},\"sameAs\":[\"https:\\\/\\\/www.facebook.com\\\/nettkurs\",\"https:\\\/\\\/www.youtube.com\\\/@mentorkit\"]}]}<\/script>\n<!-- \/ Yoast SEO Premium plugin. -->","yoast_head_json":{"title":"LMS Classic: Learning Management System [LMS] - MentorKit","description":"MentorKit Course Creator is a powerful yet easy-to-use course creation software that lets you develop engaging online courses without any coding.","robots":{"index":"index","follow":"follow","max-snippet":"max-snippet:-1","max-image-preview":"max-image-preview:large","max-video-preview":"max-video-preview:-1"},"canonical":"https:\/\/mentorkit.com\/dk\/lms-classic-learning-management-system\/","og_locale":"da_DK","og_type":"article","og_title":"LMS Classic: Learning Management System [LMS]","og_description":"MentorKit Course Creator is a powerful yet easy-to-use course creation software that lets you develop engaging online courses without any coding.","og_url":"https:\/\/mentorkit.com\/dk\/lms-classic-learning-management-system\/","og_site_name":"MentorKit","article_publisher":"https:\/\/www.facebook.com\/nettkurs","article_modified_time":"2026-03-26T11:07:29+00:00","og_image":[{"width":2500,"height":1667,"url":"https:\/\/mentorkit.com\/wp-content\/uploads\/2026\/01\/MentorKit-Course-Creator-Authoring-Tool-Multi-Devices-Mockup.jpg","type":"image\/jpeg"}],"twitter_card":"summary_large_image","twitter_misc":{"Estimeret l\u00e6setid":"3 minutter"},"schema":{"@context":"https:\/\/schema.org","@graph":[{"@type":"WebPage","@id":"https:\/\/mentorkit.com\/lms-classic-learning-management-system\/","url":"https:\/\/mentorkit.com\/lms-classic-learning-management-system\/","name":"LMS Classic: Learning Management System [LMS] - MentorKit","isPartOf":{"@id":"https:\/\/mentorkit.com\/#website"},"primaryImageOfPage":{"@id":"https:\/\/mentorkit.com\/lms-classic-learning-management-system\/#primaryimage"},"image":{"@id":"https:\/\/mentorkit.com\/lms-classic-learning-management-system\/#primaryimage"},"thumbnailUrl":"https:\/\/mentorkit.com\/wp-content\/uploads\/2026\/01\/Mentorkit-Classic-LMS.svg","datePublished":"2026-01-30T13:27:39+00:00","dateModified":"2026-03-26T11:07:29+00:00","description":"MentorKit Course Creator is a powerful yet easy-to-use course creation software that lets you develop engaging online courses without any coding.","breadcrumb":{"@id":"https:\/\/mentorkit.com\/lms-classic-learning-management-system\/#breadcrumb"},"inLanguage":"da-DK","potentialAction":[{"@type":"ReadAction","target":["https:\/\/mentorkit.com\/lms-classic-learning-management-system\/"]}]},{"@type":"ImageObject","inLanguage":"da-DK","@id":"https:\/\/mentorkit.com\/lms-classic-learning-management-system\/#primaryimage","url":"https:\/\/mentorkit.com\/wp-content\/uploads\/2026\/01\/Mentorkit-Classic-LMS.svg","contentUrl":"https:\/\/mentorkit.com\/wp-content\/uploads\/2026\/01\/Mentorkit-Classic-LMS.svg"},{"@type":"BreadcrumbList","@id":"https:\/\/mentorkit.com\/lms-classic-learning-management-system\/#breadcrumb","itemListElement":[{"@type":"ListItem","position":1,"name":"Home","item":"https:\/\/mentorkit.com\/"},{"@type":"ListItem","position":2,"name":"LMS Classic: Learning Management System [LMS]"}]},{"@type":"WebSite","@id":"https:\/\/mentorkit.com\/#website","url":"https:\/\/mentorkit.com\/","name":"MentorKit","description":"et helt nyt, banebrydende, fuldt cloud-baseret, norskproduceret authoringv\u00e6rkt\u00f8j til oprettelse af digital l\u00e6ring. Kurserne er responsive, hvilket betyder, at indholdet tilpasser sig sk\u00e6rmen, uanset om det er p\u00e5 en telefon, tablet eller pc","publisher":{"@id":"https:\/\/mentorkit.com\/#organization"},"potentialAction":[{"@type":"SearchAction","target":{"@type":"EntryPoint","urlTemplate":"https:\/\/mentorkit.com\/?s={search_term_string}"},"query-input":{"@type":"PropertyValueSpecification","valueRequired":true,"valueName":"search_term_string"}}],"inLanguage":"da-DK"},{"@type":"Organization","@id":"https:\/\/mentorkit.com\/#organization","name":"Norsk Interaktiv AS","url":"https:\/\/mentorkit.com\/","logo":{"@type":"ImageObject","inLanguage":"da-DK","@id":"https:\/\/mentorkit.com\/#\/schema\/logo\/image\/","url":"https:\/\/mentorkit.com\/wp-content\/uploads\/2025\/09\/MentorKit-LOGO-White-Horizontal.svg","contentUrl":"https:\/\/mentorkit.com\/wp-content\/uploads\/2025\/09\/MentorKit-LOGO-White-Horizontal.svg","caption":"Norsk Interaktiv AS"},"image":{"@id":"https:\/\/mentorkit.com\/#\/schema\/logo\/image\/"},"sameAs":["https:\/\/www.facebook.com\/nettkurs","https:\/\/www.youtube.com\/@mentorkit"]}]}},"_links":{"self":[{"href":"https:\/\/mentorkit.com\/dk\/wp-json\/wp\/v2\/pages\/1953","targetHints":{"allow":["GET"]}}],"collection":[{"href":"https:\/\/mentorkit.com\/dk\/wp-json\/wp\/v2\/pages"}],"about":[{"href":"https:\/\/mentorkit.com\/dk\/wp-json\/wp\/v2\/types\/page"}],"author":[{"embeddable":true,"href":"https:\/\/mentorkit.com\/dk\/wp-json\/wp\/v2\/users\/2"}],"replies":[{"embeddable":true,"href":"https:\/\/mentorkit.com\/dk\/wp-json\/wp\/v2\/comments?post=1953"}],"version-history":[{"count":11,"href":"https:\/\/mentorkit.com\/dk\/wp-json\/wp\/v2\/pages\/1953\/revisions"}],"predecessor-version":[{"id":2934,"href":"https:\/\/mentorkit.com\/dk\/wp-json\/wp\/v2\/pages\/1953\/revisions\/2934"}],"wp:featuredmedia":[{"embeddable":true,"href":"https:\/\/mentorkit.com\/dk\/wp-json\/wp\/v2\/media\/1964"}],"wp:attachment":[{"href":"https:\/\/mentorkit.com\/dk\/wp-json\/wp\/v2\/media?parent=1953"}],"curies":[{"name":"wp","href":"https:\/\/api.w.org\/{rel}","templated":true}]}}