{"id":1753,"date":"2026-01-23T16:03:24","date_gmt":"2026-01-23T15:03:24","guid":{"rendered":"https:\/\/mentorkit.com\/?page_id=1753"},"modified":"2026-03-26T12:10:01","modified_gmt":"2026-03-26T11:10:01","slug":"suite-classic-integrated-course-creation-lms-platform","status":"publish","type":"page","link":"https:\/\/mentorkit.com\/dk\/suite-classic-integrated-course-creation-lms-platform\/","title":{"rendered":"Suite Classic: Integreret kursusoprettelses- og LMS-platform"},"content":{"rendered":"<h6>\n\t\t\tIntegrated Course Creation &#038; LMS Platform\t<\/h6>\n<figure itemscope itemtype=\"https:\/\/schema.org\/ImageObject\">\n\t\t\t\t<img decoding=\"async\" src=\"https:\/\/mentorkit.com\/wp-content\/uploads\/2026\/03\/Mentorkit-Suite-Classic-white.svg\" alt=\"Mentorkit Suite Classic white\" title=\"Mentorkit Suite Klassisk hvid\" onerror=\"this.style.display='none'\" loading=\"lazy\" \/>\n\t<\/figure>\n<h1>\n\t\t\tSuite Classic\t<\/h1>\n\t<p><strong>MentorKit Suite Classic<\/strong> kombinerer forfatterv\u00e6rkt\u00f8j<strong> Skaber af kurset<\/strong> og <strong>Kerne<\/strong> <strong>Klassisk<\/strong> <strong>LMS <\/strong>til \u00e9n komplet, integreret l\u00e6ringsplatform. Den er designet til organisationer, der \u00f8nsker fuld kontrol over b\u00e5de <strong>oprettelse og afvikling af kurser<\/strong>, uden kompleksitet eller tunge tilpasninger.<\/p>\n\t\t\t<a href=\"#more\"  target=\"_self\">\n\t\t\t\t\t\t\tL\u00e6s mere\n\t\t\t<\/a>\n\t\t\t<a href=\"https:\/\/mentorkit.com\/dk\/product-suite-overview\/\"  target=\"_self\">\n\t\t\t\t\t\t\tProduktpakken\n\t\t\t<\/a>\n<h6>\n\t\t\tUdgiv, distribuer og spor dem direkte \t<\/h6>\n<h2>\n\t\t\tSuite Classic kombinerer authoring v\u00e6rkt\u00f8jet Course Creator og LMS Classic LMS til \u00e9n komplet integreret l\u00e6ringsplatform\t<\/h2>\n\t<p>Med Suite Classic kan du <strong>skab engagerende digitale kurser<\/strong> ved brug af MentorKit Kursusopretter og <strong>publicere, distribuere og spore dem direkte<\/strong> in MentorKit LMS Classic. The two products are tightly integrated and work together as one unified solution-giving you a smooth workflow from content creation to learner completion.<\/p>\n<p>Suite Classic leveres som en sikker cloud-tjeneste med norsk\/EU-hosting og er ideel for virksomheder, foreninger og uddannelsesudbydere, der \u00f8nsker en gennempr\u00f8vet, skalerbar LMS kombineret med et intuitivt forfatterv\u00e6rkt\u00f8j.<\/p>\n<h6>\n\t\t\tOpret og lever p\u00e5 \u00e9n platform\t<\/h6>\n<h2>\n\t\t\tUdgivet direkte til LMS Classic \t<\/h2>\n\t<p>Suite Classic fjerner kl\u00f8ften mellem forfatterskab og levering. Kurser bygget i MentorKit Course Creator kan publiceres direkte til MentorKit LMS Classic uden manuel eksport eller filh\u00e5ndtering. Opdateringer til kursusindhold kan udrulles hurtigt, hvilket sikrer, at eleverne altid har adgang til den seneste version.<\/p>\n<h6>\n\t\t\tOpbyg professionelle kurser uden tekniske f\u00e6rdigheder.\t<\/h6>\n<h2>\n\t\t\tBrugervenlig kursusoprettelse\t<\/h2>\n\t<p>MentorKit Course Creator g\u00f8r det muligt for fageksperter, HR-teams og undervisere at bygge professionelle kurser uden tekniske f\u00e6rdigheder. Ved hj\u00e6lp af drag-and-drop-redigering, skabeloner, multimedier, quizzer og interaktive elementer kan teams effektivt og omkostningseffektivt producere e-l\u00e6ring af h\u00f8j kvalitet.<\/p>\n<h6>\n\t\t\tOpgaver, l\u00f8bende overv\u00e5gning, rapportering, certifikat og meget mere \t<\/h6>\n<h2>\n\t\t\tLMS til distribution og sporing\t<\/h2>\n\t<p>MentorKit LMS Classic er et modent og p\u00e5lideligt l\u00e6ringsstyringssystem, der har v\u00e6ret i kontinuerlig brug siden 2003. Det underst\u00f8tter brugerstyring, kursustildelinger, fremskridtssporing, vurderinger, rapportering og automatisk udstedelse af certifikater. Platformen er mobilklar og nem at bruge for b\u00e5de elever og administratorer.<\/p>\n<h6>\n\t\t\tAt give organisationer mulighed for at s\u00e6lge kurser til eksterne m\u00e5lgrupper\t<\/h6>\n<h2>\n\t\t\tValgfagssalg og Ekstern Uddannelse\t<\/h2>\n\t<p>Suite Classic kan udvides med et valgfrit e-handelsmodul, der g\u00f8r det muligt for organisationer at s\u00e6lge kurser til eksterne m\u00e5lgrupper. Dette g\u00f8r den velegnet ikke kun til intern tr\u00e6ning, men ogs\u00e5 til foreninger, certificeringsorganer og udbydere af uddannelse, der \u00f8nsker at tjene penge p\u00e5 deres viden.<\/p>\n<h6>\n\t\t\tdatacentre og fuldt ud i overensstemmelse med GDPR-krav\t<\/h6>\n<h2>\n\t\t\tSikker cloud-hosting i Norge\t<\/h2>\n\t<p>Platformen er hostet i norske\/EU-datacentre og fuldt ud i overensstemmelse med GDPR-kravene. Dette g\u00f8r Suite Classic til et sikkert valg for organisationer med strenge krav til databeskyttelse og compliance, herunder den offentlige sektor og regulerede brancher.<\/p>\n<h6>\n\t\t\tdatacentre og fuldt ud i overensstemmelse med GDPR-krav\t<\/h6>\n<h2>\n\t\t\tSkalerbar uden kompleksitet\t<\/h2>\n\t<p>Suite Classic is designed to grow with your organization. You can add more course creators, learners, or modules over time without changing platform or architecture. It provides the right balance between flexibility and stability &#8211; without the overhead of a fully customized enterprise solution.<\/p>\n<h6>\n\t\t\tSikrer langsigtet fleksibilitet\t<\/h6>\n<h2>\n\t\t\tStandards-Based &#038; Future-Proof\t<\/h2>\n\t<p>Suite Classic underst\u00f8tter \u00e5bne e-l\u00e6ringsstandarder som <strong>SCORM og HTML<\/strong>, hvilket giver dig mulighed for at importere og genbruge indhold p\u00e5 tv\u00e6rs af systemer. Dette sikrer langsigtet fleksibilitet og beskytter din investering i l\u00e6ringsindhold.<\/p>\n<h2>\n\t\t\tUdtalelser\t<\/h2>","protected":false},"excerpt":{"rendered":"<p>Integrated Course Creation &#038; LMS Platform Suite Classic MentorKit Suite Classic combines authoring tool Course Creator and Core Classic LMS [&hellip;]<\/p>\n","protected":false},"author":2,"featured_media":0,"parent":0,"menu_order":0,"comment_status":"closed","ping_status":"closed","template":"","meta":{"_acf_changed":false,"site-sidebar-layout":"default","site-content-layout":"","ast-site-content-layout":"default","site-content-style":"default","site-sidebar-style":"default","ast-global-header-display":"","ast-banner-title-visibility":"","ast-main-header-display":"","ast-hfb-above-header-display":"","ast-hfb-below-header-display":"","ast-hfb-mobile-header-display":"","site-post-title":"disabled","ast-breadcrumbs-content":"","ast-featured-img":"","footer-sml-layout":"","ast-disable-related-posts":"","theme-transparent-header-meta":"","adv-header-id-meta":"","stick-header-meta":"","header-above-stick-meta":"","header-main-stick-meta":"","header-below-stick-meta":"","astra-migrate-meta-layouts":"default","ast-page-background-enabled":"default","ast-page-background-meta":{"desktop":{"background-color":"var(--ast-global-color-4)","background-image":"","background-repeat":"repeat","background-position":"center center","background-size":"auto","background-attachment":"scroll","background-type":"","background-media":"","overlay-type":"","overlay-color":"","overlay-opacity":"","overlay-gradient":""},"tablet":{"background-color":"","background-image":"","background-repeat":"repeat","background-position":"center center","background-size":"auto","background-attachment":"scroll","background-type":"","background-media":"","overlay-type":"","overlay-color":"","overlay-opacity":"","overlay-gradient":""},"mobile":{"background-color":"","background-image":"","background-repeat":"repeat","background-position":"center center","background-size":"auto","background-attachment":"scroll","background-type":"","background-media":"","overlay-type":"","overlay-color":"","overlay-opacity":"","overlay-gradient":""}},"ast-content-background-meta":{"desktop":{"background-color":"var(--ast-global-color-5)","background-image":"","background-repeat":"repeat","background-position":"center center","background-size":"auto","background-attachment":"scroll","background-type":"","background-media":"","overlay-type":"","overlay-color":"","overlay-opacity":"","overlay-gradient":""},"tablet":{"background-color":"var(--ast-global-color-5)","background-image":"","background-repeat":"repeat","background-position":"center center","background-size":"auto","background-attachment":"scroll","background-type":"","background-media":"","overlay-type":"","overlay-color":"","overlay-opacity":"","overlay-gradient":""},"mobile":{"background-color":"var(--ast-global-color-5)","background-image":"","background-repeat":"repeat","background-position":"center center","background-size":"auto","background-attachment":"scroll","background-type":"","background-media":"","overlay-type":"","overlay-color":"","overlay-opacity":"","overlay-gradient":""}},"footnotes":""},"class_list":["post-1753","page","type-page","status-publish","hentry"],"acf":[],"yoast_head":"<!-- This site is optimized with the Yoast SEO Premium plugin v27.3 (Yoast SEO v27.3) - https:\/\/yoast.com\/product\/yoast-seo-premium-wordpress\/ -->\n<title>Suite Classic: Integrated Course Creation &amp; LMS Platform - MentorKit<\/title>\n<meta name=\"description\" content=\"Explore the benefits of the LMS integrated learning platform with MentorKit Suite Classic for seamless course creation and delivery.\" \/>\n<meta name=\"robots\" content=\"index, follow, max-snippet:-1, max-image-preview:large, max-video-preview:-1\" \/>\n<link rel=\"canonical\" href=\"https:\/\/mentorkit.com\/dk\/suite-classic-integrated-course-creation-lms-platform\/\" \/>\n<meta property=\"og:locale\" content=\"da_DK\" \/>\n<meta property=\"og:type\" content=\"article\" \/>\n<meta property=\"og:title\" content=\"Suite Classic: Integrated Course Creation &amp; LMS Platform\" \/>\n<meta property=\"og:description\" content=\"Explore the benefits of the LMS integrated learning platform with MentorKit Suite Classic for seamless course creation and delivery.\" \/>\n<meta property=\"og:url\" content=\"https:\/\/mentorkit.com\/dk\/suite-classic-integrated-course-creation-lms-platform\/\" \/>\n<meta property=\"og:site_name\" content=\"MentorKit\" \/>\n<meta property=\"article:publisher\" content=\"https:\/\/www.facebook.com\/nettkurs\" \/>\n<meta property=\"article:modified_time\" content=\"2026-03-26T11:10:01+00:00\" \/>\n<meta property=\"og:image\" content=\"https:\/\/mentorkit.com\/wp-content\/uploads\/2026\/03\/Mentorkit-Suite-Classic-white.svg\" \/>\n<meta name=\"twitter:card\" content=\"summary_large_image\" \/>\n<meta name=\"twitter:label1\" content=\"Estimeret l\u00e6setid\" \/>\n\t<meta name=\"twitter:data1\" content=\"4 minutter\" \/>\n<script type=\"application\/ld+json\" class=\"yoast-schema-graph\">{\"@context\":\"https:\\\/\\\/schema.org\",\"@graph\":[{\"@type\":\"WebPage\",\"@id\":\"https:\\\/\\\/mentorkit.com\\\/suite-classic-integrated-course-creation-lms-platform\\\/\",\"url\":\"https:\\\/\\\/mentorkit.com\\\/suite-classic-integrated-course-creation-lms-platform\\\/\",\"name\":\"Suite Classic: Integrated Course Creation &amp; LMS Platform - MentorKit\",\"isPartOf\":{\"@id\":\"https:\\\/\\\/mentorkit.com\\\/#website\"},\"primaryImageOfPage\":{\"@id\":\"https:\\\/\\\/mentorkit.com\\\/suite-classic-integrated-course-creation-lms-platform\\\/#primaryimage\"},\"image\":{\"@id\":\"https:\\\/\\\/mentorkit.com\\\/suite-classic-integrated-course-creation-lms-platform\\\/#primaryimage\"},\"thumbnailUrl\":\"https:\\\/\\\/mentorkit.com\\\/wp-content\\\/uploads\\\/2026\\\/03\\\/Mentorkit-Suite-Classic-white.svg\",\"datePublished\":\"2026-01-23T15:03:24+00:00\",\"dateModified\":\"2026-03-26T11:10:01+00:00\",\"description\":\"Explore the benefits of the LMS integrated learning platform with MentorKit Suite Classic for seamless course creation and delivery.\",\"breadcrumb\":{\"@id\":\"https:\\\/\\\/mentorkit.com\\\/suite-classic-integrated-course-creation-lms-platform\\\/#breadcrumb\"},\"inLanguage\":\"da-DK\",\"potentialAction\":[{\"@type\":\"ReadAction\",\"target\":[\"https:\\\/\\\/mentorkit.com\\\/suite-classic-integrated-course-creation-lms-platform\\\/\"]}]},{\"@type\":\"ImageObject\",\"inLanguage\":\"da-DK\",\"@id\":\"https:\\\/\\\/mentorkit.com\\\/suite-classic-integrated-course-creation-lms-platform\\\/#primaryimage\",\"url\":\"https:\\\/\\\/mentorkit.com\\\/wp-content\\\/uploads\\\/2026\\\/03\\\/Mentorkit-Suite-Classic-white.svg\",\"contentUrl\":\"https:\\\/\\\/mentorkit.com\\\/wp-content\\\/uploads\\\/2026\\\/03\\\/Mentorkit-Suite-Classic-white.svg\"},{\"@type\":\"BreadcrumbList\",\"@id\":\"https:\\\/\\\/mentorkit.com\\\/suite-classic-integrated-course-creation-lms-platform\\\/#breadcrumb\",\"itemListElement\":[{\"@type\":\"ListItem\",\"position\":1,\"name\":\"Home\",\"item\":\"https:\\\/\\\/mentorkit.com\\\/\"},{\"@type\":\"ListItem\",\"position\":2,\"name\":\"Suite Classic: Integrated Course Creation &amp; LMS Platform\"}]},{\"@type\":\"WebSite\",\"@id\":\"https:\\\/\\\/mentorkit.com\\\/#website\",\"url\":\"https:\\\/\\\/mentorkit.com\\\/\",\"name\":\"MentorKit\",\"description\":\"a brand new, groundbreaking, fully cloud-based, Norwegian-made authoring tool for creating digital learning. The courses are responsive, meaning the content adapts to the screen whether it\u2019s on a phone, tablet, or PC\",\"publisher\":{\"@id\":\"https:\\\/\\\/mentorkit.com\\\/#organization\"},\"potentialAction\":[{\"@type\":\"SearchAction\",\"target\":{\"@type\":\"EntryPoint\",\"urlTemplate\":\"https:\\\/\\\/mentorkit.com\\\/?s={search_term_string}\"},\"query-input\":{\"@type\":\"PropertyValueSpecification\",\"valueRequired\":true,\"valueName\":\"search_term_string\"}}],\"inLanguage\":\"da-DK\"},{\"@type\":\"Organization\",\"@id\":\"https:\\\/\\\/mentorkit.com\\\/#organization\",\"name\":\"Norsk Interaktiv AS\",\"url\":\"https:\\\/\\\/mentorkit.com\\\/\",\"logo\":{\"@type\":\"ImageObject\",\"inLanguage\":\"da-DK\",\"@id\":\"https:\\\/\\\/mentorkit.com\\\/#\\\/schema\\\/logo\\\/image\\\/\",\"url\":\"https:\\\/\\\/mentorkit.com\\\/wp-content\\\/uploads\\\/2025\\\/09\\\/MentorKit-LOGO-White-Horizontal.svg\",\"contentUrl\":\"https:\\\/\\\/mentorkit.com\\\/wp-content\\\/uploads\\\/2025\\\/09\\\/MentorKit-LOGO-White-Horizontal.svg\",\"caption\":\"Norsk Interaktiv AS\"},\"image\":{\"@id\":\"https:\\\/\\\/mentorkit.com\\\/#\\\/schema\\\/logo\\\/image\\\/\"},\"sameAs\":[\"https:\\\/\\\/www.facebook.com\\\/nettkurs\",\"https:\\\/\\\/www.youtube.com\\\/@mentorkit\"]}]}<\/script>\n<!-- \/ Yoast SEO Premium plugin. -->","yoast_head_json":{"title":"Suite Classic: Integrated Course Creation &amp; LMS Platform - MentorKit","description":"Explore the benefits of the LMS integrated learning platform with MentorKit Suite Classic for seamless course creation and delivery.","robots":{"index":"index","follow":"follow","max-snippet":"max-snippet:-1","max-image-preview":"max-image-preview:large","max-video-preview":"max-video-preview:-1"},"canonical":"https:\/\/mentorkit.com\/dk\/suite-classic-integrated-course-creation-lms-platform\/","og_locale":"da_DK","og_type":"article","og_title":"Suite Classic: Integrated Course Creation &amp; LMS Platform","og_description":"Explore the benefits of the LMS integrated learning platform with MentorKit Suite Classic for seamless course creation and delivery.","og_url":"https:\/\/mentorkit.com\/dk\/suite-classic-integrated-course-creation-lms-platform\/","og_site_name":"MentorKit","article_publisher":"https:\/\/www.facebook.com\/nettkurs","article_modified_time":"2026-03-26T11:10:01+00:00","og_image":[{"url":"https:\/\/mentorkit.com\/wp-content\/uploads\/2026\/03\/Mentorkit-Suite-Classic-white.svg","type":"","width":"","height":""}],"twitter_card":"summary_large_image","twitter_misc":{"Estimeret l\u00e6setid":"4 minutter"},"schema":{"@context":"https:\/\/schema.org","@graph":[{"@type":"WebPage","@id":"https:\/\/mentorkit.com\/suite-classic-integrated-course-creation-lms-platform\/","url":"https:\/\/mentorkit.com\/suite-classic-integrated-course-creation-lms-platform\/","name":"Suite Classic: Integrated Course Creation &amp; LMS Platform - MentorKit","isPartOf":{"@id":"https:\/\/mentorkit.com\/#website"},"primaryImageOfPage":{"@id":"https:\/\/mentorkit.com\/suite-classic-integrated-course-creation-lms-platform\/#primaryimage"},"image":{"@id":"https:\/\/mentorkit.com\/suite-classic-integrated-course-creation-lms-platform\/#primaryimage"},"thumbnailUrl":"https:\/\/mentorkit.com\/wp-content\/uploads\/2026\/03\/Mentorkit-Suite-Classic-white.svg","datePublished":"2026-01-23T15:03:24+00:00","dateModified":"2026-03-26T11:10:01+00:00","description":"Explore the benefits of the LMS integrated learning platform with MentorKit Suite Classic for seamless course creation and delivery.","breadcrumb":{"@id":"https:\/\/mentorkit.com\/suite-classic-integrated-course-creation-lms-platform\/#breadcrumb"},"inLanguage":"da-DK","potentialAction":[{"@type":"ReadAction","target":["https:\/\/mentorkit.com\/suite-classic-integrated-course-creation-lms-platform\/"]}]},{"@type":"ImageObject","inLanguage":"da-DK","@id":"https:\/\/mentorkit.com\/suite-classic-integrated-course-creation-lms-platform\/#primaryimage","url":"https:\/\/mentorkit.com\/wp-content\/uploads\/2026\/03\/Mentorkit-Suite-Classic-white.svg","contentUrl":"https:\/\/mentorkit.com\/wp-content\/uploads\/2026\/03\/Mentorkit-Suite-Classic-white.svg"},{"@type":"BreadcrumbList","@id":"https:\/\/mentorkit.com\/suite-classic-integrated-course-creation-lms-platform\/#breadcrumb","itemListElement":[{"@type":"ListItem","position":1,"name":"Home","item":"https:\/\/mentorkit.com\/"},{"@type":"ListItem","position":2,"name":"Suite Classic: Integrated Course Creation &amp; LMS Platform"}]},{"@type":"WebSite","@id":"https:\/\/mentorkit.com\/#website","url":"https:\/\/mentorkit.com\/","name":"MentorKit","description":"et helt nyt, banebrydende, fuldt cloud-baseret, norskproduceret authoringv\u00e6rkt\u00f8j til oprettelse af digital l\u00e6ring. Kurserne er responsive, hvilket betyder, at indholdet tilpasser sig sk\u00e6rmen, uanset om det er p\u00e5 en telefon, tablet eller pc","publisher":{"@id":"https:\/\/mentorkit.com\/#organization"},"potentialAction":[{"@type":"SearchAction","target":{"@type":"EntryPoint","urlTemplate":"https:\/\/mentorkit.com\/?s={search_term_string}"},"query-input":{"@type":"PropertyValueSpecification","valueRequired":true,"valueName":"search_term_string"}}],"inLanguage":"da-DK"},{"@type":"Organization","@id":"https:\/\/mentorkit.com\/#organization","name":"Norsk Interaktiv AS","url":"https:\/\/mentorkit.com\/","logo":{"@type":"ImageObject","inLanguage":"da-DK","@id":"https:\/\/mentorkit.com\/#\/schema\/logo\/image\/","url":"https:\/\/mentorkit.com\/wp-content\/uploads\/2025\/09\/MentorKit-LOGO-White-Horizontal.svg","contentUrl":"https:\/\/mentorkit.com\/wp-content\/uploads\/2025\/09\/MentorKit-LOGO-White-Horizontal.svg","caption":"Norsk Interaktiv AS"},"image":{"@id":"https:\/\/mentorkit.com\/#\/schema\/logo\/image\/"},"sameAs":["https:\/\/www.facebook.com\/nettkurs","https:\/\/www.youtube.com\/@mentorkit"]}]}},"_links":{"self":[{"href":"https:\/\/mentorkit.com\/dk\/wp-json\/wp\/v2\/pages\/1753","targetHints":{"allow":["GET"]}}],"collection":[{"href":"https:\/\/mentorkit.com\/dk\/wp-json\/wp\/v2\/pages"}],"about":[{"href":"https:\/\/mentorkit.com\/dk\/wp-json\/wp\/v2\/types\/page"}],"author":[{"embeddable":true,"href":"https:\/\/mentorkit.com\/dk\/wp-json\/wp\/v2\/users\/2"}],"replies":[{"embeddable":true,"href":"https:\/\/mentorkit.com\/dk\/wp-json\/wp\/v2\/comments?post=1753"}],"version-history":[{"count":11,"href":"https:\/\/mentorkit.com\/dk\/wp-json\/wp\/v2\/pages\/1753\/revisions"}],"predecessor-version":[{"id":2916,"href":"https:\/\/mentorkit.com\/dk\/wp-json\/wp\/v2\/pages\/1753\/revisions\/2916"}],"wp:attachment":[{"href":"https:\/\/mentorkit.com\/dk\/wp-json\/wp\/v2\/media?parent=1753"}],"curies":[{"name":"wp","href":"https:\/\/api.w.org\/{rel}","templated":true}]}}