{"id":1747,"date":"2026-01-23T15:58:19","date_gmt":"2026-01-23T14:58:19","guid":{"rendered":"https:\/\/mentorkit.com\/?page_id=1747"},"modified":"2026-03-26T13:29:15","modified_gmt":"2026-03-26T12:29:15","slug":"suite-pro-most-advanced-lms-and-course-creator","status":"publish","type":"page","link":"https:\/\/mentorkit.com\/dk\/suite-pro-most-advanced-lms-and-course-creator\/","title":{"rendered":"Suite Pro: Det mest avancerede norskejede og hostede learning management system med kursusskaber"},"content":{"rendered":"<h6>\n\t\t\tAvanceret LMS + Kursusopretter\t<\/h6>\n<figure itemscope itemtype=\"https:\/\/schema.org\/ImageObject\">\n\t\t\t\t<img decoding=\"async\" src=\"https:\/\/mentorkit.com\/wp-content\/uploads\/2026\/03\/Mentorkit-Suite-Pro-white.svg\" alt=\"Mentorkit Suite Pro white\" title=\"Mentorkit Suite Pro hvid\" onerror=\"this.style.display='none'\" loading=\"lazy\" \/>\n\t<\/figure>\n<h1>\n\t\t\tMentorKit Suite Pro\t<\/h1>\n\t<p><b>MentorKit Suite Pro er et avanceret LMS med en integreret kursusskaber, designet til organisationer, der har brug for fleksibilitet, integration og fuld kontrol.<\/b><\/p>\n<p>Den kombinerer MentorKit Course Creator med LMS Pro i \u00e9n s\u00f8ml\u00f8s platform. <b>Som f\u00f8lge heraf<\/b>, f\u00e5r du en komplet l\u00f8sning, der fungerer som \u00e9t samlet system i stedet for separate v\u00e6rkt\u00f8jer.<\/p>\n<p><b>Derudover<\/b>, LMS Pro giver dig fuld frihed til at designe din frontend og kontrollere, hvordan kurser pr\u00e6senteres, s\u00e6lges og distribueres. Platformen er bygget p\u00e5 <a href=\"https:\/\/wordpress.com\/blog\/2025\/04\/17\/wordpress-market-share\/\" target=\"_blank\" rel=\"noopener\">WordPress<\/a>, the world&#8217;s most widely used CMS. <b>Det betyder, at<\/b> kan du nemt skalere din l\u00f8sning og tilpasse den til din virksomheds behov.<\/p>\n<p><b>P\u00e5 samme tid<\/b>, Du kan v\u00e6lge en selvhostet ops\u00e6tning, hvis du vil have fuldt ejerskab og kontrol over dit LMS-milj\u00f8. <b>Dette giver dig<\/b> fleksibiliteten til at k\u00f8re platformen p\u00e5 pr\u00e6cis den m\u00e5de, din organisation har brug for.<\/p>\n\t\t\t<a href=\"#more\"  target=\"_self\">\n\t\t\t\t\t\t\tL\u00e6s mere\n\t\t\t<\/a>\n\t\t\t<a href=\"https:\/\/mentorkit.com\/dk\/product-suite-overview\/\"  target=\"_self\">\n\t\t\t\t\t\t\tProduktpakken\n\t\t\t<\/a>\n<h6>\n\t\t\tForbind LMS Pro med dine eksisterende forretningssystemer\t<\/h6>\n<h2>\n\t\t\tDybe integrationer og tilpassede workflows\t<\/h2>\n\t<p>LMS Pro er designet til at passe ind i dit eksisterende IT-\u00f8kosystem. Fordi platformen er bygget p\u00e5 WordPress, er det nemt at forbinde den med HR-systemer, CRM, intranet og andre forretningsv\u00e6rkt\u00f8jer. Det betyder, at du kan automatisere datastr\u00f8mme som f.eks. brugertilmelding, tr\u00e6ningsregistreringer og rapportering. Hvis du har brug for et unikt workflow eller en brugerdefineret rapport, kan LMS Pro ogs\u00e5 skr\u00e6ddersys til at matche mere avancerede krav.<\/p>\n\t\t\t<a href=\"https:\/\/mentorkit.com\/dk\/book-a-demo\/\"  target=\"_self\">\n\t\t\t\t\t\t\tBook en demo\n\t\t\t<\/a>\n\t\t\t<a href=\"https:\/\/mentorkit.com\/dk\/product-suite-overview\/\"  target=\"_self\">\n\t\t\t\t\t\t\tProduktpakken\n\t\t\t<\/a>\n<h6>\n\t\t\tS\u00e6lg kurser via din egen hjemmeside\t<\/h6>\n<h2>\n\t\t\tE-handel med WooCommerce\t<\/h2>\n\t<p>LMS Pro g\u00f8r det nemt at s\u00e6lge kurser online via din egen WordPress-hjemmeside. Med <a href=\"https:\/\/woocommerce.com\/product-category\/woocommerce-extensions\/?categoryIds=1021&amp;collections=product&amp;page=1\" target=\"_blank\" rel=\"noopener\">WooCommerce<\/a> integration kan du tilbyde sikre betalinger, rabatkoder, bundter og automatisk tilmelding efter k\u00f8b. Som resultat f\u00e5r du en fleksibel kursusbutik, der giver dig fuld kontrol over salg, adgang og kundeoplevelse.<\/p>\n\t\t\t<a href=\"https:\/\/mentorkit.com\/dk\/book-a-demo\/\"  target=\"_self\">\n\t\t\t\t\t\t\tBook en demo\n\t\t\t<\/a>\n\t\t\t<a href=\"https:\/\/mentorkit.com\/dk\/product-suite-overview\/\"  target=\"_self\">\n\t\t\t\t\t\t\tProduktpakken\n\t\t\t<\/a>\n<h6>\n\t\t\tBygget til storskala og missionskritisk l\u00e6ring\t<\/h6>\n<h2>\n\t\t\tSkalerbarhed og ydeevne\t<\/h2>\n\t<p>LMS Pro er bygget til at underst\u00f8tte store organisationer, h\u00f8j trafik og kr\u00e6vende l\u00e6ringsmilj\u00f8er. Den kan h\u00e5ndtere tusindvis af brugere p\u00e5 samme tid og samtidig opretholde hastighed og stabilitet. Derudover underst\u00f8tter platformen virksomhedsklar infrastruktur s\u00e5som belastningsbalancering, dedikerede databaser og ops\u00e6tninger med h\u00f8j tilg\u00e6ngelighed.<\/p>\n\t\t\t<a href=\"https:\/\/mentorkit.com\/dk\/book-a-demo\/\"  target=\"_self\">\n\t\t\t\t\t\t\tBook en demo\n\t\t\t<\/a>\n\t\t\t<a href=\"https:\/\/mentorkit.com\/dk\/product-suite-overview\/\"  target=\"_self\">\n\t\t\t\t\t\t\tProduktpakken\n\t\t\t<\/a>\n<h6>\n\t\t\tEjer din platform og styrer din ops\u00e6tning\t<\/h6>\n<h2>\n\t\t\tOpen source og frihed til selvhosting\t<\/h2>\n\t<p>LMS Pro er bygget p\u00e5 en open source-kerne, som giver dig fuld gennemsigtighed og kontrol. Hvis det er n\u00f8dvendigt, kan du k\u00f8re platformen p\u00e5 din egen infrastruktur eller i en privat sky gennem en <strong><a href=\"https:\/\/mentorkit.com\/dk\/mentorkit-pro-lms-is-a-free-self-hosted-solution-an-lms-solution-built-to-scale\/\">Selv-hostet ops\u00e6tning<\/a>.<\/strong> Det betyder, at dit IT-team kan h\u00e5ndtere opdateringer, backend-tilpasninger og udrulning p\u00e5 dine egne betingelser. Desuden undg\u00e5r du leverand\u00f8rbinding, da dine data og din kode forbliver under din kontrol. MentorKit tilbyder ogs\u00e5 supportaftaler til virksomheder, s\u00e5 kunder med egen hosting f\u00e5r de opdateringer og den hj\u00e6lp, de har brug for.<\/p>\n\t\t\t<a href=\"https:\/\/mentorkit.com\/dk\/book-a-demo\/\"  target=\"_self\">\n\t\t\t\t\t\t\tBook en demo\n\t\t\t<\/a>\n\t\t\t<a href=\"https:\/\/mentorkit.com\/dk\/product-suite-overview\/\"  target=\"_self\">\n\t\t\t\t\t\t\tProduktpakken\n\t\t\t<\/a>\n<h6>\n\t\t\tFULDT UD WHITE-LABEL PLATFORMENS BRANDING\t<\/h6>\n<h2>\n\t\t\tFunktioner til virksomhedstr\u00e6ning\t<\/h2>\n\t<p>LMS Pro inkluderer avancerede LMS-funktionaliteter ud-af-boksen: dynamiske l\u00e6ringsforl\u00f8b (f.eks. automatisk tildeling af kurser baseret p\u00e5 rolle eller foruds\u00e6tninger), kompetencestyring, detaljerede analyse-dashboards, multi-tenancy til h\u00e5ndtering af flere afdelinger eller kunder i \u00e9n installation og meget mere. Den underst\u00f8tter flersproget indhold og brugerflader, hvilket er perfekt til internationale organisationer. Du kan ogs\u00e5 fuldt ud <b>hvid m\u00e6rke<\/b> platformen, der brander det som din egen l\u00e6ringsportal.<\/p>\n\t\t\t<a href=\"https:\/\/mentorkit.com\/dk\/book-a-demo\/\"  target=\"_self\">\n\t\t\t\t\t\t\tBook en demo\n\t\t\t<\/a>\n\t\t\t<a href=\"https:\/\/mentorkit.com\/dk\/product-suite-overview\/\"  target=\"_self\">\n\t\t\t\t\t\t\tProduktpakken\n\t\t\t<\/a>\n<h2>\n\t\t\tUdtalelser\t<\/h2>","protected":false},"excerpt":{"rendered":"<p>Advanced LMS + Course Creator MentorKit Suite Pro MentorKit Suite Pro is an advanced LMS with an integrated course creator, [&hellip;]<\/p>\n","protected":false},"author":2,"featured_media":1745,"parent":0,"menu_order":0,"comment_status":"closed","ping_status":"closed","template":"","meta":{"_acf_changed":false,"site-sidebar-layout":"no-sidebar","site-content-layout":"page-builder","ast-site-content-layout":"default","site-content-style":"default","site-sidebar-style":"default","ast-global-header-display":"","ast-banner-title-visibility":"","ast-main-header-display":"","ast-hfb-above-header-display":"","ast-hfb-below-header-display":"","ast-hfb-mobile-header-display":"","site-post-title":"disabled","ast-breadcrumbs-content":"","ast-featured-img":"disabled","footer-sml-layout":"","ast-disable-related-posts":"","theme-transparent-header-meta":"","adv-header-id-meta":"","stick-header-meta":"","header-above-stick-meta":"","header-main-stick-meta":"","header-below-stick-meta":"","astra-migrate-meta-layouts":"default","ast-page-background-enabled":"default","ast-page-background-meta":{"desktop":{"background-color":"var(--ast-global-color-4)","background-image":"","background-repeat":"repeat","background-position":"center center","background-size":"auto","background-attachment":"scroll","background-type":"","background-media":"","overlay-type":"","overlay-color":"","overlay-opacity":"","overlay-gradient":""},"tablet":{"background-color":"","background-image":"","background-repeat":"repeat","background-position":"center center","background-size":"auto","background-attachment":"scroll","background-type":"","background-media":"","overlay-type":"","overlay-color":"","overlay-opacity":"","overlay-gradient":""},"mobile":{"background-color":"","background-image":"","background-repeat":"repeat","background-position":"center center","background-size":"auto","background-attachment":"scroll","background-type":"","background-media":"","overlay-type":"","overlay-color":"","overlay-opacity":"","overlay-gradient":""}},"ast-content-background-meta":{"desktop":{"background-color":"var(--ast-global-color-5)","background-image":"","background-repeat":"repeat","background-position":"center center","background-size":"auto","background-attachment":"scroll","background-type":"","background-media":"","overlay-type":"","overlay-color":"","overlay-opacity":"","overlay-gradient":""},"tablet":{"background-color":"var(--ast-global-color-5)","background-image":"","background-repeat":"repeat","background-position":"center center","background-size":"auto","background-attachment":"scroll","background-type":"","background-media":"","overlay-type":"","overlay-color":"","overlay-opacity":"","overlay-gradient":""},"mobile":{"background-color":"var(--ast-global-color-5)","background-image":"","background-repeat":"repeat","background-position":"center center","background-size":"auto","background-attachment":"scroll","background-type":"","background-media":"","overlay-type":"","overlay-color":"","overlay-opacity":"","overlay-gradient":""}},"footnotes":""},"class_list":["post-1747","page","type-page","status-publish","has-post-thumbnail","hentry"],"acf":[],"yoast_head":"<!-- This site is optimized with the Yoast SEO Premium plugin v27.3 (Yoast SEO v27.3) - https:\/\/yoast.com\/product\/yoast-seo-premium-wordpress\/ -->\n<title>Suite Pro: The most advanced Norwegian-owned and hosted learning management system with course creator - MentorKit<\/title>\n<meta name=\"description\" content=\"Explore the secure Norwegian-owned and hosted learning management system that offers flexibility and integration for organizations.\" \/>\n<meta name=\"robots\" content=\"index, follow, max-snippet:-1, max-image-preview:large, max-video-preview:-1\" \/>\n<link rel=\"canonical\" href=\"https:\/\/mentorkit.com\/dk\/suite-pro-most-advanced-lms-and-course-creator\/\" \/>\n<meta property=\"og:locale\" content=\"da_DK\" \/>\n<meta property=\"og:type\" content=\"article\" \/>\n<meta property=\"og:title\" content=\"Suite Pro: The most advanced Norwegian-owned and hosted learning management system with course creator\" \/>\n<meta property=\"og:description\" content=\"Explore the secure Norwegian-owned and hosted learning management system that offers flexibility and integration for organizations.\" \/>\n<meta property=\"og:url\" content=\"https:\/\/mentorkit.com\/dk\/suite-pro-most-advanced-lms-and-course-creator\/\" \/>\n<meta property=\"og:site_name\" content=\"MentorKit\" \/>\n<meta property=\"article:publisher\" content=\"https:\/\/www.facebook.com\/nettkurs\" \/>\n<meta property=\"article:modified_time\" content=\"2026-03-26T12:29:15+00:00\" \/>\n<meta property=\"og:image\" content=\"https:\/\/mentorkit.com\/wp-content\/uploads\/2026\/01\/MentorKit-Suite-Pro-Multi-Devices-Mockup.jpg\" \/>\n\t<meta property=\"og:image:width\" content=\"2500\" \/>\n\t<meta property=\"og:image:height\" content=\"1667\" \/>\n\t<meta property=\"og:image:type\" content=\"image\/jpeg\" \/>\n<meta name=\"twitter:card\" content=\"summary_large_image\" \/>\n<meta name=\"twitter:label1\" content=\"Estimeret l\u00e6setid\" \/>\n\t<meta name=\"twitter:data1\" content=\"4 minutter\" \/>\n<script type=\"application\/ld+json\" class=\"yoast-schema-graph\">{\"@context\":\"https:\\\/\\\/schema.org\",\"@graph\":[{\"@type\":\"WebPage\",\"@id\":\"https:\\\/\\\/mentorkit.com\\\/suite-pro-most-advanced-lms-and-course-creator\\\/\",\"url\":\"https:\\\/\\\/mentorkit.com\\\/suite-pro-most-advanced-lms-and-course-creator\\\/\",\"name\":\"Suite Pro: The most advanced Norwegian-owned and hosted learning management system with course creator - MentorKit\",\"isPartOf\":{\"@id\":\"https:\\\/\\\/mentorkit.com\\\/#website\"},\"primaryImageOfPage\":{\"@id\":\"https:\\\/\\\/mentorkit.com\\\/suite-pro-most-advanced-lms-and-course-creator\\\/#primaryimage\"},\"image\":{\"@id\":\"https:\\\/\\\/mentorkit.com\\\/suite-pro-most-advanced-lms-and-course-creator\\\/#primaryimage\"},\"thumbnailUrl\":\"https:\\\/\\\/mentorkit.com\\\/wp-content\\\/uploads\\\/2026\\\/01\\\/MentorKit-Suite-Pro-Multi-Devices-Mockup.jpg\",\"datePublished\":\"2026-01-23T14:58:19+00:00\",\"dateModified\":\"2026-03-26T12:29:15+00:00\",\"description\":\"Explore the secure Norwegian-owned and hosted learning management system that offers flexibility and integration for organizations.\",\"breadcrumb\":{\"@id\":\"https:\\\/\\\/mentorkit.com\\\/suite-pro-most-advanced-lms-and-course-creator\\\/#breadcrumb\"},\"inLanguage\":\"da-DK\",\"potentialAction\":[{\"@type\":\"ReadAction\",\"target\":[\"https:\\\/\\\/mentorkit.com\\\/suite-pro-most-advanced-lms-and-course-creator\\\/\"]}]},{\"@type\":\"ImageObject\",\"inLanguage\":\"da-DK\",\"@id\":\"https:\\\/\\\/mentorkit.com\\\/suite-pro-most-advanced-lms-and-course-creator\\\/#primaryimage\",\"url\":\"https:\\\/\\\/mentorkit.com\\\/wp-content\\\/uploads\\\/2026\\\/01\\\/MentorKit-Suite-Pro-Multi-Devices-Mockup.jpg\",\"contentUrl\":\"https:\\\/\\\/mentorkit.com\\\/wp-content\\\/uploads\\\/2026\\\/01\\\/MentorKit-Suite-Pro-Multi-Devices-Mockup.jpg\",\"width\":2500,\"height\":1667,\"caption\":\"MentorKit Suite Pro (Advanced LMS + Course Creator)\"},{\"@type\":\"BreadcrumbList\",\"@id\":\"https:\\\/\\\/mentorkit.com\\\/suite-pro-most-advanced-lms-and-course-creator\\\/#breadcrumb\",\"itemListElement\":[{\"@type\":\"ListItem\",\"position\":1,\"name\":\"Home\",\"item\":\"https:\\\/\\\/mentorkit.com\\\/\"},{\"@type\":\"ListItem\",\"position\":2,\"name\":\"Suite Pro: The most advanced Norwegian-owned and hosted learning management system with course creator\"}]},{\"@type\":\"WebSite\",\"@id\":\"https:\\\/\\\/mentorkit.com\\\/#website\",\"url\":\"https:\\\/\\\/mentorkit.com\\\/\",\"name\":\"MentorKit\",\"description\":\"a brand new, groundbreaking, fully cloud-based, Norwegian-made authoring tool for creating digital learning. The courses are responsive, meaning the content adapts to the screen whether it\u2019s on a phone, tablet, or PC\",\"publisher\":{\"@id\":\"https:\\\/\\\/mentorkit.com\\\/#organization\"},\"potentialAction\":[{\"@type\":\"SearchAction\",\"target\":{\"@type\":\"EntryPoint\",\"urlTemplate\":\"https:\\\/\\\/mentorkit.com\\\/?s={search_term_string}\"},\"query-input\":{\"@type\":\"PropertyValueSpecification\",\"valueRequired\":true,\"valueName\":\"search_term_string\"}}],\"inLanguage\":\"da-DK\"},{\"@type\":\"Organization\",\"@id\":\"https:\\\/\\\/mentorkit.com\\\/#organization\",\"name\":\"Norsk Interaktiv AS\",\"url\":\"https:\\\/\\\/mentorkit.com\\\/\",\"logo\":{\"@type\":\"ImageObject\",\"inLanguage\":\"da-DK\",\"@id\":\"https:\\\/\\\/mentorkit.com\\\/#\\\/schema\\\/logo\\\/image\\\/\",\"url\":\"https:\\\/\\\/mentorkit.com\\\/wp-content\\\/uploads\\\/2025\\\/09\\\/MentorKit-LOGO-White-Horizontal.svg\",\"contentUrl\":\"https:\\\/\\\/mentorkit.com\\\/wp-content\\\/uploads\\\/2025\\\/09\\\/MentorKit-LOGO-White-Horizontal.svg\",\"caption\":\"Norsk Interaktiv AS\"},\"image\":{\"@id\":\"https:\\\/\\\/mentorkit.com\\\/#\\\/schema\\\/logo\\\/image\\\/\"},\"sameAs\":[\"https:\\\/\\\/www.facebook.com\\\/nettkurs\",\"https:\\\/\\\/www.youtube.com\\\/@mentorkit\"]}]}<\/script>\n<!-- \/ Yoast SEO Premium plugin. -->","yoast_head_json":{"title":"Suite Pro: The most advanced Norwegian-owned and hosted learning management system with course creator - MentorKit","description":"Explore the secure Norwegian-owned and hosted learning management system that offers flexibility and integration for organizations.","robots":{"index":"index","follow":"follow","max-snippet":"max-snippet:-1","max-image-preview":"max-image-preview:large","max-video-preview":"max-video-preview:-1"},"canonical":"https:\/\/mentorkit.com\/dk\/suite-pro-most-advanced-lms-and-course-creator\/","og_locale":"da_DK","og_type":"article","og_title":"Suite Pro: The most advanced Norwegian-owned and hosted learning management system with course creator","og_description":"Explore the secure Norwegian-owned and hosted learning management system that offers flexibility and integration for organizations.","og_url":"https:\/\/mentorkit.com\/dk\/suite-pro-most-advanced-lms-and-course-creator\/","og_site_name":"MentorKit","article_publisher":"https:\/\/www.facebook.com\/nettkurs","article_modified_time":"2026-03-26T12:29:15+00:00","og_image":[{"width":2500,"height":1667,"url":"https:\/\/mentorkit.com\/wp-content\/uploads\/2026\/01\/MentorKit-Suite-Pro-Multi-Devices-Mockup.jpg","type":"image\/jpeg"}],"twitter_card":"summary_large_image","twitter_misc":{"Estimeret l\u00e6setid":"4 minutter"},"schema":{"@context":"https:\/\/schema.org","@graph":[{"@type":"WebPage","@id":"https:\/\/mentorkit.com\/suite-pro-most-advanced-lms-and-course-creator\/","url":"https:\/\/mentorkit.com\/suite-pro-most-advanced-lms-and-course-creator\/","name":"Suite Pro: The most advanced Norwegian-owned and hosted learning management system with course creator - MentorKit","isPartOf":{"@id":"https:\/\/mentorkit.com\/#website"},"primaryImageOfPage":{"@id":"https:\/\/mentorkit.com\/suite-pro-most-advanced-lms-and-course-creator\/#primaryimage"},"image":{"@id":"https:\/\/mentorkit.com\/suite-pro-most-advanced-lms-and-course-creator\/#primaryimage"},"thumbnailUrl":"https:\/\/mentorkit.com\/wp-content\/uploads\/2026\/01\/MentorKit-Suite-Pro-Multi-Devices-Mockup.jpg","datePublished":"2026-01-23T14:58:19+00:00","dateModified":"2026-03-26T12:29:15+00:00","description":"Explore the secure Norwegian-owned and hosted learning management system that offers flexibility and integration for organizations.","breadcrumb":{"@id":"https:\/\/mentorkit.com\/suite-pro-most-advanced-lms-and-course-creator\/#breadcrumb"},"inLanguage":"da-DK","potentialAction":[{"@type":"ReadAction","target":["https:\/\/mentorkit.com\/suite-pro-most-advanced-lms-and-course-creator\/"]}]},{"@type":"ImageObject","inLanguage":"da-DK","@id":"https:\/\/mentorkit.com\/suite-pro-most-advanced-lms-and-course-creator\/#primaryimage","url":"https:\/\/mentorkit.com\/wp-content\/uploads\/2026\/01\/MentorKit-Suite-Pro-Multi-Devices-Mockup.jpg","contentUrl":"https:\/\/mentorkit.com\/wp-content\/uploads\/2026\/01\/MentorKit-Suite-Pro-Multi-Devices-Mockup.jpg","width":2500,"height":1667,"caption":"MentorKit Suite Pro (Advanced LMS + Course Creator)"},{"@type":"BreadcrumbList","@id":"https:\/\/mentorkit.com\/suite-pro-most-advanced-lms-and-course-creator\/#breadcrumb","itemListElement":[{"@type":"ListItem","position":1,"name":"Home","item":"https:\/\/mentorkit.com\/"},{"@type":"ListItem","position":2,"name":"Suite Pro: The most advanced Norwegian-owned and hosted learning management system with course creator"}]},{"@type":"WebSite","@id":"https:\/\/mentorkit.com\/#website","url":"https:\/\/mentorkit.com\/","name":"MentorKit","description":"et helt nyt, banebrydende, fuldt cloud-baseret, norskproduceret authoringv\u00e6rkt\u00f8j til oprettelse af digital l\u00e6ring. Kurserne er responsive, hvilket betyder, at indholdet tilpasser sig sk\u00e6rmen, uanset om det er p\u00e5 en telefon, tablet eller pc","publisher":{"@id":"https:\/\/mentorkit.com\/#organization"},"potentialAction":[{"@type":"SearchAction","target":{"@type":"EntryPoint","urlTemplate":"https:\/\/mentorkit.com\/?s={search_term_string}"},"query-input":{"@type":"PropertyValueSpecification","valueRequired":true,"valueName":"search_term_string"}}],"inLanguage":"da-DK"},{"@type":"Organization","@id":"https:\/\/mentorkit.com\/#organization","name":"Norsk Interaktiv AS","url":"https:\/\/mentorkit.com\/","logo":{"@type":"ImageObject","inLanguage":"da-DK","@id":"https:\/\/mentorkit.com\/#\/schema\/logo\/image\/","url":"https:\/\/mentorkit.com\/wp-content\/uploads\/2025\/09\/MentorKit-LOGO-White-Horizontal.svg","contentUrl":"https:\/\/mentorkit.com\/wp-content\/uploads\/2025\/09\/MentorKit-LOGO-White-Horizontal.svg","caption":"Norsk Interaktiv AS"},"image":{"@id":"https:\/\/mentorkit.com\/#\/schema\/logo\/image\/"},"sameAs":["https:\/\/www.facebook.com\/nettkurs","https:\/\/www.youtube.com\/@mentorkit"]}]}},"_links":{"self":[{"href":"https:\/\/mentorkit.com\/dk\/wp-json\/wp\/v2\/pages\/1747","targetHints":{"allow":["GET"]}}],"collection":[{"href":"https:\/\/mentorkit.com\/dk\/wp-json\/wp\/v2\/pages"}],"about":[{"href":"https:\/\/mentorkit.com\/dk\/wp-json\/wp\/v2\/types\/page"}],"author":[{"embeddable":true,"href":"https:\/\/mentorkit.com\/dk\/wp-json\/wp\/v2\/users\/2"}],"replies":[{"embeddable":true,"href":"https:\/\/mentorkit.com\/dk\/wp-json\/wp\/v2\/comments?post=1747"}],"version-history":[{"count":11,"href":"https:\/\/mentorkit.com\/dk\/wp-json\/wp\/v2\/pages\/1747\/revisions"}],"predecessor-version":[{"id":2940,"href":"https:\/\/mentorkit.com\/dk\/wp-json\/wp\/v2\/pages\/1747\/revisions\/2940"}],"wp:featuredmedia":[{"embeddable":true,"href":"https:\/\/mentorkit.com\/dk\/wp-json\/wp\/v2\/media\/1745"}],"wp:attachment":[{"href":"https:\/\/mentorkit.com\/dk\/wp-json\/wp\/v2\/media?parent=1747"}],"curies":[{"name":"wp","href":"https:\/\/api.w.org\/{rel}","templated":true}]}}