{"id":1609,"date":"2026-01-22T13:16:03","date_gmt":"2026-01-22T12:16:03","guid":{"rendered":"https:\/\/mentorkit.com\/?page_id=1609"},"modified":"2026-03-26T11:08:43","modified_gmt":"2026-03-26T10:08:43","slug":"product-suite-overview","status":"publish","type":"page","link":"https:\/\/mentorkit.com\/dk\/product-suite-overview\/","title":{"rendered":"Produktpakken"},"content":{"rendered":"<h1>\n\t\t\tProduktpakken\t<\/h1>\n\t<p>Udforsk MentorKit's produktsuite. Den perfekte <strong>Kit<\/strong> to run an e-learning solution that fits your organizations needs. Whether you&#8217;re an individual course creator or a large enterprise, <strong>MentorKit<\/strong> har en l\u00f8sning til dig. Alle vores produkter fungerer problemfrit sammen og er tilg\u00e6ngelige som cloud-tjenester med norsk-produceret hosting til sikkerhedsstandarder.<strong> 100% EU venlig.<\/strong><\/p>\n\t\t\t<a href=\"#pricing\"  target=\"_self\">\n\t\t\t\t\t\t\tHvad koster det?\n\t\t\t<\/a>\n\t\t\t<a href=\"https:\/\/mentorkit.com\/dk\/book-a-demo\/\"  target=\"_self\">\n\t\t\t\t\t\t\tBook en demo\n\t\t\t<\/a>\n\t\t<!-- Comment to fix spacing issue\n\t-->\n\t\t<h2>0+<\/h2><b>deltager<\/b> har gennemf\u00f8rt <br \/>kurser p\u00e5 MentorKit-platformen.\n\t<!-- Comment to fix spacing issue\n\t-->\t\n\t\t<!-- Comment to fix spacing issue\n\t-->\n\t\t<h2>0+<\/h2><b>Gennemf\u00f8relse af kurser<\/b><br \/> leveret gennem LMS'et.\n\t<!-- Comment to fix spacing issue\n\t-->\t\n\t\t<!-- Comment to fix spacing issue\n\t-->\n\t\t<h2>0+ years<\/h2><b>af kontinuerlig LMS-drift<\/b>, <br \/>i aktiv brug siden 2003.\n\t<!-- Comment to fix spacing issue\n\t-->\t\n\t\t<!-- Comment to fix spacing issue\n\t-->\n\t\t<h2>0+ official<\/h2>\u00e5ben kilde <b>Udvidelser<\/b> i WooCommerce Marketplace.\n\t<!-- Comment to fix spacing issue\n\t-->\t\n<h6>\n\t\t<a href=\"https:\/\/mentorkit.com\/dk\/mentorkit-course-creator-authoring-tool\/\" title=\"Forfatterv\u00e6rkt\u00f8j\"  target=\"_self\">\n\t\t\tForfatterv\u00e6rkt\u00f8j\t\t<\/a>\n\t<\/h6>\n<figure itemscope itemtype=\"https:\/\/schema.org\/ImageObject\">\n\t\t\t\t<img decoding=\"async\" src=\"https:\/\/mentorkit.com\/wp-content\/uploads\/2026\/03\/MentorKit-Course-Creator.svg\" alt=\"MentorKit Course Creator\" title=\"MentorKit kursusskaber\" onerror=\"this.style.display='none'\" loading=\"lazy\" \/>\n\t<\/figure>\n<h2>\n\t\t<a href=\"https:\/\/mentorkit.com\/dk\/mentorkit-course-creator-authoring-tool\/\" title=\"Skaber af kurset\"  target=\"_self\">\n\t\t\tSkaber af kurset\t\t<\/a>\n\t<\/h2>\n\t<p><strong>MentorKit kursusskaber<\/strong> er et kraftfuldt, men brugervenligt <strong>software til oprettelse af kurser<\/strong> der giver dig mulighed for at udvikle engagerende onlinekurser uden kodning. Dette konstruktivt roste forfatterv\u00e6rkt\u00f8j er 100% skybaseret og tilg\u00e6ngeligt i din browser. N\u00f8glefunktionerne omfatter:<\/p>\n\t\t\t<a href=\"https:\/\/mentorkit.com\/dk\/mentorkit-course-creator-authoring-tool\/\"  target=\"_self\">\n\t\t\t\t\t\t\tL\u00e6r mere\n\t\t\t<\/a>\n\t\t\t<a href=\"https:\/\/mentorkit.com\/dk\/get-a-free-account\/#signup\"  target=\"_self\">\n\t\t\t\t\t\t\tF\u00e5 startet gratis\n\t\t\t<\/a>\n<h6>\n\t\t<a href=\"https:\/\/mentorkit.com\/dk\/core-classic-learning-management-system\/\" title=\"Core Learning Management System\"  target=\"_self\">\n\t\t\tCore Learning Management System\t\t<\/a>\n\t<\/h6>\n<figure itemscope itemtype=\"https:\/\/schema.org\/ImageObject\">\n\t\t\t\t<img decoding=\"async\" src=\"https:\/\/mentorkit.com\/wp-content\/uploads\/2026\/03\/Mentorkit-Classic-LMS.svg\" alt=\"MentorKit Classic LMS\" title=\"MentorKit Klassisk LMS\" onerror=\"this.style.display='none'\" loading=\"lazy\" \/>\n\t<\/figure>\n<h2>\n\t\t<a href=\"https:\/\/mentorkit.com\/dk\/core-classic-learning-management-system\/\" title=\"LMS Classic\"  target=\"_self\">\n\t\t\tLMS Classic\t\t<\/a>\n\t<\/h2>\n\t<p><strong>MentorKit LMS Classic<\/strong> er en gennempr\u00f8vet <strong>Learning Management System<\/strong> for delivering and managing online courses. It&#8217;s a cloud-based learning portal that has been continually refined since 2003 making it one of the most established e-learning systems in the Nordics. MentorKit LMS Classic provides all the essential LMS features:<\/p>\n\t\t\t<a href=\"https:\/\/mentorkit.com\/dk\/core-classic-learning-management-system\/\"  target=\"_self\">\n\t\t\t\t\t\t\tL\u00e6r mere\n\t\t\t<\/a>\n\t\t\t<a href=\"https:\/\/mentorkit.com\/dk\/book-a-demo\/\"  target=\"_self\">\n\t\t\t\t\t\t\tBook en demo\n\t\t\t<\/a>\n<figure itemscope itemtype=\"https:\/\/schema.org\/ImageObject\">\n\t\t\t\t<img decoding=\"async\" src=\"https:\/\/mentorkit.com\/wp-content\/uploads\/2026\/01\/MentorKit-Core-Classic-Multi-Devices-Mockup_2560px.jpg\" alt=\"MentorKit LMS Classic is a proven Learning Management System for delivering and managing online courses.\" height=\"1707\" width=\"2560\" title=\"MentorKit LMS Classic er et gennempr\u00f8vet Learning Management System til at levere og administrere onlinekurser.\" onerror=\"this.style.display='none'\" loading=\"lazy\" \/>\n\t<\/figure>\n<h6>\n\t\t\tMentorKit Pro LMS SaaS-l\u00f8sningen kombineret med MentorKit Assist har gjort det muligt for os hurtigt at producere kurser af h\u00f8j kvalitet. Vi v\u00e6rds\u00e6tter kombinationen af en p\u00e5lidelig platform og et meget lydh\u00f8rt serviceteam, der forst\u00e5r vores m\u00e5l, og hvordan vi \u00f8nsker at udvikle vores uddannelsesindhold.\t<\/h6>\n<figure itemscope itemtype=\"https:\/\/schema.org\/ImageObject\">\n\t\t\t\t<img decoding=\"async\" src=\"https:\/\/mentorkit.com\/wp-content\/uploads\/2026\/01\/ScaleAQ-Julie3.jpg\" alt=\"ScaleAQ-Julie3\" height=\"400\" width=\"400\" title=\"ScaleAQ-Julie3\" onerror=\"this.style.display='none'\" loading=\"lazy\" \/>\n\t<\/figure>\n<h6>\n\t\t\tJulie Gustavsen\t<\/h6>\n<h6>\n\t\t\t Ledende Teknisk Support og Tr\u00e6ning i ScaleAQ\t<\/h6>\n<figure itemscope itemtype=\"https:\/\/schema.org\/ImageObject\">\n\t\t\t\t<img decoding=\"async\" src=\"https:\/\/mentorkit.com\/wp-content\/plugins\/bb-plugin\/img\/pixel.png\" alt=\"\" onerror=\"this.style.display='none'\" loading=\"lazy\" \/>\n\t<\/figure>\n<figure itemscope itemtype=\"https:\/\/schema.org\/ImageObject\">\n\t\t\t\t<img decoding=\"async\" src=\"https:\/\/mentorkit.com\/wp-content\/uploads\/2026\/01\/MentorKit-Suite-Classic-v02.jpg\" alt=\"MentorKit Suite Classic combines authoring tool Course Creator and LMS Classic LMS into one complete, integrated learning platform.\" height=\"1667\" width=\"2500\" title=\"MentorKit Suite Classic kombinerer forfatterv\u00e6rkt\u00f8jet Course Creator og LMS Classic LMS i \u00e9n komplet, integreret l\u00e6ringsplatform.\" onerror=\"this.style.display='none'\" loading=\"lazy\" \/>\n\t<\/figure>\n<h6>\n\t\t<a href=\"https:\/\/mentorkit.com\/dk\/suite-classic-integrated-course-creation-lms-platform\/\" title=\"Integreret kursusoprettelse og LMS-platform\"  target=\"_self\">\n\t\t\tIntegrated Course Creation &#038; LMS Platform\t\t<\/a>\n\t<\/h6>\n<figure itemscope itemtype=\"https:\/\/schema.org\/ImageObject\">\n\t\t\t\t<img decoding=\"async\" src=\"https:\/\/mentorkit.com\/wp-content\/uploads\/2026\/03\/Mentorkit-Suite-Classic.svg\" alt=\"Mentorkit Suite Classic\" title=\"Mentorkit Suite Klassisk\" onerror=\"this.style.display='none'\" loading=\"lazy\" \/>\n\t<\/figure>\n<h2>\n\t\t<a href=\"https:\/\/mentorkit.com\/dk\/suite-classic-integrated-course-creation-lms-platform\/\" title=\"= Suite Classic\"  target=\"_self\">\n\t\t\t= Suite Classic\t\t<\/a>\n\t<\/h2>\n\t<p><strong>MentorKit Suite Classic<\/strong> kombinerer forfatterv\u00e6rkt\u00f8j<strong> Skaber af kurset<\/strong> og\u00a0<strong>Klassisk<\/strong> <strong>LMS <\/strong>til \u00e9n komplet, integreret l\u00e6ringsplatform. Den er designet til organisationer, der \u00f8nsker fuld kontrol over b\u00e5de <strong>oprettelse og afvikling af kurser<\/strong>, uden kompleksitet eller tunge tilpasninger.<\/p>\n\t\t\t<a href=\"https:\/\/mentorkit.com\/dk\/suite-classic-integrated-course-creation-lms-platform\/\"  target=\"_self\">\n\t\t\t\t\t\t\tL\u00e6r mere\n\t\t\t<\/a>\n\t\t\t<a href=\"https:\/\/mentorkit.com\/dk\/book-a-demo\/\"  target=\"_self\">\n\t\t\t\t\t\t\tBook en demo\n\t\t\t<\/a>\n<h6>\n\t\t<a href=\"https:\/\/mentorkit.com\/dk\/suite-pro-most-advanced-lms-and-course-creator\/\" title=\"Kursusoprettelse og fleksibelt avanceret LMS\"  target=\"_self\">\n\t\t\tAdvanced LMS &#038; Course Creator\t\t<\/a>\n\t<\/h6>\n<figure itemscope itemtype=\"https:\/\/schema.org\/ImageObject\">\n\t\t\t\t<img decoding=\"async\" src=\"https:\/\/mentorkit.com\/wp-content\/uploads\/2026\/03\/Mentorkit-Suite-Pro.svg\" alt=\"Mentorkit Suite Pro\" title=\"Mentorkit Suite Pro\" onerror=\"this.style.display='none'\" loading=\"lazy\" \/>\n\t<\/figure>\n<h2>\n\t\t<a href=\"https:\/\/mentorkit.com\/dk\/suite-pro-most-advanced-lms-and-course-creator\/\" title=\"= Suite Pro\"  target=\"_self\">\n\t\t\t= Suite Pro\t\t<\/a>\n\t<\/h2>\n\t<p>Sammen produktet MentorKit<strong> Skaber af kurset <\/strong>og MentorKit<strong> LMS Pro<\/strong> is our advanced holistic platform lineup for organizations that need maximum flexibility, integration, and control. It combines MentorKit&#8217;s <strong>LMS Pro<\/strong> brugervenlighed i front-end med et kraftfuldt MentorKit<strong> Kursus Skaber. Det er simpelt integreret og fungerer som \u00e9t produkt, MentorKit Suite Pro.<\/strong> Med LMS Pro f\u00e5r du friheden til at style front-end og udseendet af, hvordan du s\u00e6lger eller distribuerer kurser. Drevet af verdens st\u00f8rste CMS, WordPress, kan du nemt skalere din virksomheds forretningslogik. Du kan ogs\u00e5 hoste dit LMS selv. <strong>selv-hostet<\/strong> l\u00f8sning. L\u00e6s mere om det her.<\/p>\n\t\t\t<a href=\"https:\/\/mentorkit.com\/dk\/suite-pro-most-advanced-lms-and-course-creator\/\"  target=\"_self\">\n\t\t\t\t\t\t\tL\u00e6r mere\n\t\t\t<\/a>\n\t\t\t<a href=\"https:\/\/mentorkit.com\/dk\/book-a-demo\/\"  target=\"_self\">\n\t\t\t\t\t\t\tBook en demo\n\t\t\t<\/a>\n<figure itemscope itemtype=\"https:\/\/schema.org\/ImageObject\">\n\t\t\t\t<img decoding=\"async\" src=\"https:\/\/mentorkit.com\/wp-content\/uploads\/2026\/01\/MentorKit-Core-Classic-Multi-Devices-Mockup_2560px.jpg\" alt=\"MentorKit LMS Classic is a proven Learning Management System for delivering and managing online courses.\" height=\"1707\" width=\"2560\" title=\"MentorKit LMS Classic er et gennempr\u00f8vet Learning Management System til at levere og administrere onlinekurser.\" onerror=\"this.style.display='none'\" loading=\"lazy\" \/>\n\t<\/figure>\n<h6>\n\t\t<a href=\"https:\/\/mentorkit.com\/dk\/contact-us\/\" title=\"Kontakt os\"  target=\"_self\">\n\t\t\tKontakt os\t\t<\/a>\n\t<\/h6>\n<h2>\n\t\t\tLet&#8217;s Create Together\t<\/h2>\n\t\t\t<a href=\"https:\/\/mentorkit.com\/dk\/suite-pro-most-advanced-lms-and-course-creator\/\"  target=\"_self\">\n\t\t\t\t\t\t\tL\u00e6r mere\n\t\t\t<\/a>\n\t\t\t<a href=\"https:\/\/mentorkit.com\/dk\/book-a-demo\/\"  target=\"_self\">\n\t\t\t\t\t\t\tBook en demo\n\t\t\t<\/a>\n<figure itemscope itemtype=\"https:\/\/schema.org\/ImageObject\">\n\t\t\t\t<img decoding=\"async\" src=\"https:\/\/mentorkit.com\/wp-content\/plugins\/bb-plugin\/img\/pixel.png\" alt=\"\" onerror=\"this.style.display='none'\" loading=\"lazy\" \/>\n\t<\/figure>\n<h6>\n\t\t<a href=\"https:\/\/mentorkit.com\/dk\/suite-classic-integrated-course-creation-lms-platform\/\" title=\"R\u00e5dgivning og tjenester\"  target=\"_self\">\n\t\t\tConsulting &#038; Services\t\t<\/a>\n\t<\/h6>\n<figure itemscope itemtype=\"https:\/\/schema.org\/ImageObject\">\n\t\t\t\t<img decoding=\"async\" src=\"https:\/\/mentorkit.com\/wp-content\/uploads\/2026\/03\/Mentorkit-Assist.svg\" alt=\"Mentorkit Assist\" title=\"Mentorkit Assist\" onerror=\"this.style.display='none'\" loading=\"lazy\" \/>\n\t<\/figure>\n<h2>\n\t\t<a href=\"https:\/\/mentorkit.com\/dk\/mentorkit-assist-consulting-services\/\" title=\"Assist\"  target=\"_self\">\n\t\t\tAssist\t\t<\/a>\n\t<\/h2>\n\t<p><strong>MentorKit Assist<\/strong> is our range of consulting services designed to ensure your e-learning project succeeds from start to finish. We understand that launching digital training is not just about software it&#8217;s also about strategy, content, and people.<\/p>\n\t\t\t<a href=\"https:\/\/mentorkit.com\/dk\/mentorkit-assist-consulting-services\/\"  target=\"_self\">\n\t\t\t\t\t\t\tL\u00e6r mere\n\t\t\t<\/a>\n\t\t\t<a href=\"https:\/\/mentorkit.com\/dk\/book-a-demo\/\"  target=\"_self\">\n\t\t\t\t\t\t\tBook en demo\n\t\t\t<\/a>\n<h2>\n\t\t\tHvad koster det?\t<\/h2>\n\t<strong>V\u00e6lg de funktioner, du har brug for, og se med det samme, hvilket produkt eller hvilken pakke der passer til dit l\u00e6ringssetup.<\/strong><br \/>\nJuster antallet af kursusskabere og aktive brugere for at finde den l\u00f8sning, der matcher dine behov og din skala.\n\t<div id=\"mentorkit-pricing-root\" data-theme=\"dark\"><\/div>","protected":false},"excerpt":{"rendered":"<p>Product suite overview Explore the MentorKit product suite. The perfect Kit to run an e-learning solution that fits your organizations [&hellip;]<\/p>\n","protected":false},"author":2,"featured_media":0,"parent":0,"menu_order":0,"comment_status":"closed","ping_status":"closed","template":"","meta":{"_acf_changed":false,"site-sidebar-layout":"default","site-content-layout":"","ast-site-content-layout":"","site-content-style":"default","site-sidebar-style":"default","ast-global-header-display":"","ast-banner-title-visibility":"","ast-main-header-display":"","ast-hfb-above-header-display":"","ast-hfb-below-header-display":"","ast-hfb-mobile-header-display":"","site-post-title":"disabled","ast-breadcrumbs-content":"","ast-featured-img":"","footer-sml-layout":"","ast-disable-related-posts":"","theme-transparent-header-meta":"","adv-header-id-meta":"","stick-header-meta":"","header-above-stick-meta":"","header-main-stick-meta":"","header-below-stick-meta":"","astra-migrate-meta-layouts":"default","ast-page-background-enabled":"default","ast-page-background-meta":{"desktop":{"background-color":"var(--ast-global-color-4)","background-image":"","background-repeat":"repeat","background-position":"center center","background-size":"auto","background-attachment":"scroll","background-type":"","background-media":"","overlay-type":"","overlay-color":"","overlay-opacity":"","overlay-gradient":""},"tablet":{"background-color":"","background-image":"","background-repeat":"repeat","background-position":"center center","background-size":"auto","background-attachment":"scroll","background-type":"","background-media":"","overlay-type":"","overlay-color":"","overlay-opacity":"","overlay-gradient":""},"mobile":{"background-color":"","background-image":"","background-repeat":"repeat","background-position":"center center","background-size":"auto","background-attachment":"scroll","background-type":"","background-media":"","overlay-type":"","overlay-color":"","overlay-opacity":"","overlay-gradient":""}},"ast-content-background-meta":{"desktop":{"background-color":"var(--ast-global-color-5)","background-image":"","background-repeat":"repeat","background-position":"center center","background-size":"auto","background-attachment":"scroll","background-type":"","background-media":"","overlay-type":"","overlay-color":"","overlay-opacity":"","overlay-gradient":""},"tablet":{"background-color":"var(--ast-global-color-5)","background-image":"","background-repeat":"repeat","background-position":"center center","background-size":"auto","background-attachment":"scroll","background-type":"","background-media":"","overlay-type":"","overlay-color":"","overlay-opacity":"","overlay-gradient":""},"mobile":{"background-color":"var(--ast-global-color-5)","background-image":"","background-repeat":"repeat","background-position":"center center","background-size":"auto","background-attachment":"scroll","background-type":"","background-media":"","overlay-type":"","overlay-color":"","overlay-opacity":"","overlay-gradient":""}},"footnotes":""},"class_list":["post-1609","page","type-page","status-publish","hentry"],"acf":[],"yoast_head":"<!-- This site is optimized with the Yoast SEO Premium plugin v27.3 (Yoast SEO v27.3) - https:\/\/yoast.com\/product\/yoast-seo-premium-wordpress\/ -->\n<title>Product suite overview - MentorKit<\/title>\n<meta name=\"description\" content=\"Unlock your potential with the course creator Kit. Perfect for individuals and enterprises, create engaging courses seamlessly.\" \/>\n<meta name=\"robots\" content=\"index, follow, max-snippet:-1, max-image-preview:large, max-video-preview:-1\" \/>\n<link rel=\"canonical\" href=\"https:\/\/mentorkit.com\/dk\/product-suite-overview\/\" \/>\n<meta property=\"og:locale\" content=\"da_DK\" \/>\n<meta property=\"og:type\" content=\"article\" \/>\n<meta property=\"og:title\" content=\"Product suite overview\" \/>\n<meta property=\"og:description\" content=\"Unlock your potential with the course creator Kit. Perfect for individuals and enterprises, create engaging courses seamlessly.\" \/>\n<meta property=\"og:url\" content=\"https:\/\/mentorkit.com\/dk\/product-suite-overview\/\" \/>\n<meta property=\"og:site_name\" content=\"MentorKit\" \/>\n<meta property=\"article:publisher\" content=\"https:\/\/www.facebook.com\/nettkurs\" \/>\n<meta property=\"article:modified_time\" content=\"2026-03-26T10:08:43+00:00\" \/>\n<meta property=\"og:image\" content=\"https:\/\/mentorkit.com\/wp-content\/uploads\/2026\/03\/MentorKit-Course-Creator.svg\" \/>\n<meta name=\"twitter:card\" content=\"summary_large_image\" \/>\n<meta name=\"twitter:label1\" content=\"Estimeret l\u00e6setid\" \/>\n\t<meta name=\"twitter:data1\" content=\"5 minutter\" \/>\n<script type=\"application\/ld+json\" class=\"yoast-schema-graph\">{\"@context\":\"https:\\\/\\\/schema.org\",\"@graph\":[{\"@type\":\"WebPage\",\"@id\":\"https:\\\/\\\/mentorkit.com\\\/product-suite-overview\\\/\",\"url\":\"https:\\\/\\\/mentorkit.com\\\/product-suite-overview\\\/\",\"name\":\"Product suite overview - MentorKit\",\"isPartOf\":{\"@id\":\"https:\\\/\\\/mentorkit.com\\\/#website\"},\"primaryImageOfPage\":{\"@id\":\"https:\\\/\\\/mentorkit.com\\\/product-suite-overview\\\/#primaryimage\"},\"image\":{\"@id\":\"https:\\\/\\\/mentorkit.com\\\/product-suite-overview\\\/#primaryimage\"},\"thumbnailUrl\":\"https:\\\/\\\/mentorkit.com\\\/wp-content\\\/uploads\\\/2026\\\/03\\\/MentorKit-Course-Creator.svg\",\"datePublished\":\"2026-01-22T12:16:03+00:00\",\"dateModified\":\"2026-03-26T10:08:43+00:00\",\"description\":\"Unlock your potential with the course creator Kit. Perfect for individuals and enterprises, create engaging courses seamlessly.\",\"breadcrumb\":{\"@id\":\"https:\\\/\\\/mentorkit.com\\\/product-suite-overview\\\/#breadcrumb\"},\"inLanguage\":\"da-DK\",\"potentialAction\":[{\"@type\":\"ReadAction\",\"target\":[\"https:\\\/\\\/mentorkit.com\\\/product-suite-overview\\\/\"]}]},{\"@type\":\"ImageObject\",\"inLanguage\":\"da-DK\",\"@id\":\"https:\\\/\\\/mentorkit.com\\\/product-suite-overview\\\/#primaryimage\",\"url\":\"https:\\\/\\\/mentorkit.com\\\/wp-content\\\/uploads\\\/2026\\\/03\\\/MentorKit-Course-Creator.svg\",\"contentUrl\":\"https:\\\/\\\/mentorkit.com\\\/wp-content\\\/uploads\\\/2026\\\/03\\\/MentorKit-Course-Creator.svg\"},{\"@type\":\"BreadcrumbList\",\"@id\":\"https:\\\/\\\/mentorkit.com\\\/product-suite-overview\\\/#breadcrumb\",\"itemListElement\":[{\"@type\":\"ListItem\",\"position\":1,\"name\":\"Home\",\"item\":\"https:\\\/\\\/mentorkit.com\\\/\"},{\"@type\":\"ListItem\",\"position\":2,\"name\":\"Product suite overview\"}]},{\"@type\":\"WebSite\",\"@id\":\"https:\\\/\\\/mentorkit.com\\\/#website\",\"url\":\"https:\\\/\\\/mentorkit.com\\\/\",\"name\":\"MentorKit\",\"description\":\"a brand new, groundbreaking, fully cloud-based, Norwegian-made authoring tool for creating digital learning. The courses are responsive, meaning the content adapts to the screen whether it\u2019s on a phone, tablet, or PC\",\"publisher\":{\"@id\":\"https:\\\/\\\/mentorkit.com\\\/#organization\"},\"potentialAction\":[{\"@type\":\"SearchAction\",\"target\":{\"@type\":\"EntryPoint\",\"urlTemplate\":\"https:\\\/\\\/mentorkit.com\\\/?s={search_term_string}\"},\"query-input\":{\"@type\":\"PropertyValueSpecification\",\"valueRequired\":true,\"valueName\":\"search_term_string\"}}],\"inLanguage\":\"da-DK\"},{\"@type\":\"Organization\",\"@id\":\"https:\\\/\\\/mentorkit.com\\\/#organization\",\"name\":\"Norsk Interaktiv AS\",\"url\":\"https:\\\/\\\/mentorkit.com\\\/\",\"logo\":{\"@type\":\"ImageObject\",\"inLanguage\":\"da-DK\",\"@id\":\"https:\\\/\\\/mentorkit.com\\\/#\\\/schema\\\/logo\\\/image\\\/\",\"url\":\"https:\\\/\\\/mentorkit.com\\\/wp-content\\\/uploads\\\/2025\\\/09\\\/MentorKit-LOGO-White-Horizontal.svg\",\"contentUrl\":\"https:\\\/\\\/mentorkit.com\\\/wp-content\\\/uploads\\\/2025\\\/09\\\/MentorKit-LOGO-White-Horizontal.svg\",\"caption\":\"Norsk Interaktiv AS\"},\"image\":{\"@id\":\"https:\\\/\\\/mentorkit.com\\\/#\\\/schema\\\/logo\\\/image\\\/\"},\"sameAs\":[\"https:\\\/\\\/www.facebook.com\\\/nettkurs\",\"https:\\\/\\\/www.youtube.com\\\/@mentorkit\"]}]}<\/script>\n<!-- \/ Yoast SEO Premium plugin. -->","yoast_head_json":{"title":"Product suite overview - MentorKit","description":"Unlock your potential with the course creator Kit. Perfect for individuals and enterprises, create engaging courses seamlessly.","robots":{"index":"index","follow":"follow","max-snippet":"max-snippet:-1","max-image-preview":"max-image-preview:large","max-video-preview":"max-video-preview:-1"},"canonical":"https:\/\/mentorkit.com\/dk\/product-suite-overview\/","og_locale":"da_DK","og_type":"article","og_title":"Product suite overview","og_description":"Unlock your potential with the course creator Kit. Perfect for individuals and enterprises, create engaging courses seamlessly.","og_url":"https:\/\/mentorkit.com\/dk\/product-suite-overview\/","og_site_name":"MentorKit","article_publisher":"https:\/\/www.facebook.com\/nettkurs","article_modified_time":"2026-03-26T10:08:43+00:00","og_image":[{"url":"https:\/\/mentorkit.com\/wp-content\/uploads\/2026\/03\/MentorKit-Course-Creator.svg","type":"","width":"","height":""}],"twitter_card":"summary_large_image","twitter_misc":{"Estimeret l\u00e6setid":"5 minutter"},"schema":{"@context":"https:\/\/schema.org","@graph":[{"@type":"WebPage","@id":"https:\/\/mentorkit.com\/product-suite-overview\/","url":"https:\/\/mentorkit.com\/product-suite-overview\/","name":"Product suite overview - MentorKit","isPartOf":{"@id":"https:\/\/mentorkit.com\/#website"},"primaryImageOfPage":{"@id":"https:\/\/mentorkit.com\/product-suite-overview\/#primaryimage"},"image":{"@id":"https:\/\/mentorkit.com\/product-suite-overview\/#primaryimage"},"thumbnailUrl":"https:\/\/mentorkit.com\/wp-content\/uploads\/2026\/03\/MentorKit-Course-Creator.svg","datePublished":"2026-01-22T12:16:03+00:00","dateModified":"2026-03-26T10:08:43+00:00","description":"Unlock your potential with the course creator Kit. Perfect for individuals and enterprises, create engaging courses seamlessly.","breadcrumb":{"@id":"https:\/\/mentorkit.com\/product-suite-overview\/#breadcrumb"},"inLanguage":"da-DK","potentialAction":[{"@type":"ReadAction","target":["https:\/\/mentorkit.com\/product-suite-overview\/"]}]},{"@type":"ImageObject","inLanguage":"da-DK","@id":"https:\/\/mentorkit.com\/product-suite-overview\/#primaryimage","url":"https:\/\/mentorkit.com\/wp-content\/uploads\/2026\/03\/MentorKit-Course-Creator.svg","contentUrl":"https:\/\/mentorkit.com\/wp-content\/uploads\/2026\/03\/MentorKit-Course-Creator.svg"},{"@type":"BreadcrumbList","@id":"https:\/\/mentorkit.com\/product-suite-overview\/#breadcrumb","itemListElement":[{"@type":"ListItem","position":1,"name":"Home","item":"https:\/\/mentorkit.com\/"},{"@type":"ListItem","position":2,"name":"Product suite overview"}]},{"@type":"WebSite","@id":"https:\/\/mentorkit.com\/#website","url":"https:\/\/mentorkit.com\/","name":"MentorKit","description":"et helt nyt, banebrydende, fuldt cloud-baseret, norskproduceret authoringv\u00e6rkt\u00f8j til oprettelse af digital l\u00e6ring. Kurserne er responsive, hvilket betyder, at indholdet tilpasser sig sk\u00e6rmen, uanset om det er p\u00e5 en telefon, tablet eller pc","publisher":{"@id":"https:\/\/mentorkit.com\/#organization"},"potentialAction":[{"@type":"SearchAction","target":{"@type":"EntryPoint","urlTemplate":"https:\/\/mentorkit.com\/?s={search_term_string}"},"query-input":{"@type":"PropertyValueSpecification","valueRequired":true,"valueName":"search_term_string"}}],"inLanguage":"da-DK"},{"@type":"Organization","@id":"https:\/\/mentorkit.com\/#organization","name":"Norsk Interaktiv AS","url":"https:\/\/mentorkit.com\/","logo":{"@type":"ImageObject","inLanguage":"da-DK","@id":"https:\/\/mentorkit.com\/#\/schema\/logo\/image\/","url":"https:\/\/mentorkit.com\/wp-content\/uploads\/2025\/09\/MentorKit-LOGO-White-Horizontal.svg","contentUrl":"https:\/\/mentorkit.com\/wp-content\/uploads\/2025\/09\/MentorKit-LOGO-White-Horizontal.svg","caption":"Norsk Interaktiv AS"},"image":{"@id":"https:\/\/mentorkit.com\/#\/schema\/logo\/image\/"},"sameAs":["https:\/\/www.facebook.com\/nettkurs","https:\/\/www.youtube.com\/@mentorkit"]}]}},"_links":{"self":[{"href":"https:\/\/mentorkit.com\/dk\/wp-json\/wp\/v2\/pages\/1609","targetHints":{"allow":["GET"]}}],"collection":[{"href":"https:\/\/mentorkit.com\/dk\/wp-json\/wp\/v2\/pages"}],"about":[{"href":"https:\/\/mentorkit.com\/dk\/wp-json\/wp\/v2\/types\/page"}],"author":[{"embeddable":true,"href":"https:\/\/mentorkit.com\/dk\/wp-json\/wp\/v2\/users\/2"}],"replies":[{"embeddable":true,"href":"https:\/\/mentorkit.com\/dk\/wp-json\/wp\/v2\/comments?post=1609"}],"version-history":[{"count":11,"href":"https:\/\/mentorkit.com\/dk\/wp-json\/wp\/v2\/pages\/1609\/revisions"}],"predecessor-version":[{"id":2903,"href":"https:\/\/mentorkit.com\/dk\/wp-json\/wp\/v2\/pages\/1609\/revisions\/2903"}],"wp:attachment":[{"href":"https:\/\/mentorkit.com\/dk\/wp-json\/wp\/v2\/media?parent=1609"}],"curies":[{"name":"wp","href":"https:\/\/api.w.org\/{rel}","templated":true}]}}