{"id":1591,"date":"2026-01-21T12:45:28","date_gmt":"2026-01-21T11:45:28","guid":{"rendered":"https:\/\/mentorkit.com\/?page_id=1591"},"modified":"2026-03-31T00:02:08","modified_gmt":"2026-03-30T22:02:08","slug":"pricing","status":"publish","type":"page","link":"https:\/\/mentorkit.com\/dk\/pricing\/","title":{"rendered":"Hvad koster det?"},"content":{"rendered":"<h1>\n\t\t\tMentorKit LMS Classic LMS\t<\/h1>\n\t<p>MentorKit tilbyder fleksible prisplaner, der im\u00f8dekommer behovene hos virksomheder i alle st\u00f8rrelser, fra solo kursusoprettere til store virksomheder. Vi tror p\u00e5 gennemsigtig priss\u00e6tning uden skjulte gebyrer. Nedenfor finder du et overblik over vores priser for de vigtigste tilbud, sammen med muligheder for b\u00e5de SaaS- og selv-hostede modeller.<\/p>\n\t\t\t<a href=\"#more\"  target=\"_self\">\n\t\t\t\t\t\t\tL\u00e6s mere\n\t\t\t<\/a>\n\t\t\t<a href=\"https:\/\/mentorkit.com\/dk\/product-suite-overview\/\"  target=\"_self\">\n\t\t\t\t\t\t\tProduktpakken\n\t\t\t<\/a>\n<h2>\n\t\t\tEnkel, gennemsigtig priss\u00e6tning\t<\/h2>\n\t<p>Pay one flat annual fee per user-no tiers, no hidden add-ons. Just decide how many people need access to <strong>MentorKit<\/strong> og begynd at bygge kurser. <strong><mark>Volume discounts available for multi-license purchases-contact us for details.<\/mark><\/strong><\/p>\n<div id=\"mentorkit-pricing-root\" data-theme=\"dark\"><\/div>\n<h2>\n\t\t\tMentorKit priser og planer\t<\/h2>\n\t<p>MentorKit tilbyder fleksibel <b>Prisfasts\u00e6ttelse<\/b> designet til organisationer, der har brug for b\u00e5de kursusoprettelse og levering af l\u00e6ring p\u00e5 \u00e9n platform. Uanset om I er et lille team eller en stor organisation, kan I v\u00e6lge en ops\u00e6tning, der passer til jeres behov i dag og skalerer over tid.<\/p>\n<p>Vores prismodel er bygget op omkring fleksibilitet. Nogle kunder har kun brug for adgang til MentorKit Course Creator, mens andre kr\u00e6ver en fuld LMS-platform med hosting, support og integrationer.<\/p>\n<figure itemscope itemtype=\"https:\/\/schema.org\/ImageObject\">\n\t\t\t\t<img decoding=\"async\" src=\"https:\/\/mentorkit.com\/wp-content\/uploads\/2026\/03\/Mentorkit-Assist-black.svg\" alt=\"Mentorkit Assist black\" title=\"Mentorkit Assist sort\" onerror=\"this.style.display='none'\" loading=\"lazy\" \/>\n\t<\/figure>\n<h2>\n\t\t\tFleksibel priss\u00e6tning for kursusudvikler og LMS\t<\/h2>\n\t<p>Med MentorKit kan du v\u00e6lge mellem forskellige prismodeller alt efter dit tekniske setup og dine forretningsm\u00e5l. Du kan starte med:<\/p>\n<figure itemscope itemtype=\"https:\/\/schema.org\/ImageObject\">\n\t\t\t\t<a href=\"https:\/\/mentorkit.com\/dk\/mentorkit-course-creator-authoring-tool\/\"  target=\"_self\" itemprop=\"url\">\n\t\t\t\t<img decoding=\"async\" src=\"https:\/\/mentorkit.com\/wp-content\/uploads\/2026\/03\/MentorKit-Course-Creator.svg\" alt=\"MentorKit Course Creator\" title=\"MentorKit kursusskaber\" onerror=\"this.style.display='none'\" loading=\"lazy\" \/>\n\t\t\t\t<\/a>\n\t<\/figure>\n\t<p><a href=\"https:\/\/mentorkit.com\/dk\/mentorkit-course-creator-authoring-tool\/\"><strong>Skaber af kurset<\/strong> adgang til at bygge digital l\u00e6ringsindhold<\/a><\/p>\n<figure itemscope itemtype=\"https:\/\/schema.org\/ImageObject\">\n\t\t\t\t<a href=\"https:\/\/mentorkit.com\/dk\/lms-classic-learning-management-system\/\"  target=\"_self\" itemprop=\"url\">\n\t\t\t\t<img decoding=\"async\" src=\"https:\/\/mentorkit.com\/wp-content\/uploads\/2026\/03\/Mentorkit-Classic-LMS.svg\" alt=\"MentorKit Classic LMS\" title=\"MentorKit Klassisk LMS\" onerror=\"this.style.display='none'\" loading=\"lazy\" \/>\n\t\t\t\t<\/a>\n\t<\/figure>\n\t<p><a href=\"https:\/\/mentorkit.com\/dk\/lms-classic-learning-management-system\/\"><strong>LMS Classic<\/strong> til struktureret kursuslevering<\/a><\/p>\n<figure itemscope itemtype=\"https:\/\/schema.org\/ImageObject\">\n\t\t\t\t<a href=\"https:\/\/mentorkit.com\/dk\/suite-pro-most-advanced-lms-and-course-creator\/\"  target=\"_self\" itemprop=\"url\">\n\t\t\t\t<img decoding=\"async\" src=\"https:\/\/mentorkit.com\/wp-content\/uploads\/2026\/03\/Mentorkit-Pro-LMS-icon.svg\" alt=\"Mentorkit Pro LMS icon\" title=\"Mentorkit Pro LMS ikon\" onerror=\"this.style.display='none'\" loading=\"lazy\" \/>\n\t\t\t\t<\/a>\n\t<\/figure>\n\t<p><a href=\"https:\/\/mentorkit.com\/dk\/suite-pro-most-advanced-lms-and-course-creator\/\"><strong>LMS Pro <\/strong>Suite-l\u00f8sninger, der kombinerer kursusoprettelse og LMS<\/a><\/p>\n<figure itemscope itemtype=\"https:\/\/schema.org\/ImageObject\">\n\t\t\t\t<a href=\"https:\/\/mentorkit.com\/dk\/mentorkit-pro-lms-is-a-free-self-hosted-solution-an-lms-solution-built-to-scale\/\"  target=\"_self\" itemprop=\"url\">\n\t\t\t\t<img decoding=\"async\" src=\"https:\/\/mentorkit.com\/wp-content\/uploads\/2026\/03\/wordpress-icon.svg\" alt=\"wordpress-icon\" title=\"wordpress-ikon\" onerror=\"this.style.display='none'\" loading=\"lazy\" \/>\n\t\t\t\t<\/a>\n\t<\/figure>\n\t<p><a href=\"https:\/\/mentorkit.com\/dk\/mentorkit-pro-lms-is-a-free-self-hosted-solution-an-lms-solution-built-to-scale\/\"><strong>Selvhostet LMS<\/strong> ops\u00e6tninger for fuld kontrol<\/a><\/p>\n\t<p>Som et resultat tilpasser MentorKits priser sig din organisation i stedet for at tvinge dig ind i en fast struktur.<\/p>\n<h2>\n\t\t\tTransparent og skalerbar LMS-priss\u00e6tning\t<\/h2>\n\t<p>Vor <b>LMS-priser<\/b> er designet til at v\u00e6re gennemsigtig og forudsigelig. Du kan skalere din l\u00f8sning, efterh\u00e5nden som din organisation vokser, uden at v\u00e6re bundet af en stiv prismodel.<\/p>\n<p>For organisationer, der \u00f8nsker fuld kontrol, tilbyder MentorKit ogs\u00e5 selv-hostede LMS-muligheder. Dette giver dig mulighed for at administrere din egen infrastruktur og definere din egen forretningsmodel.<\/p>\n<p>L\u00e6r mere om \u00e5bne l\u00e6ringsstandarder <a href=\"https:\/\/scorm.com\" target=\"_blank\" rel=\"noopener\">her<\/a>.<\/p>\n\t<h2><b>Kom godt i gang med MentorKits priser<\/b><\/h2>\n<p>Udforsk prisindstillingerne nedenfor, og find den plan, der passer til din organisation. Hvis du er i tvivl, kan du altid starte simpelt og skalere din LMS-l\u00f8sning over tid.<\/p>\n\t\t\t<a href=\"#more\"  target=\"_self\">\n\t\t\t\t\t\t\tV\u00e6lg din produktkombination\n\t\t\t<\/a>","protected":false},"excerpt":{"rendered":"<p>MentorKit LMS Classic LMS MentorKit offers flexible pricing plans to meet the needs of businesses of all sizes from solo [&hellip;]<\/p>\n","protected":false},"author":3,"featured_media":2983,"parent":0,"menu_order":0,"comment_status":"closed","ping_status":"closed","template":"","meta":{"_acf_changed":false,"site-sidebar-layout":"default","site-content-layout":"","ast-site-content-layout":"","site-content-style":"default","site-sidebar-style":"default","ast-global-header-display":"","ast-banner-title-visibility":"","ast-main-header-display":"","ast-hfb-above-header-display":"","ast-hfb-below-header-display":"","ast-hfb-mobile-header-display":"","site-post-title":"disabled","ast-breadcrumbs-content":"","ast-featured-img":"disabled","footer-sml-layout":"","ast-disable-related-posts":"","theme-transparent-header-meta":"","adv-header-id-meta":"","stick-header-meta":"","header-above-stick-meta":"","header-main-stick-meta":"","header-below-stick-meta":"","astra-migrate-meta-layouts":"default","ast-page-background-enabled":"default","ast-page-background-meta":{"desktop":{"background-color":"var(--ast-global-color-4)","background-image":"","background-repeat":"repeat","background-position":"center center","background-size":"auto","background-attachment":"scroll","background-type":"","background-media":"","overlay-type":"","overlay-color":"","overlay-opacity":"","overlay-gradient":""},"tablet":{"background-color":"","background-image":"","background-repeat":"repeat","background-position":"center center","background-size":"auto","background-attachment":"scroll","background-type":"","background-media":"","overlay-type":"","overlay-color":"","overlay-opacity":"","overlay-gradient":""},"mobile":{"background-color":"","background-image":"","background-repeat":"repeat","background-position":"center center","background-size":"auto","background-attachment":"scroll","background-type":"","background-media":"","overlay-type":"","overlay-color":"","overlay-opacity":"","overlay-gradient":""}},"ast-content-background-meta":{"desktop":{"background-color":"var(--ast-global-color-5)","background-image":"","background-repeat":"repeat","background-position":"center center","background-size":"auto","background-attachment":"scroll","background-type":"","background-media":"","overlay-type":"","overlay-color":"","overlay-opacity":"","overlay-gradient":""},"tablet":{"background-color":"var(--ast-global-color-5)","background-image":"","background-repeat":"repeat","background-position":"center center","background-size":"auto","background-attachment":"scroll","background-type":"","background-media":"","overlay-type":"","overlay-color":"","overlay-opacity":"","overlay-gradient":""},"mobile":{"background-color":"var(--ast-global-color-5)","background-image":"","background-repeat":"repeat","background-position":"center center","background-size":"auto","background-attachment":"scroll","background-type":"","background-media":"","overlay-type":"","overlay-color":"","overlay-opacity":"","overlay-gradient":""}},"footnotes":""},"class_list":["post-1591","page","type-page","status-publish","has-post-thumbnail","hentry"],"acf":[],"yoast_head":"<!-- This site is optimized with the Yoast SEO Premium plugin v27.3 (Yoast SEO v27.3) - https:\/\/yoast.com\/product\/yoast-seo-premium-wordpress\/ -->\n<title>Pricing Plans for Every Business Size - MentorKit<\/title>\n<meta name=\"description\" content=\"Explore flexible pricing options with MentorKit tailored for businesses of any size. No hidden fees, just transparent pricing.\" \/>\n<meta name=\"robots\" content=\"index, follow, max-snippet:-1, max-image-preview:large, max-video-preview:-1\" \/>\n<link rel=\"canonical\" href=\"https:\/\/mentorkit.com\/dk\/pricing\/\" \/>\n<meta property=\"og:locale\" content=\"da_DK\" \/>\n<meta property=\"og:type\" content=\"article\" \/>\n<meta property=\"og:title\" content=\"Pricing\" \/>\n<meta property=\"og:description\" content=\"Explore flexible pricing options with MentorKit tailored for businesses of any size. No hidden fees, just transparent pricing.\" \/>\n<meta property=\"og:url\" content=\"https:\/\/mentorkit.com\/dk\/pricing\/\" \/>\n<meta property=\"og:site_name\" content=\"MentorKit\" \/>\n<meta property=\"article:publisher\" content=\"https:\/\/www.facebook.com\/nettkurs\" \/>\n<meta property=\"article:modified_time\" content=\"2026-03-30T22:02:08+00:00\" \/>\n<meta property=\"og:image\" content=\"https:\/\/mentorkit.com\/wp-content\/uploads\/2026\/03\/All-brands-1.jpg\" \/>\n\t<meta property=\"og:image:width\" content=\"2236\" \/>\n\t<meta property=\"og:image:height\" content=\"1384\" \/>\n\t<meta property=\"og:image:type\" content=\"image\/jpeg\" \/>\n<meta name=\"twitter:card\" content=\"summary_large_image\" \/>\n<meta name=\"twitter:label1\" content=\"Estimeret l\u00e6setid\" \/>\n\t<meta name=\"twitter:data1\" content=\"3 minutter\" \/>\n<script type=\"application\/ld+json\" class=\"yoast-schema-graph\">{\"@context\":\"https:\\\/\\\/schema.org\",\"@graph\":[{\"@type\":\"WebPage\",\"@id\":\"https:\\\/\\\/mentorkit.com\\\/pricing\\\/\",\"url\":\"https:\\\/\\\/mentorkit.com\\\/pricing\\\/\",\"name\":\"Pricing Plans for Every Business Size - MentorKit\",\"isPartOf\":{\"@id\":\"https:\\\/\\\/mentorkit.com\\\/#website\"},\"primaryImageOfPage\":{\"@id\":\"https:\\\/\\\/mentorkit.com\\\/pricing\\\/#primaryimage\"},\"image\":{\"@id\":\"https:\\\/\\\/mentorkit.com\\\/pricing\\\/#primaryimage\"},\"thumbnailUrl\":\"https:\\\/\\\/mentorkit.com\\\/wp-content\\\/uploads\\\/2026\\\/03\\\/All-brands-1.jpg\",\"datePublished\":\"2026-01-21T11:45:28+00:00\",\"dateModified\":\"2026-03-30T22:02:08+00:00\",\"description\":\"Explore flexible pricing options with MentorKit tailored for businesses of any size. No hidden fees, just transparent pricing.\",\"breadcrumb\":{\"@id\":\"https:\\\/\\\/mentorkit.com\\\/pricing\\\/#breadcrumb\"},\"inLanguage\":\"da-DK\",\"potentialAction\":[{\"@type\":\"ReadAction\",\"target\":[\"https:\\\/\\\/mentorkit.com\\\/pricing\\\/\"]}]},{\"@type\":\"ImageObject\",\"inLanguage\":\"da-DK\",\"@id\":\"https:\\\/\\\/mentorkit.com\\\/pricing\\\/#primaryimage\",\"url\":\"https:\\\/\\\/mentorkit.com\\\/wp-content\\\/uploads\\\/2026\\\/03\\\/All-brands-1.jpg\",\"contentUrl\":\"https:\\\/\\\/mentorkit.com\\\/wp-content\\\/uploads\\\/2026\\\/03\\\/All-brands-1.jpg\",\"width\":2236,\"height\":1384},{\"@type\":\"BreadcrumbList\",\"@id\":\"https:\\\/\\\/mentorkit.com\\\/pricing\\\/#breadcrumb\",\"itemListElement\":[{\"@type\":\"ListItem\",\"position\":1,\"name\":\"Home\",\"item\":\"https:\\\/\\\/mentorkit.com\\\/\"},{\"@type\":\"ListItem\",\"position\":2,\"name\":\"Pricing\"}]},{\"@type\":\"WebSite\",\"@id\":\"https:\\\/\\\/mentorkit.com\\\/#website\",\"url\":\"https:\\\/\\\/mentorkit.com\\\/\",\"name\":\"MentorKit\",\"description\":\"a brand new, groundbreaking, fully cloud-based, Norwegian-made authoring tool for creating digital learning. The courses are responsive, meaning the content adapts to the screen whether it\u2019s on a phone, tablet, or PC\",\"publisher\":{\"@id\":\"https:\\\/\\\/mentorkit.com\\\/#organization\"},\"potentialAction\":[{\"@type\":\"SearchAction\",\"target\":{\"@type\":\"EntryPoint\",\"urlTemplate\":\"https:\\\/\\\/mentorkit.com\\\/?s={search_term_string}\"},\"query-input\":{\"@type\":\"PropertyValueSpecification\",\"valueRequired\":true,\"valueName\":\"search_term_string\"}}],\"inLanguage\":\"da-DK\"},{\"@type\":\"Organization\",\"@id\":\"https:\\\/\\\/mentorkit.com\\\/#organization\",\"name\":\"Norsk Interaktiv AS\",\"url\":\"https:\\\/\\\/mentorkit.com\\\/\",\"logo\":{\"@type\":\"ImageObject\",\"inLanguage\":\"da-DK\",\"@id\":\"https:\\\/\\\/mentorkit.com\\\/#\\\/schema\\\/logo\\\/image\\\/\",\"url\":\"https:\\\/\\\/mentorkit.com\\\/wp-content\\\/uploads\\\/2025\\\/09\\\/MentorKit-LOGO-White-Horizontal.svg\",\"contentUrl\":\"https:\\\/\\\/mentorkit.com\\\/wp-content\\\/uploads\\\/2025\\\/09\\\/MentorKit-LOGO-White-Horizontal.svg\",\"caption\":\"Norsk Interaktiv AS\"},\"image\":{\"@id\":\"https:\\\/\\\/mentorkit.com\\\/#\\\/schema\\\/logo\\\/image\\\/\"},\"sameAs\":[\"https:\\\/\\\/www.facebook.com\\\/nettkurs\",\"https:\\\/\\\/www.youtube.com\\\/@mentorkit\"]}]}<\/script>\n<!-- \/ Yoast SEO Premium plugin. -->","yoast_head_json":{"title":"Pricing Plans for Every Business Size - MentorKit","description":"Explore flexible pricing options with MentorKit tailored for businesses of any size. No hidden fees, just transparent pricing.","robots":{"index":"index","follow":"follow","max-snippet":"max-snippet:-1","max-image-preview":"max-image-preview:large","max-video-preview":"max-video-preview:-1"},"canonical":"https:\/\/mentorkit.com\/dk\/pricing\/","og_locale":"da_DK","og_type":"article","og_title":"Pricing","og_description":"Explore flexible pricing options with MentorKit tailored for businesses of any size. No hidden fees, just transparent pricing.","og_url":"https:\/\/mentorkit.com\/dk\/pricing\/","og_site_name":"MentorKit","article_publisher":"https:\/\/www.facebook.com\/nettkurs","article_modified_time":"2026-03-30T22:02:08+00:00","og_image":[{"width":2236,"height":1384,"url":"https:\/\/mentorkit.com\/wp-content\/uploads\/2026\/03\/All-brands-1.jpg","type":"image\/jpeg"}],"twitter_card":"summary_large_image","twitter_misc":{"Estimeret l\u00e6setid":"3 minutter"},"schema":{"@context":"https:\/\/schema.org","@graph":[{"@type":"WebPage","@id":"https:\/\/mentorkit.com\/pricing\/","url":"https:\/\/mentorkit.com\/pricing\/","name":"Pricing Plans for Every Business Size - MentorKit","isPartOf":{"@id":"https:\/\/mentorkit.com\/#website"},"primaryImageOfPage":{"@id":"https:\/\/mentorkit.com\/pricing\/#primaryimage"},"image":{"@id":"https:\/\/mentorkit.com\/pricing\/#primaryimage"},"thumbnailUrl":"https:\/\/mentorkit.com\/wp-content\/uploads\/2026\/03\/All-brands-1.jpg","datePublished":"2026-01-21T11:45:28+00:00","dateModified":"2026-03-30T22:02:08+00:00","description":"Explore flexible pricing options with MentorKit tailored for businesses of any size. No hidden fees, just transparent pricing.","breadcrumb":{"@id":"https:\/\/mentorkit.com\/pricing\/#breadcrumb"},"inLanguage":"da-DK","potentialAction":[{"@type":"ReadAction","target":["https:\/\/mentorkit.com\/pricing\/"]}]},{"@type":"ImageObject","inLanguage":"da-DK","@id":"https:\/\/mentorkit.com\/pricing\/#primaryimage","url":"https:\/\/mentorkit.com\/wp-content\/uploads\/2026\/03\/All-brands-1.jpg","contentUrl":"https:\/\/mentorkit.com\/wp-content\/uploads\/2026\/03\/All-brands-1.jpg","width":2236,"height":1384},{"@type":"BreadcrumbList","@id":"https:\/\/mentorkit.com\/pricing\/#breadcrumb","itemListElement":[{"@type":"ListItem","position":1,"name":"Home","item":"https:\/\/mentorkit.com\/"},{"@type":"ListItem","position":2,"name":"Pricing"}]},{"@type":"WebSite","@id":"https:\/\/mentorkit.com\/#website","url":"https:\/\/mentorkit.com\/","name":"MentorKit","description":"et helt nyt, banebrydende, fuldt cloud-baseret, norskproduceret authoringv\u00e6rkt\u00f8j til oprettelse af digital l\u00e6ring. Kurserne er responsive, hvilket betyder, at indholdet tilpasser sig sk\u00e6rmen, uanset om det er p\u00e5 en telefon, tablet eller pc","publisher":{"@id":"https:\/\/mentorkit.com\/#organization"},"potentialAction":[{"@type":"SearchAction","target":{"@type":"EntryPoint","urlTemplate":"https:\/\/mentorkit.com\/?s={search_term_string}"},"query-input":{"@type":"PropertyValueSpecification","valueRequired":true,"valueName":"search_term_string"}}],"inLanguage":"da-DK"},{"@type":"Organization","@id":"https:\/\/mentorkit.com\/#organization","name":"Norsk Interaktiv AS","url":"https:\/\/mentorkit.com\/","logo":{"@type":"ImageObject","inLanguage":"da-DK","@id":"https:\/\/mentorkit.com\/#\/schema\/logo\/image\/","url":"https:\/\/mentorkit.com\/wp-content\/uploads\/2025\/09\/MentorKit-LOGO-White-Horizontal.svg","contentUrl":"https:\/\/mentorkit.com\/wp-content\/uploads\/2025\/09\/MentorKit-LOGO-White-Horizontal.svg","caption":"Norsk Interaktiv AS"},"image":{"@id":"https:\/\/mentorkit.com\/#\/schema\/logo\/image\/"},"sameAs":["https:\/\/www.facebook.com\/nettkurs","https:\/\/www.youtube.com\/@mentorkit"]}]}},"_links":{"self":[{"href":"https:\/\/mentorkit.com\/dk\/wp-json\/wp\/v2\/pages\/1591","targetHints":{"allow":["GET"]}}],"collection":[{"href":"https:\/\/mentorkit.com\/dk\/wp-json\/wp\/v2\/pages"}],"about":[{"href":"https:\/\/mentorkit.com\/dk\/wp-json\/wp\/v2\/types\/page"}],"author":[{"embeddable":true,"href":"https:\/\/mentorkit.com\/dk\/wp-json\/wp\/v2\/users\/3"}],"replies":[{"embeddable":true,"href":"https:\/\/mentorkit.com\/dk\/wp-json\/wp\/v2\/comments?post=1591"}],"version-history":[{"count":11,"href":"https:\/\/mentorkit.com\/dk\/wp-json\/wp\/v2\/pages\/1591\/revisions"}],"predecessor-version":[{"id":2982,"href":"https:\/\/mentorkit.com\/dk\/wp-json\/wp\/v2\/pages\/1591\/revisions\/2982"}],"wp:featuredmedia":[{"embeddable":true,"href":"https:\/\/mentorkit.com\/dk\/wp-json\/wp\/v2\/media\/2983"}],"wp:attachment":[{"href":"https:\/\/mentorkit.com\/dk\/wp-json\/wp\/v2\/media?parent=1591"}],"curies":[{"name":"wp","href":"https:\/\/api.w.org\/{rel}","templated":true}]}}