{"id":1193,"date":"2026-03-12T13:24:48","date_gmt":"2026-03-12T12:24:48","guid":{"rendered":"https:\/\/mycreator.io\/?page_id=1193"},"modified":"2026-03-12T13:51:34","modified_gmt":"2026-03-12T12:51:34","slug":"service-level-agreement","status":"publish","type":"page","link":"https:\/\/mentorkit.com\/dk\/service-level-agreement\/","title":{"rendered":"Service Level Agreement [SLA]"},"content":{"rendered":"<h1>\n\t\t\tService Level Agreement <br \/>&#8211; Terms of Use\t<\/h1>\n\t<h2><b>1. Generel<\/b><\/h2>\n<p>Leverand\u00f8ren er blevet hyret af Kunden til at levere hosting- og driftstjenester for systemet baseret p\u00e5 WordPress.<\/p>\n<p>Denne aftale regulerer Leverand\u00f8rens og Kundens ansvar og afklarer sp\u00f8rgsm\u00e5l, der er omfattet af g\u00e6ldende databeskyttelseslovgivning, herunder den norske lov om personoplysninger og EU's General Data Protection Regulation (GDPR), l\u00e6s mere her: <a href=\"https:\/\/mentorkit.com\/dk\/privacy-policy\/\">mentorkit.com\/persondatapolitik\/<\/a><\/p>\n<h3><b>1.1 Leverand\u00f8ren<\/b><\/h3>\n<p><b>Norsk Interaktiv AS<\/b><\/p>\n<p>Forretningsadresser:<\/p>\n<p>Haugesund: Austb\u00f8vegen 16, Oasen Storsenter, 3. sal<\/p>\n<p>Kristiansand: Kj\u00f8ita 17, 4630 Kristiansand<\/p>\n<p>Oslo: Tollbugata 8, 0152 Oslo<\/p>\n<p>Under GDPR betragtes Leverand\u00f8ren som en <b>Databehandler<\/b>.<\/p>\n<p>I det kommercielle forhold mellem Leverand\u00f8ren og Kunden, kan Leverand\u00f8ren handle som begge <b>Databehandler<\/b> og <b>Dataansvarlig<\/b>, afh\u00e6ngigt af typen af data, der behandles.<\/p>\n<h3><b>1.2 Kunden<\/b><\/h3>\n<p>Kunden er den person eller juridiske enhed, der indg\u00e5r denne Aftale.<\/p>\n<p>Under GDPR betragtes Kunden som <b>Dataansvarlig<\/b>.<\/p>\n<h3><b>1.3 Tjenesten<\/b><\/h3>\n<p>Ydelserne, der leveres af SimplyLearn (Norsk Interaktiv AS), omfatter dem, der er beskrevet p\u00e5:<\/p>\n\n<blockquote data-secret=\"pVgDHNSH6T\"><p><a href=\"https:\/\/simplylearn.com\/\">En simpel og fleksibel l\u00e6ringsplatform p\u00e5 din egen hjemmeside<\/a><\/p><\/blockquote>\n<p><iframe loading=\"lazy\" sandbox=\"allow-scripts\" security=\"restricted\" title=\"\u201cEn enkel og fleksibel l\u00e6ringsplatform p\u00e5 din egen hjemmeside\u201d \u2014 SimplyLearn\" src=\"https:\/\/simplylearn.com\/embed\/#?secret=xROh7CcjEk#?secret=pVgDHNSH6T\" data-secret=\"pVgDHNSH6T\" width=\"500\" height=\"282\" frameborder=\"0\" marginwidth=\"0\" marginheight=\"0\" scrolling=\"no\"><\/iframe><\/p>\n<p>Leverand\u00f8ren forbeholder sig retten til at \u00e6ndre tjenesten uden forudg\u00e5ende varsel. S\u00e5danne \u00e6ndringer vil ikke p\u00e5virke kunder i en periode, der allerede er betalt for.<\/p>\n<h3><b>1.4 Opbevaring af kundeoplysninger<\/b><\/h3>\n<p>Der gemmes ingen oplysninger om Kunden udover det, der er n\u00f8dvendigt for fakturering og almindelig forretningskommunikation mellem Leverand\u00f8ren og Kunden.<\/p>\n<p>Data concerning the Supplier&#8217;s customers is stored separately from the Customer&#8217;s own data and is protected by encrypted communication.<\/p>\n<h3><b>1.5 Opbevaring og beskyttelse af kundedata<\/b><\/h3>\n<p>Alle data skal gemmes inden for EU\/E\u00d8S, medmindre andet er eksplicit aftalt mellem Leverand\u00f8ren og Kunden.<\/p>\n<p>Data stored by the Customer with the Supplier is protected through the Supplier&#8217;s security and operational routines. The Customer, or any party authorized by the Customer, may request access to these routines and carry out spot checks by prior agreement. Any costs associated with such checks shall be borne by the Customer.<\/p>\n<h3><b>1.6 Fortrolighed<\/b><\/h3>\n<p>Leverand\u00f8ren m\u00e5 ikke videregive oplysninger gemt i Tjenesten eller oplysninger vedr\u00f8rende Kunden til tredjeparter.<\/p>\n<h3><b>1.7 Kundens ansvar for egne data<\/b><\/h3>\n<p>Kunden er eneansvarlig for at sikre, at egne data til enhver tid overholder alle g\u00e6ldende love og regler.<\/p>\n<h3><b>1.8 Kundedata ved oph\u00f8r<\/b><\/h3>\n<p>Upon termination of the customer relationship, the Customer&#8217;s data shall be deleted within two months after termination, or sooner if requested by the Customer. Customer data may still appear in older backups, which will be rotated out over time.<\/p>\n<h3><b>1.9 Underdatabehandlere \/ underleverand\u00f8rer<\/b><\/h3>\n<p>Medmindre andet er eksplicit aftalt mellem Leverand\u00f8ren og Kunden, anvender Leverand\u00f8ren kun et datacenter i Oslo, Cloudflare og DigitalOcean som underdatabehandlere til datalagring.<\/p>\n<p>Leverand\u00f8ren anvender datacentre fra underleverand\u00f8rer beliggende inden for EU\/E\u00d8S. S\u00e5danne underleverand\u00f8rer opererer i overensstemmelse med GDPR.<\/p>\n<h2><b><br \/>\n2. Aftalen<\/b><\/h2>\n<h3><b>2.1 Dannelse af aftalen<\/b><\/h3>\n<p>Aftalen indg\u00e5s, n\u00e5r Kunden accepterer disse vilk\u00e5r i bestillingsformularen og modtager bekr\u00e6ftelse via e-mail om, at ordren er modtaget.<\/p>\n<h3><b>2.2 Aftalens l\u00f8betid<\/b><\/h3>\n<p>Aftalen l\u00f8ber i 12 m\u00e5neder, medmindre andet er aftalt skriftligt.<\/p>\n<h3><b>2.3 Opsigelse af Kunden<\/b><\/h3>\n<p>Kunden kan opsige Aftalen til enhver tid. I s\u00e5 fald forts\u00e6tter Aftalen indtil udl\u00f8bet af den aktuelle abonnementsperiode. Leverand\u00f8ren refunderer ikke allerede betalte bel\u00f8b.<\/p>\n<h3><b>2.4 Opsigelse fra Leverand\u00f8rens side<\/b><\/h3>\n<p>The Supplier has the right to terminate the Agreement immediately and without stating a reason. In such case, the Supplier shall provide the Customer&#8217;s content electronically and refund the portion of the subscription fee relating to the period the Customer was unable to use the Service.<\/p>\n<h2><b><br \/>\n3. Webhosting og vedligeholdelse<\/b><\/h2>\n<h3><b>3.1 Sikkerhed<\/b><\/h3>\n<p><b>Cache-server<\/b><\/p>\n<p>Denne server fungerer som en hastighedsoptimerer for hjemmesiden, samtidig med at den forbedrer sikkerheden ved at filtrere u\u00f8nsket trafik og dataanmodninger.<\/p>\n<p><b>Database server<\/b><\/p>\n<p>Dette er en dedikeret og isoleret server, der gemmer alle kundeoplysninger. Den er konfigureret til at minimere risikoen for databrud eller datatab.<\/p>\n<p><b>Webserver<\/b><\/p>\n<p>Denne server er kernesystemet, der k\u00f8rer hjemmesidens kildekode og er specifikt designet til at modst\u00e5 forskellige former for cybertrusler.<\/p>\n<p><b>Backup server<\/b><\/p>\n<p>Udover de andre lagrer en separat server nattens backupkopier af alle vigtige data. Backupkopier gemmes i op til 20 dage for at sikre, at v\u00e6rdifuld information ikke g\u00e5r tabt.<\/p>\n<h2><b><br \/>\n4. Betaling<\/b><\/h2>\n<h3><b>4.1 Betaling og abonnement<\/b><\/h3>\n<p>Tjenesten skal forudbetales kvartalsvis.<\/p>\n<h3><b>4.2 Faktura<\/b><\/h3>\n<p>Fakturaer udsendes 30 dage f\u00f8r abonnementsperioden udl\u00f8ber og er betalingspligtige senest 14 dage derefter.<\/p>\n<h3><b>4.3 \u00c6ndring af priser<\/b><\/h3>\n<p>Leverand\u00f8ren forbeholder sig retten til at \u00e6ndre priser uden varsel. Eventuelle s\u00e5danne pris\u00e6ndringer g\u00e6lder ikke for Kunden i den nug\u00e6ldende aftaleperiode.<\/p>\n<h3><b>4.4 Manglende betaling<\/b><\/h3>\n<p>Ved manglende betaling kan Leverand\u00f8ren suspendere Tjenesten uden varsel. Leverand\u00f8ren er berettiget til at opkr\u00e6ve et gen\u00e5bningsgebyr p\u00e5 EUR 100 for at genaktivere Tjenesten.<\/p>\n\n<h2><b>5. Ejerskab<\/b><\/h2>\n<h3><b>5.1 Indhold<\/b><\/h3>\n<p>Alt indhold ejes og vedligeholdes af Kunden, herunder administration af brugere og adgangsrettigheder. Kunden er ansvarlig for at overholde ophavsretsloven og al anden relevant lovgivning.<\/p>\n<p>I tilf\u00e6lde af lovovertr\u00e6delser kan Leverand\u00f8ren blive n\u00f8dt til at suspendere Tjenesten.<\/p>\n<h3><b>5.2 Kontroversielt indhold<\/b><\/h3>\n<p>The Supplier reserves the right to suspend the Service if the content violates Norwegian law or the Supplier&#8217;s standards. Examples include racism and pornography.<\/p>\n<h2><b><br \/>\n6. Trafik<\/b><\/h2>\n<p>Den tilladte m\u00e6ngde trafik er specificeret for hvert abonnement. Hvis trafikgr\u00e6nsen overskrides, vil Kunden blive underrettet og efterf\u00f8lgende faktureret for overforbruget.<\/p>\n<p>&nbsp;<\/p>\n<h2><b><br \/>\n7. E-mail<\/b><\/h2>\n<p>Det er ikke tilladt at benytte udg\u00e5ende mailservere eller webservere til distribueret masse-e-mail. Aktivitet, der medf\u00f8rer, at en udg\u00e5ende mailserver bliver sortlistet, kan resultere i suspension af hjemmesiden.<\/p>\n<p>&nbsp;<\/p>\n<h2><b>8. Support<\/b><\/h2>\n<h3><b>8.1 St\u00f8tte til brug af MentorKits l\u00e6ringsl\u00f8sning<\/b><\/h3>\n<p>Virksomhedskunder modtager gratis support.<\/p>\n<h3><b>8.2 Platformunderst\u00f8ttelse<\/b><\/h3>\n<p>All customers receive free support for the platform. &#8220;Platform&#8221; means the underlying services such as backup, Varnish cache, firewall, SFTP, and similar infrastructure.<\/p>\n<h3><b>8.3 Hvem kan modtage st\u00f8tte<\/b><\/h3>\n<ul>\n<li>\n<p>Kun de to udpegede administratorer m\u00e5 ringe, sende e-mail eller oprette supportbilletter til:<\/p>\n\n<blockquote data-secret=\"oXGFTZOr3b\"><p><a href=\"https:\/\/simplylearn.com\/support\/\">St\u00f8tte<\/a><\/p><\/blockquote>\n<p><iframe loading=\"lazy\" sandbox=\"allow-scripts\" security=\"restricted\" title=\"\u201cSupport\u201d \u2014 SimplyLearn\" src=\"https:\/\/simplylearn.com\/support\/embed\/#?secret=ezAawPw6Q6#?secret=oXGFTZOr3b\" data-secret=\"oXGFTZOr3b\" width=\"500\" height=\"282\" frameborder=\"0\" marginwidth=\"0\" marginheight=\"0\" scrolling=\"no\"><\/iframe><\/p>\n<\/li>\n<li>\n<p>Kursusledere, instrukt\u00f8rer og almindelige brugere skal kontakte en af administratorerne for at f\u00e5 hj\u00e6lp.<\/p>\n<\/li>\n<\/ul>\n<h3><b>8.4 Hvad er inkluderet i support<\/b><\/h3>\n<p>Support inkluderer:<\/p>\n<ul>\n<li>\n<p>S\u00e5dan bruger du platformen<\/p>\n<\/li>\n<li>\n<p>Hvordan man opretter et kursus<\/p>\n<\/li>\n<li>\n<p>R\u00e5d om bedste praksis<\/p>\n<\/li>\n<li>\n<p>S\u00e5dan bruger du kursusplatformen<\/p>\n<\/li>\n<li>\n<p>S\u00e5dan bruger du webinarer, sidebyggere og andre funktioner<\/p>\n<\/li>\n<\/ul>\n<h3><b>8.5 Hvad er ikke inkluderet i support<\/b><\/h3>\n<p>Efter at det f\u00f8rste kursus er oprettet, er f\u00f8lgende generelt <b>ikke<\/b> inkluderet i support:<\/p>\n<ul>\n<li>\n<p>Ops\u00e6tning af kursusindhold<\/p>\n<\/li>\n<li>\n<p>Producere tekst, billeder, video eller andet indhold<\/p>\n<\/li>\n<li>\n<p>Redigering af kursusindhold<\/p>\n<\/li>\n<li>\n<p>Ops\u00e6tning af webinarer eller andre indholdsrelaterede opgaver<\/p>\n<\/li>\n<\/ul>\n<p>De fire ovenst\u00e5ende omr\u00e5der anses for <b>indholdsudvikling<\/b> og debiteres separat p\u00e5 minut- eller timebasis.<\/p>\n<h3><b>8.6 Indholdsudvikling<\/b><\/h3>\n<p>Kursusindholdsudvikling er ikke inkluderet i support.<\/p>\n<p>MentorKit kan assistere til en rate af <b>EUR 139 i timen<\/b>.<\/p>\n\n<h2><b>9. Responstider<\/b><\/h2>\n<p>Alle e-mailforesp\u00f8rgsler besvares inden for \u00e9n arbejdsdag, medmindre andet er aftalt.<\/p>\n<p>Telefonopkald besvares inden for normal arbejdstid fra <b>09:00 til 15:30 CET<\/b>. I ferieperioder kan telefonens tilg\u00e6ngelighed v\u00e6re begr\u00e6nset.<\/p>\n<h3><b>9.1 Fejlretning<\/b><\/h3>\n<p>Fejlretning i tilf\u00e6lde, hvor en ydelse ikke fungerer, skal p\u00e5begyndes inden for to timer, efter at henvendelsen er besvaret. Ved mindre kritiske fejl skal fejlretningen p\u00e5begyndes senest \u00e9n arbejdsdag, efter at henvendelsen er besvaret.<\/p>\n\n<h2><b>10. Hacker garanti<\/b><\/h2>\n<p>The Supplier guarantees, at no additional cost, to clean a WordPress site hosted on the Supplier&#8217;s servers if it is infected by hackers, provided that the Customer keeps WordPress, themes, and plugins updated.<\/p>\n<p>Hvis kunden har et abonnement, hvorunder leverand\u00f8ren er ansvarlig for s\u00e5danne opdateringer, g\u00e6lder garantien i alle tilf\u00e6lde.<\/p>\n<p>Garantien g\u00e6lder ikke, hvis:<\/p>\n<ul>\n<li>\n<p>Kunden \u00e5bner sine egne bagd\u00f8re eller usikre adgangspunkter til l\u00f8sningen<\/p>\n<\/li>\n<li>\n<p>Kunden bruger meget svage passwords, der kompromitteres gennem brute-force-angreb<\/p>\n<\/li>\n<li>\n<p>the website was already hacked when it was moved to the Supplier&#8217;s servers<\/p>\n<\/li>\n<\/ul>\n<p>Leverand\u00f8ren forbeholder sig retten til at suspendere en hacket hjemmeside, indtil den er renset for infektion.<\/p>\n<p>&nbsp;<\/p>\n<h2><b>11. Multisite<\/b><\/h2>\n<p>Multisite m\u00e5 kun anvendes til websites, der tilh\u00f8rer samme organisationsnummer som Kunden, medmindre andet aftales. Det er ikke tilladt at anvende multisite til videresalg eller lignende form\u00e5l.<\/p>\n<p>Opdateringer til WordPress, temaer og plugins er kun inkluderet gratis, hvis de kan opdateres ved hj\u00e6lp af <b>WP-CLI<\/b>. Kun hovedstedet vil blive visuelt inspiceret.<\/p>\n<h2><b>12. Drift<\/b><\/h2>\n<h3><b>12.1 Sikkerhedskopi<\/b><\/h3>\n<p>Leverand\u00f8ren skal tage backup hver nat og opbevare alle data i op til seks dage. I tilf\u00e6lde af datatab er Kunden forpligtet til straks at underrette Leverand\u00f8ren.<\/p>\n<h3><b>12.2 Gendannelse af data<\/b><\/h3>\n<p>Datagendannelse skal udf\u00f8res gratis i tilf\u00e6lde af datatab, der ikke er for\u00e5rsaget af Kunden, eller hvor tabet sker p\u00e5 grund af mislykkede opdateringer af WordPress, plugins eller temaer.<\/p>\n<h3><b>12.3 Garanteret oppetid<\/b><\/h3>\n<p>Leverand\u00f8ren skal sikre en sikker drift af serverne. Tjenesten skal v\u00e6re tilg\u00e6ngelig 24 timer i d\u00f8gnet, undtagen i n\u00f8dvendige vedligeholdelsesperioder.<\/p>\n<p>Leverand\u00f8ren garanterer <b>99% oppetid<\/b> m\u00e5lt over en m\u00e5ned.<\/p>\n<p>Hvis oppetiden falder til under dette niveau, g\u00e6lder f\u00f8lgende credits p\u00e5 n\u00e6ste faktura:<\/p>\n<ul>\n<li>\n<p>below 99% uptime: credit equal to 25% of one month&#8217;s fee<\/p>\n<\/li>\n<li>\n<p>below 98% uptime: credit equal to 50% of one month&#8217;s fee<\/p>\n<\/li>\n<li>\n<p>95% oppetid eller derunder: hele m\u00e5neden skal krediteres<\/p>\n<\/li>\n<\/ul>\n<p>F\u00f8lgende \u00e5rsager til nedetid er undtaget fra garantien for oppetid:<\/p>\n<ul>\n<li>\n<p>planlagt og varslet nedlukning<\/p>\n<\/li>\n<li>\n<p>nedetid for\u00e5rsaget af fejl i WordPress eller plugins<\/p>\n<\/li>\n<li>\n<p>nedetid for\u00e5rsaget af kunden<\/p>\n<\/li>\n<li>\n<p>Force majeure-relateret nedetid<\/p>\n<\/li>\n<\/ul>\n\n<h2><b>13. Overdragelse \/ videresalg<\/b><\/h2>\n<h3><b>13.1 Kunden<\/b><\/h3>\n<p>The Customer may not assign its rights or obligations under this Agreement to any third party without the Supplier&#8217;s written consent.<\/p>\n<h3><b>13.2 Leverand\u00f8ren<\/b><\/h3>\n<p>Leverand\u00f8ren kan overdrage alle rettigheder og forpligtelser i henhold til denne Aftale til en tredjepart.<\/p>\n<p>&nbsp;<\/p>\n\n<h2><b>14. Ansvar<\/b><\/h2>\n<p>Leverand\u00f8ren er kun ansvarlig for skader i tilf\u00e6lde af grov uagtsomhed og aldrig for et bel\u00f8b, der overstiger de gebyrer, som Kunden har betalt for Tjenesten i de tre m\u00e5neder forud for skadesbegivenheden.<\/p>\n<p>Leverand\u00f8ren er aldrig ansvarlig over for tredjeparter.<\/p>\n<p>Kunden er ansvarlig for alt indhold, herunder brugeradministration og adgangskontrol.<\/p>\n<p>&nbsp;<\/p>\n<h2><b><br \/>\n15. Force majeure<\/b><\/h2>\n<p>If the Service cannot, wholly or partly, be delivered due to circumstances beyond the Supplier&#8217;s control, the Supplier&#8217;s obligations shall be suspended for as long as such circumstances continue.<\/p>\n<p>S\u00e5danne omst\u00e6ndigheder kan omfatte, men er ikke begr\u00e6nset til:<\/p>\n<ul>\n<li>\n<p>hackerangreb<\/p>\n<\/li>\n<li>\n<p>strejker<\/p>\n<\/li>\n<li>\n<p>politiske beslutninger<\/p>\n<\/li>\n<li>\n<p>telekommunikationsnetv\u00e6rksfejl<\/p>\n<\/li>\n<\/ul>\n<p>&nbsp;<\/p>","protected":false},"excerpt":{"rendered":"<p>Service Level Agreement &#8211; Terms of Use 1. General The Supplier has been engaged by the Customer to provide hosting [&hellip;]<\/p>\n","protected":false},"author":1,"featured_media":0,"parent":0,"menu_order":0,"comment_status":"closed","ping_status":"closed","template":"","meta":{"_acf_changed":false,"site-sidebar-layout":"default","site-content-layout":"","ast-site-content-layout":"default","site-content-style":"default","site-sidebar-style":"default","ast-global-header-display":"","ast-banner-title-visibility":"","ast-main-header-display":"","ast-hfb-above-header-display":"","ast-hfb-below-header-display":"","ast-hfb-mobile-header-display":"","site-post-title":"disabled","ast-breadcrumbs-content":"","ast-featured-img":"","footer-sml-layout":"","ast-disable-related-posts":"","theme-transparent-header-meta":"","adv-header-id-meta":"","stick-header-meta":"","header-above-stick-meta":"","header-main-stick-meta":"","header-below-stick-meta":"","astra-migrate-meta-layouts":"default","ast-page-background-enabled":"default","ast-page-background-meta":{"desktop":{"background-color":"var(--ast-global-color-4)","background-image":"","background-repeat":"repeat","background-position":"center center","background-size":"auto","background-attachment":"scroll","background-type":"","background-media":"","overlay-type":"","overlay-color":"","overlay-opacity":"","overlay-gradient":""},"tablet":{"background-color":"","background-image":"","background-repeat":"repeat","background-position":"center center","background-size":"auto","background-attachment":"scroll","background-type":"","background-media":"","overlay-type":"","overlay-color":"","overlay-opacity":"","overlay-gradient":""},"mobile":{"background-color":"","background-image":"","background-repeat":"repeat","background-position":"center center","background-size":"auto","background-attachment":"scroll","background-type":"","background-media":"","overlay-type":"","overlay-color":"","overlay-opacity":"","overlay-gradient":""}},"ast-content-background-meta":{"desktop":{"background-color":"var(--ast-global-color-5)","background-image":"","background-repeat":"repeat","background-position":"center center","background-size":"auto","background-attachment":"scroll","background-type":"","background-media":"","overlay-type":"","overlay-color":"","overlay-opacity":"","overlay-gradient":""},"tablet":{"background-color":"var(--ast-global-color-5)","background-image":"","background-repeat":"repeat","background-position":"center center","background-size":"auto","background-attachment":"scroll","background-type":"","background-media":"","overlay-type":"","overlay-color":"","overlay-opacity":"","overlay-gradient":""},"mobile":{"background-color":"var(--ast-global-color-5)","background-image":"","background-repeat":"repeat","background-position":"center center","background-size":"auto","background-attachment":"scroll","background-type":"","background-media":"","overlay-type":"","overlay-color":"","overlay-opacity":"","overlay-gradient":""}},"footnotes":""},"class_list":["post-1193","page","type-page","status-publish","hentry"],"acf":[],"yoast_head":"<!-- This site is optimized with the Yoast SEO Premium plugin v27.3 (Yoast SEO v27.3) - https:\/\/yoast.com\/product\/yoast-seo-premium-wordpress\/ -->\n<title>Service Level Agreement [SLA] - MentorKit<\/title>\n<meta name=\"robots\" content=\"index, follow, max-snippet:-1, max-image-preview:large, max-video-preview:-1\" \/>\n<link rel=\"canonical\" href=\"https:\/\/mentorkit.com\/dk\/service-level-agreement\/\" \/>\n<meta property=\"og:locale\" content=\"da_DK\" \/>\n<meta property=\"og:type\" content=\"article\" \/>\n<meta property=\"og:title\" content=\"Service Level Agreement [SLA]\" \/>\n<meta property=\"og:description\" content=\"Service Level Agreement &#8211; Terms of Use 1. General The Supplier has been engaged by the Customer to provide hosting [&hellip;]\" \/>\n<meta property=\"og:url\" content=\"https:\/\/mentorkit.com\/dk\/service-level-agreement\/\" \/>\n<meta property=\"og:site_name\" content=\"MentorKit\" \/>\n<meta property=\"article:publisher\" content=\"https:\/\/www.facebook.com\/nettkurs\" \/>\n<meta property=\"article:modified_time\" content=\"2026-03-12T12:51:34+00:00\" \/>\n<meta name=\"twitter:card\" content=\"summary_large_image\" \/>\n<meta name=\"twitter:label1\" content=\"Estimeret l\u00e6setid\" \/>\n\t<meta name=\"twitter:data1\" content=\"8 minutter\" \/>\n<script type=\"application\/ld+json\" class=\"yoast-schema-graph\">{\"@context\":\"https:\\\/\\\/schema.org\",\"@graph\":[{\"@type\":\"WebPage\",\"@id\":\"https:\\\/\\\/mentorkit.com\\\/service-level-agreement\\\/\",\"url\":\"https:\\\/\\\/mentorkit.com\\\/service-level-agreement\\\/\",\"name\":\"Service Level Agreement [SLA] - MentorKit\",\"isPartOf\":{\"@id\":\"https:\\\/\\\/mentorkit.com\\\/#website\"},\"datePublished\":\"2026-03-12T12:24:48+00:00\",\"dateModified\":\"2026-03-12T12:51:34+00:00\",\"breadcrumb\":{\"@id\":\"https:\\\/\\\/mentorkit.com\\\/service-level-agreement\\\/#breadcrumb\"},\"inLanguage\":\"da-DK\",\"potentialAction\":[{\"@type\":\"ReadAction\",\"target\":[\"https:\\\/\\\/mentorkit.com\\\/service-level-agreement\\\/\"]}]},{\"@type\":\"BreadcrumbList\",\"@id\":\"https:\\\/\\\/mentorkit.com\\\/service-level-agreement\\\/#breadcrumb\",\"itemListElement\":[{\"@type\":\"ListItem\",\"position\":1,\"name\":\"Home\",\"item\":\"https:\\\/\\\/mentorkit.com\\\/\"},{\"@type\":\"ListItem\",\"position\":2,\"name\":\"Service Level Agreement [SLA]\"}]},{\"@type\":\"WebSite\",\"@id\":\"https:\\\/\\\/mentorkit.com\\\/#website\",\"url\":\"https:\\\/\\\/mentorkit.com\\\/\",\"name\":\"MentorKit\",\"description\":\"a brand new, groundbreaking, fully cloud-based, Norwegian-made authoring tool for creating digital learning. The courses are responsive, meaning the content adapts to the screen whether it\u2019s on a phone, tablet, or PC\",\"publisher\":{\"@id\":\"https:\\\/\\\/mentorkit.com\\\/#organization\"},\"potentialAction\":[{\"@type\":\"SearchAction\",\"target\":{\"@type\":\"EntryPoint\",\"urlTemplate\":\"https:\\\/\\\/mentorkit.com\\\/?s={search_term_string}\"},\"query-input\":{\"@type\":\"PropertyValueSpecification\",\"valueRequired\":true,\"valueName\":\"search_term_string\"}}],\"inLanguage\":\"da-DK\"},{\"@type\":\"Organization\",\"@id\":\"https:\\\/\\\/mentorkit.com\\\/#organization\",\"name\":\"Norsk Interaktiv AS\",\"url\":\"https:\\\/\\\/mentorkit.com\\\/\",\"logo\":{\"@type\":\"ImageObject\",\"inLanguage\":\"da-DK\",\"@id\":\"https:\\\/\\\/mentorkit.com\\\/#\\\/schema\\\/logo\\\/image\\\/\",\"url\":\"https:\\\/\\\/mentorkit.com\\\/wp-content\\\/uploads\\\/2025\\\/09\\\/MentorKit-LOGO-White-Horizontal.svg\",\"contentUrl\":\"https:\\\/\\\/mentorkit.com\\\/wp-content\\\/uploads\\\/2025\\\/09\\\/MentorKit-LOGO-White-Horizontal.svg\",\"caption\":\"Norsk Interaktiv AS\"},\"image\":{\"@id\":\"https:\\\/\\\/mentorkit.com\\\/#\\\/schema\\\/logo\\\/image\\\/\"},\"sameAs\":[\"https:\\\/\\\/www.facebook.com\\\/nettkurs\",\"https:\\\/\\\/www.youtube.com\\\/@mentorkit\"]}]}<\/script>\n<!-- \/ Yoast SEO Premium plugin. -->","yoast_head_json":{"title":"Service Level Agreement [SLA] - MentorKit","robots":{"index":"index","follow":"follow","max-snippet":"max-snippet:-1","max-image-preview":"max-image-preview:large","max-video-preview":"max-video-preview:-1"},"canonical":"https:\/\/mentorkit.com\/dk\/service-level-agreement\/","og_locale":"da_DK","og_type":"article","og_title":"Service Level Agreement [SLA]","og_description":"Service Level Agreement &#8211; Terms of Use 1. General The Supplier has been engaged by the Customer to provide hosting [&hellip;]","og_url":"https:\/\/mentorkit.com\/dk\/service-level-agreement\/","og_site_name":"MentorKit","article_publisher":"https:\/\/www.facebook.com\/nettkurs","article_modified_time":"2026-03-12T12:51:34+00:00","twitter_card":"summary_large_image","twitter_misc":{"Estimeret l\u00e6setid":"8 minutter"},"schema":{"@context":"https:\/\/schema.org","@graph":[{"@type":"WebPage","@id":"https:\/\/mentorkit.com\/service-level-agreement\/","url":"https:\/\/mentorkit.com\/service-level-agreement\/","name":"Service Level Agreement [SLA] - MentorKit","isPartOf":{"@id":"https:\/\/mentorkit.com\/#website"},"datePublished":"2026-03-12T12:24:48+00:00","dateModified":"2026-03-12T12:51:34+00:00","breadcrumb":{"@id":"https:\/\/mentorkit.com\/service-level-agreement\/#breadcrumb"},"inLanguage":"da-DK","potentialAction":[{"@type":"ReadAction","target":["https:\/\/mentorkit.com\/service-level-agreement\/"]}]},{"@type":"BreadcrumbList","@id":"https:\/\/mentorkit.com\/service-level-agreement\/#breadcrumb","itemListElement":[{"@type":"ListItem","position":1,"name":"Home","item":"https:\/\/mentorkit.com\/"},{"@type":"ListItem","position":2,"name":"Service Level Agreement [SLA]"}]},{"@type":"WebSite","@id":"https:\/\/mentorkit.com\/#website","url":"https:\/\/mentorkit.com\/","name":"MentorKit","description":"et helt nyt, banebrydende, fuldt cloud-baseret, norskproduceret authoringv\u00e6rkt\u00f8j til oprettelse af digital l\u00e6ring. Kurserne er responsive, hvilket betyder, at indholdet tilpasser sig sk\u00e6rmen, uanset om det er p\u00e5 en telefon, tablet eller pc","publisher":{"@id":"https:\/\/mentorkit.com\/#organization"},"potentialAction":[{"@type":"SearchAction","target":{"@type":"EntryPoint","urlTemplate":"https:\/\/mentorkit.com\/?s={search_term_string}"},"query-input":{"@type":"PropertyValueSpecification","valueRequired":true,"valueName":"search_term_string"}}],"inLanguage":"da-DK"},{"@type":"Organization","@id":"https:\/\/mentorkit.com\/#organization","name":"Norsk Interaktiv AS","url":"https:\/\/mentorkit.com\/","logo":{"@type":"ImageObject","inLanguage":"da-DK","@id":"https:\/\/mentorkit.com\/#\/schema\/logo\/image\/","url":"https:\/\/mentorkit.com\/wp-content\/uploads\/2025\/09\/MentorKit-LOGO-White-Horizontal.svg","contentUrl":"https:\/\/mentorkit.com\/wp-content\/uploads\/2025\/09\/MentorKit-LOGO-White-Horizontal.svg","caption":"Norsk Interaktiv AS"},"image":{"@id":"https:\/\/mentorkit.com\/#\/schema\/logo\/image\/"},"sameAs":["https:\/\/www.facebook.com\/nettkurs","https:\/\/www.youtube.com\/@mentorkit"]}]}},"_links":{"self":[{"href":"https:\/\/mentorkit.com\/dk\/wp-json\/wp\/v2\/pages\/1193","targetHints":{"allow":["GET"]}}],"collection":[{"href":"https:\/\/mentorkit.com\/dk\/wp-json\/wp\/v2\/pages"}],"about":[{"href":"https:\/\/mentorkit.com\/dk\/wp-json\/wp\/v2\/types\/page"}],"author":[{"embeddable":true,"href":"https:\/\/mentorkit.com\/dk\/wp-json\/wp\/v2\/users\/1"}],"replies":[{"embeddable":true,"href":"https:\/\/mentorkit.com\/dk\/wp-json\/wp\/v2\/comments?post=1193"}],"version-history":[{"count":6,"href":"https:\/\/mentorkit.com\/dk\/wp-json\/wp\/v2\/pages\/1193\/revisions"}],"predecessor-version":[{"id":2770,"href":"https:\/\/mentorkit.com\/dk\/wp-json\/wp\/v2\/pages\/1193\/revisions\/2770"}],"wp:attachment":[{"href":"https:\/\/mentorkit.com\/dk\/wp-json\/wp\/v2\/media?parent=1193"}],"curies":[{"name":"wp","href":"https:\/\/api.w.org\/{rel}","templated":true}]}}